{"id":3150,"date":"2021-05-28T10:04:40","date_gmt":"2021-05-28T08:04:40","guid":{"rendered":"https:\/\/anber.es\/producto\/abarcon-en-u-sobredimensionado-50mm\/"},"modified":"2025-10-10T10:01:49","modified_gmt":"2025-10-10T08:01:49","slug":"abarcon-zincado-sobredimensionado-50mm","status":"publish","type":"product","link":"https:\/\/anber.es\/web\/producto\/abarcon-zincado-sobredimensionado-50mm\/","title":{"rendered":"Abarc\u00f3n zincado sobredimensionado +50 mm"},"content":{"rendered":"<p>El<strong> abarc\u00f3n zincado sobredimensionado +50 mm<\/strong> se utiliza para el soporte y guiado de tuber\u00edas, tanto horizontales como verticales, as\u00ed como para soporte de punto fijo o soporte gu\u00eda.<\/p>\n<p>Fabricado en acero al carbono zincado.<\/p>\n<p>Se suministra con 2 tuercas DIN 934 y 2 arandelas DIN 127 Grover.<\/p>\n<p>Referencia: CP599+50.<\/p>\n<p><a href=\"\/web\/wp-content\/uploads\/2024\/11\/Ficha_tecnica-abarcon_sobredimensionado.pdf\" target=\"_blank\" rel=\"noopener noreferrer\"><button>Descarga ficha <\/button><\/a><br \/>\n<a class=\"insta-link\" href=\"https:\/\/www.instagram.com\/aqlproteccion\/?hl=es\" target=\"_blank\" rel=\"noopener noreferrer\">Instagram<\/a><\/p>\n","protected":false},"excerpt":{"rendered":"<p>El abarc\u00f3n zincado sobredimensionado +50 mm se utiliza para el soporte y guiado de tuber\u00edas, tanto horizontales como verticales, as\u00ed como para soporte de punto fijo o soporte gu\u00eda.<\/p>\n","protected":false},"featured_media":9114,"template":"","meta":[],"product_cat":[206],"product_tag":[215],"yoast_head":"<!-- This site is optimized with the Yoast SEO plugin v22.1 - https:\/\/yoast.com\/wordpress\/plugins\/seo\/ -->\n<title>Abarc\u00f3n zincado sobredimensionado +50 mm - Anber<\/title>\n<meta name=\"description\" content=\"El abarc\u00f3n zincado sobredimensionado +50 mm se utiliza para el soporte y guiado de tuber\u00edas, tanto horizontales como verticales, as\u00ed como para soporte de punto fijo o soporte gu\u00eda.\" \/>\n<meta name=\"robots\" content=\"index, follow, max-snippet:-1, max-image-preview:large, max-video-preview:-1\" \/>\n<link rel=\"canonical\" href=\"https:\/\/anber.es\/web\/producto\/abarcon-zincado-sobredimensionado-50mm\/\" \/>\n<meta property=\"og:locale\" content=\"es_ES\" \/>\n<meta property=\"og:type\" content=\"article\" \/>\n<meta property=\"og:title\" content=\"Abarc\u00f3n zincado sobredimensionado +50 mm - Anber\" \/>\n<meta property=\"og:description\" content=\"El abarc\u00f3n zincado sobredimensionado +50 mm se utiliza para el soporte y guiado de tuber\u00edas, tanto horizontales como verticales, as\u00ed como para soporte de punto fijo o soporte gu\u00eda.\" \/>\n<meta property=\"og:url\" content=\"https:\/\/anber.es\/web\/producto\/abarcon-zincado-sobredimensionado-50mm\/\" \/>\n<meta property=\"og:site_name\" content=\"Anber\" \/>\n<meta property=\"article:modified_time\" content=\"2025-10-10T08:01:49+00:00\" \/>\n<meta property=\"og:image\" content=\"https:\/\/anber.es\/web\/wp-content\/uploads\/2024\/03\/Abancon_sobredimensionado.webp\" \/>\n\t<meta property=\"og:image:width\" content=\"1000\" \/>\n\t<meta property=\"og:image:height\" content=\"1000\" \/>\n\t<meta property=\"og:image:type\" content=\"image\/webp\" \/>\n<meta name=\"twitter:card\" content=\"summary_large_image\" \/>\n<meta name=\"twitter:label1\" content=\"Tiempo de lectura\" \/>\n\t<meta name=\"twitter:data1\" content=\"1 minuto\" \/>\n<script type=\"application\/ld+json\" class=\"yoast-schema-graph\">{\"@context\":\"https:\/\/schema.org\",\"@graph\":[{\"@type\":\"WebPage\",\"@id\":\"https:\/\/anber.es\/web\/producto\/abarcon-zincado-sobredimensionado-50mm\/\",\"url\":\"https:\/\/anber.es\/web\/producto\/abarcon-zincado-sobredimensionado-50mm\/\",\"name\":\"Abarc\u00f3n zincado sobredimensionado +50 mm - Anber\",\"isPartOf\":{\"@id\":\"https:\/\/anber.es\/web\/#website\"},\"datePublished\":\"2021-05-28T08:04:40+00:00\",\"dateModified\":\"2025-10-10T08:01:49+00:00\",\"description\":\"El abarc\u00f3n zincado sobredimensionado +50 mm se utiliza para el soporte y guiado de tuber\u00edas, tanto horizontales como verticales, as\u00ed como para soporte de punto fijo o soporte gu\u00eda.\",\"breadcrumb\":{\"@id\":\"https:\/\/anber.es\/web\/producto\/abarcon-zincado-sobredimensionado-50mm\/#breadcrumb\"},\"inLanguage\":\"es\",\"potentialAction\":[{\"@type\":\"ReadAction\",\"target\":[\"https:\/\/anber.es\/web\/producto\/abarcon-zincado-sobredimensionado-50mm\/\"]}]},{\"@type\":\"BreadcrumbList\",\"@id\":\"https:\/\/anber.es\/web\/producto\/abarcon-zincado-sobredimensionado-50mm\/#breadcrumb\",\"itemListElement\":[{\"@type\":\"ListItem\",\"position\":1,\"name\":\"Portada\",\"item\":\"https:\/\/anber.es\/web\/\"},{\"@type\":\"ListItem\",\"position\":2,\"name\":\"Productos\",\"item\":\"https:\/\/anber.es\/web\/productos\/\"},{\"@type\":\"ListItem\",\"position\":3,\"name\":\"Abarc\u00f3n zincado sobredimensionado +50 mm\"}]},{\"@type\":\"WebSite\",\"@id\":\"https:\/\/anber.es\/web\/#website\",\"url\":\"https:\/\/anber.es\/web\/\",\"name\":\"Anber\",\"description\":\"Sistemas de protecci\u00f3n contra incendios\",\"publisher\":{\"@id\":\"https:\/\/anber.es\/web\/#organization\"},\"potentialAction\":[{\"@type\":\"SearchAction\",\"target\":{\"@type\":\"EntryPoint\",\"urlTemplate\":\"https:\/\/anber.es\/web\/?s={search_term_string}\"},\"query-input\":\"required name=search_term_string\"}],\"inLanguage\":\"es\"},{\"@type\":\"Organization\",\"@id\":\"https:\/\/anber.es\/web\/#organization\",\"name\":\"Anber\",\"url\":\"https:\/\/anber.es\/web\/\",\"logo\":{\"@type\":\"ImageObject\",\"inLanguage\":\"es\",\"@id\":\"https:\/\/anber.es\/web\/#\/schema\/logo\/image\/\",\"url\":\"https:\/\/anber.es\/web\/wp-content\/uploads\/2021\/03\/logo-anber.png\",\"contentUrl\":\"https:\/\/anber.es\/web\/wp-content\/uploads\/2021\/03\/logo-anber.png\",\"width\":2208,\"height\":500,\"caption\":\"Anber\"},\"image\":{\"@id\":\"https:\/\/anber.es\/web\/#\/schema\/logo\/image\/\"}}]}<\/script>\n<!-- \/ Yoast SEO plugin. -->","yoast_head_json":{"title":"Abarc\u00f3n zincado sobredimensionado +50 mm - Anber","description":"El abarc\u00f3n zincado sobredimensionado +50 mm se utiliza para el soporte y guiado de tuber\u00edas, tanto horizontales como verticales, as\u00ed como para soporte de punto fijo o soporte gu\u00eda.","robots":{"index":"index","follow":"follow","max-snippet":"max-snippet:-1","max-image-preview":"max-image-preview:large","max-video-preview":"max-video-preview:-1"},"canonical":"https:\/\/anber.es\/web\/producto\/abarcon-zincado-sobredimensionado-50mm\/","og_locale":"es_ES","og_type":"article","og_title":"Abarc\u00f3n zincado sobredimensionado +50 mm - Anber","og_description":"El abarc\u00f3n zincado sobredimensionado +50 mm se utiliza para el soporte y guiado de tuber\u00edas, tanto horizontales como verticales, as\u00ed como para soporte de punto fijo o soporte gu\u00eda.","og_url":"https:\/\/anber.es\/web\/producto\/abarcon-zincado-sobredimensionado-50mm\/","og_site_name":"Anber","article_modified_time":"2025-10-10T08:01:49+00:00","og_image":[{"width":1000,"height":1000,"url":"https:\/\/anber.es\/web\/wp-content\/uploads\/2024\/03\/Abancon_sobredimensionado.webp","type":"image\/webp"}],"twitter_card":"summary_large_image","twitter_misc":{"Tiempo de lectura":"1 minuto"},"schema":{"@context":"https:\/\/schema.org","@graph":[{"@type":"WebPage","@id":"https:\/\/anber.es\/web\/producto\/abarcon-zincado-sobredimensionado-50mm\/","url":"https:\/\/anber.es\/web\/producto\/abarcon-zincado-sobredimensionado-50mm\/","name":"Abarc\u00f3n zincado sobredimensionado +50 mm - Anber","isPartOf":{"@id":"https:\/\/anber.es\/web\/#website"},"datePublished":"2021-05-28T08:04:40+00:00","dateModified":"2025-10-10T08:01:49+00:00","description":"El abarc\u00f3n zincado sobredimensionado +50 mm se utiliza para el soporte y guiado de tuber\u00edas, tanto horizontales como verticales, as\u00ed como para soporte de punto fijo o soporte gu\u00eda.","breadcrumb":{"@id":"https:\/\/anber.es\/web\/producto\/abarcon-zincado-sobredimensionado-50mm\/#breadcrumb"},"inLanguage":"es","potentialAction":[{"@type":"ReadAction","target":["https:\/\/anber.es\/web\/producto\/abarcon-zincado-sobredimensionado-50mm\/"]}]},{"@type":"BreadcrumbList","@id":"https:\/\/anber.es\/web\/producto\/abarcon-zincado-sobredimensionado-50mm\/#breadcrumb","itemListElement":[{"@type":"ListItem","position":1,"name":"Portada","item":"https:\/\/anber.es\/web\/"},{"@type":"ListItem","position":2,"name":"Productos","item":"https:\/\/anber.es\/web\/productos\/"},{"@type":"ListItem","position":3,"name":"Abarc\u00f3n zincado sobredimensionado +50 mm"}]},{"@type":"WebSite","@id":"https:\/\/anber.es\/web\/#website","url":"https:\/\/anber.es\/web\/","name":"Anber","description":"Sistemas de protecci\u00f3n contra incendios","publisher":{"@id":"https:\/\/anber.es\/web\/#organization"},"potentialAction":[{"@type":"SearchAction","target":{"@type":"EntryPoint","urlTemplate":"https:\/\/anber.es\/web\/?s={search_term_string}"},"query-input":"required name=search_term_string"}],"inLanguage":"es"},{"@type":"Organization","@id":"https:\/\/anber.es\/web\/#organization","name":"Anber","url":"https:\/\/anber.es\/web\/","logo":{"@type":"ImageObject","inLanguage":"es","@id":"https:\/\/anber.es\/web\/#\/schema\/logo\/image\/","url":"https:\/\/anber.es\/web\/wp-content\/uploads\/2021\/03\/logo-anber.png","contentUrl":"https:\/\/anber.es\/web\/wp-content\/uploads\/2021\/03\/logo-anber.png","width":2208,"height":500,"caption":"Anber"},"image":{"@id":"https:\/\/anber.es\/web\/#\/schema\/logo\/image\/"}}]}},"_links":{"self":[{"href":"https:\/\/anber.es\/web\/wp-json\/wp\/v2\/product\/3150"}],"collection":[{"href":"https:\/\/anber.es\/web\/wp-json\/wp\/v2\/product"}],"about":[{"href":"https:\/\/anber.es\/web\/wp-json\/wp\/v2\/types\/product"}],"wp:featuredmedia":[{"embeddable":true,"href":"https:\/\/anber.es\/web\/wp-json\/wp\/v2\/media\/9114"}],"wp:attachment":[{"href":"https:\/\/anber.es\/web\/wp-json\/wp\/v2\/media?parent=3150"}],"wp:term":[{"taxonomy":"product_cat","embeddable":true,"href":"https:\/\/anber.es\/web\/wp-json\/wp\/v2\/product_cat?post=3150"},{"taxonomy":"product_tag","embeddable":true,"href":"https:\/\/anber.es\/web\/wp-json\/wp\/v2\/product_tag?post=3150"}],"curies":[{"name":"wp","href":"https:\/\/api.w.org\/{rel}","templated":true}]}}