{"id":3162,"date":"2021-05-28T10:05:11","date_gmt":"2021-05-28T08:05:11","guid":{"rendered":"https:\/\/anber.es\/producto\/ayuntamiento-de-madrid\/"},"modified":"2026-03-24T13:43:01","modified_gmt":"2026-03-24T11:43:01","slug":"ayuntamiento-de-madrid","status":"publish","type":"product","link":"https:\/\/anber.es\/web\/producto\/ayuntamiento-de-madrid\/","title":{"rendered":"Ayuntamiento de Madrid"},"content":{"rendered":"<p>El hidrante modelo <strong>\u00abAYUNTAMIENTO DE MADRID\u00bb<\/strong> est\u00e1 dise\u00f1ado para instalaciones con problemas de espacio como las aceras de las grandes ciudades. Est\u00e1 fabricado de acuerdo con la norma UNE-EN 14339:2006 de Hidrantes contra incendios bajo tierra, de obligado cumplimiento seg\u00fan se exige en El Reglamento de instalaciones de protecci\u00f3n contra incendios (RIPCI).<\/p>\n<p>Conexi\u00f3n vertical <b>embridada de DN100 (4&#8243;)<\/b>.<br \/>\nPresi\u00f3n nominal :<b> 16 bar<\/b>.<br \/>\nPresi\u00f3n de prueba : 25 bar<\/b>.<br \/>\nFactor Kv (m\u00e9trico) seg\u00fan norma 14339 Q = Kv * \u221aP , Q (m3\/h); P (bar) : 194.<br \/>\nCertificado <b>CE<\/b>.<\/p>\n<p>El cuerpo del hidrante est\u00e1 fabricado seg\u00fan la norma <b>UNE-EN1 561<\/b>.<\/p>\n<p>El hidrante Ayuntamiento de Madrid dispone de racor con rosca <b>tipo Bombero de 100 mm<\/b>, conforme UNE 23400. Tap\u00f3n no incluido.<\/p>\n<p>Referencia: HAHE.<\/p>\n<p><a href=\"\/web\/wp-content\/uploads\/2026\/03\/Ficha_tecnica-hidrante_Madrid.pdf\" target=\"_blank\" rel=\"noopener noreferrer\"><button>Descarga ficha<\/button><\/a><br \/>\n<a class=\"insta-link\" href=\"https:\/\/www.instagram.com\/aqlproteccion\/?hl=es\" target=\"_blank\" rel=\"noopener noreferrer\">Instagram<\/a><\/p>\n","protected":false},"excerpt":{"rendered":"<p>El hidrante modelo AYUNTAMIENTO DE MADRID esta dise\u00f1ado para instalaciones con problemas de espacio como las aceras de las grandes ciudades.<\/p>\n","protected":false},"featured_media":8107,"template":"","meta":[],"product_cat":[26,211],"product_tag":[215],"yoast_head":"<!-- This site is optimized with the Yoast SEO plugin v22.1 - https:\/\/yoast.com\/wordpress\/plugins\/seo\/ -->\n<title>Ayuntamiento de Madrid - Anber<\/title>\n<meta name=\"description\" content=\"El hidrante modelo AYUNTAMIENTO DE MADRID esta dise\u00f1ado para instalaciones con problemas de espacio como las aceras de las grandes ciudades.\" \/>\n<meta name=\"robots\" content=\"index, follow, max-snippet:-1, max-image-preview:large, max-video-preview:-1\" \/>\n<link rel=\"canonical\" href=\"https:\/\/anber.es\/web\/producto\/ayuntamiento-de-madrid\/\" \/>\n<meta property=\"og:locale\" content=\"es_ES\" \/>\n<meta property=\"og:type\" content=\"article\" \/>\n<meta property=\"og:title\" content=\"Ayuntamiento de Madrid - Anber\" \/>\n<meta property=\"og:description\" content=\"El hidrante modelo AYUNTAMIENTO DE MADRID esta dise\u00f1ado para instalaciones con problemas de espacio como las aceras de las grandes ciudades.\" \/>\n<meta property=\"og:url\" content=\"https:\/\/anber.es\/web\/producto\/ayuntamiento-de-madrid\/\" \/>\n<meta property=\"og:site_name\" content=\"Anber\" \/>\n<meta property=\"article:modified_time\" content=\"2026-03-24T11:43:01+00:00\" \/>\n<meta property=\"og:image\" content=\"https:\/\/anber.es\/web\/wp-content\/uploads\/2023\/04\/hidrante_madrid.webp\" \/>\n\t<meta property=\"og:image:width\" content=\"1000\" \/>\n\t<meta property=\"og:image:height\" content=\"1000\" \/>\n\t<meta property=\"og:image:type\" content=\"image\/webp\" \/>\n<meta name=\"twitter:card\" content=\"summary_large_image\" \/>\n<meta name=\"twitter:label1\" content=\"Tiempo de lectura\" \/>\n\t<meta name=\"twitter:data1\" content=\"1 minuto\" \/>\n<script type=\"application\/ld+json\" class=\"yoast-schema-graph\">{\"@context\":\"https:\/\/schema.org\",\"@graph\":[{\"@type\":\"WebPage\",\"@id\":\"https:\/\/anber.es\/web\/producto\/ayuntamiento-de-madrid\/\",\"url\":\"https:\/\/anber.es\/web\/producto\/ayuntamiento-de-madrid\/\",\"name\":\"Ayuntamiento de Madrid - Anber\",\"isPartOf\":{\"@id\":\"https:\/\/anber.es\/web\/#website\"},\"datePublished\":\"2021-05-28T08:05:11+00:00\",\"dateModified\":\"2026-03-24T11:43:01+00:00\",\"description\":\"El hidrante modelo AYUNTAMIENTO DE MADRID esta dise\u00f1ado para instalaciones con problemas de espacio como las aceras de las grandes ciudades.\",\"breadcrumb\":{\"@id\":\"https:\/\/anber.es\/web\/producto\/ayuntamiento-de-madrid\/#breadcrumb\"},\"inLanguage\":\"es\",\"potentialAction\":[{\"@type\":\"ReadAction\",\"target\":[\"https:\/\/anber.es\/web\/producto\/ayuntamiento-de-madrid\/\"]}]},{\"@type\":\"BreadcrumbList\",\"@id\":\"https:\/\/anber.es\/web\/producto\/ayuntamiento-de-madrid\/#breadcrumb\",\"itemListElement\":[{\"@type\":\"ListItem\",\"position\":1,\"name\":\"Portada\",\"item\":\"https:\/\/anber.es\/web\/\"},{\"@type\":\"ListItem\",\"position\":2,\"name\":\"Productos\",\"item\":\"https:\/\/anber.es\/web\/productos\/\"},{\"@type\":\"ListItem\",\"position\":3,\"name\":\"Ayuntamiento de Madrid\"}]},{\"@type\":\"WebSite\",\"@id\":\"https:\/\/anber.es\/web\/#website\",\"url\":\"https:\/\/anber.es\/web\/\",\"name\":\"Anber\",\"description\":\"Sistemas de protecci\u00f3n contra incendios\",\"publisher\":{\"@id\":\"https:\/\/anber.es\/web\/#organization\"},\"potentialAction\":[{\"@type\":\"SearchAction\",\"target\":{\"@type\":\"EntryPoint\",\"urlTemplate\":\"https:\/\/anber.es\/web\/?s={search_term_string}\"},\"query-input\":\"required name=search_term_string\"}],\"inLanguage\":\"es\"},{\"@type\":\"Organization\",\"@id\":\"https:\/\/anber.es\/web\/#organization\",\"name\":\"Anber\",\"url\":\"https:\/\/anber.es\/web\/\",\"logo\":{\"@type\":\"ImageObject\",\"inLanguage\":\"es\",\"@id\":\"https:\/\/anber.es\/web\/#\/schema\/logo\/image\/\",\"url\":\"https:\/\/anber.es\/web\/wp-content\/uploads\/2021\/03\/logo-anber.png\",\"contentUrl\":\"https:\/\/anber.es\/web\/wp-content\/uploads\/2021\/03\/logo-anber.png\",\"width\":2208,\"height\":500,\"caption\":\"Anber\"},\"image\":{\"@id\":\"https:\/\/anber.es\/web\/#\/schema\/logo\/image\/\"}}]}<\/script>\n<!-- \/ Yoast SEO plugin. -->","yoast_head_json":{"title":"Ayuntamiento de Madrid - Anber","description":"El hidrante modelo AYUNTAMIENTO DE MADRID esta dise\u00f1ado para instalaciones con problemas de espacio como las aceras de las grandes ciudades.","robots":{"index":"index","follow":"follow","max-snippet":"max-snippet:-1","max-image-preview":"max-image-preview:large","max-video-preview":"max-video-preview:-1"},"canonical":"https:\/\/anber.es\/web\/producto\/ayuntamiento-de-madrid\/","og_locale":"es_ES","og_type":"article","og_title":"Ayuntamiento de Madrid - Anber","og_description":"El hidrante modelo AYUNTAMIENTO DE MADRID esta dise\u00f1ado para instalaciones con problemas de espacio como las aceras de las grandes ciudades.","og_url":"https:\/\/anber.es\/web\/producto\/ayuntamiento-de-madrid\/","og_site_name":"Anber","article_modified_time":"2026-03-24T11:43:01+00:00","og_image":[{"width":1000,"height":1000,"url":"https:\/\/anber.es\/web\/wp-content\/uploads\/2023\/04\/hidrante_madrid.webp","type":"image\/webp"}],"twitter_card":"summary_large_image","twitter_misc":{"Tiempo de lectura":"1 minuto"},"schema":{"@context":"https:\/\/schema.org","@graph":[{"@type":"WebPage","@id":"https:\/\/anber.es\/web\/producto\/ayuntamiento-de-madrid\/","url":"https:\/\/anber.es\/web\/producto\/ayuntamiento-de-madrid\/","name":"Ayuntamiento de Madrid - Anber","isPartOf":{"@id":"https:\/\/anber.es\/web\/#website"},"datePublished":"2021-05-28T08:05:11+00:00","dateModified":"2026-03-24T11:43:01+00:00","description":"El hidrante modelo AYUNTAMIENTO DE MADRID esta dise\u00f1ado para instalaciones con problemas de espacio como las aceras de las grandes ciudades.","breadcrumb":{"@id":"https:\/\/anber.es\/web\/producto\/ayuntamiento-de-madrid\/#breadcrumb"},"inLanguage":"es","potentialAction":[{"@type":"ReadAction","target":["https:\/\/anber.es\/web\/producto\/ayuntamiento-de-madrid\/"]}]},{"@type":"BreadcrumbList","@id":"https:\/\/anber.es\/web\/producto\/ayuntamiento-de-madrid\/#breadcrumb","itemListElement":[{"@type":"ListItem","position":1,"name":"Portada","item":"https:\/\/anber.es\/web\/"},{"@type":"ListItem","position":2,"name":"Productos","item":"https:\/\/anber.es\/web\/productos\/"},{"@type":"ListItem","position":3,"name":"Ayuntamiento de Madrid"}]},{"@type":"WebSite","@id":"https:\/\/anber.es\/web\/#website","url":"https:\/\/anber.es\/web\/","name":"Anber","description":"Sistemas de protecci\u00f3n contra incendios","publisher":{"@id":"https:\/\/anber.es\/web\/#organization"},"potentialAction":[{"@type":"SearchAction","target":{"@type":"EntryPoint","urlTemplate":"https:\/\/anber.es\/web\/?s={search_term_string}"},"query-input":"required name=search_term_string"}],"inLanguage":"es"},{"@type":"Organization","@id":"https:\/\/anber.es\/web\/#organization","name":"Anber","url":"https:\/\/anber.es\/web\/","logo":{"@type":"ImageObject","inLanguage":"es","@id":"https:\/\/anber.es\/web\/#\/schema\/logo\/image\/","url":"https:\/\/anber.es\/web\/wp-content\/uploads\/2021\/03\/logo-anber.png","contentUrl":"https:\/\/anber.es\/web\/wp-content\/uploads\/2021\/03\/logo-anber.png","width":2208,"height":500,"caption":"Anber"},"image":{"@id":"https:\/\/anber.es\/web\/#\/schema\/logo\/image\/"}}]}},"_links":{"self":[{"href":"https:\/\/anber.es\/web\/wp-json\/wp\/v2\/product\/3162"}],"collection":[{"href":"https:\/\/anber.es\/web\/wp-json\/wp\/v2\/product"}],"about":[{"href":"https:\/\/anber.es\/web\/wp-json\/wp\/v2\/types\/product"}],"wp:featuredmedia":[{"embeddable":true,"href":"https:\/\/anber.es\/web\/wp-json\/wp\/v2\/media\/8107"}],"wp:attachment":[{"href":"https:\/\/anber.es\/web\/wp-json\/wp\/v2\/media?parent=3162"}],"wp:term":[{"taxonomy":"product_cat","embeddable":true,"href":"https:\/\/anber.es\/web\/wp-json\/wp\/v2\/product_cat?post=3162"},{"taxonomy":"product_tag","embeddable":true,"href":"https:\/\/anber.es\/web\/wp-json\/wp\/v2\/product_tag?post=3162"}],"curies":[{"name":"wp","href":"https:\/\/api.w.org\/{rel}","templated":true}]}}