{"id":3164,"date":"2021-05-28T10:05:17","date_gmt":"2021-05-28T08:05:17","guid":{"rendered":"https:\/\/anber.es\/producto\/junta-plana-de-caucho-epdm-con-orejas\/"},"modified":"2024-04-15T15:33:02","modified_gmt":"2024-04-15T13:33:02","slug":"junta-plana-de-caucho-epdm-con-orejas","status":"publish","type":"product","link":"https:\/\/anber.es\/web\/producto\/junta-plana-de-caucho-epdm-con-orejas\/","title":{"rendered":"Junta plana de caucho EPDM con orejas"},"content":{"rendered":"<p>Las <strong>Juntas Planas de EPDM con orejas<\/strong>, fabricadas bajo la norma UNE 681-1\/WA\/WC\/70.<\/p>\n<p>Son aptas para aguas potables ya que su fabricaci\u00f3n se rige estrictamente seg\u00fan la normativa francesa del lista positiva de la Categor\u00eda C del \u201cArr\u00eat\u00e9\u201d del 09-XI-1994 y siguientes de Francia para estar en contacto con alimentos y con agua potable.<\/p>\n<p>Estas juntas est\u00e1n indicadas para v\u00e1lvulas de compuerta, de tajo y accesorios (PN10- PN16).<br \/>\nSus orificios de amarre permiten el auto-centrado de las juntas.<\/p>\n<p>Referencia: CBHAJ.<\/p>\n<p><a href=\"\/web\/wp-content\/uploads\/2024\/04\/Ficha_tecnica-junta_plana_en_caucho_EPDEM_con_orejas.pdf\" target=\"_blank\" rel=\"noopener noreferrer\"><button>Descarga ficha<\/button><\/a><\/p>\n<p>&nbsp; <a class=\"insta-link\" href=\"https:\/\/www.instagram.com\/aqlproteccion\/?hl=es\" target=\"_blank\" rel=\"noopener noreferrer\">Instagram<\/a><\/p>\n","protected":false},"excerpt":{"rendered":"<p>Las Juntas Planas de EPDM con orejas, fabricadas bajo la UNE 681-1\/WA\/WC\/70 est\u00e1n indicadas para v\u00e1lvulas de compuerta, de tajo y accesorios.<\/p>\n","protected":false},"featured_media":9290,"template":"","meta":[],"product_cat":[213,41,136],"product_tag":[215],"yoast_head":"<!-- This site is optimized with the Yoast SEO plugin v22.1 - https:\/\/yoast.com\/wordpress\/plugins\/seo\/ -->\n<title>Junta plana de caucho EPDM con orejas - Anber<\/title>\n<meta name=\"description\" content=\"La Junta Plana de EPDM con orejas, fabricadas bajo la norma UNE 681-1\/WA\/WC\/70 est\u00e1n indicadas para v\u00e1lvulas de compuerta, tajo y accesorios.\" \/>\n<meta name=\"robots\" content=\"index, follow, max-snippet:-1, max-image-preview:large, max-video-preview:-1\" \/>\n<link rel=\"canonical\" href=\"https:\/\/anber.es\/web\/producto\/junta-plana-de-caucho-epdm-con-orejas\/\" \/>\n<meta property=\"og:locale\" content=\"es_ES\" \/>\n<meta property=\"og:type\" content=\"article\" \/>\n<meta property=\"og:title\" content=\"Junta plana de caucho EPDM con orejas - Anber\" \/>\n<meta property=\"og:description\" content=\"La Junta Plana de EPDM con orejas, fabricadas bajo la norma UNE 681-1\/WA\/WC\/70 est\u00e1n indicadas para v\u00e1lvulas de compuerta, tajo y accesorios.\" \/>\n<meta property=\"og:url\" content=\"https:\/\/anber.es\/web\/producto\/junta-plana-de-caucho-epdm-con-orejas\/\" \/>\n<meta property=\"og:site_name\" content=\"Anber\" \/>\n<meta property=\"article:modified_time\" content=\"2024-04-15T13:33:02+00:00\" \/>\n<meta property=\"og:image\" content=\"https:\/\/anber.es\/web\/wp-content\/uploads\/2024\/04\/juntas_EPDM_con_orejas.webp\" \/>\n\t<meta property=\"og:image:width\" content=\"1000\" \/>\n\t<meta property=\"og:image:height\" content=\"1000\" \/>\n\t<meta property=\"og:image:type\" content=\"image\/webp\" \/>\n<meta name=\"twitter:card\" content=\"summary_large_image\" \/>\n<meta name=\"twitter:label1\" content=\"Tiempo de lectura\" \/>\n\t<meta name=\"twitter:data1\" content=\"1 minuto\" \/>\n<script type=\"application\/ld+json\" class=\"yoast-schema-graph\">{\"@context\":\"https:\/\/schema.org\",\"@graph\":[{\"@type\":\"WebPage\",\"@id\":\"https:\/\/anber.es\/web\/producto\/junta-plana-de-caucho-epdm-con-orejas\/\",\"url\":\"https:\/\/anber.es\/web\/producto\/junta-plana-de-caucho-epdm-con-orejas\/\",\"name\":\"Junta plana de caucho EPDM con orejas - Anber\",\"isPartOf\":{\"@id\":\"https:\/\/anber.es\/web\/#website\"},\"datePublished\":\"2021-05-28T08:05:17+00:00\",\"dateModified\":\"2024-04-15T13:33:02+00:00\",\"description\":\"La Junta Plana de EPDM con orejas, fabricadas bajo la norma UNE 681-1\/WA\/WC\/70 est\u00e1n indicadas para v\u00e1lvulas de compuerta, tajo y accesorios.\",\"breadcrumb\":{\"@id\":\"https:\/\/anber.es\/web\/producto\/junta-plana-de-caucho-epdm-con-orejas\/#breadcrumb\"},\"inLanguage\":\"es\",\"potentialAction\":[{\"@type\":\"ReadAction\",\"target\":[\"https:\/\/anber.es\/web\/producto\/junta-plana-de-caucho-epdm-con-orejas\/\"]}]},{\"@type\":\"BreadcrumbList\",\"@id\":\"https:\/\/anber.es\/web\/producto\/junta-plana-de-caucho-epdm-con-orejas\/#breadcrumb\",\"itemListElement\":[{\"@type\":\"ListItem\",\"position\":1,\"name\":\"Portada\",\"item\":\"https:\/\/anber.es\/web\/\"},{\"@type\":\"ListItem\",\"position\":2,\"name\":\"Productos\",\"item\":\"https:\/\/anber.es\/web\/productos\/\"},{\"@type\":\"ListItem\",\"position\":3,\"name\":\"Junta plana de caucho EPDM con orejas\"}]},{\"@type\":\"WebSite\",\"@id\":\"https:\/\/anber.es\/web\/#website\",\"url\":\"https:\/\/anber.es\/web\/\",\"name\":\"Anber\",\"description\":\"Sistemas de protecci\u00f3n contra incendios\",\"publisher\":{\"@id\":\"https:\/\/anber.es\/web\/#organization\"},\"potentialAction\":[{\"@type\":\"SearchAction\",\"target\":{\"@type\":\"EntryPoint\",\"urlTemplate\":\"https:\/\/anber.es\/web\/?s={search_term_string}\"},\"query-input\":\"required name=search_term_string\"}],\"inLanguage\":\"es\"},{\"@type\":\"Organization\",\"@id\":\"https:\/\/anber.es\/web\/#organization\",\"name\":\"Anber\",\"url\":\"https:\/\/anber.es\/web\/\",\"logo\":{\"@type\":\"ImageObject\",\"inLanguage\":\"es\",\"@id\":\"https:\/\/anber.es\/web\/#\/schema\/logo\/image\/\",\"url\":\"https:\/\/anber.es\/web\/wp-content\/uploads\/2021\/03\/logo-anber.png\",\"contentUrl\":\"https:\/\/anber.es\/web\/wp-content\/uploads\/2021\/03\/logo-anber.png\",\"width\":2208,\"height\":500,\"caption\":\"Anber\"},\"image\":{\"@id\":\"https:\/\/anber.es\/web\/#\/schema\/logo\/image\/\"}}]}<\/script>\n<!-- \/ Yoast SEO plugin. -->","yoast_head_json":{"title":"Junta plana de caucho EPDM con orejas - Anber","description":"La Junta Plana de EPDM con orejas, fabricadas bajo la norma UNE 681-1\/WA\/WC\/70 est\u00e1n indicadas para v\u00e1lvulas de compuerta, tajo y accesorios.","robots":{"index":"index","follow":"follow","max-snippet":"max-snippet:-1","max-image-preview":"max-image-preview:large","max-video-preview":"max-video-preview:-1"},"canonical":"https:\/\/anber.es\/web\/producto\/junta-plana-de-caucho-epdm-con-orejas\/","og_locale":"es_ES","og_type":"article","og_title":"Junta plana de caucho EPDM con orejas - Anber","og_description":"La Junta Plana de EPDM con orejas, fabricadas bajo la norma UNE 681-1\/WA\/WC\/70 est\u00e1n indicadas para v\u00e1lvulas de compuerta, tajo y accesorios.","og_url":"https:\/\/anber.es\/web\/producto\/junta-plana-de-caucho-epdm-con-orejas\/","og_site_name":"Anber","article_modified_time":"2024-04-15T13:33:02+00:00","og_image":[{"width":1000,"height":1000,"url":"https:\/\/anber.es\/web\/wp-content\/uploads\/2024\/04\/juntas_EPDM_con_orejas.webp","type":"image\/webp"}],"twitter_card":"summary_large_image","twitter_misc":{"Tiempo de lectura":"1 minuto"},"schema":{"@context":"https:\/\/schema.org","@graph":[{"@type":"WebPage","@id":"https:\/\/anber.es\/web\/producto\/junta-plana-de-caucho-epdm-con-orejas\/","url":"https:\/\/anber.es\/web\/producto\/junta-plana-de-caucho-epdm-con-orejas\/","name":"Junta plana de caucho EPDM con orejas - Anber","isPartOf":{"@id":"https:\/\/anber.es\/web\/#website"},"datePublished":"2021-05-28T08:05:17+00:00","dateModified":"2024-04-15T13:33:02+00:00","description":"La Junta Plana de EPDM con orejas, fabricadas bajo la norma UNE 681-1\/WA\/WC\/70 est\u00e1n indicadas para v\u00e1lvulas de compuerta, tajo y accesorios.","breadcrumb":{"@id":"https:\/\/anber.es\/web\/producto\/junta-plana-de-caucho-epdm-con-orejas\/#breadcrumb"},"inLanguage":"es","potentialAction":[{"@type":"ReadAction","target":["https:\/\/anber.es\/web\/producto\/junta-plana-de-caucho-epdm-con-orejas\/"]}]},{"@type":"BreadcrumbList","@id":"https:\/\/anber.es\/web\/producto\/junta-plana-de-caucho-epdm-con-orejas\/#breadcrumb","itemListElement":[{"@type":"ListItem","position":1,"name":"Portada","item":"https:\/\/anber.es\/web\/"},{"@type":"ListItem","position":2,"name":"Productos","item":"https:\/\/anber.es\/web\/productos\/"},{"@type":"ListItem","position":3,"name":"Junta plana de caucho EPDM con orejas"}]},{"@type":"WebSite","@id":"https:\/\/anber.es\/web\/#website","url":"https:\/\/anber.es\/web\/","name":"Anber","description":"Sistemas de protecci\u00f3n contra incendios","publisher":{"@id":"https:\/\/anber.es\/web\/#organization"},"potentialAction":[{"@type":"SearchAction","target":{"@type":"EntryPoint","urlTemplate":"https:\/\/anber.es\/web\/?s={search_term_string}"},"query-input":"required name=search_term_string"}],"inLanguage":"es"},{"@type":"Organization","@id":"https:\/\/anber.es\/web\/#organization","name":"Anber","url":"https:\/\/anber.es\/web\/","logo":{"@type":"ImageObject","inLanguage":"es","@id":"https:\/\/anber.es\/web\/#\/schema\/logo\/image\/","url":"https:\/\/anber.es\/web\/wp-content\/uploads\/2021\/03\/logo-anber.png","contentUrl":"https:\/\/anber.es\/web\/wp-content\/uploads\/2021\/03\/logo-anber.png","width":2208,"height":500,"caption":"Anber"},"image":{"@id":"https:\/\/anber.es\/web\/#\/schema\/logo\/image\/"}}]}},"_links":{"self":[{"href":"https:\/\/anber.es\/web\/wp-json\/wp\/v2\/product\/3164"}],"collection":[{"href":"https:\/\/anber.es\/web\/wp-json\/wp\/v2\/product"}],"about":[{"href":"https:\/\/anber.es\/web\/wp-json\/wp\/v2\/types\/product"}],"wp:featuredmedia":[{"embeddable":true,"href":"https:\/\/anber.es\/web\/wp-json\/wp\/v2\/media\/9290"}],"wp:attachment":[{"href":"https:\/\/anber.es\/web\/wp-json\/wp\/v2\/media?parent=3164"}],"wp:term":[{"taxonomy":"product_cat","embeddable":true,"href":"https:\/\/anber.es\/web\/wp-json\/wp\/v2\/product_cat?post=3164"},{"taxonomy":"product_tag","embeddable":true,"href":"https:\/\/anber.es\/web\/wp-json\/wp\/v2\/product_tag?post=3164"}],"curies":[{"name":"wp","href":"https:\/\/api.w.org\/{rel}","templated":true}]}}