{"id":3214,"date":"2021-05-28T10:08:35","date_gmt":"2021-05-28T08:08:35","guid":{"rendered":"https:\/\/anber.es\/producto\/fijador-a-viga-tipo-i-ajustable\/"},"modified":"2026-01-19T12:21:44","modified_gmt":"2026-01-19T10:21:44","slug":"fijador-a-viga-tipo-i-ajustable","status":"publish","type":"product","link":"https:\/\/anber.es\/web\/producto\/fijador-a-viga-tipo-i-ajustable\/","title":{"rendered":"Fijador a viga tipo \u00abI\u00bb ajustable"},"content":{"rendered":"<p>El <strong>fijador a viga tipo \u00abI\u00bb ajustable<\/strong> es un anclaje estructural conforme a c\u00f3digo que est\u00e1 dise\u00f1ado para ofrecer un desempe\u00f1o superior y cumplir con los requisitos m\u00e1s exigentes de carga s\u00edsmica.<\/p>\n<p>Su dise\u00f1o permite una <b>instalaci\u00f3n r\u00e1pida y sencilla<\/b> en una amplia variedad de vigas de acero tipo \u00abI\u00bb. <b>Se entrega listo para usar<\/b>, sin necesidad de ensamblaje ni de piezas sueltas.<\/p>\n<p>\u00b7 Aprobado FM y UL.<br \/>\n\u00b7 Cumple con los requerimientos NFPA\u00ae-13 para arriostramiento s\u00edsmico.<br \/>\n\u00b7 Material: Acero.<br \/>\n\u00b7 Acabado: Electrogalvanizado.<\/p>\n<p>Referencia: CP40450.<\/p>\n<p><a href=\"\/web\/wp-content\/uploads\/2026\/01\/Ficha_tecnica-fijador_a_viga_tipo_I_ajustable.pdf\" target=\"_blank\" rel=\"noopener noreferrer\"><button>Descarga ficha <\/button><\/a><br \/>\n<a class=\"insta-link\" href=\"https:\/\/www.instagram.com\/aqlproteccion\/?hl=es\" target=\"_blank\" rel=\"noopener noreferrer\">Instagram<\/a><\/p>\n","protected":false},"excerpt":{"rendered":"<p>.El fijador a viga tipo \u00abI\u00bb ajustable es un anclaje estructural conforme a c\u00f3digo que est\u00e1 dise\u00f1ado para ofrecer un desempe\u00f1o superior y cumplir con los requisitos m\u00e1s exigentes de carga s\u00edsmica<\/p>\n","protected":false},"featured_media":7587,"template":"","meta":[],"product_cat":[206],"product_tag":[215],"yoast_head":"<!-- This site is optimized with the Yoast SEO plugin v22.1 - https:\/\/yoast.com\/wordpress\/plugins\/seo\/ -->\n<title>Fijador a viga tipo &quot;I&quot; ajustable - Anber<\/title>\n<meta name=\"description\" content=\"El fijador a viga tipo &quot;I&quot; ajustable es un anclaje estructural conforme a c\u00f3digo dise\u00f1ado para cumplir con los requisitos m\u00e1s exigentes de carga s\u00edsmica.\" \/>\n<meta name=\"robots\" content=\"index, follow, max-snippet:-1, max-image-preview:large, max-video-preview:-1\" \/>\n<link rel=\"canonical\" href=\"https:\/\/anber.es\/web\/producto\/fijador-a-viga-tipo-i-ajustable\/\" \/>\n<meta property=\"og:locale\" content=\"es_ES\" \/>\n<meta property=\"og:type\" content=\"article\" \/>\n<meta property=\"og:title\" content=\"Fijador a viga tipo &quot;I&quot; ajustable - Anber\" \/>\n<meta property=\"og:description\" content=\"El fijador a viga tipo &quot;I&quot; ajustable es un anclaje estructural conforme a c\u00f3digo dise\u00f1ado para cumplir con los requisitos m\u00e1s exigentes de carga s\u00edsmica.\" \/>\n<meta property=\"og:url\" content=\"https:\/\/anber.es\/web\/producto\/fijador-a-viga-tipo-i-ajustable\/\" \/>\n<meta property=\"og:site_name\" content=\"Anber\" \/>\n<meta property=\"article:modified_time\" content=\"2026-01-19T10:21:44+00:00\" \/>\n<meta property=\"og:image\" content=\"https:\/\/anber.es\/web\/wp-content\/uploads\/2022\/11\/fijador_a_viga_tipo_I_ajustable.png\" \/>\n\t<meta property=\"og:image:width\" content=\"1000\" \/>\n\t<meta property=\"og:image:height\" content=\"1000\" \/>\n\t<meta property=\"og:image:type\" content=\"image\/png\" \/>\n<meta name=\"twitter:card\" content=\"summary_large_image\" \/>\n<meta name=\"twitter:label1\" content=\"Tiempo de lectura\" \/>\n\t<meta name=\"twitter:data1\" content=\"1 minuto\" \/>\n<script type=\"application\/ld+json\" class=\"yoast-schema-graph\">{\"@context\":\"https:\/\/schema.org\",\"@graph\":[{\"@type\":\"WebPage\",\"@id\":\"https:\/\/anber.es\/web\/producto\/fijador-a-viga-tipo-i-ajustable\/\",\"url\":\"https:\/\/anber.es\/web\/producto\/fijador-a-viga-tipo-i-ajustable\/\",\"name\":\"Fijador a viga tipo \\\"I\\\" ajustable - Anber\",\"isPartOf\":{\"@id\":\"https:\/\/anber.es\/web\/#website\"},\"datePublished\":\"2021-05-28T08:08:35+00:00\",\"dateModified\":\"2026-01-19T10:21:44+00:00\",\"description\":\"El fijador a viga tipo \\\"I\\\" ajustable es un anclaje estructural conforme a c\u00f3digo dise\u00f1ado para cumplir con los requisitos m\u00e1s exigentes de carga s\u00edsmica.\",\"breadcrumb\":{\"@id\":\"https:\/\/anber.es\/web\/producto\/fijador-a-viga-tipo-i-ajustable\/#breadcrumb\"},\"inLanguage\":\"es\",\"potentialAction\":[{\"@type\":\"ReadAction\",\"target\":[\"https:\/\/anber.es\/web\/producto\/fijador-a-viga-tipo-i-ajustable\/\"]}]},{\"@type\":\"BreadcrumbList\",\"@id\":\"https:\/\/anber.es\/web\/producto\/fijador-a-viga-tipo-i-ajustable\/#breadcrumb\",\"itemListElement\":[{\"@type\":\"ListItem\",\"position\":1,\"name\":\"Portada\",\"item\":\"https:\/\/anber.es\/web\/\"},{\"@type\":\"ListItem\",\"position\":2,\"name\":\"Productos\",\"item\":\"https:\/\/anber.es\/web\/productos\/\"},{\"@type\":\"ListItem\",\"position\":3,\"name\":\"Fijador a viga tipo \u00abI\u00bb ajustable\"}]},{\"@type\":\"WebSite\",\"@id\":\"https:\/\/anber.es\/web\/#website\",\"url\":\"https:\/\/anber.es\/web\/\",\"name\":\"Anber\",\"description\":\"Sistemas de protecci\u00f3n contra incendios\",\"publisher\":{\"@id\":\"https:\/\/anber.es\/web\/#organization\"},\"potentialAction\":[{\"@type\":\"SearchAction\",\"target\":{\"@type\":\"EntryPoint\",\"urlTemplate\":\"https:\/\/anber.es\/web\/?s={search_term_string}\"},\"query-input\":\"required name=search_term_string\"}],\"inLanguage\":\"es\"},{\"@type\":\"Organization\",\"@id\":\"https:\/\/anber.es\/web\/#organization\",\"name\":\"Anber\",\"url\":\"https:\/\/anber.es\/web\/\",\"logo\":{\"@type\":\"ImageObject\",\"inLanguage\":\"es\",\"@id\":\"https:\/\/anber.es\/web\/#\/schema\/logo\/image\/\",\"url\":\"https:\/\/anber.es\/web\/wp-content\/uploads\/2021\/03\/logo-anber.png\",\"contentUrl\":\"https:\/\/anber.es\/web\/wp-content\/uploads\/2021\/03\/logo-anber.png\",\"width\":2208,\"height\":500,\"caption\":\"Anber\"},\"image\":{\"@id\":\"https:\/\/anber.es\/web\/#\/schema\/logo\/image\/\"}}]}<\/script>\n<!-- \/ Yoast SEO plugin. -->","yoast_head_json":{"title":"Fijador a viga tipo \"I\" ajustable - Anber","description":"El fijador a viga tipo \"I\" ajustable es un anclaje estructural conforme a c\u00f3digo dise\u00f1ado para cumplir con los requisitos m\u00e1s exigentes de carga s\u00edsmica.","robots":{"index":"index","follow":"follow","max-snippet":"max-snippet:-1","max-image-preview":"max-image-preview:large","max-video-preview":"max-video-preview:-1"},"canonical":"https:\/\/anber.es\/web\/producto\/fijador-a-viga-tipo-i-ajustable\/","og_locale":"es_ES","og_type":"article","og_title":"Fijador a viga tipo \"I\" ajustable - Anber","og_description":"El fijador a viga tipo \"I\" ajustable es un anclaje estructural conforme a c\u00f3digo dise\u00f1ado para cumplir con los requisitos m\u00e1s exigentes de carga s\u00edsmica.","og_url":"https:\/\/anber.es\/web\/producto\/fijador-a-viga-tipo-i-ajustable\/","og_site_name":"Anber","article_modified_time":"2026-01-19T10:21:44+00:00","og_image":[{"width":1000,"height":1000,"url":"https:\/\/anber.es\/web\/wp-content\/uploads\/2022\/11\/fijador_a_viga_tipo_I_ajustable.png","type":"image\/png"}],"twitter_card":"summary_large_image","twitter_misc":{"Tiempo de lectura":"1 minuto"},"schema":{"@context":"https:\/\/schema.org","@graph":[{"@type":"WebPage","@id":"https:\/\/anber.es\/web\/producto\/fijador-a-viga-tipo-i-ajustable\/","url":"https:\/\/anber.es\/web\/producto\/fijador-a-viga-tipo-i-ajustable\/","name":"Fijador a viga tipo \"I\" ajustable - Anber","isPartOf":{"@id":"https:\/\/anber.es\/web\/#website"},"datePublished":"2021-05-28T08:08:35+00:00","dateModified":"2026-01-19T10:21:44+00:00","description":"El fijador a viga tipo \"I\" ajustable es un anclaje estructural conforme a c\u00f3digo dise\u00f1ado para cumplir con los requisitos m\u00e1s exigentes de carga s\u00edsmica.","breadcrumb":{"@id":"https:\/\/anber.es\/web\/producto\/fijador-a-viga-tipo-i-ajustable\/#breadcrumb"},"inLanguage":"es","potentialAction":[{"@type":"ReadAction","target":["https:\/\/anber.es\/web\/producto\/fijador-a-viga-tipo-i-ajustable\/"]}]},{"@type":"BreadcrumbList","@id":"https:\/\/anber.es\/web\/producto\/fijador-a-viga-tipo-i-ajustable\/#breadcrumb","itemListElement":[{"@type":"ListItem","position":1,"name":"Portada","item":"https:\/\/anber.es\/web\/"},{"@type":"ListItem","position":2,"name":"Productos","item":"https:\/\/anber.es\/web\/productos\/"},{"@type":"ListItem","position":3,"name":"Fijador a viga tipo \u00abI\u00bb ajustable"}]},{"@type":"WebSite","@id":"https:\/\/anber.es\/web\/#website","url":"https:\/\/anber.es\/web\/","name":"Anber","description":"Sistemas de protecci\u00f3n contra incendios","publisher":{"@id":"https:\/\/anber.es\/web\/#organization"},"potentialAction":[{"@type":"SearchAction","target":{"@type":"EntryPoint","urlTemplate":"https:\/\/anber.es\/web\/?s={search_term_string}"},"query-input":"required name=search_term_string"}],"inLanguage":"es"},{"@type":"Organization","@id":"https:\/\/anber.es\/web\/#organization","name":"Anber","url":"https:\/\/anber.es\/web\/","logo":{"@type":"ImageObject","inLanguage":"es","@id":"https:\/\/anber.es\/web\/#\/schema\/logo\/image\/","url":"https:\/\/anber.es\/web\/wp-content\/uploads\/2021\/03\/logo-anber.png","contentUrl":"https:\/\/anber.es\/web\/wp-content\/uploads\/2021\/03\/logo-anber.png","width":2208,"height":500,"caption":"Anber"},"image":{"@id":"https:\/\/anber.es\/web\/#\/schema\/logo\/image\/"}}]}},"_links":{"self":[{"href":"https:\/\/anber.es\/web\/wp-json\/wp\/v2\/product\/3214"}],"collection":[{"href":"https:\/\/anber.es\/web\/wp-json\/wp\/v2\/product"}],"about":[{"href":"https:\/\/anber.es\/web\/wp-json\/wp\/v2\/types\/product"}],"wp:featuredmedia":[{"embeddable":true,"href":"https:\/\/anber.es\/web\/wp-json\/wp\/v2\/media\/7587"}],"wp:attachment":[{"href":"https:\/\/anber.es\/web\/wp-json\/wp\/v2\/media?parent=3214"}],"wp:term":[{"taxonomy":"product_cat","embeddable":true,"href":"https:\/\/anber.es\/web\/wp-json\/wp\/v2\/product_cat?post=3214"},{"taxonomy":"product_tag","embeddable":true,"href":"https:\/\/anber.es\/web\/wp-json\/wp\/v2\/product_tag?post=3214"}],"curies":[{"name":"wp","href":"https:\/\/api.w.org\/{rel}","templated":true}]}}