{"id":3224,"date":"2021-05-28T10:08:55","date_gmt":"2021-05-28T08:08:55","guid":{"rendered":"https:\/\/anber.es\/producto\/fijador-a-estructura-universal\/"},"modified":"2022-11-08T12:44:41","modified_gmt":"2022-11-08T10:44:41","slug":"fijador-a-estructura-universal","status":"publish","type":"product","link":"https:\/\/anber.es\/web\/producto\/fijador-a-estructura-universal\/","title":{"rendered":"Fijador a estructura universal"},"content":{"rendered":"<p>El <strong>fijador a estructura universal <\/strong>permite que un producto se fije directamente a adaptadores de viga en I, viga tipo joist, madera o concreto.<\/p>\n<p>La cabeza de perno a presi\u00f3n permite la <b>instalaci\u00f3n e inspecci\u00f3n f\u00e1cil<\/b> de los refuerzos sismorresistentes.<br \/>\nSe instala junto a <b>tuber\u00eda EN-10255 de 25mm hasta 50mm <\/b>(1&#8243; hasta 2&#8243;) y soportes de acero de \u00e1ngulo de 6mm (1\/4&#8243;).<\/p>\n<p>Cumple con los requerimientos NFPA\u00ae-13 para refuerzos sismorresistentes.<\/p>\n<p>Material: Hierro colado.<br \/>\nAcabado: Electrozincado.<\/p>\n<p>Referencia: CPMA.<\/p>\n<p><a href=\"\/web\/wp-content\/uploads\/2022\/11\/Ficha_tecnica-Fijador_a_estructura_universal.pdf\" target=\"_blank\" rel=\"noopener noreferrer\"><button>Descarga ficha <\/button><\/a><br \/>\n<a class=\"insta-link\" href=\"https:\/\/www.instagram.com\/aqlproteccion\/?hl=es\" target=\"_blank\" rel=\"noopener noreferrer\">Instagram<\/a><\/p>\n","protected":false},"excerpt":{"rendered":"<p>El fijador a estructura universal permite que un producto se fije directamente a adaptadores de viga en I, viga joist, madera o concreto.<\/p>\n","protected":false},"featured_media":3223,"template":"","meta":[],"product_cat":[206],"product_tag":[215],"yoast_head":"<!-- This site is optimized with the Yoast SEO plugin v22.1 - https:\/\/yoast.com\/wordpress\/plugins\/seo\/ -->\n<title>Fijador a estructura universal - Anber<\/title>\n<meta name=\"description\" content=\"El fijador a estructura universal permite que un producto se fije directamente a adaptadores de viga en I, viga joist, madera o concreto.\" \/>\n<meta name=\"robots\" content=\"index, follow, max-snippet:-1, max-image-preview:large, max-video-preview:-1\" \/>\n<link rel=\"canonical\" href=\"https:\/\/anber.es\/web\/producto\/fijador-a-estructura-universal\/\" \/>\n<meta property=\"og:locale\" content=\"es_ES\" \/>\n<meta property=\"og:type\" content=\"article\" \/>\n<meta property=\"og:title\" content=\"Fijador a estructura universal - Anber\" \/>\n<meta property=\"og:description\" content=\"El fijador a estructura universal permite que un producto se fije directamente a adaptadores de viga en I, viga joist, madera o concreto.\" \/>\n<meta property=\"og:url\" content=\"https:\/\/anber.es\/web\/producto\/fijador-a-estructura-universal\/\" \/>\n<meta property=\"og:site_name\" content=\"Anber\" \/>\n<meta property=\"article:modified_time\" content=\"2022-11-08T10:44:41+00:00\" \/>\n<meta property=\"og:image\" content=\"https:\/\/anber.es\/web\/wp-content\/uploads\/2021\/05\/fijador_a_estructura_universal.png\" \/>\n\t<meta property=\"og:image:width\" content=\"1000\" \/>\n\t<meta property=\"og:image:height\" content=\"1000\" \/>\n\t<meta property=\"og:image:type\" content=\"image\/png\" \/>\n<meta name=\"twitter:card\" content=\"summary_large_image\" \/>\n<meta name=\"twitter:label1\" content=\"Tiempo de lectura\" \/>\n\t<meta name=\"twitter:data1\" content=\"1 minuto\" \/>\n<script type=\"application\/ld+json\" class=\"yoast-schema-graph\">{\"@context\":\"https:\/\/schema.org\",\"@graph\":[{\"@type\":\"WebPage\",\"@id\":\"https:\/\/anber.es\/web\/producto\/fijador-a-estructura-universal\/\",\"url\":\"https:\/\/anber.es\/web\/producto\/fijador-a-estructura-universal\/\",\"name\":\"Fijador a estructura universal - Anber\",\"isPartOf\":{\"@id\":\"https:\/\/anber.es\/web\/#website\"},\"datePublished\":\"2021-05-28T08:08:55+00:00\",\"dateModified\":\"2022-11-08T10:44:41+00:00\",\"description\":\"El fijador a estructura universal permite que un producto se fije directamente a adaptadores de viga en I, viga joist, madera o concreto.\",\"breadcrumb\":{\"@id\":\"https:\/\/anber.es\/web\/producto\/fijador-a-estructura-universal\/#breadcrumb\"},\"inLanguage\":\"es\",\"potentialAction\":[{\"@type\":\"ReadAction\",\"target\":[\"https:\/\/anber.es\/web\/producto\/fijador-a-estructura-universal\/\"]}]},{\"@type\":\"BreadcrumbList\",\"@id\":\"https:\/\/anber.es\/web\/producto\/fijador-a-estructura-universal\/#breadcrumb\",\"itemListElement\":[{\"@type\":\"ListItem\",\"position\":1,\"name\":\"Portada\",\"item\":\"https:\/\/anber.es\/web\/\"},{\"@type\":\"ListItem\",\"position\":2,\"name\":\"Productos\",\"item\":\"https:\/\/anber.es\/web\/productos\/\"},{\"@type\":\"ListItem\",\"position\":3,\"name\":\"Fijador a estructura universal\"}]},{\"@type\":\"WebSite\",\"@id\":\"https:\/\/anber.es\/web\/#website\",\"url\":\"https:\/\/anber.es\/web\/\",\"name\":\"Anber\",\"description\":\"Sistemas de protecci\u00f3n contra incendios\",\"publisher\":{\"@id\":\"https:\/\/anber.es\/web\/#organization\"},\"potentialAction\":[{\"@type\":\"SearchAction\",\"target\":{\"@type\":\"EntryPoint\",\"urlTemplate\":\"https:\/\/anber.es\/web\/?s={search_term_string}\"},\"query-input\":\"required name=search_term_string\"}],\"inLanguage\":\"es\"},{\"@type\":\"Organization\",\"@id\":\"https:\/\/anber.es\/web\/#organization\",\"name\":\"Anber\",\"url\":\"https:\/\/anber.es\/web\/\",\"logo\":{\"@type\":\"ImageObject\",\"inLanguage\":\"es\",\"@id\":\"https:\/\/anber.es\/web\/#\/schema\/logo\/image\/\",\"url\":\"https:\/\/anber.es\/web\/wp-content\/uploads\/2021\/03\/logo-anber.png\",\"contentUrl\":\"https:\/\/anber.es\/web\/wp-content\/uploads\/2021\/03\/logo-anber.png\",\"width\":2208,\"height\":500,\"caption\":\"Anber\"},\"image\":{\"@id\":\"https:\/\/anber.es\/web\/#\/schema\/logo\/image\/\"}}]}<\/script>\n<!-- \/ Yoast SEO plugin. -->","yoast_head_json":{"title":"Fijador a estructura universal - Anber","description":"El fijador a estructura universal permite que un producto se fije directamente a adaptadores de viga en I, viga joist, madera o concreto.","robots":{"index":"index","follow":"follow","max-snippet":"max-snippet:-1","max-image-preview":"max-image-preview:large","max-video-preview":"max-video-preview:-1"},"canonical":"https:\/\/anber.es\/web\/producto\/fijador-a-estructura-universal\/","og_locale":"es_ES","og_type":"article","og_title":"Fijador a estructura universal - Anber","og_description":"El fijador a estructura universal permite que un producto se fije directamente a adaptadores de viga en I, viga joist, madera o concreto.","og_url":"https:\/\/anber.es\/web\/producto\/fijador-a-estructura-universal\/","og_site_name":"Anber","article_modified_time":"2022-11-08T10:44:41+00:00","og_image":[{"width":1000,"height":1000,"url":"https:\/\/anber.es\/web\/wp-content\/uploads\/2021\/05\/fijador_a_estructura_universal.png","type":"image\/png"}],"twitter_card":"summary_large_image","twitter_misc":{"Tiempo de lectura":"1 minuto"},"schema":{"@context":"https:\/\/schema.org","@graph":[{"@type":"WebPage","@id":"https:\/\/anber.es\/web\/producto\/fijador-a-estructura-universal\/","url":"https:\/\/anber.es\/web\/producto\/fijador-a-estructura-universal\/","name":"Fijador a estructura universal - Anber","isPartOf":{"@id":"https:\/\/anber.es\/web\/#website"},"datePublished":"2021-05-28T08:08:55+00:00","dateModified":"2022-11-08T10:44:41+00:00","description":"El fijador a estructura universal permite que un producto se fije directamente a adaptadores de viga en I, viga joist, madera o concreto.","breadcrumb":{"@id":"https:\/\/anber.es\/web\/producto\/fijador-a-estructura-universal\/#breadcrumb"},"inLanguage":"es","potentialAction":[{"@type":"ReadAction","target":["https:\/\/anber.es\/web\/producto\/fijador-a-estructura-universal\/"]}]},{"@type":"BreadcrumbList","@id":"https:\/\/anber.es\/web\/producto\/fijador-a-estructura-universal\/#breadcrumb","itemListElement":[{"@type":"ListItem","position":1,"name":"Portada","item":"https:\/\/anber.es\/web\/"},{"@type":"ListItem","position":2,"name":"Productos","item":"https:\/\/anber.es\/web\/productos\/"},{"@type":"ListItem","position":3,"name":"Fijador a estructura universal"}]},{"@type":"WebSite","@id":"https:\/\/anber.es\/web\/#website","url":"https:\/\/anber.es\/web\/","name":"Anber","description":"Sistemas de protecci\u00f3n contra incendios","publisher":{"@id":"https:\/\/anber.es\/web\/#organization"},"potentialAction":[{"@type":"SearchAction","target":{"@type":"EntryPoint","urlTemplate":"https:\/\/anber.es\/web\/?s={search_term_string}"},"query-input":"required name=search_term_string"}],"inLanguage":"es"},{"@type":"Organization","@id":"https:\/\/anber.es\/web\/#organization","name":"Anber","url":"https:\/\/anber.es\/web\/","logo":{"@type":"ImageObject","inLanguage":"es","@id":"https:\/\/anber.es\/web\/#\/schema\/logo\/image\/","url":"https:\/\/anber.es\/web\/wp-content\/uploads\/2021\/03\/logo-anber.png","contentUrl":"https:\/\/anber.es\/web\/wp-content\/uploads\/2021\/03\/logo-anber.png","width":2208,"height":500,"caption":"Anber"},"image":{"@id":"https:\/\/anber.es\/web\/#\/schema\/logo\/image\/"}}]}},"_links":{"self":[{"href":"https:\/\/anber.es\/web\/wp-json\/wp\/v2\/product\/3224"}],"collection":[{"href":"https:\/\/anber.es\/web\/wp-json\/wp\/v2\/product"}],"about":[{"href":"https:\/\/anber.es\/web\/wp-json\/wp\/v2\/types\/product"}],"wp:featuredmedia":[{"embeddable":true,"href":"https:\/\/anber.es\/web\/wp-json\/wp\/v2\/media\/3223"}],"wp:attachment":[{"href":"https:\/\/anber.es\/web\/wp-json\/wp\/v2\/media?parent=3224"}],"wp:term":[{"taxonomy":"product_cat","embeddable":true,"href":"https:\/\/anber.es\/web\/wp-json\/wp\/v2\/product_cat?post=3224"},{"taxonomy":"product_tag","embeddable":true,"href":"https:\/\/anber.es\/web\/wp-json\/wp\/v2\/product_tag?post=3224"}],"curies":[{"name":"wp","href":"https:\/\/api.w.org\/{rel}","templated":true}]}}