{"id":3236,"date":"2021-05-28T10:09:13","date_gmt":"2021-05-28T08:09:13","guid":{"rendered":"https:\/\/anber.es\/producto\/manguito-union-cilindrico-roscado\/"},"modified":"2024-04-10T17:34:09","modified_gmt":"2024-04-10T15:34:09","slug":"manguito-union-cilindrico-roscado","status":"publish","type":"product","link":"https:\/\/anber.es\/web\/producto\/manguito-union-cilindrico-roscado\/","title":{"rendered":"Manguito uni\u00f3n cil\u00edndrico roscado"},"content":{"rendered":"<p>El <STRONG>manguito uni\u00f3n cil\u00edndrico roscado<\/STRONG> es un elemento de conexi\u00f3n entre dos varillas roscadas, tubos roscados, as\u00ed como una distancia fija, por ejemplo en aislamiento t\u00e9rmico cuando se combinan pat\u00edn y abrazadera.<\/p>\n<p>Material: Acero, cincado galv\u00e1nico.<\/p>\n<p>Referencia: CPEV.<\/p>\n<p><a href=\"\/web\/wp-content\/uploads\/2024\/04\/Ficha_tecnica-Manguito_union_cilindrico_roscado.pdf\" target=\"_blank\" rel=\"noopener noreferrer\"><button>Descarga ficha <\/button><\/a><br \/>\n<a class=\"insta-link\" href=\"https:\/\/www.instagram.com\/aqlproteccion\/?hl=es\" target=\"_blank\" rel=\"noopener noreferrer\">Instagram<\/a><\/p>\n","protected":false},"excerpt":{"rendered":"<p>El manguito uni\u00f3n cil\u00edndrico roscado es un elemento de conexi\u00f3n entre dos varillas roscadas, tubos roscados, etc.<\/p>\n","protected":false},"featured_media":9258,"template":"","meta":[],"product_cat":[206],"product_tag":[215],"yoast_head":"<!-- This site is optimized with the Yoast SEO plugin v22.1 - https:\/\/yoast.com\/wordpress\/plugins\/seo\/ -->\n<title>Manguito uni\u00f3n cil\u00edndrico roscado - Anber<\/title>\n<meta name=\"description\" content=\"El manguito uni\u00f3n cil\u00edndrico roscado es un elemento de conexi\u00f3n entre dos varillas roscadas, tubos roscados, etc.\" \/>\n<meta name=\"robots\" content=\"index, follow, max-snippet:-1, max-image-preview:large, max-video-preview:-1\" \/>\n<link rel=\"canonical\" href=\"https:\/\/anber.es\/web\/producto\/manguito-union-cilindrico-roscado\/\" \/>\n<meta property=\"og:locale\" content=\"es_ES\" \/>\n<meta property=\"og:type\" content=\"article\" \/>\n<meta property=\"og:title\" content=\"Manguito uni\u00f3n cil\u00edndrico roscado - Anber\" \/>\n<meta property=\"og:description\" content=\"El manguito uni\u00f3n cil\u00edndrico roscado es un elemento de conexi\u00f3n entre dos varillas roscadas, tubos roscados, etc.\" \/>\n<meta property=\"og:url\" content=\"https:\/\/anber.es\/web\/producto\/manguito-union-cilindrico-roscado\/\" \/>\n<meta property=\"og:site_name\" content=\"Anber\" \/>\n<meta property=\"article:modified_time\" content=\"2024-04-10T15:34:09+00:00\" \/>\n<meta property=\"og:image\" content=\"https:\/\/anber.es\/web\/wp-content\/uploads\/2024\/04\/manguito_union_cilindrico_roscado.webp\" \/>\n\t<meta property=\"og:image:width\" content=\"1000\" \/>\n\t<meta property=\"og:image:height\" content=\"1000\" \/>\n\t<meta property=\"og:image:type\" content=\"image\/webp\" \/>\n<meta name=\"twitter:card\" content=\"summary_large_image\" \/>\n<meta name=\"twitter:label1\" content=\"Tiempo de lectura\" \/>\n\t<meta name=\"twitter:data1\" content=\"1 minuto\" \/>\n<script type=\"application\/ld+json\" class=\"yoast-schema-graph\">{\"@context\":\"https:\/\/schema.org\",\"@graph\":[{\"@type\":\"WebPage\",\"@id\":\"https:\/\/anber.es\/web\/producto\/manguito-union-cilindrico-roscado\/\",\"url\":\"https:\/\/anber.es\/web\/producto\/manguito-union-cilindrico-roscado\/\",\"name\":\"Manguito uni\u00f3n cil\u00edndrico roscado - Anber\",\"isPartOf\":{\"@id\":\"https:\/\/anber.es\/web\/#website\"},\"datePublished\":\"2021-05-28T08:09:13+00:00\",\"dateModified\":\"2024-04-10T15:34:09+00:00\",\"description\":\"El manguito uni\u00f3n cil\u00edndrico roscado es un elemento de conexi\u00f3n entre dos varillas roscadas, tubos roscados, etc.\",\"breadcrumb\":{\"@id\":\"https:\/\/anber.es\/web\/producto\/manguito-union-cilindrico-roscado\/#breadcrumb\"},\"inLanguage\":\"es\",\"potentialAction\":[{\"@type\":\"ReadAction\",\"target\":[\"https:\/\/anber.es\/web\/producto\/manguito-union-cilindrico-roscado\/\"]}]},{\"@type\":\"BreadcrumbList\",\"@id\":\"https:\/\/anber.es\/web\/producto\/manguito-union-cilindrico-roscado\/#breadcrumb\",\"itemListElement\":[{\"@type\":\"ListItem\",\"position\":1,\"name\":\"Portada\",\"item\":\"https:\/\/anber.es\/web\/\"},{\"@type\":\"ListItem\",\"position\":2,\"name\":\"Productos\",\"item\":\"https:\/\/anber.es\/web\/productos\/\"},{\"@type\":\"ListItem\",\"position\":3,\"name\":\"Manguito uni\u00f3n cil\u00edndrico roscado\"}]},{\"@type\":\"WebSite\",\"@id\":\"https:\/\/anber.es\/web\/#website\",\"url\":\"https:\/\/anber.es\/web\/\",\"name\":\"Anber\",\"description\":\"Sistemas de protecci\u00f3n contra incendios\",\"publisher\":{\"@id\":\"https:\/\/anber.es\/web\/#organization\"},\"potentialAction\":[{\"@type\":\"SearchAction\",\"target\":{\"@type\":\"EntryPoint\",\"urlTemplate\":\"https:\/\/anber.es\/web\/?s={search_term_string}\"},\"query-input\":\"required name=search_term_string\"}],\"inLanguage\":\"es\"},{\"@type\":\"Organization\",\"@id\":\"https:\/\/anber.es\/web\/#organization\",\"name\":\"Anber\",\"url\":\"https:\/\/anber.es\/web\/\",\"logo\":{\"@type\":\"ImageObject\",\"inLanguage\":\"es\",\"@id\":\"https:\/\/anber.es\/web\/#\/schema\/logo\/image\/\",\"url\":\"https:\/\/anber.es\/web\/wp-content\/uploads\/2021\/03\/logo-anber.png\",\"contentUrl\":\"https:\/\/anber.es\/web\/wp-content\/uploads\/2021\/03\/logo-anber.png\",\"width\":2208,\"height\":500,\"caption\":\"Anber\"},\"image\":{\"@id\":\"https:\/\/anber.es\/web\/#\/schema\/logo\/image\/\"}}]}<\/script>\n<!-- \/ Yoast SEO plugin. -->","yoast_head_json":{"title":"Manguito uni\u00f3n cil\u00edndrico roscado - Anber","description":"El manguito uni\u00f3n cil\u00edndrico roscado es un elemento de conexi\u00f3n entre dos varillas roscadas, tubos roscados, etc.","robots":{"index":"index","follow":"follow","max-snippet":"max-snippet:-1","max-image-preview":"max-image-preview:large","max-video-preview":"max-video-preview:-1"},"canonical":"https:\/\/anber.es\/web\/producto\/manguito-union-cilindrico-roscado\/","og_locale":"es_ES","og_type":"article","og_title":"Manguito uni\u00f3n cil\u00edndrico roscado - Anber","og_description":"El manguito uni\u00f3n cil\u00edndrico roscado es un elemento de conexi\u00f3n entre dos varillas roscadas, tubos roscados, etc.","og_url":"https:\/\/anber.es\/web\/producto\/manguito-union-cilindrico-roscado\/","og_site_name":"Anber","article_modified_time":"2024-04-10T15:34:09+00:00","og_image":[{"width":1000,"height":1000,"url":"https:\/\/anber.es\/web\/wp-content\/uploads\/2024\/04\/manguito_union_cilindrico_roscado.webp","type":"image\/webp"}],"twitter_card":"summary_large_image","twitter_misc":{"Tiempo de lectura":"1 minuto"},"schema":{"@context":"https:\/\/schema.org","@graph":[{"@type":"WebPage","@id":"https:\/\/anber.es\/web\/producto\/manguito-union-cilindrico-roscado\/","url":"https:\/\/anber.es\/web\/producto\/manguito-union-cilindrico-roscado\/","name":"Manguito uni\u00f3n cil\u00edndrico roscado - Anber","isPartOf":{"@id":"https:\/\/anber.es\/web\/#website"},"datePublished":"2021-05-28T08:09:13+00:00","dateModified":"2024-04-10T15:34:09+00:00","description":"El manguito uni\u00f3n cil\u00edndrico roscado es un elemento de conexi\u00f3n entre dos varillas roscadas, tubos roscados, etc.","breadcrumb":{"@id":"https:\/\/anber.es\/web\/producto\/manguito-union-cilindrico-roscado\/#breadcrumb"},"inLanguage":"es","potentialAction":[{"@type":"ReadAction","target":["https:\/\/anber.es\/web\/producto\/manguito-union-cilindrico-roscado\/"]}]},{"@type":"BreadcrumbList","@id":"https:\/\/anber.es\/web\/producto\/manguito-union-cilindrico-roscado\/#breadcrumb","itemListElement":[{"@type":"ListItem","position":1,"name":"Portada","item":"https:\/\/anber.es\/web\/"},{"@type":"ListItem","position":2,"name":"Productos","item":"https:\/\/anber.es\/web\/productos\/"},{"@type":"ListItem","position":3,"name":"Manguito uni\u00f3n cil\u00edndrico roscado"}]},{"@type":"WebSite","@id":"https:\/\/anber.es\/web\/#website","url":"https:\/\/anber.es\/web\/","name":"Anber","description":"Sistemas de protecci\u00f3n contra incendios","publisher":{"@id":"https:\/\/anber.es\/web\/#organization"},"potentialAction":[{"@type":"SearchAction","target":{"@type":"EntryPoint","urlTemplate":"https:\/\/anber.es\/web\/?s={search_term_string}"},"query-input":"required name=search_term_string"}],"inLanguage":"es"},{"@type":"Organization","@id":"https:\/\/anber.es\/web\/#organization","name":"Anber","url":"https:\/\/anber.es\/web\/","logo":{"@type":"ImageObject","inLanguage":"es","@id":"https:\/\/anber.es\/web\/#\/schema\/logo\/image\/","url":"https:\/\/anber.es\/web\/wp-content\/uploads\/2021\/03\/logo-anber.png","contentUrl":"https:\/\/anber.es\/web\/wp-content\/uploads\/2021\/03\/logo-anber.png","width":2208,"height":500,"caption":"Anber"},"image":{"@id":"https:\/\/anber.es\/web\/#\/schema\/logo\/image\/"}}]}},"_links":{"self":[{"href":"https:\/\/anber.es\/web\/wp-json\/wp\/v2\/product\/3236"}],"collection":[{"href":"https:\/\/anber.es\/web\/wp-json\/wp\/v2\/product"}],"about":[{"href":"https:\/\/anber.es\/web\/wp-json\/wp\/v2\/types\/product"}],"wp:featuredmedia":[{"embeddable":true,"href":"https:\/\/anber.es\/web\/wp-json\/wp\/v2\/media\/9258"}],"wp:attachment":[{"href":"https:\/\/anber.es\/web\/wp-json\/wp\/v2\/media?parent=3236"}],"wp:term":[{"taxonomy":"product_cat","embeddable":true,"href":"https:\/\/anber.es\/web\/wp-json\/wp\/v2\/product_cat?post=3236"},{"taxonomy":"product_tag","embeddable":true,"href":"https:\/\/anber.es\/web\/wp-json\/wp\/v2\/product_tag?post=3236"}],"curies":[{"name":"wp","href":"https:\/\/api.w.org\/{rel}","templated":true}]}}