{"id":3248,"date":"2021-05-28T10:09:48","date_gmt":"2021-05-28T08:09:48","guid":{"rendered":"https:\/\/anber.es\/producto\/hidrante-con-toma-de-monitor\/"},"modified":"2026-03-24T12:57:25","modified_gmt":"2026-03-24T10:57:25","slug":"tifon-con-toma-de-monitor","status":"publish","type":"product","link":"https:\/\/anber.es\/web\/producto\/tifon-con-toma-de-monitor\/","title":{"rendered":"Tif\u00f3n con toma de monitor"},"content":{"rendered":"<p>El hidrante de columna seca modelo <strong>\u00abTif\u00f3n con toma de monitor\u00bb<\/strong> se fabrica en los di\u00e1metros de conexi\u00f3n de 4&#8243; y 6&#8243; con 3 bocas de salida y esta dise\u00f1ado y ensayado seg\u00fan la norma UNE EN-14384:2006 de hidrantes de columna con resultados positivos y con evaluaci\u00f3n t\u00e9cnica de idoneidad conforme al art\u00edculo 5.3 RIPCI.<\/p>\n<p><strong>Caracter\u00edsticas<\/strong> del Hidrante con toma de monitor:<br \/>\nHidrante tipo \u00abC\u00bb seg\u00fan norma <b>UNE EN-14384:2006<\/b> (columna seca, con drenaje y sistema de rotura).<br \/>\nPresi\u00f3n m\u00e1xima de servicio: <b>16 bar<\/b>.<br \/>\nDe tipo columna seca y sistema de rotura.<br \/>\nPresi\u00f3n de prueba: 25 bar.<\/p>\n<p><strong>Posibilidad de conexionado a la red<\/strong> de abastecimiento mediante<b> toma recta o curva<\/b> con brida normalizada EN 1092, de di\u00e1metro nominal<b> 100mm (4&#8243;) y 150mm (6&#8243;)<\/b>, con una longitud del <b>carrete menor a 1 metro<\/b>.<\/p>\n<p>Los hidrantes de DN100 (4&#8243;) y DN150 (6&#8243;) vienen equipados con dos salidas laterales de 70mm (2 1\/2&#8243; BSP) y una central preparada para la toma de monitor. Dos bocas DN65 equipadas con racor tipo UNE-EN 23400.<br \/>\n<b>\u00c1ngulo de las bocas de salida: 90\u00ba<\/b>.<br \/>\n<strong>Una boca de salida DN100<\/strong> para conexi\u00f3n a monitor equipada con brida de conexi\u00f3n de di\u00e1metro exterior a 220mm con ocho agujeros equidistantes.<\/p>\n<p>Referencia: HTHRSTR.<\/p>\n<p><a href=\"\/web\/wp-content\/uploads\/2026\/03\/Ficha_tecnica-tifon_con_toma_monitor.pdf\" target=\"_blank\" rel=\"noopener noreferrer\"><button>Descarga ficha <\/button><\/a><br \/>\n<a class=\"insta-link\" href=\"https:\/\/www.instagram.com\/aqlproteccion\/?hl=es\" target=\"_blank\" rel=\"noopener noreferrer\">Instagram<\/a><\/p>\n","protected":false},"excerpt":{"rendered":"<p>El Tif\u00f3n con toma de monitor se fabrica en los di\u00e1metros de conexi\u00f3n de 4\u201d y 6\u201d con 3 bocas de salida y esta dise\u00f1ado. UNE EN-14384:2006.<\/p>\n","protected":false},"featured_media":8098,"template":"","meta":[],"product_cat":[26,210],"product_tag":[215],"yoast_head":"<!-- This site is optimized with the Yoast SEO plugin v22.1 - https:\/\/yoast.com\/wordpress\/plugins\/seo\/ -->\n<title>Tif\u00f3n con toma de monitor - Anber<\/title>\n<meta name=\"description\" content=\"El Tif\u00f3n con toma de monitor se fabrica en los di\u00e1metros de conexi\u00f3n de 4\u201d y 6\u201d con 3 bocas de salida y esta dise\u00f1ado. UNE EN-14384:2006.\" \/>\n<meta name=\"robots\" content=\"index, follow, max-snippet:-1, max-image-preview:large, max-video-preview:-1\" \/>\n<link rel=\"canonical\" href=\"https:\/\/anber.es\/web\/producto\/tifon-con-toma-de-monitor\/\" \/>\n<meta property=\"og:locale\" content=\"es_ES\" \/>\n<meta property=\"og:type\" content=\"article\" \/>\n<meta property=\"og:title\" content=\"Tif\u00f3n con toma de monitor - Anber\" \/>\n<meta property=\"og:description\" content=\"El Tif\u00f3n con toma de monitor se fabrica en los di\u00e1metros de conexi\u00f3n de 4\u201d y 6\u201d con 3 bocas de salida y esta dise\u00f1ado. UNE EN-14384:2006.\" \/>\n<meta property=\"og:url\" content=\"https:\/\/anber.es\/web\/producto\/tifon-con-toma-de-monitor\/\" \/>\n<meta property=\"og:site_name\" content=\"Anber\" \/>\n<meta property=\"article:modified_time\" content=\"2026-03-24T10:57:25+00:00\" \/>\n<meta property=\"og:image\" content=\"https:\/\/anber.es\/web\/wp-content\/uploads\/2023\/04\/tifon_con_toma_monitor.webp\" \/>\n\t<meta property=\"og:image:width\" content=\"1000\" \/>\n\t<meta property=\"og:image:height\" content=\"1000\" \/>\n\t<meta property=\"og:image:type\" content=\"image\/webp\" \/>\n<meta name=\"twitter:card\" content=\"summary_large_image\" \/>\n<meta name=\"twitter:label1\" content=\"Tiempo de lectura\" \/>\n\t<meta name=\"twitter:data1\" content=\"2 minutos\" \/>\n<script type=\"application\/ld+json\" class=\"yoast-schema-graph\">{\"@context\":\"https:\/\/schema.org\",\"@graph\":[{\"@type\":\"WebPage\",\"@id\":\"https:\/\/anber.es\/web\/producto\/tifon-con-toma-de-monitor\/\",\"url\":\"https:\/\/anber.es\/web\/producto\/tifon-con-toma-de-monitor\/\",\"name\":\"Tif\u00f3n con toma de monitor - Anber\",\"isPartOf\":{\"@id\":\"https:\/\/anber.es\/web\/#website\"},\"datePublished\":\"2021-05-28T08:09:48+00:00\",\"dateModified\":\"2026-03-24T10:57:25+00:00\",\"description\":\"El Tif\u00f3n con toma de monitor se fabrica en los di\u00e1metros de conexi\u00f3n de 4\u201d y 6\u201d con 3 bocas de salida y esta dise\u00f1ado. UNE EN-14384:2006.\",\"breadcrumb\":{\"@id\":\"https:\/\/anber.es\/web\/producto\/tifon-con-toma-de-monitor\/#breadcrumb\"},\"inLanguage\":\"es\",\"potentialAction\":[{\"@type\":\"ReadAction\",\"target\":[\"https:\/\/anber.es\/web\/producto\/tifon-con-toma-de-monitor\/\"]}]},{\"@type\":\"BreadcrumbList\",\"@id\":\"https:\/\/anber.es\/web\/producto\/tifon-con-toma-de-monitor\/#breadcrumb\",\"itemListElement\":[{\"@type\":\"ListItem\",\"position\":1,\"name\":\"Portada\",\"item\":\"https:\/\/anber.es\/web\/\"},{\"@type\":\"ListItem\",\"position\":2,\"name\":\"Productos\",\"item\":\"https:\/\/anber.es\/web\/productos\/\"},{\"@type\":\"ListItem\",\"position\":3,\"name\":\"Tif\u00f3n con toma de monitor\"}]},{\"@type\":\"WebSite\",\"@id\":\"https:\/\/anber.es\/web\/#website\",\"url\":\"https:\/\/anber.es\/web\/\",\"name\":\"Anber\",\"description\":\"Sistemas de protecci\u00f3n contra incendios\",\"publisher\":{\"@id\":\"https:\/\/anber.es\/web\/#organization\"},\"potentialAction\":[{\"@type\":\"SearchAction\",\"target\":{\"@type\":\"EntryPoint\",\"urlTemplate\":\"https:\/\/anber.es\/web\/?s={search_term_string}\"},\"query-input\":\"required name=search_term_string\"}],\"inLanguage\":\"es\"},{\"@type\":\"Organization\",\"@id\":\"https:\/\/anber.es\/web\/#organization\",\"name\":\"Anber\",\"url\":\"https:\/\/anber.es\/web\/\",\"logo\":{\"@type\":\"ImageObject\",\"inLanguage\":\"es\",\"@id\":\"https:\/\/anber.es\/web\/#\/schema\/logo\/image\/\",\"url\":\"https:\/\/anber.es\/web\/wp-content\/uploads\/2021\/03\/logo-anber.png\",\"contentUrl\":\"https:\/\/anber.es\/web\/wp-content\/uploads\/2021\/03\/logo-anber.png\",\"width\":2208,\"height\":500,\"caption\":\"Anber\"},\"image\":{\"@id\":\"https:\/\/anber.es\/web\/#\/schema\/logo\/image\/\"}}]}<\/script>\n<!-- \/ Yoast SEO plugin. -->","yoast_head_json":{"title":"Tif\u00f3n con toma de monitor - Anber","description":"El Tif\u00f3n con toma de monitor se fabrica en los di\u00e1metros de conexi\u00f3n de 4\u201d y 6\u201d con 3 bocas de salida y esta dise\u00f1ado. UNE EN-14384:2006.","robots":{"index":"index","follow":"follow","max-snippet":"max-snippet:-1","max-image-preview":"max-image-preview:large","max-video-preview":"max-video-preview:-1"},"canonical":"https:\/\/anber.es\/web\/producto\/tifon-con-toma-de-monitor\/","og_locale":"es_ES","og_type":"article","og_title":"Tif\u00f3n con toma de monitor - Anber","og_description":"El Tif\u00f3n con toma de monitor se fabrica en los di\u00e1metros de conexi\u00f3n de 4\u201d y 6\u201d con 3 bocas de salida y esta dise\u00f1ado. UNE EN-14384:2006.","og_url":"https:\/\/anber.es\/web\/producto\/tifon-con-toma-de-monitor\/","og_site_name":"Anber","article_modified_time":"2026-03-24T10:57:25+00:00","og_image":[{"width":1000,"height":1000,"url":"https:\/\/anber.es\/web\/wp-content\/uploads\/2023\/04\/tifon_con_toma_monitor.webp","type":"image\/webp"}],"twitter_card":"summary_large_image","twitter_misc":{"Tiempo de lectura":"2 minutos"},"schema":{"@context":"https:\/\/schema.org","@graph":[{"@type":"WebPage","@id":"https:\/\/anber.es\/web\/producto\/tifon-con-toma-de-monitor\/","url":"https:\/\/anber.es\/web\/producto\/tifon-con-toma-de-monitor\/","name":"Tif\u00f3n con toma de monitor - Anber","isPartOf":{"@id":"https:\/\/anber.es\/web\/#website"},"datePublished":"2021-05-28T08:09:48+00:00","dateModified":"2026-03-24T10:57:25+00:00","description":"El Tif\u00f3n con toma de monitor se fabrica en los di\u00e1metros de conexi\u00f3n de 4\u201d y 6\u201d con 3 bocas de salida y esta dise\u00f1ado. UNE EN-14384:2006.","breadcrumb":{"@id":"https:\/\/anber.es\/web\/producto\/tifon-con-toma-de-monitor\/#breadcrumb"},"inLanguage":"es","potentialAction":[{"@type":"ReadAction","target":["https:\/\/anber.es\/web\/producto\/tifon-con-toma-de-monitor\/"]}]},{"@type":"BreadcrumbList","@id":"https:\/\/anber.es\/web\/producto\/tifon-con-toma-de-monitor\/#breadcrumb","itemListElement":[{"@type":"ListItem","position":1,"name":"Portada","item":"https:\/\/anber.es\/web\/"},{"@type":"ListItem","position":2,"name":"Productos","item":"https:\/\/anber.es\/web\/productos\/"},{"@type":"ListItem","position":3,"name":"Tif\u00f3n con toma de monitor"}]},{"@type":"WebSite","@id":"https:\/\/anber.es\/web\/#website","url":"https:\/\/anber.es\/web\/","name":"Anber","description":"Sistemas de protecci\u00f3n contra incendios","publisher":{"@id":"https:\/\/anber.es\/web\/#organization"},"potentialAction":[{"@type":"SearchAction","target":{"@type":"EntryPoint","urlTemplate":"https:\/\/anber.es\/web\/?s={search_term_string}"},"query-input":"required name=search_term_string"}],"inLanguage":"es"},{"@type":"Organization","@id":"https:\/\/anber.es\/web\/#organization","name":"Anber","url":"https:\/\/anber.es\/web\/","logo":{"@type":"ImageObject","inLanguage":"es","@id":"https:\/\/anber.es\/web\/#\/schema\/logo\/image\/","url":"https:\/\/anber.es\/web\/wp-content\/uploads\/2021\/03\/logo-anber.png","contentUrl":"https:\/\/anber.es\/web\/wp-content\/uploads\/2021\/03\/logo-anber.png","width":2208,"height":500,"caption":"Anber"},"image":{"@id":"https:\/\/anber.es\/web\/#\/schema\/logo\/image\/"}}]}},"_links":{"self":[{"href":"https:\/\/anber.es\/web\/wp-json\/wp\/v2\/product\/3248"}],"collection":[{"href":"https:\/\/anber.es\/web\/wp-json\/wp\/v2\/product"}],"about":[{"href":"https:\/\/anber.es\/web\/wp-json\/wp\/v2\/types\/product"}],"wp:featuredmedia":[{"embeddable":true,"href":"https:\/\/anber.es\/web\/wp-json\/wp\/v2\/media\/8098"}],"wp:attachment":[{"href":"https:\/\/anber.es\/web\/wp-json\/wp\/v2\/media?parent=3248"}],"wp:term":[{"taxonomy":"product_cat","embeddable":true,"href":"https:\/\/anber.es\/web\/wp-json\/wp\/v2\/product_cat?post=3248"},{"taxonomy":"product_tag","embeddable":true,"href":"https:\/\/anber.es\/web\/wp-json\/wp\/v2\/product_tag?post=3248"}],"curies":[{"name":"wp","href":"https:\/\/api.w.org\/{rel}","templated":true}]}}