{"id":3250,"date":"2021-05-28T10:09:52","date_gmt":"2021-05-28T08:09:52","guid":{"rendered":"https:\/\/anber.es\/producto\/valvula-alivio-de-presion-ranurada-fm-ul-modelo-rv-1a\/"},"modified":"2021-05-28T10:09:52","modified_gmt":"2021-05-28T08:09:52","slug":"valvula-alivio-de-presion-ranurada-fm-ul-modelo-rv-1a","status":"publish","type":"product","link":"https:\/\/anber.es\/web\/producto\/valvula-alivio-de-presion-ranurada-fm-ul-modelo-rv-1a\/","title":{"rendered":"V\u00e1lvula alivio de presi\u00f3n ranurada FM-UL modelo RV-1A"},"content":{"rendered":"<p>Las <STRONG>v\u00e1lvulas de alivio de presi\u00f3n del modelo RV-1A<\/STRONG>, de 2 a 8 pulgadas (DN50 a DN200), son disposiciones de v\u00e1lvulas ensambladas en f\u00e1brica con su parte de accesorios (Trimming) totalmente accesible para el alivio del exceso de presi\u00f3n del agua.<\/p>\n<p>Estas v\u00e1lvulas se utilizan normalmente para descargar autom\u00e1ticamente el exceso de presi\u00f3n en un sistema de protecci\u00f3n contra incendios que utiliza una bomba<br \/>\ncontra incendios.<\/p>\n<p>La v\u00e1lvula de control de agua DV-5a es el componente central del conjunto con la parte de accesorios (trimming) totalmente accesible.<\/p>\n<p>Referencia: VLRV1A.<\/p>\n<p><a href=\"\/web\/wp-content\/uploads\/2021\/05\/Ficha_tecnica-Valvula_alivio_de_presion_ranurada_FM-UL_modelo_RV-1A.pdf\" target=\"_blank\" rel=\"noopener noreferrer\"><button>Descarga ficha <\/button><\/a><br \/>\n<a class=\"insta-link\" href=\"https:\/\/www.instagram.com\/aqlproteccion\/?hl=es\" target=\"_blank\" rel=\"noopener noreferrer\">Instagram<\/a><\/p>\n","protected":false},"excerpt":{"rendered":"<p>La v\u00e1lvula alivio de presi\u00f3n ranurada modelo RV-1A son disposiciones de v\u00e1lvulas ensambladas para el alivio del exceso de presi\u00f3n del agua.<\/p>\n","protected":false},"featured_media":3249,"template":"","meta":[],"product_cat":[45,83],"product_tag":[215],"yoast_head":"<!-- This site is optimized with the Yoast SEO plugin v22.1 - https:\/\/yoast.com\/wordpress\/plugins\/seo\/ -->\n<title>V\u00e1lvula alivio de presi\u00f3n ranurada FM-UL modelo RV-1A - Anber<\/title>\n<meta name=\"description\" content=\"La v\u00e1lvula alivio de presi\u00f3n ranurada modelo RV-1A son disposiciones de v\u00e1lvulas ensambladas para el alivio del exceso de presi\u00f3n del agua.\" \/>\n<meta name=\"robots\" content=\"index, follow, max-snippet:-1, max-image-preview:large, max-video-preview:-1\" \/>\n<link rel=\"canonical\" href=\"https:\/\/anber.es\/web\/producto\/valvula-alivio-de-presion-ranurada-fm-ul-modelo-rv-1a\/\" \/>\n<meta property=\"og:locale\" content=\"es_ES\" \/>\n<meta property=\"og:type\" content=\"article\" \/>\n<meta property=\"og:title\" content=\"V\u00e1lvula alivio de presi\u00f3n ranurada FM-UL modelo RV-1A - Anber\" \/>\n<meta property=\"og:description\" content=\"La v\u00e1lvula alivio de presi\u00f3n ranurada modelo RV-1A son disposiciones de v\u00e1lvulas ensambladas para el alivio del exceso de presi\u00f3n del agua.\" \/>\n<meta property=\"og:url\" content=\"https:\/\/anber.es\/web\/producto\/valvula-alivio-de-presion-ranurada-fm-ul-modelo-rv-1a\/\" \/>\n<meta property=\"og:site_name\" content=\"Anber\" \/>\n<meta property=\"og:image\" content=\"https:\/\/anber.es\/web\/wp-content\/uploads\/2021\/05\/valvula_alivio_de_presion_ranurada_FM-UL_modelo_RV-1A.jpg\" \/>\n\t<meta property=\"og:image:width\" content=\"1000\" \/>\n\t<meta property=\"og:image:height\" content=\"1000\" \/>\n\t<meta property=\"og:image:type\" content=\"image\/jpeg\" \/>\n<meta name=\"twitter:card\" content=\"summary_large_image\" \/>\n<meta name=\"twitter:label1\" content=\"Tiempo de lectura\" \/>\n\t<meta name=\"twitter:data1\" content=\"1 minuto\" \/>\n<script type=\"application\/ld+json\" class=\"yoast-schema-graph\">{\"@context\":\"https:\/\/schema.org\",\"@graph\":[{\"@type\":\"WebPage\",\"@id\":\"https:\/\/anber.es\/web\/producto\/valvula-alivio-de-presion-ranurada-fm-ul-modelo-rv-1a\/\",\"url\":\"https:\/\/anber.es\/web\/producto\/valvula-alivio-de-presion-ranurada-fm-ul-modelo-rv-1a\/\",\"name\":\"V\u00e1lvula alivio de presi\u00f3n ranurada FM-UL modelo RV-1A - Anber\",\"isPartOf\":{\"@id\":\"https:\/\/anber.es\/web\/#website\"},\"datePublished\":\"2021-05-28T08:09:52+00:00\",\"dateModified\":\"2021-05-28T08:09:52+00:00\",\"description\":\"La v\u00e1lvula alivio de presi\u00f3n ranurada modelo RV-1A son disposiciones de v\u00e1lvulas ensambladas para el alivio del exceso de presi\u00f3n del agua.\",\"breadcrumb\":{\"@id\":\"https:\/\/anber.es\/web\/producto\/valvula-alivio-de-presion-ranurada-fm-ul-modelo-rv-1a\/#breadcrumb\"},\"inLanguage\":\"es\",\"potentialAction\":[{\"@type\":\"ReadAction\",\"target\":[\"https:\/\/anber.es\/web\/producto\/valvula-alivio-de-presion-ranurada-fm-ul-modelo-rv-1a\/\"]}]},{\"@type\":\"BreadcrumbList\",\"@id\":\"https:\/\/anber.es\/web\/producto\/valvula-alivio-de-presion-ranurada-fm-ul-modelo-rv-1a\/#breadcrumb\",\"itemListElement\":[{\"@type\":\"ListItem\",\"position\":1,\"name\":\"Portada\",\"item\":\"https:\/\/anber.es\/web\/\"},{\"@type\":\"ListItem\",\"position\":2,\"name\":\"Productos\",\"item\":\"https:\/\/anber.es\/web\/productos\/\"},{\"@type\":\"ListItem\",\"position\":3,\"name\":\"V\u00e1lvula alivio de presi\u00f3n ranurada FM-UL modelo RV-1A\"}]},{\"@type\":\"WebSite\",\"@id\":\"https:\/\/anber.es\/web\/#website\",\"url\":\"https:\/\/anber.es\/web\/\",\"name\":\"Anber\",\"description\":\"Sistemas de protecci\u00f3n contra incendios\",\"publisher\":{\"@id\":\"https:\/\/anber.es\/web\/#organization\"},\"potentialAction\":[{\"@type\":\"SearchAction\",\"target\":{\"@type\":\"EntryPoint\",\"urlTemplate\":\"https:\/\/anber.es\/web\/?s={search_term_string}\"},\"query-input\":\"required name=search_term_string\"}],\"inLanguage\":\"es\"},{\"@type\":\"Organization\",\"@id\":\"https:\/\/anber.es\/web\/#organization\",\"name\":\"Anber\",\"url\":\"https:\/\/anber.es\/web\/\",\"logo\":{\"@type\":\"ImageObject\",\"inLanguage\":\"es\",\"@id\":\"https:\/\/anber.es\/web\/#\/schema\/logo\/image\/\",\"url\":\"https:\/\/anber.es\/web\/wp-content\/uploads\/2021\/03\/logo-anber.png\",\"contentUrl\":\"https:\/\/anber.es\/web\/wp-content\/uploads\/2021\/03\/logo-anber.png\",\"width\":2208,\"height\":500,\"caption\":\"Anber\"},\"image\":{\"@id\":\"https:\/\/anber.es\/web\/#\/schema\/logo\/image\/\"}}]}<\/script>\n<!-- \/ Yoast SEO plugin. -->","yoast_head_json":{"title":"V\u00e1lvula alivio de presi\u00f3n ranurada FM-UL modelo RV-1A - Anber","description":"La v\u00e1lvula alivio de presi\u00f3n ranurada modelo RV-1A son disposiciones de v\u00e1lvulas ensambladas para el alivio del exceso de presi\u00f3n del agua.","robots":{"index":"index","follow":"follow","max-snippet":"max-snippet:-1","max-image-preview":"max-image-preview:large","max-video-preview":"max-video-preview:-1"},"canonical":"https:\/\/anber.es\/web\/producto\/valvula-alivio-de-presion-ranurada-fm-ul-modelo-rv-1a\/","og_locale":"es_ES","og_type":"article","og_title":"V\u00e1lvula alivio de presi\u00f3n ranurada FM-UL modelo RV-1A - Anber","og_description":"La v\u00e1lvula alivio de presi\u00f3n ranurada modelo RV-1A son disposiciones de v\u00e1lvulas ensambladas para el alivio del exceso de presi\u00f3n del agua.","og_url":"https:\/\/anber.es\/web\/producto\/valvula-alivio-de-presion-ranurada-fm-ul-modelo-rv-1a\/","og_site_name":"Anber","og_image":[{"width":1000,"height":1000,"url":"https:\/\/anber.es\/web\/wp-content\/uploads\/2021\/05\/valvula_alivio_de_presion_ranurada_FM-UL_modelo_RV-1A.jpg","type":"image\/jpeg"}],"twitter_card":"summary_large_image","twitter_misc":{"Tiempo de lectura":"1 minuto"},"schema":{"@context":"https:\/\/schema.org","@graph":[{"@type":"WebPage","@id":"https:\/\/anber.es\/web\/producto\/valvula-alivio-de-presion-ranurada-fm-ul-modelo-rv-1a\/","url":"https:\/\/anber.es\/web\/producto\/valvula-alivio-de-presion-ranurada-fm-ul-modelo-rv-1a\/","name":"V\u00e1lvula alivio de presi\u00f3n ranurada FM-UL modelo RV-1A - Anber","isPartOf":{"@id":"https:\/\/anber.es\/web\/#website"},"datePublished":"2021-05-28T08:09:52+00:00","dateModified":"2021-05-28T08:09:52+00:00","description":"La v\u00e1lvula alivio de presi\u00f3n ranurada modelo RV-1A son disposiciones de v\u00e1lvulas ensambladas para el alivio del exceso de presi\u00f3n del agua.","breadcrumb":{"@id":"https:\/\/anber.es\/web\/producto\/valvula-alivio-de-presion-ranurada-fm-ul-modelo-rv-1a\/#breadcrumb"},"inLanguage":"es","potentialAction":[{"@type":"ReadAction","target":["https:\/\/anber.es\/web\/producto\/valvula-alivio-de-presion-ranurada-fm-ul-modelo-rv-1a\/"]}]},{"@type":"BreadcrumbList","@id":"https:\/\/anber.es\/web\/producto\/valvula-alivio-de-presion-ranurada-fm-ul-modelo-rv-1a\/#breadcrumb","itemListElement":[{"@type":"ListItem","position":1,"name":"Portada","item":"https:\/\/anber.es\/web\/"},{"@type":"ListItem","position":2,"name":"Productos","item":"https:\/\/anber.es\/web\/productos\/"},{"@type":"ListItem","position":3,"name":"V\u00e1lvula alivio de presi\u00f3n ranurada FM-UL modelo RV-1A"}]},{"@type":"WebSite","@id":"https:\/\/anber.es\/web\/#website","url":"https:\/\/anber.es\/web\/","name":"Anber","description":"Sistemas de protecci\u00f3n contra incendios","publisher":{"@id":"https:\/\/anber.es\/web\/#organization"},"potentialAction":[{"@type":"SearchAction","target":{"@type":"EntryPoint","urlTemplate":"https:\/\/anber.es\/web\/?s={search_term_string}"},"query-input":"required name=search_term_string"}],"inLanguage":"es"},{"@type":"Organization","@id":"https:\/\/anber.es\/web\/#organization","name":"Anber","url":"https:\/\/anber.es\/web\/","logo":{"@type":"ImageObject","inLanguage":"es","@id":"https:\/\/anber.es\/web\/#\/schema\/logo\/image\/","url":"https:\/\/anber.es\/web\/wp-content\/uploads\/2021\/03\/logo-anber.png","contentUrl":"https:\/\/anber.es\/web\/wp-content\/uploads\/2021\/03\/logo-anber.png","width":2208,"height":500,"caption":"Anber"},"image":{"@id":"https:\/\/anber.es\/web\/#\/schema\/logo\/image\/"}}]}},"_links":{"self":[{"href":"https:\/\/anber.es\/web\/wp-json\/wp\/v2\/product\/3250"}],"collection":[{"href":"https:\/\/anber.es\/web\/wp-json\/wp\/v2\/product"}],"about":[{"href":"https:\/\/anber.es\/web\/wp-json\/wp\/v2\/types\/product"}],"wp:featuredmedia":[{"embeddable":true,"href":"https:\/\/anber.es\/web\/wp-json\/wp\/v2\/media\/3249"}],"wp:attachment":[{"href":"https:\/\/anber.es\/web\/wp-json\/wp\/v2\/media?parent=3250"}],"wp:term":[{"taxonomy":"product_cat","embeddable":true,"href":"https:\/\/anber.es\/web\/wp-json\/wp\/v2\/product_cat?post=3250"},{"taxonomy":"product_tag","embeddable":true,"href":"https:\/\/anber.es\/web\/wp-json\/wp\/v2\/product_tag?post=3250"}],"curies":[{"name":"wp","href":"https:\/\/api.w.org\/{rel}","templated":true}]}}