{"id":3254,"date":"2021-05-28T10:10:02","date_gmt":"2021-05-28T08:10:02","guid":{"rendered":"https:\/\/anber.es\/producto\/valvula-de-seguridad-con-escape-modelo-v70-02\/"},"modified":"2025-05-29T08:53:01","modified_gmt":"2025-05-29T06:53:01","slug":"valvula-de-seguridad-con-escape","status":"publish","type":"product","link":"https:\/\/anber.es\/web\/producto\/valvula-de-seguridad-con-escape\/","title":{"rendered":"V\u00e1lvula de seguridad con escape modelo"},"content":{"rendered":"<p>La<STRONG> v\u00e1lvula de seguridad con escape conducido<\/STRONG> sirve para evacuar el caudal de fluido necesario de un recipiente o equipo a presi\u00f3n, de tal forma que no sobrepase permanentemente la presi\u00f3n m\u00e1xima admisible del elemento correspondiente. <\/p>\n<p>Se suministra regulada y precintada, a la presi\u00f3n requerida por el cliente, con el correspondiente <strong>certificado CE<\/strong> unitario (DEP 2014\/68\/UE).<\/p>\n<p>Sistema de <B>actuaci\u00f3n por muelle directo<\/B>.<br \/>\nConexi\u00f3n entrada <b>roscada macho<\/b>.<br \/>\nApropiadas para cualquier tipo de fluido, ya sea l\u00edquidos o gaseosos.<br \/>\nPresi\u00f3n m\u00e1xima de trabajo: <b>40 bar (580 psi)<\/b>.<br \/>\nRango temperatura:<b> -10\u00baC a 220\u00baC<\/b>.<\/p>\n<p>Referencia: VLZ.<\/p>\n<p><a href=\"\/web\/wp-content\/uploads\/2025\/05\/Ficha_tecnica-valvula_de_seguridad_con_escape_modelo_V70.02.pdf\" target=\"_blank\" rel=\"noopener noreferrer\"><button>Descarga ficha <\/button><\/a><br \/>\n<a class=\"insta-link\" href=\"https:\/\/www.instagram.com\/aqlproteccion\/?hl=es\" target=\"_blank\" rel=\"noopener noreferrer\">Instagram<\/a><\/p>\n","protected":false},"excerpt":{"rendered":"<p>La v\u00e1lvula de seguridad con escape conducido sirve para evacuar el caudal de fluido necesario de un equipo a presi\u00f3n. Presi\u00f3n m\u00e1xima trabajo: 40 bar.<\/p>\n","protected":false},"featured_media":10043,"template":"","meta":[],"product_cat":[45,83],"product_tag":[215],"yoast_head":"<!-- This site is optimized with the Yoast SEO plugin v22.1 - https:\/\/yoast.com\/wordpress\/plugins\/seo\/ -->\n<title>V\u00e1lvula de seguridad con escape modelo - Anber<\/title>\n<meta name=\"description\" content=\"La v\u00e1lvula de seguridad con escape conducido sirve para evacuar el caudal de fluido necesario de un equipo a presi\u00f3n. Presi\u00f3n m\u00e1xima trabajo: 40 bar.\" \/>\n<meta name=\"robots\" content=\"index, follow, max-snippet:-1, max-image-preview:large, max-video-preview:-1\" \/>\n<link rel=\"canonical\" href=\"https:\/\/anber.es\/web\/producto\/valvula-de-seguridad-con-escape\/\" \/>\n<meta property=\"og:locale\" content=\"es_ES\" \/>\n<meta property=\"og:type\" content=\"article\" \/>\n<meta property=\"og:title\" content=\"V\u00e1lvula de seguridad con escape modelo - Anber\" \/>\n<meta property=\"og:description\" content=\"La v\u00e1lvula de seguridad con escape conducido sirve para evacuar el caudal de fluido necesario de un equipo a presi\u00f3n. Presi\u00f3n m\u00e1xima trabajo: 40 bar.\" \/>\n<meta property=\"og:url\" content=\"https:\/\/anber.es\/web\/producto\/valvula-de-seguridad-con-escape\/\" \/>\n<meta property=\"og:site_name\" content=\"Anber\" \/>\n<meta property=\"article:modified_time\" content=\"2025-05-29T06:53:01+00:00\" \/>\n<meta property=\"og:image\" content=\"https:\/\/anber.es\/web\/wp-content\/uploads\/2025\/05\/valvula_de_seguridad_con_escape_modelo_V70.02.webp\" \/>\n\t<meta property=\"og:image:width\" content=\"1000\" \/>\n\t<meta property=\"og:image:height\" content=\"1000\" \/>\n\t<meta property=\"og:image:type\" content=\"image\/webp\" \/>\n<meta name=\"twitter:card\" content=\"summary_large_image\" \/>\n<meta name=\"twitter:label1\" content=\"Tiempo de lectura\" \/>\n\t<meta name=\"twitter:data1\" content=\"1 minuto\" \/>\n<script type=\"application\/ld+json\" class=\"yoast-schema-graph\">{\"@context\":\"https:\/\/schema.org\",\"@graph\":[{\"@type\":\"WebPage\",\"@id\":\"https:\/\/anber.es\/web\/producto\/valvula-de-seguridad-con-escape\/\",\"url\":\"https:\/\/anber.es\/web\/producto\/valvula-de-seguridad-con-escape\/\",\"name\":\"V\u00e1lvula de seguridad con escape modelo - Anber\",\"isPartOf\":{\"@id\":\"https:\/\/anber.es\/web\/#website\"},\"datePublished\":\"2021-05-28T08:10:02+00:00\",\"dateModified\":\"2025-05-29T06:53:01+00:00\",\"description\":\"La v\u00e1lvula de seguridad con escape conducido sirve para evacuar el caudal de fluido necesario de un equipo a presi\u00f3n. Presi\u00f3n m\u00e1xima trabajo: 40 bar.\",\"breadcrumb\":{\"@id\":\"https:\/\/anber.es\/web\/producto\/valvula-de-seguridad-con-escape\/#breadcrumb\"},\"inLanguage\":\"es\",\"potentialAction\":[{\"@type\":\"ReadAction\",\"target\":[\"https:\/\/anber.es\/web\/producto\/valvula-de-seguridad-con-escape\/\"]}]},{\"@type\":\"BreadcrumbList\",\"@id\":\"https:\/\/anber.es\/web\/producto\/valvula-de-seguridad-con-escape\/#breadcrumb\",\"itemListElement\":[{\"@type\":\"ListItem\",\"position\":1,\"name\":\"Portada\",\"item\":\"https:\/\/anber.es\/web\/\"},{\"@type\":\"ListItem\",\"position\":2,\"name\":\"Productos\",\"item\":\"https:\/\/anber.es\/web\/productos\/\"},{\"@type\":\"ListItem\",\"position\":3,\"name\":\"V\u00e1lvula de seguridad con escape modelo\"}]},{\"@type\":\"WebSite\",\"@id\":\"https:\/\/anber.es\/web\/#website\",\"url\":\"https:\/\/anber.es\/web\/\",\"name\":\"Anber\",\"description\":\"Sistemas de protecci\u00f3n contra incendios\",\"publisher\":{\"@id\":\"https:\/\/anber.es\/web\/#organization\"},\"potentialAction\":[{\"@type\":\"SearchAction\",\"target\":{\"@type\":\"EntryPoint\",\"urlTemplate\":\"https:\/\/anber.es\/web\/?s={search_term_string}\"},\"query-input\":\"required name=search_term_string\"}],\"inLanguage\":\"es\"},{\"@type\":\"Organization\",\"@id\":\"https:\/\/anber.es\/web\/#organization\",\"name\":\"Anber\",\"url\":\"https:\/\/anber.es\/web\/\",\"logo\":{\"@type\":\"ImageObject\",\"inLanguage\":\"es\",\"@id\":\"https:\/\/anber.es\/web\/#\/schema\/logo\/image\/\",\"url\":\"https:\/\/anber.es\/web\/wp-content\/uploads\/2021\/03\/logo-anber.png\",\"contentUrl\":\"https:\/\/anber.es\/web\/wp-content\/uploads\/2021\/03\/logo-anber.png\",\"width\":2208,\"height\":500,\"caption\":\"Anber\"},\"image\":{\"@id\":\"https:\/\/anber.es\/web\/#\/schema\/logo\/image\/\"}}]}<\/script>\n<!-- \/ Yoast SEO plugin. -->","yoast_head_json":{"title":"V\u00e1lvula de seguridad con escape modelo - Anber","description":"La v\u00e1lvula de seguridad con escape conducido sirve para evacuar el caudal de fluido necesario de un equipo a presi\u00f3n. Presi\u00f3n m\u00e1xima trabajo: 40 bar.","robots":{"index":"index","follow":"follow","max-snippet":"max-snippet:-1","max-image-preview":"max-image-preview:large","max-video-preview":"max-video-preview:-1"},"canonical":"https:\/\/anber.es\/web\/producto\/valvula-de-seguridad-con-escape\/","og_locale":"es_ES","og_type":"article","og_title":"V\u00e1lvula de seguridad con escape modelo - Anber","og_description":"La v\u00e1lvula de seguridad con escape conducido sirve para evacuar el caudal de fluido necesario de un equipo a presi\u00f3n. Presi\u00f3n m\u00e1xima trabajo: 40 bar.","og_url":"https:\/\/anber.es\/web\/producto\/valvula-de-seguridad-con-escape\/","og_site_name":"Anber","article_modified_time":"2025-05-29T06:53:01+00:00","og_image":[{"width":1000,"height":1000,"url":"https:\/\/anber.es\/web\/wp-content\/uploads\/2025\/05\/valvula_de_seguridad_con_escape_modelo_V70.02.webp","type":"image\/webp"}],"twitter_card":"summary_large_image","twitter_misc":{"Tiempo de lectura":"1 minuto"},"schema":{"@context":"https:\/\/schema.org","@graph":[{"@type":"WebPage","@id":"https:\/\/anber.es\/web\/producto\/valvula-de-seguridad-con-escape\/","url":"https:\/\/anber.es\/web\/producto\/valvula-de-seguridad-con-escape\/","name":"V\u00e1lvula de seguridad con escape modelo - Anber","isPartOf":{"@id":"https:\/\/anber.es\/web\/#website"},"datePublished":"2021-05-28T08:10:02+00:00","dateModified":"2025-05-29T06:53:01+00:00","description":"La v\u00e1lvula de seguridad con escape conducido sirve para evacuar el caudal de fluido necesario de un equipo a presi\u00f3n. Presi\u00f3n m\u00e1xima trabajo: 40 bar.","breadcrumb":{"@id":"https:\/\/anber.es\/web\/producto\/valvula-de-seguridad-con-escape\/#breadcrumb"},"inLanguage":"es","potentialAction":[{"@type":"ReadAction","target":["https:\/\/anber.es\/web\/producto\/valvula-de-seguridad-con-escape\/"]}]},{"@type":"BreadcrumbList","@id":"https:\/\/anber.es\/web\/producto\/valvula-de-seguridad-con-escape\/#breadcrumb","itemListElement":[{"@type":"ListItem","position":1,"name":"Portada","item":"https:\/\/anber.es\/web\/"},{"@type":"ListItem","position":2,"name":"Productos","item":"https:\/\/anber.es\/web\/productos\/"},{"@type":"ListItem","position":3,"name":"V\u00e1lvula de seguridad con escape modelo"}]},{"@type":"WebSite","@id":"https:\/\/anber.es\/web\/#website","url":"https:\/\/anber.es\/web\/","name":"Anber","description":"Sistemas de protecci\u00f3n contra incendios","publisher":{"@id":"https:\/\/anber.es\/web\/#organization"},"potentialAction":[{"@type":"SearchAction","target":{"@type":"EntryPoint","urlTemplate":"https:\/\/anber.es\/web\/?s={search_term_string}"},"query-input":"required name=search_term_string"}],"inLanguage":"es"},{"@type":"Organization","@id":"https:\/\/anber.es\/web\/#organization","name":"Anber","url":"https:\/\/anber.es\/web\/","logo":{"@type":"ImageObject","inLanguage":"es","@id":"https:\/\/anber.es\/web\/#\/schema\/logo\/image\/","url":"https:\/\/anber.es\/web\/wp-content\/uploads\/2021\/03\/logo-anber.png","contentUrl":"https:\/\/anber.es\/web\/wp-content\/uploads\/2021\/03\/logo-anber.png","width":2208,"height":500,"caption":"Anber"},"image":{"@id":"https:\/\/anber.es\/web\/#\/schema\/logo\/image\/"}}]}},"_links":{"self":[{"href":"https:\/\/anber.es\/web\/wp-json\/wp\/v2\/product\/3254"}],"collection":[{"href":"https:\/\/anber.es\/web\/wp-json\/wp\/v2\/product"}],"about":[{"href":"https:\/\/anber.es\/web\/wp-json\/wp\/v2\/types\/product"}],"wp:featuredmedia":[{"embeddable":true,"href":"https:\/\/anber.es\/web\/wp-json\/wp\/v2\/media\/10043"}],"wp:attachment":[{"href":"https:\/\/anber.es\/web\/wp-json\/wp\/v2\/media?parent=3254"}],"wp:term":[{"taxonomy":"product_cat","embeddable":true,"href":"https:\/\/anber.es\/web\/wp-json\/wp\/v2\/product_cat?post=3254"},{"taxonomy":"product_tag","embeddable":true,"href":"https:\/\/anber.es\/web\/wp-json\/wp\/v2\/product_tag?post=3254"}],"curies":[{"name":"wp","href":"https:\/\/api.w.org\/{rel}","templated":true}]}}