{"id":3268,"date":"2021-05-28T10:10:41","date_gmt":"2021-05-28T08:10:41","guid":{"rendered":"https:\/\/anber.es\/producto\/sprinkler-modelo-f1fr-fs56-y-f1fr-fs42-de-respuesta-rapida\/"},"modified":"2026-03-26T17:27:57","modified_gmt":"2026-03-26T15:27:57","slug":"sprinkler-modelo-f1fr-fs56-y-f1fr-fs42-de-respuesta-rapida","status":"publish","type":"product","link":"https:\/\/anber.es\/web\/producto\/sprinkler-modelo-f1fr-fs56-y-f1fr-fs42-de-respuesta-rapida\/","title":{"rendered":"Sprinkler modelo F1FR-FS56 y F1FR-FS42 de respuesta r\u00e1pida"},"content":{"rendered":"<p>Los <strong>sprinklers modelo F1FR-FS56 y F1FR-FS42 <\/strong>est\u00e1n dise\u00f1ados para su instalaci\u00f3n de acuerdo con CEA 4001 o EN 12845 (Sistemas de sprinklers autom\u00e1ticos: dise\u00f1o, instalaci\u00f3n y mantenimiento). El patr\u00f3n de rociado creado por este sprinkler lo convierte en una excelente opci\u00f3n para <b>aplicaciones con menor espacio libre sobre techos abiertos suspendidos y en estantes<\/b>.<\/p>\n<p style=\"text-align:justify\">Los sprinklers modelo F1FR-FS56 y F1FR-FS42 utilizan una <b>ampolla de vidrio frangible de 3,0 mm<\/b>. La ampolla de vidrio consiste en una cantidad controlada con precisi\u00f3n de fluido especial sellado herm\u00e9ticamente dentro de una c\u00e1psula de vidrio fabricada con precisi\u00f3n. Esta bombilla de vidrio est\u00e1 especialmente construida <b>para proporcionar una r\u00e1pida respuesta t\u00e9rmica<\/b>.<\/p>\n<p>Referencia: SRPFS56.<\/p>\n<p><a href=\"\/web\/wp-content\/uploads\/2025\/03\/Ficha_tecnica-sprinkler_modelo_F1FR-FS56_y_F1FR-FS42.pdf\" target=\"_blank\" rel=\"noopener noreferrer\"><button>Descarga ficha<\/button><\/a><br \/>\n<a class=\"insta-link\" href=\"https:\/\/www.instagram.com\/aqlproteccion\/?hl=es\" target=\"_blank\" rel=\"noopener noreferrer\">Instagram<\/a><\/p>\n","protected":false},"excerpt":{"rendered":"<p>Los sprinklers F1FR-FS56 y F1FR-FS42 est\u00e1n dise\u00f1ados para su instalaci\u00f3n con menor espacio libre en techos abiertos suspendidos y en estantes.<\/p>\n","protected":false},"featured_media":9974,"template":"","meta":[],"product_cat":[120,123,119],"product_tag":[215],"yoast_head":"<!-- This site is optimized with the Yoast SEO plugin v22.1 - https:\/\/yoast.com\/wordpress\/plugins\/seo\/ -->\n<title>Sprinkler modelo F1FR-FS56 y F1FR-FS42 de respuesta r\u00e1pida - Anber<\/title>\n<meta name=\"description\" content=\"Los sprinklers modelo F1FR-FS56 y F1FR-FS42 est\u00e1n dise\u00f1ados para su instalaci\u00f3n con menor espacio libre en techos abiertos suspendidos y en estantes.\" \/>\n<meta name=\"robots\" content=\"index, follow, max-snippet:-1, max-image-preview:large, max-video-preview:-1\" \/>\n<link rel=\"canonical\" href=\"https:\/\/anber.es\/web\/producto\/sprinkler-modelo-f1fr-fs56-y-f1fr-fs42-de-respuesta-rapida\/\" \/>\n<meta property=\"og:locale\" content=\"es_ES\" \/>\n<meta property=\"og:type\" content=\"article\" \/>\n<meta property=\"og:title\" content=\"Sprinkler modelo F1FR-FS56 y F1FR-FS42 de respuesta r\u00e1pida - Anber\" \/>\n<meta property=\"og:description\" content=\"Los sprinklers modelo F1FR-FS56 y F1FR-FS42 est\u00e1n dise\u00f1ados para su instalaci\u00f3n con menor espacio libre en techos abiertos suspendidos y en estantes.\" \/>\n<meta property=\"og:url\" content=\"https:\/\/anber.es\/web\/producto\/sprinkler-modelo-f1fr-fs56-y-f1fr-fs42-de-respuesta-rapida\/\" \/>\n<meta property=\"og:site_name\" content=\"Anber\" \/>\n<meta property=\"article:modified_time\" content=\"2026-03-26T15:27:57+00:00\" \/>\n<meta property=\"og:image\" content=\"https:\/\/anber.es\/web\/wp-content\/uploads\/2025\/03\/sprinkler_modelo_F1FR-FS56_y_F1FR-FS42.webp\" \/>\n\t<meta property=\"og:image:width\" content=\"1000\" \/>\n\t<meta property=\"og:image:height\" content=\"1000\" \/>\n\t<meta property=\"og:image:type\" content=\"image\/webp\" \/>\n<meta name=\"twitter:card\" content=\"summary_large_image\" \/>\n<meta name=\"twitter:label1\" content=\"Tiempo de lectura\" \/>\n\t<meta name=\"twitter:data1\" content=\"1 minuto\" \/>\n<script type=\"application\/ld+json\" class=\"yoast-schema-graph\">{\"@context\":\"https:\/\/schema.org\",\"@graph\":[{\"@type\":\"WebPage\",\"@id\":\"https:\/\/anber.es\/web\/producto\/sprinkler-modelo-f1fr-fs56-y-f1fr-fs42-de-respuesta-rapida\/\",\"url\":\"https:\/\/anber.es\/web\/producto\/sprinkler-modelo-f1fr-fs56-y-f1fr-fs42-de-respuesta-rapida\/\",\"name\":\"Sprinkler modelo F1FR-FS56 y F1FR-FS42 de respuesta r\u00e1pida - Anber\",\"isPartOf\":{\"@id\":\"https:\/\/anber.es\/web\/#website\"},\"datePublished\":\"2021-05-28T08:10:41+00:00\",\"dateModified\":\"2026-03-26T15:27:57+00:00\",\"description\":\"Los sprinklers modelo F1FR-FS56 y F1FR-FS42 est\u00e1n dise\u00f1ados para su instalaci\u00f3n con menor espacio libre en techos abiertos suspendidos y en estantes.\",\"breadcrumb\":{\"@id\":\"https:\/\/anber.es\/web\/producto\/sprinkler-modelo-f1fr-fs56-y-f1fr-fs42-de-respuesta-rapida\/#breadcrumb\"},\"inLanguage\":\"es\",\"potentialAction\":[{\"@type\":\"ReadAction\",\"target\":[\"https:\/\/anber.es\/web\/producto\/sprinkler-modelo-f1fr-fs56-y-f1fr-fs42-de-respuesta-rapida\/\"]}]},{\"@type\":\"BreadcrumbList\",\"@id\":\"https:\/\/anber.es\/web\/producto\/sprinkler-modelo-f1fr-fs56-y-f1fr-fs42-de-respuesta-rapida\/#breadcrumb\",\"itemListElement\":[{\"@type\":\"ListItem\",\"position\":1,\"name\":\"Portada\",\"item\":\"https:\/\/anber.es\/web\/\"},{\"@type\":\"ListItem\",\"position\":2,\"name\":\"Productos\",\"item\":\"https:\/\/anber.es\/web\/productos\/\"},{\"@type\":\"ListItem\",\"position\":3,\"name\":\"Sprinkler modelo F1FR-FS56 y F1FR-FS42 de respuesta r\u00e1pida\"}]},{\"@type\":\"WebSite\",\"@id\":\"https:\/\/anber.es\/web\/#website\",\"url\":\"https:\/\/anber.es\/web\/\",\"name\":\"Anber\",\"description\":\"Sistemas de protecci\u00f3n contra incendios\",\"publisher\":{\"@id\":\"https:\/\/anber.es\/web\/#organization\"},\"potentialAction\":[{\"@type\":\"SearchAction\",\"target\":{\"@type\":\"EntryPoint\",\"urlTemplate\":\"https:\/\/anber.es\/web\/?s={search_term_string}\"},\"query-input\":\"required name=search_term_string\"}],\"inLanguage\":\"es\"},{\"@type\":\"Organization\",\"@id\":\"https:\/\/anber.es\/web\/#organization\",\"name\":\"Anber\",\"url\":\"https:\/\/anber.es\/web\/\",\"logo\":{\"@type\":\"ImageObject\",\"inLanguage\":\"es\",\"@id\":\"https:\/\/anber.es\/web\/#\/schema\/logo\/image\/\",\"url\":\"https:\/\/anber.es\/web\/wp-content\/uploads\/2021\/03\/logo-anber.png\",\"contentUrl\":\"https:\/\/anber.es\/web\/wp-content\/uploads\/2021\/03\/logo-anber.png\",\"width\":2208,\"height\":500,\"caption\":\"Anber\"},\"image\":{\"@id\":\"https:\/\/anber.es\/web\/#\/schema\/logo\/image\/\"}}]}<\/script>\n<!-- \/ Yoast SEO plugin. -->","yoast_head_json":{"title":"Sprinkler modelo F1FR-FS56 y F1FR-FS42 de respuesta r\u00e1pida - Anber","description":"Los sprinklers modelo F1FR-FS56 y F1FR-FS42 est\u00e1n dise\u00f1ados para su instalaci\u00f3n con menor espacio libre en techos abiertos suspendidos y en estantes.","robots":{"index":"index","follow":"follow","max-snippet":"max-snippet:-1","max-image-preview":"max-image-preview:large","max-video-preview":"max-video-preview:-1"},"canonical":"https:\/\/anber.es\/web\/producto\/sprinkler-modelo-f1fr-fs56-y-f1fr-fs42-de-respuesta-rapida\/","og_locale":"es_ES","og_type":"article","og_title":"Sprinkler modelo F1FR-FS56 y F1FR-FS42 de respuesta r\u00e1pida - Anber","og_description":"Los sprinklers modelo F1FR-FS56 y F1FR-FS42 est\u00e1n dise\u00f1ados para su instalaci\u00f3n con menor espacio libre en techos abiertos suspendidos y en estantes.","og_url":"https:\/\/anber.es\/web\/producto\/sprinkler-modelo-f1fr-fs56-y-f1fr-fs42-de-respuesta-rapida\/","og_site_name":"Anber","article_modified_time":"2026-03-26T15:27:57+00:00","og_image":[{"width":1000,"height":1000,"url":"https:\/\/anber.es\/web\/wp-content\/uploads\/2025\/03\/sprinkler_modelo_F1FR-FS56_y_F1FR-FS42.webp","type":"image\/webp"}],"twitter_card":"summary_large_image","twitter_misc":{"Tiempo de lectura":"1 minuto"},"schema":{"@context":"https:\/\/schema.org","@graph":[{"@type":"WebPage","@id":"https:\/\/anber.es\/web\/producto\/sprinkler-modelo-f1fr-fs56-y-f1fr-fs42-de-respuesta-rapida\/","url":"https:\/\/anber.es\/web\/producto\/sprinkler-modelo-f1fr-fs56-y-f1fr-fs42-de-respuesta-rapida\/","name":"Sprinkler modelo F1FR-FS56 y F1FR-FS42 de respuesta r\u00e1pida - Anber","isPartOf":{"@id":"https:\/\/anber.es\/web\/#website"},"datePublished":"2021-05-28T08:10:41+00:00","dateModified":"2026-03-26T15:27:57+00:00","description":"Los sprinklers modelo F1FR-FS56 y F1FR-FS42 est\u00e1n dise\u00f1ados para su instalaci\u00f3n con menor espacio libre en techos abiertos suspendidos y en estantes.","breadcrumb":{"@id":"https:\/\/anber.es\/web\/producto\/sprinkler-modelo-f1fr-fs56-y-f1fr-fs42-de-respuesta-rapida\/#breadcrumb"},"inLanguage":"es","potentialAction":[{"@type":"ReadAction","target":["https:\/\/anber.es\/web\/producto\/sprinkler-modelo-f1fr-fs56-y-f1fr-fs42-de-respuesta-rapida\/"]}]},{"@type":"BreadcrumbList","@id":"https:\/\/anber.es\/web\/producto\/sprinkler-modelo-f1fr-fs56-y-f1fr-fs42-de-respuesta-rapida\/#breadcrumb","itemListElement":[{"@type":"ListItem","position":1,"name":"Portada","item":"https:\/\/anber.es\/web\/"},{"@type":"ListItem","position":2,"name":"Productos","item":"https:\/\/anber.es\/web\/productos\/"},{"@type":"ListItem","position":3,"name":"Sprinkler modelo F1FR-FS56 y F1FR-FS42 de respuesta r\u00e1pida"}]},{"@type":"WebSite","@id":"https:\/\/anber.es\/web\/#website","url":"https:\/\/anber.es\/web\/","name":"Anber","description":"Sistemas de protecci\u00f3n contra incendios","publisher":{"@id":"https:\/\/anber.es\/web\/#organization"},"potentialAction":[{"@type":"SearchAction","target":{"@type":"EntryPoint","urlTemplate":"https:\/\/anber.es\/web\/?s={search_term_string}"},"query-input":"required name=search_term_string"}],"inLanguage":"es"},{"@type":"Organization","@id":"https:\/\/anber.es\/web\/#organization","name":"Anber","url":"https:\/\/anber.es\/web\/","logo":{"@type":"ImageObject","inLanguage":"es","@id":"https:\/\/anber.es\/web\/#\/schema\/logo\/image\/","url":"https:\/\/anber.es\/web\/wp-content\/uploads\/2021\/03\/logo-anber.png","contentUrl":"https:\/\/anber.es\/web\/wp-content\/uploads\/2021\/03\/logo-anber.png","width":2208,"height":500,"caption":"Anber"},"image":{"@id":"https:\/\/anber.es\/web\/#\/schema\/logo\/image\/"}}]}},"_links":{"self":[{"href":"https:\/\/anber.es\/web\/wp-json\/wp\/v2\/product\/3268"}],"collection":[{"href":"https:\/\/anber.es\/web\/wp-json\/wp\/v2\/product"}],"about":[{"href":"https:\/\/anber.es\/web\/wp-json\/wp\/v2\/types\/product"}],"wp:featuredmedia":[{"embeddable":true,"href":"https:\/\/anber.es\/web\/wp-json\/wp\/v2\/media\/9974"}],"wp:attachment":[{"href":"https:\/\/anber.es\/web\/wp-json\/wp\/v2\/media?parent=3268"}],"wp:term":[{"taxonomy":"product_cat","embeddable":true,"href":"https:\/\/anber.es\/web\/wp-json\/wp\/v2\/product_cat?post=3268"},{"taxonomy":"product_tag","embeddable":true,"href":"https:\/\/anber.es\/web\/wp-json\/wp\/v2\/product_tag?post=3268"}],"curies":[{"name":"wp","href":"https:\/\/api.w.org\/{rel}","templated":true}]}}