{"id":3274,"date":"2021-05-28T10:10:59","date_gmt":"2021-05-28T08:10:59","guid":{"rendered":"https:\/\/anber.es\/producto\/sprinkler-modelo-f1fr-lo-respuesta-rapida\/"},"modified":"2024-11-25T10:03:35","modified_gmt":"2024-11-25T08:03:35","slug":"sprinkler-modelo-f1fr80-respuesta-rapida","status":"publish","type":"product","link":"https:\/\/anber.es\/web\/producto\/sprinkler-modelo-f1fr80-respuesta-rapida\/","title":{"rendered":"Sprinkler modelo F1FR80 respuesta r\u00e1pida"},"content":{"rendered":"<p>Los<strong> sprinklers modelo F1FR80 <\/strong>son sprinklers autom\u00e1ticos de<b> respuesta r\u00e1pida <\/b>que utilizan un elemento t\u00e9rmico sensible de <b>ampolla de vidrio de 3mm<\/b>.<\/p>\n<p><b>Caracter\u00edsticas de los sprinklers modelo F1FR80<\/b>:<br \/>\n\u25aa\ufe0e <b>Factor K<\/b>: 115 lpm\/bar<sup>1\/2<\/sup> (8,0 gpm\/psi<sup>1\/2<\/sup>).<br \/>\n\u25aa\ufe0e <b>M\u00e1xima presi\u00f3n de trabajo<\/b>: 12 bar (175 psi) \/ 17 bar (250psi) solo ULcus.<br \/>\n\u25aa\ufe0e <b>Listados y aprobaciones<\/b>: ULcus, FM, LPCB, VdS, CE y UKCA.<br \/>\n\u25aa\ufe0e <b>Orientaci\u00f3n<\/b>: montante y colgante.<br \/>\n\u25aa\ufe0e <b>Rosca<\/b>: 3\/4&#8243; NPT o ISO 7-1R3\/4.<br \/>\n\u25aa\ufe0e <b>Rango de temperaturas<\/b>: 57\u00baC, 68\u00baC, 79\u00baC, 93\u00baC y 141\u00baC.<\/p>\n<p>Referencia: SRBRRK115.<\/p>\n<p><a href=\"\/web\/wp-content\/uploads\/2024\/11\/Ficha_tecnica-sprinkler_modelo_F1FR80_K115.pdf\" target=\"_blank\" rel=\"noopener noreferrer\"><button>Descarga ficha<\/button><\/a><br \/>\n<a class=\"insta-link\" href=\"https:\/\/www.instagram.com\/aqlproteccion\/?hl=es\" target=\"_blank\" rel=\"noopener noreferrer\">Instagram<\/a><\/p>\n","protected":false},"excerpt":{"rendered":"<p>Los sprinklers modelo F1FR80 son sprinklers autom\u00e1ticos de respuesta r\u00e1pida que utilizan un elemento t\u00e9rmico sensible de ampolla de vidrio de 3mm.<\/p>\n","protected":false},"featured_media":9590,"template":"","meta":[],"product_cat":[120,123,119],"product_tag":[215],"yoast_head":"<!-- This site is optimized with the Yoast SEO plugin v22.1 - https:\/\/yoast.com\/wordpress\/plugins\/seo\/ -->\n<title>Sprinkler modelo F1FR80 respuesta r\u00e1pida - Anber<\/title>\n<meta name=\"description\" content=\"Los sprinklers modelo F1FR80 son sprinklers autom\u00e1ticos de respuesta r\u00e1pida que utilizan un elemento t\u00e9rmico sensible de ampolla de vidrio de 3mm.\" \/>\n<meta name=\"robots\" content=\"index, follow, max-snippet:-1, max-image-preview:large, max-video-preview:-1\" \/>\n<link rel=\"canonical\" href=\"https:\/\/anber.es\/web\/producto\/sprinkler-modelo-f1fr80-respuesta-rapida\/\" \/>\n<meta property=\"og:locale\" content=\"es_ES\" \/>\n<meta property=\"og:type\" content=\"article\" \/>\n<meta property=\"og:title\" content=\"Sprinkler modelo F1FR80 respuesta r\u00e1pida - Anber\" \/>\n<meta property=\"og:description\" content=\"Los sprinklers modelo F1FR80 son sprinklers autom\u00e1ticos de respuesta r\u00e1pida que utilizan un elemento t\u00e9rmico sensible de ampolla de vidrio de 3mm.\" \/>\n<meta property=\"og:url\" content=\"https:\/\/anber.es\/web\/producto\/sprinkler-modelo-f1fr80-respuesta-rapida\/\" \/>\n<meta property=\"og:site_name\" content=\"Anber\" \/>\n<meta property=\"article:modified_time\" content=\"2024-11-25T08:03:35+00:00\" \/>\n<meta property=\"og:image\" content=\"https:\/\/anber.es\/web\/wp-content\/uploads\/2024\/11\/sprinkler_modelo_F1FR80_K115.webp\" \/>\n\t<meta property=\"og:image:width\" content=\"1000\" \/>\n\t<meta property=\"og:image:height\" content=\"1000\" \/>\n\t<meta property=\"og:image:type\" content=\"image\/webp\" \/>\n<meta name=\"twitter:card\" content=\"summary_large_image\" \/>\n<meta name=\"twitter:label1\" content=\"Tiempo de lectura\" \/>\n\t<meta name=\"twitter:data1\" content=\"1 minuto\" \/>\n<script type=\"application\/ld+json\" class=\"yoast-schema-graph\">{\"@context\":\"https:\/\/schema.org\",\"@graph\":[{\"@type\":\"WebPage\",\"@id\":\"https:\/\/anber.es\/web\/producto\/sprinkler-modelo-f1fr80-respuesta-rapida\/\",\"url\":\"https:\/\/anber.es\/web\/producto\/sprinkler-modelo-f1fr80-respuesta-rapida\/\",\"name\":\"Sprinkler modelo F1FR80 respuesta r\u00e1pida - Anber\",\"isPartOf\":{\"@id\":\"https:\/\/anber.es\/web\/#website\"},\"datePublished\":\"2021-05-28T08:10:59+00:00\",\"dateModified\":\"2024-11-25T08:03:35+00:00\",\"description\":\"Los sprinklers modelo F1FR80 son sprinklers autom\u00e1ticos de respuesta r\u00e1pida que utilizan un elemento t\u00e9rmico sensible de ampolla de vidrio de 3mm.\",\"breadcrumb\":{\"@id\":\"https:\/\/anber.es\/web\/producto\/sprinkler-modelo-f1fr80-respuesta-rapida\/#breadcrumb\"},\"inLanguage\":\"es\",\"potentialAction\":[{\"@type\":\"ReadAction\",\"target\":[\"https:\/\/anber.es\/web\/producto\/sprinkler-modelo-f1fr80-respuesta-rapida\/\"]}]},{\"@type\":\"BreadcrumbList\",\"@id\":\"https:\/\/anber.es\/web\/producto\/sprinkler-modelo-f1fr80-respuesta-rapida\/#breadcrumb\",\"itemListElement\":[{\"@type\":\"ListItem\",\"position\":1,\"name\":\"Portada\",\"item\":\"https:\/\/anber.es\/web\/\"},{\"@type\":\"ListItem\",\"position\":2,\"name\":\"Productos\",\"item\":\"https:\/\/anber.es\/web\/productos\/\"},{\"@type\":\"ListItem\",\"position\":3,\"name\":\"Sprinkler modelo F1FR80 respuesta r\u00e1pida\"}]},{\"@type\":\"WebSite\",\"@id\":\"https:\/\/anber.es\/web\/#website\",\"url\":\"https:\/\/anber.es\/web\/\",\"name\":\"Anber\",\"description\":\"Sistemas de protecci\u00f3n contra incendios\",\"publisher\":{\"@id\":\"https:\/\/anber.es\/web\/#organization\"},\"potentialAction\":[{\"@type\":\"SearchAction\",\"target\":{\"@type\":\"EntryPoint\",\"urlTemplate\":\"https:\/\/anber.es\/web\/?s={search_term_string}\"},\"query-input\":\"required name=search_term_string\"}],\"inLanguage\":\"es\"},{\"@type\":\"Organization\",\"@id\":\"https:\/\/anber.es\/web\/#organization\",\"name\":\"Anber\",\"url\":\"https:\/\/anber.es\/web\/\",\"logo\":{\"@type\":\"ImageObject\",\"inLanguage\":\"es\",\"@id\":\"https:\/\/anber.es\/web\/#\/schema\/logo\/image\/\",\"url\":\"https:\/\/anber.es\/web\/wp-content\/uploads\/2021\/03\/logo-anber.png\",\"contentUrl\":\"https:\/\/anber.es\/web\/wp-content\/uploads\/2021\/03\/logo-anber.png\",\"width\":2208,\"height\":500,\"caption\":\"Anber\"},\"image\":{\"@id\":\"https:\/\/anber.es\/web\/#\/schema\/logo\/image\/\"}}]}<\/script>\n<!-- \/ Yoast SEO plugin. -->","yoast_head_json":{"title":"Sprinkler modelo F1FR80 respuesta r\u00e1pida - Anber","description":"Los sprinklers modelo F1FR80 son sprinklers autom\u00e1ticos de respuesta r\u00e1pida que utilizan un elemento t\u00e9rmico sensible de ampolla de vidrio de 3mm.","robots":{"index":"index","follow":"follow","max-snippet":"max-snippet:-1","max-image-preview":"max-image-preview:large","max-video-preview":"max-video-preview:-1"},"canonical":"https:\/\/anber.es\/web\/producto\/sprinkler-modelo-f1fr80-respuesta-rapida\/","og_locale":"es_ES","og_type":"article","og_title":"Sprinkler modelo F1FR80 respuesta r\u00e1pida - Anber","og_description":"Los sprinklers modelo F1FR80 son sprinklers autom\u00e1ticos de respuesta r\u00e1pida que utilizan un elemento t\u00e9rmico sensible de ampolla de vidrio de 3mm.","og_url":"https:\/\/anber.es\/web\/producto\/sprinkler-modelo-f1fr80-respuesta-rapida\/","og_site_name":"Anber","article_modified_time":"2024-11-25T08:03:35+00:00","og_image":[{"width":1000,"height":1000,"url":"https:\/\/anber.es\/web\/wp-content\/uploads\/2024\/11\/sprinkler_modelo_F1FR80_K115.webp","type":"image\/webp"}],"twitter_card":"summary_large_image","twitter_misc":{"Tiempo de lectura":"1 minuto"},"schema":{"@context":"https:\/\/schema.org","@graph":[{"@type":"WebPage","@id":"https:\/\/anber.es\/web\/producto\/sprinkler-modelo-f1fr80-respuesta-rapida\/","url":"https:\/\/anber.es\/web\/producto\/sprinkler-modelo-f1fr80-respuesta-rapida\/","name":"Sprinkler modelo F1FR80 respuesta r\u00e1pida - Anber","isPartOf":{"@id":"https:\/\/anber.es\/web\/#website"},"datePublished":"2021-05-28T08:10:59+00:00","dateModified":"2024-11-25T08:03:35+00:00","description":"Los sprinklers modelo F1FR80 son sprinklers autom\u00e1ticos de respuesta r\u00e1pida que utilizan un elemento t\u00e9rmico sensible de ampolla de vidrio de 3mm.","breadcrumb":{"@id":"https:\/\/anber.es\/web\/producto\/sprinkler-modelo-f1fr80-respuesta-rapida\/#breadcrumb"},"inLanguage":"es","potentialAction":[{"@type":"ReadAction","target":["https:\/\/anber.es\/web\/producto\/sprinkler-modelo-f1fr80-respuesta-rapida\/"]}]},{"@type":"BreadcrumbList","@id":"https:\/\/anber.es\/web\/producto\/sprinkler-modelo-f1fr80-respuesta-rapida\/#breadcrumb","itemListElement":[{"@type":"ListItem","position":1,"name":"Portada","item":"https:\/\/anber.es\/web\/"},{"@type":"ListItem","position":2,"name":"Productos","item":"https:\/\/anber.es\/web\/productos\/"},{"@type":"ListItem","position":3,"name":"Sprinkler modelo F1FR80 respuesta r\u00e1pida"}]},{"@type":"WebSite","@id":"https:\/\/anber.es\/web\/#website","url":"https:\/\/anber.es\/web\/","name":"Anber","description":"Sistemas de protecci\u00f3n contra incendios","publisher":{"@id":"https:\/\/anber.es\/web\/#organization"},"potentialAction":[{"@type":"SearchAction","target":{"@type":"EntryPoint","urlTemplate":"https:\/\/anber.es\/web\/?s={search_term_string}"},"query-input":"required name=search_term_string"}],"inLanguage":"es"},{"@type":"Organization","@id":"https:\/\/anber.es\/web\/#organization","name":"Anber","url":"https:\/\/anber.es\/web\/","logo":{"@type":"ImageObject","inLanguage":"es","@id":"https:\/\/anber.es\/web\/#\/schema\/logo\/image\/","url":"https:\/\/anber.es\/web\/wp-content\/uploads\/2021\/03\/logo-anber.png","contentUrl":"https:\/\/anber.es\/web\/wp-content\/uploads\/2021\/03\/logo-anber.png","width":2208,"height":500,"caption":"Anber"},"image":{"@id":"https:\/\/anber.es\/web\/#\/schema\/logo\/image\/"}}]}},"_links":{"self":[{"href":"https:\/\/anber.es\/web\/wp-json\/wp\/v2\/product\/3274"}],"collection":[{"href":"https:\/\/anber.es\/web\/wp-json\/wp\/v2\/product"}],"about":[{"href":"https:\/\/anber.es\/web\/wp-json\/wp\/v2\/types\/product"}],"wp:featuredmedia":[{"embeddable":true,"href":"https:\/\/anber.es\/web\/wp-json\/wp\/v2\/media\/9590"}],"wp:attachment":[{"href":"https:\/\/anber.es\/web\/wp-json\/wp\/v2\/media?parent=3274"}],"wp:term":[{"taxonomy":"product_cat","embeddable":true,"href":"https:\/\/anber.es\/web\/wp-json\/wp\/v2\/product_cat?post=3274"},{"taxonomy":"product_tag","embeddable":true,"href":"https:\/\/anber.es\/web\/wp-json\/wp\/v2\/product_tag?post=3274"}],"curies":[{"name":"wp","href":"https:\/\/api.w.org\/{rel}","templated":true}]}}