{"id":3278,"date":"2021-05-28T10:11:12","date_gmt":"2021-05-28T08:11:12","guid":{"rendered":"https:\/\/anber.es\/producto\/acelerador-modelo-b1-con-accelo-check\/"},"modified":"2025-02-10T14:28:26","modified_gmt":"2025-02-10T12:28:26","slug":"acelerador-modelo-b1-con-accelo-check","status":"publish","type":"product","link":"https:\/\/anber.es\/web\/producto\/acelerador-modelo-b1-con-accelo-check\/","title":{"rendered":"Acelerador modelo B1 con Accelo-Check"},"content":{"rendered":"<p>El <strong>acelerador modelo B1 con Accelo-Check<\/strong> se usa para acelerar el funcionamiento de v\u00e1lvulas de tuber\u00eda seca (en sistemas de rociadores autom\u00e1ticos de tipo seco) y v\u00e1lvulas de diluvio (en sistemas de rociadores de preacci\u00f3n). Ambos de estos sistemas utilizan aire presurizado o nitr\u00f3geno en la tuber\u00eda, en lugar de agua, para <b>evitar la congelaci\u00f3n o la liberaci\u00f3n accidental de agua<\/b>.<\/p>\n<p>El funcionamiento del Acelerador modelo B1 con Accelo-Check de la v\u00e1lvula de tuber\u00eda seca <b>permite un aumento tanto en el n\u00famero de sprinklers <\/b>que se pueden controlar con una v\u00e1lvula de tuber\u00eda seca como en el <b>volumen del sistema seco<\/b> que se puede instalar.<\/p>\n<p>Referencia: VSRACEB1.<\/p>\n<p><a href=\"\/web\/wp-content\/uploads\/2025\/02\/Ficha_tecnica-Acelerador_modelo_B1_con_Accelo-check.pdf\" target=\"_blank\" rel=\"noopener noreferrer\"><button>Descarga ficha<\/button><\/a><br \/>\n<a class=\"insta-link\" href=\"https:\/\/www.instagram.com\/aqlproteccion\/?hl=es\" target=\"_blank\" rel=\"noopener noreferrer\">Instagram<\/a><\/p>\n","protected":false},"excerpt":{"rendered":"<p>El Acelerador modelo B1 con Accelo-Check se usa para acelerar el funcionamiento de v\u00e1lvulas de tuber\u00eda seca y v\u00e1lvulas de diluvio.<\/p>\n","protected":false},"featured_media":9834,"template":"","meta":[],"product_cat":[121,119,182],"product_tag":[215],"yoast_head":"<!-- This site is optimized with the Yoast SEO plugin v22.1 - https:\/\/yoast.com\/wordpress\/plugins\/seo\/ -->\n<title>Acelerador modelo B1 con Accelo-Check - Anber<\/title>\n<meta name=\"description\" content=\"El Acelerador modelo B1 con Accelo-Check se usa para acelerar el funcionamiento de v\u00e1lvulas de tuber\u00eda seca y v\u00e1lvulas de diluvio.\" \/>\n<meta name=\"robots\" content=\"index, follow, max-snippet:-1, max-image-preview:large, max-video-preview:-1\" \/>\n<link rel=\"canonical\" href=\"https:\/\/anber.es\/web\/producto\/acelerador-modelo-b1-con-accelo-check\/\" \/>\n<meta property=\"og:locale\" content=\"es_ES\" \/>\n<meta property=\"og:type\" content=\"article\" \/>\n<meta property=\"og:title\" content=\"Acelerador modelo B1 con Accelo-Check - Anber\" \/>\n<meta property=\"og:description\" content=\"El Acelerador modelo B1 con Accelo-Check se usa para acelerar el funcionamiento de v\u00e1lvulas de tuber\u00eda seca y v\u00e1lvulas de diluvio.\" \/>\n<meta property=\"og:url\" content=\"https:\/\/anber.es\/web\/producto\/acelerador-modelo-b1-con-accelo-check\/\" \/>\n<meta property=\"og:site_name\" content=\"Anber\" \/>\n<meta property=\"article:modified_time\" content=\"2025-02-10T12:28:26+00:00\" \/>\n<meta property=\"og:image\" content=\"https:\/\/anber.es\/web\/wp-content\/uploads\/2025\/02\/acelerador_modelo_B1_con_Accelo-check.webp\" \/>\n\t<meta property=\"og:image:width\" content=\"1000\" \/>\n\t<meta property=\"og:image:height\" content=\"1000\" \/>\n\t<meta property=\"og:image:type\" content=\"image\/webp\" \/>\n<meta name=\"twitter:card\" content=\"summary_large_image\" \/>\n<meta name=\"twitter:label1\" content=\"Tiempo de lectura\" \/>\n\t<meta name=\"twitter:data1\" content=\"1 minuto\" \/>\n<script type=\"application\/ld+json\" class=\"yoast-schema-graph\">{\"@context\":\"https:\/\/schema.org\",\"@graph\":[{\"@type\":\"WebPage\",\"@id\":\"https:\/\/anber.es\/web\/producto\/acelerador-modelo-b1-con-accelo-check\/\",\"url\":\"https:\/\/anber.es\/web\/producto\/acelerador-modelo-b1-con-accelo-check\/\",\"name\":\"Acelerador modelo B1 con Accelo-Check - Anber\",\"isPartOf\":{\"@id\":\"https:\/\/anber.es\/web\/#website\"},\"datePublished\":\"2021-05-28T08:11:12+00:00\",\"dateModified\":\"2025-02-10T12:28:26+00:00\",\"description\":\"El Acelerador modelo B1 con Accelo-Check se usa para acelerar el funcionamiento de v\u00e1lvulas de tuber\u00eda seca y v\u00e1lvulas de diluvio.\",\"breadcrumb\":{\"@id\":\"https:\/\/anber.es\/web\/producto\/acelerador-modelo-b1-con-accelo-check\/#breadcrumb\"},\"inLanguage\":\"es\",\"potentialAction\":[{\"@type\":\"ReadAction\",\"target\":[\"https:\/\/anber.es\/web\/producto\/acelerador-modelo-b1-con-accelo-check\/\"]}]},{\"@type\":\"BreadcrumbList\",\"@id\":\"https:\/\/anber.es\/web\/producto\/acelerador-modelo-b1-con-accelo-check\/#breadcrumb\",\"itemListElement\":[{\"@type\":\"ListItem\",\"position\":1,\"name\":\"Portada\",\"item\":\"https:\/\/anber.es\/web\/\"},{\"@type\":\"ListItem\",\"position\":2,\"name\":\"Productos\",\"item\":\"https:\/\/anber.es\/web\/productos\/\"},{\"@type\":\"ListItem\",\"position\":3,\"name\":\"Acelerador modelo B1 con Accelo-Check\"}]},{\"@type\":\"WebSite\",\"@id\":\"https:\/\/anber.es\/web\/#website\",\"url\":\"https:\/\/anber.es\/web\/\",\"name\":\"Anber\",\"description\":\"Sistemas de protecci\u00f3n contra incendios\",\"publisher\":{\"@id\":\"https:\/\/anber.es\/web\/#organization\"},\"potentialAction\":[{\"@type\":\"SearchAction\",\"target\":{\"@type\":\"EntryPoint\",\"urlTemplate\":\"https:\/\/anber.es\/web\/?s={search_term_string}\"},\"query-input\":\"required name=search_term_string\"}],\"inLanguage\":\"es\"},{\"@type\":\"Organization\",\"@id\":\"https:\/\/anber.es\/web\/#organization\",\"name\":\"Anber\",\"url\":\"https:\/\/anber.es\/web\/\",\"logo\":{\"@type\":\"ImageObject\",\"inLanguage\":\"es\",\"@id\":\"https:\/\/anber.es\/web\/#\/schema\/logo\/image\/\",\"url\":\"https:\/\/anber.es\/web\/wp-content\/uploads\/2021\/03\/logo-anber.png\",\"contentUrl\":\"https:\/\/anber.es\/web\/wp-content\/uploads\/2021\/03\/logo-anber.png\",\"width\":2208,\"height\":500,\"caption\":\"Anber\"},\"image\":{\"@id\":\"https:\/\/anber.es\/web\/#\/schema\/logo\/image\/\"}}]}<\/script>\n<!-- \/ Yoast SEO plugin. -->","yoast_head_json":{"title":"Acelerador modelo B1 con Accelo-Check - Anber","description":"El Acelerador modelo B1 con Accelo-Check se usa para acelerar el funcionamiento de v\u00e1lvulas de tuber\u00eda seca y v\u00e1lvulas de diluvio.","robots":{"index":"index","follow":"follow","max-snippet":"max-snippet:-1","max-image-preview":"max-image-preview:large","max-video-preview":"max-video-preview:-1"},"canonical":"https:\/\/anber.es\/web\/producto\/acelerador-modelo-b1-con-accelo-check\/","og_locale":"es_ES","og_type":"article","og_title":"Acelerador modelo B1 con Accelo-Check - Anber","og_description":"El Acelerador modelo B1 con Accelo-Check se usa para acelerar el funcionamiento de v\u00e1lvulas de tuber\u00eda seca y v\u00e1lvulas de diluvio.","og_url":"https:\/\/anber.es\/web\/producto\/acelerador-modelo-b1-con-accelo-check\/","og_site_name":"Anber","article_modified_time":"2025-02-10T12:28:26+00:00","og_image":[{"width":1000,"height":1000,"url":"https:\/\/anber.es\/web\/wp-content\/uploads\/2025\/02\/acelerador_modelo_B1_con_Accelo-check.webp","type":"image\/webp"}],"twitter_card":"summary_large_image","twitter_misc":{"Tiempo de lectura":"1 minuto"},"schema":{"@context":"https:\/\/schema.org","@graph":[{"@type":"WebPage","@id":"https:\/\/anber.es\/web\/producto\/acelerador-modelo-b1-con-accelo-check\/","url":"https:\/\/anber.es\/web\/producto\/acelerador-modelo-b1-con-accelo-check\/","name":"Acelerador modelo B1 con Accelo-Check - Anber","isPartOf":{"@id":"https:\/\/anber.es\/web\/#website"},"datePublished":"2021-05-28T08:11:12+00:00","dateModified":"2025-02-10T12:28:26+00:00","description":"El Acelerador modelo B1 con Accelo-Check se usa para acelerar el funcionamiento de v\u00e1lvulas de tuber\u00eda seca y v\u00e1lvulas de diluvio.","breadcrumb":{"@id":"https:\/\/anber.es\/web\/producto\/acelerador-modelo-b1-con-accelo-check\/#breadcrumb"},"inLanguage":"es","potentialAction":[{"@type":"ReadAction","target":["https:\/\/anber.es\/web\/producto\/acelerador-modelo-b1-con-accelo-check\/"]}]},{"@type":"BreadcrumbList","@id":"https:\/\/anber.es\/web\/producto\/acelerador-modelo-b1-con-accelo-check\/#breadcrumb","itemListElement":[{"@type":"ListItem","position":1,"name":"Portada","item":"https:\/\/anber.es\/web\/"},{"@type":"ListItem","position":2,"name":"Productos","item":"https:\/\/anber.es\/web\/productos\/"},{"@type":"ListItem","position":3,"name":"Acelerador modelo B1 con Accelo-Check"}]},{"@type":"WebSite","@id":"https:\/\/anber.es\/web\/#website","url":"https:\/\/anber.es\/web\/","name":"Anber","description":"Sistemas de protecci\u00f3n contra incendios","publisher":{"@id":"https:\/\/anber.es\/web\/#organization"},"potentialAction":[{"@type":"SearchAction","target":{"@type":"EntryPoint","urlTemplate":"https:\/\/anber.es\/web\/?s={search_term_string}"},"query-input":"required name=search_term_string"}],"inLanguage":"es"},{"@type":"Organization","@id":"https:\/\/anber.es\/web\/#organization","name":"Anber","url":"https:\/\/anber.es\/web\/","logo":{"@type":"ImageObject","inLanguage":"es","@id":"https:\/\/anber.es\/web\/#\/schema\/logo\/image\/","url":"https:\/\/anber.es\/web\/wp-content\/uploads\/2021\/03\/logo-anber.png","contentUrl":"https:\/\/anber.es\/web\/wp-content\/uploads\/2021\/03\/logo-anber.png","width":2208,"height":500,"caption":"Anber"},"image":{"@id":"https:\/\/anber.es\/web\/#\/schema\/logo\/image\/"}}]}},"_links":{"self":[{"href":"https:\/\/anber.es\/web\/wp-json\/wp\/v2\/product\/3278"}],"collection":[{"href":"https:\/\/anber.es\/web\/wp-json\/wp\/v2\/product"}],"about":[{"href":"https:\/\/anber.es\/web\/wp-json\/wp\/v2\/types\/product"}],"wp:featuredmedia":[{"embeddable":true,"href":"https:\/\/anber.es\/web\/wp-json\/wp\/v2\/media\/9834"}],"wp:attachment":[{"href":"https:\/\/anber.es\/web\/wp-json\/wp\/v2\/media?parent=3278"}],"wp:term":[{"taxonomy":"product_cat","embeddable":true,"href":"https:\/\/anber.es\/web\/wp-json\/wp\/v2\/product_cat?post=3278"},{"taxonomy":"product_tag","embeddable":true,"href":"https:\/\/anber.es\/web\/wp-json\/wp\/v2\/product_tag?post=3278"}],"curies":[{"name":"wp","href":"https:\/\/api.w.org\/{rel}","templated":true}]}}