{"id":3284,"date":"2021-05-28T10:11:32","date_gmt":"2021-05-28T08:11:32","guid":{"rendered":"https:\/\/anber.es\/producto\/puesto-de-control-seco-modelo-ex-baja-presion\/"},"modified":"2023-03-13T18:25:12","modified_gmt":"2023-03-13T16:25:12","slug":"puesto-de-control-seco-modelo-ex-baja-presion","status":"publish","type":"product","link":"https:\/\/anber.es\/web\/producto\/puesto-de-control-seco-modelo-ex-baja-presion\/","title":{"rendered":"Puesto de control seco modelo EX"},"content":{"rendered":"<p>El <strong>puesto de control seco modelo EX <\/strong>(baja presi\u00f3n) es una v\u00e1lvula tipo clapeta de enclavamiento mec\u00e1nico operada hidr\u00e1ulicamente dise\u00f1ada para usarse como v\u00e1lvula de control principal en un sistema de tuber\u00eda seca.<strong> La presi\u00f3n del sistema neum\u00e1tico <\/strong>cuando se usa la v\u00e1lvula Modelo EX puede ajustarse sustancialmente menos que las v\u00e1lvulas secas de estilo diferencial convencionales. <\/p>\n<p><iframe loading=\"lazy\" width=\"400\" height=\"250\" src=\"https:\/\/www.youtube.com\/embed\/PM_j7gFuuc0\" title=\"puesto de control seco modelo EX\" frameborder=\"0\" allow=\"accelerometer; autoplay; clipboard-write; encrypted-media; gyroscope; picture-in-picture\" allowfullscreen><\/iframe><\/p>\n<p>Referencia: VSREX.<\/p>\n<p><a href=\"\/web\/wp-content\/uploads\/2022\/08\/Ficha_tecnica-puesto_de_control_seco_modelo_EX_baja_presion.pdf\" target=\"_blank\" rel=\"noopener noreferrer\"><button>Descarga ficha<\/button><\/a><br \/>\n<a class=\"insta-link\" href=\"https:\/\/www.instagram.com\/aqlproteccion\/?hl=es\" target=\"_blank\" rel=\"noopener noreferrer\">Instagram<\/a><\/p>\n","protected":false},"excerpt":{"rendered":"<p>El puesto de control seco modelo EX es una v\u00e1lvula tipo clapeta operada hidr\u00e1ulicamente dise\u00f1ada para usarse como v\u00e1lvula de control principal.<\/p>\n<p>Los siguientes beneficios son el resultado directo de una menor presi\u00f3n neum\u00e1tica:<br \/>\n\u2022 Fuentes neum\u00e1ticas m\u00e1s peque\u00f1as y menos costosas.<br \/>\n\u2022 Mejores tiempos de tr\u00e1nsito de agua luego de la operaci\u00f3n de la v\u00e1lvula y, en algunos casos, eliminaci\u00f3n de dispositivos de apertura r\u00e1pida.<br \/>\n\u2022 La baja presi\u00f3n hace que el uso de nitr\u00f3geno sea m\u00e1s pr\u00e1ctico.<\/p>\n","protected":false},"featured_media":3283,"template":"","meta":[],"product_cat":[121,129,119],"product_tag":[215],"yoast_head":"<!-- This site is optimized with the Yoast SEO plugin v22.1 - https:\/\/yoast.com\/wordpress\/plugins\/seo\/ -->\n<title>Puesto de control seco modelo EX - Anber<\/title>\n<meta name=\"description\" content=\"El puesto de control seco modelo EX es una v\u00e1lvula tipo clapeta operada hidr\u00e1ulicamente dise\u00f1ada para usarse como v\u00e1lvula de control principal\" \/>\n<meta name=\"robots\" content=\"index, follow, max-snippet:-1, max-image-preview:large, max-video-preview:-1\" \/>\n<link rel=\"canonical\" href=\"https:\/\/anber.es\/web\/producto\/puesto-de-control-seco-modelo-ex-baja-presion\/\" \/>\n<meta property=\"og:locale\" content=\"es_ES\" \/>\n<meta property=\"og:type\" content=\"article\" \/>\n<meta property=\"og:title\" content=\"Puesto de control seco modelo EX - Anber\" \/>\n<meta property=\"og:description\" content=\"El puesto de control seco modelo EX es una v\u00e1lvula tipo clapeta operada hidr\u00e1ulicamente dise\u00f1ada para usarse como v\u00e1lvula de control principal\" \/>\n<meta property=\"og:url\" content=\"https:\/\/anber.es\/web\/producto\/puesto-de-control-seco-modelo-ex-baja-presion\/\" \/>\n<meta property=\"og:site_name\" content=\"Anber\" \/>\n<meta property=\"article:modified_time\" content=\"2023-03-13T16:25:12+00:00\" \/>\n<meta property=\"og:image\" content=\"https:\/\/anber.es\/web\/wp-content\/uploads\/2021\/05\/puesto_de_control_seco_modelo_EX_baja_presion.png\" \/>\n\t<meta property=\"og:image:width\" content=\"1000\" \/>\n\t<meta property=\"og:image:height\" content=\"1000\" \/>\n\t<meta property=\"og:image:type\" content=\"image\/png\" \/>\n<meta name=\"twitter:card\" content=\"summary_large_image\" \/>\n<meta name=\"twitter:label1\" content=\"Tiempo de lectura\" \/>\n\t<meta name=\"twitter:data1\" content=\"1 minuto\" \/>\n<script type=\"application\/ld+json\" class=\"yoast-schema-graph\">{\"@context\":\"https:\/\/schema.org\",\"@graph\":[{\"@type\":\"WebPage\",\"@id\":\"https:\/\/anber.es\/web\/producto\/puesto-de-control-seco-modelo-ex-baja-presion\/\",\"url\":\"https:\/\/anber.es\/web\/producto\/puesto-de-control-seco-modelo-ex-baja-presion\/\",\"name\":\"Puesto de control seco modelo EX - Anber\",\"isPartOf\":{\"@id\":\"https:\/\/anber.es\/web\/#website\"},\"datePublished\":\"2021-05-28T08:11:32+00:00\",\"dateModified\":\"2023-03-13T16:25:12+00:00\",\"description\":\"El puesto de control seco modelo EX es una v\u00e1lvula tipo clapeta operada hidr\u00e1ulicamente dise\u00f1ada para usarse como v\u00e1lvula de control principal\",\"breadcrumb\":{\"@id\":\"https:\/\/anber.es\/web\/producto\/puesto-de-control-seco-modelo-ex-baja-presion\/#breadcrumb\"},\"inLanguage\":\"es\",\"potentialAction\":[{\"@type\":\"ReadAction\",\"target\":[\"https:\/\/anber.es\/web\/producto\/puesto-de-control-seco-modelo-ex-baja-presion\/\"]}]},{\"@type\":\"BreadcrumbList\",\"@id\":\"https:\/\/anber.es\/web\/producto\/puesto-de-control-seco-modelo-ex-baja-presion\/#breadcrumb\",\"itemListElement\":[{\"@type\":\"ListItem\",\"position\":1,\"name\":\"Portada\",\"item\":\"https:\/\/anber.es\/web\/\"},{\"@type\":\"ListItem\",\"position\":2,\"name\":\"Productos\",\"item\":\"https:\/\/anber.es\/web\/productos\/\"},{\"@type\":\"ListItem\",\"position\":3,\"name\":\"Puesto de control seco modelo EX\"}]},{\"@type\":\"WebSite\",\"@id\":\"https:\/\/anber.es\/web\/#website\",\"url\":\"https:\/\/anber.es\/web\/\",\"name\":\"Anber\",\"description\":\"Sistemas de protecci\u00f3n contra incendios\",\"publisher\":{\"@id\":\"https:\/\/anber.es\/web\/#organization\"},\"potentialAction\":[{\"@type\":\"SearchAction\",\"target\":{\"@type\":\"EntryPoint\",\"urlTemplate\":\"https:\/\/anber.es\/web\/?s={search_term_string}\"},\"query-input\":\"required name=search_term_string\"}],\"inLanguage\":\"es\"},{\"@type\":\"Organization\",\"@id\":\"https:\/\/anber.es\/web\/#organization\",\"name\":\"Anber\",\"url\":\"https:\/\/anber.es\/web\/\",\"logo\":{\"@type\":\"ImageObject\",\"inLanguage\":\"es\",\"@id\":\"https:\/\/anber.es\/web\/#\/schema\/logo\/image\/\",\"url\":\"https:\/\/anber.es\/web\/wp-content\/uploads\/2021\/03\/logo-anber.png\",\"contentUrl\":\"https:\/\/anber.es\/web\/wp-content\/uploads\/2021\/03\/logo-anber.png\",\"width\":2208,\"height\":500,\"caption\":\"Anber\"},\"image\":{\"@id\":\"https:\/\/anber.es\/web\/#\/schema\/logo\/image\/\"}}]}<\/script>\n<!-- \/ Yoast SEO plugin. -->","yoast_head_json":{"title":"Puesto de control seco modelo EX - Anber","description":"El puesto de control seco modelo EX es una v\u00e1lvula tipo clapeta operada hidr\u00e1ulicamente dise\u00f1ada para usarse como v\u00e1lvula de control principal","robots":{"index":"index","follow":"follow","max-snippet":"max-snippet:-1","max-image-preview":"max-image-preview:large","max-video-preview":"max-video-preview:-1"},"canonical":"https:\/\/anber.es\/web\/producto\/puesto-de-control-seco-modelo-ex-baja-presion\/","og_locale":"es_ES","og_type":"article","og_title":"Puesto de control seco modelo EX - Anber","og_description":"El puesto de control seco modelo EX es una v\u00e1lvula tipo clapeta operada hidr\u00e1ulicamente dise\u00f1ada para usarse como v\u00e1lvula de control principal","og_url":"https:\/\/anber.es\/web\/producto\/puesto-de-control-seco-modelo-ex-baja-presion\/","og_site_name":"Anber","article_modified_time":"2023-03-13T16:25:12+00:00","og_image":[{"width":1000,"height":1000,"url":"https:\/\/anber.es\/web\/wp-content\/uploads\/2021\/05\/puesto_de_control_seco_modelo_EX_baja_presion.png","type":"image\/png"}],"twitter_card":"summary_large_image","twitter_misc":{"Tiempo de lectura":"1 minuto"},"schema":{"@context":"https:\/\/schema.org","@graph":[{"@type":"WebPage","@id":"https:\/\/anber.es\/web\/producto\/puesto-de-control-seco-modelo-ex-baja-presion\/","url":"https:\/\/anber.es\/web\/producto\/puesto-de-control-seco-modelo-ex-baja-presion\/","name":"Puesto de control seco modelo EX - Anber","isPartOf":{"@id":"https:\/\/anber.es\/web\/#website"},"datePublished":"2021-05-28T08:11:32+00:00","dateModified":"2023-03-13T16:25:12+00:00","description":"El puesto de control seco modelo EX es una v\u00e1lvula tipo clapeta operada hidr\u00e1ulicamente dise\u00f1ada para usarse como v\u00e1lvula de control principal","breadcrumb":{"@id":"https:\/\/anber.es\/web\/producto\/puesto-de-control-seco-modelo-ex-baja-presion\/#breadcrumb"},"inLanguage":"es","potentialAction":[{"@type":"ReadAction","target":["https:\/\/anber.es\/web\/producto\/puesto-de-control-seco-modelo-ex-baja-presion\/"]}]},{"@type":"BreadcrumbList","@id":"https:\/\/anber.es\/web\/producto\/puesto-de-control-seco-modelo-ex-baja-presion\/#breadcrumb","itemListElement":[{"@type":"ListItem","position":1,"name":"Portada","item":"https:\/\/anber.es\/web\/"},{"@type":"ListItem","position":2,"name":"Productos","item":"https:\/\/anber.es\/web\/productos\/"},{"@type":"ListItem","position":3,"name":"Puesto de control seco modelo EX"}]},{"@type":"WebSite","@id":"https:\/\/anber.es\/web\/#website","url":"https:\/\/anber.es\/web\/","name":"Anber","description":"Sistemas de protecci\u00f3n contra incendios","publisher":{"@id":"https:\/\/anber.es\/web\/#organization"},"potentialAction":[{"@type":"SearchAction","target":{"@type":"EntryPoint","urlTemplate":"https:\/\/anber.es\/web\/?s={search_term_string}"},"query-input":"required name=search_term_string"}],"inLanguage":"es"},{"@type":"Organization","@id":"https:\/\/anber.es\/web\/#organization","name":"Anber","url":"https:\/\/anber.es\/web\/","logo":{"@type":"ImageObject","inLanguage":"es","@id":"https:\/\/anber.es\/web\/#\/schema\/logo\/image\/","url":"https:\/\/anber.es\/web\/wp-content\/uploads\/2021\/03\/logo-anber.png","contentUrl":"https:\/\/anber.es\/web\/wp-content\/uploads\/2021\/03\/logo-anber.png","width":2208,"height":500,"caption":"Anber"},"image":{"@id":"https:\/\/anber.es\/web\/#\/schema\/logo\/image\/"}}]}},"_links":{"self":[{"href":"https:\/\/anber.es\/web\/wp-json\/wp\/v2\/product\/3284"}],"collection":[{"href":"https:\/\/anber.es\/web\/wp-json\/wp\/v2\/product"}],"about":[{"href":"https:\/\/anber.es\/web\/wp-json\/wp\/v2\/types\/product"}],"wp:featuredmedia":[{"embeddable":true,"href":"https:\/\/anber.es\/web\/wp-json\/wp\/v2\/media\/3283"}],"wp:attachment":[{"href":"https:\/\/anber.es\/web\/wp-json\/wp\/v2\/media?parent=3284"}],"wp:term":[{"taxonomy":"product_cat","embeddable":true,"href":"https:\/\/anber.es\/web\/wp-json\/wp\/v2\/product_cat?post=3284"},{"taxonomy":"product_tag","embeddable":true,"href":"https:\/\/anber.es\/web\/wp-json\/wp\/v2\/product_tag?post=3284"}],"curies":[{"name":"wp","href":"https:\/\/api.w.org\/{rel}","templated":true}]}}