{"id":3294,"date":"2021-05-28T10:12:27","date_gmt":"2021-05-28T08:12:27","guid":{"rendered":"https:\/\/anber.es\/producto\/sprinklers-g5\/"},"modified":"2026-03-27T10:15:02","modified_gmt":"2026-03-27T08:15:02","slug":"sprinkler-g5","status":"publish","type":"product","link":"https:\/\/anber.es\/web\/producto\/sprinkler-g5\/","title":{"rendered":"Sprinkler oculto modelo G5"},"content":{"rendered":"<p>El<strong> sprinkler oculto modelo G5 <\/strong>es un sprinkler oculto de placa plana de cobertura est\u00e1ndar dise\u00f1ado para su instalaci\u00f3n de acuerdo con NFPA 13 y FM Global. Este sprinkler puede ser de <b>respuesta r\u00e1pida (QR)<\/b> o de <b>respuesta est\u00e1ndar (SR)<\/b>. <\/p>\n<p><b>Caracter\u00edsticas de los sprinklers modelo G5<\/b>:<br \/>\n\u25aa\ufe0e <b>Factor K<\/b>: 80 lpm\/bar<sup>1\/2<\/sup> (5,6 gpm\/psi<sup>1\/2<\/sup>).<br \/>\n\u25aa\ufe0e <b>M\u00e1xima presi\u00f3n de trabajo<\/b>: 12 bar (175 psi) \/ 17 bar (250psi) solo ULcus (ver ficha).<br \/>\n\u25aa\ufe0e <b>Listados y aprobaciones<\/b>: ULcus, FM, LPCB, VdS, CE y UKCA (ver ficha).<br \/>\n\u25aa\ufe0e <b>Orientaci\u00f3n<\/b>: colgantes.<br \/>\n\u25aa\ufe0e <b>Rosca<\/b>: 1\/2&#8243; NPT o ISO 7-1R1\/2.<br \/>\n\u25aa\ufe0e <b>Temperaturas disponibles<\/b>: 74\u00baC y 100\u00baC.<\/p>\n<p>Referencia: SRC.<\/p>\n<p><a href=\"\/web\/wp-content\/uploads\/2024\/12\/Ficha_tecnica-Sprinkler_modelo_G5.pdf\" target=\"_blank\" rel=\"noopener noreferrer\"><button>Descarga ficha<\/button><\/a><br \/>\n<a class=\"insta-link\" href=\"https:\/\/www.instagram.com\/aqlproteccion\/?hl=es\" target=\"_blank\" rel=\"noopener noreferrer\">Instagram<\/a><\/p>\n","protected":false},"excerpt":{"rendered":"<p>El sprinkler G5 es oculto de placa plana de cobertura est\u00e1ndar dise\u00f1ado para su instalaci\u00f3n de acuerdo con la norma de NFPA13 y FM.<\/p>\n","protected":false},"featured_media":3293,"template":"","meta":[],"product_cat":[123,120,119],"product_tag":[215],"yoast_head":"<!-- This site is optimized with the Yoast SEO plugin v22.1 - https:\/\/yoast.com\/wordpress\/plugins\/seo\/ -->\n<title>Sprinkler oculto modelo G5 - Anber<\/title>\n<meta name=\"description\" content=\"El sprinkler G5 es oculto de placa plana de cobertura est\u00e1ndar dise\u00f1ado para su instalaci\u00f3n de acuerdo con la norma de NFPA13 y FM.\" \/>\n<meta name=\"robots\" content=\"index, follow, max-snippet:-1, max-image-preview:large, max-video-preview:-1\" \/>\n<link rel=\"canonical\" href=\"https:\/\/anber.es\/web\/producto\/sprinkler-g5\/\" \/>\n<meta property=\"og:locale\" content=\"es_ES\" \/>\n<meta property=\"og:type\" content=\"article\" \/>\n<meta property=\"og:title\" content=\"Sprinkler oculto modelo G5 - Anber\" \/>\n<meta property=\"og:description\" content=\"El sprinkler G5 es oculto de placa plana de cobertura est\u00e1ndar dise\u00f1ado para su instalaci\u00f3n de acuerdo con la norma de NFPA13 y FM.\" \/>\n<meta property=\"og:url\" content=\"https:\/\/anber.es\/web\/producto\/sprinkler-g5\/\" \/>\n<meta property=\"og:site_name\" content=\"Anber\" \/>\n<meta property=\"article:modified_time\" content=\"2026-03-27T08:15:02+00:00\" \/>\n<meta property=\"og:image\" content=\"https:\/\/anber.es\/web\/wp-content\/uploads\/2021\/05\/sprinkler_modelo_G5.png\" \/>\n\t<meta property=\"og:image:width\" content=\"1000\" \/>\n\t<meta property=\"og:image:height\" content=\"1000\" \/>\n\t<meta property=\"og:image:type\" content=\"image\/png\" \/>\n<meta name=\"twitter:card\" content=\"summary_large_image\" \/>\n<meta name=\"twitter:label1\" content=\"Tiempo de lectura\" \/>\n\t<meta name=\"twitter:data1\" content=\"1 minuto\" \/>\n<script type=\"application\/ld+json\" class=\"yoast-schema-graph\">{\"@context\":\"https:\/\/schema.org\",\"@graph\":[{\"@type\":\"WebPage\",\"@id\":\"https:\/\/anber.es\/web\/producto\/sprinkler-g5\/\",\"url\":\"https:\/\/anber.es\/web\/producto\/sprinkler-g5\/\",\"name\":\"Sprinkler oculto modelo G5 - Anber\",\"isPartOf\":{\"@id\":\"https:\/\/anber.es\/web\/#website\"},\"datePublished\":\"2021-05-28T08:12:27+00:00\",\"dateModified\":\"2026-03-27T08:15:02+00:00\",\"description\":\"El sprinkler G5 es oculto de placa plana de cobertura est\u00e1ndar dise\u00f1ado para su instalaci\u00f3n de acuerdo con la norma de NFPA13 y FM.\",\"breadcrumb\":{\"@id\":\"https:\/\/anber.es\/web\/producto\/sprinkler-g5\/#breadcrumb\"},\"inLanguage\":\"es\",\"potentialAction\":[{\"@type\":\"ReadAction\",\"target\":[\"https:\/\/anber.es\/web\/producto\/sprinkler-g5\/\"]}]},{\"@type\":\"BreadcrumbList\",\"@id\":\"https:\/\/anber.es\/web\/producto\/sprinkler-g5\/#breadcrumb\",\"itemListElement\":[{\"@type\":\"ListItem\",\"position\":1,\"name\":\"Portada\",\"item\":\"https:\/\/anber.es\/web\/\"},{\"@type\":\"ListItem\",\"position\":2,\"name\":\"Productos\",\"item\":\"https:\/\/anber.es\/web\/productos\/\"},{\"@type\":\"ListItem\",\"position\":3,\"name\":\"Sprinkler oculto modelo G5\"}]},{\"@type\":\"WebSite\",\"@id\":\"https:\/\/anber.es\/web\/#website\",\"url\":\"https:\/\/anber.es\/web\/\",\"name\":\"Anber\",\"description\":\"Sistemas de protecci\u00f3n contra incendios\",\"publisher\":{\"@id\":\"https:\/\/anber.es\/web\/#organization\"},\"potentialAction\":[{\"@type\":\"SearchAction\",\"target\":{\"@type\":\"EntryPoint\",\"urlTemplate\":\"https:\/\/anber.es\/web\/?s={search_term_string}\"},\"query-input\":\"required name=search_term_string\"}],\"inLanguage\":\"es\"},{\"@type\":\"Organization\",\"@id\":\"https:\/\/anber.es\/web\/#organization\",\"name\":\"Anber\",\"url\":\"https:\/\/anber.es\/web\/\",\"logo\":{\"@type\":\"ImageObject\",\"inLanguage\":\"es\",\"@id\":\"https:\/\/anber.es\/web\/#\/schema\/logo\/image\/\",\"url\":\"https:\/\/anber.es\/web\/wp-content\/uploads\/2021\/03\/logo-anber.png\",\"contentUrl\":\"https:\/\/anber.es\/web\/wp-content\/uploads\/2021\/03\/logo-anber.png\",\"width\":2208,\"height\":500,\"caption\":\"Anber\"},\"image\":{\"@id\":\"https:\/\/anber.es\/web\/#\/schema\/logo\/image\/\"}}]}<\/script>\n<!-- \/ Yoast SEO plugin. -->","yoast_head_json":{"title":"Sprinkler oculto modelo G5 - Anber","description":"El sprinkler G5 es oculto de placa plana de cobertura est\u00e1ndar dise\u00f1ado para su instalaci\u00f3n de acuerdo con la norma de NFPA13 y FM.","robots":{"index":"index","follow":"follow","max-snippet":"max-snippet:-1","max-image-preview":"max-image-preview:large","max-video-preview":"max-video-preview:-1"},"canonical":"https:\/\/anber.es\/web\/producto\/sprinkler-g5\/","og_locale":"es_ES","og_type":"article","og_title":"Sprinkler oculto modelo G5 - Anber","og_description":"El sprinkler G5 es oculto de placa plana de cobertura est\u00e1ndar dise\u00f1ado para su instalaci\u00f3n de acuerdo con la norma de NFPA13 y FM.","og_url":"https:\/\/anber.es\/web\/producto\/sprinkler-g5\/","og_site_name":"Anber","article_modified_time":"2026-03-27T08:15:02+00:00","og_image":[{"width":1000,"height":1000,"url":"https:\/\/anber.es\/web\/wp-content\/uploads\/2021\/05\/sprinkler_modelo_G5.png","type":"image\/png"}],"twitter_card":"summary_large_image","twitter_misc":{"Tiempo de lectura":"1 minuto"},"schema":{"@context":"https:\/\/schema.org","@graph":[{"@type":"WebPage","@id":"https:\/\/anber.es\/web\/producto\/sprinkler-g5\/","url":"https:\/\/anber.es\/web\/producto\/sprinkler-g5\/","name":"Sprinkler oculto modelo G5 - Anber","isPartOf":{"@id":"https:\/\/anber.es\/web\/#website"},"datePublished":"2021-05-28T08:12:27+00:00","dateModified":"2026-03-27T08:15:02+00:00","description":"El sprinkler G5 es oculto de placa plana de cobertura est\u00e1ndar dise\u00f1ado para su instalaci\u00f3n de acuerdo con la norma de NFPA13 y FM.","breadcrumb":{"@id":"https:\/\/anber.es\/web\/producto\/sprinkler-g5\/#breadcrumb"},"inLanguage":"es","potentialAction":[{"@type":"ReadAction","target":["https:\/\/anber.es\/web\/producto\/sprinkler-g5\/"]}]},{"@type":"BreadcrumbList","@id":"https:\/\/anber.es\/web\/producto\/sprinkler-g5\/#breadcrumb","itemListElement":[{"@type":"ListItem","position":1,"name":"Portada","item":"https:\/\/anber.es\/web\/"},{"@type":"ListItem","position":2,"name":"Productos","item":"https:\/\/anber.es\/web\/productos\/"},{"@type":"ListItem","position":3,"name":"Sprinkler oculto modelo G5"}]},{"@type":"WebSite","@id":"https:\/\/anber.es\/web\/#website","url":"https:\/\/anber.es\/web\/","name":"Anber","description":"Sistemas de protecci\u00f3n contra incendios","publisher":{"@id":"https:\/\/anber.es\/web\/#organization"},"potentialAction":[{"@type":"SearchAction","target":{"@type":"EntryPoint","urlTemplate":"https:\/\/anber.es\/web\/?s={search_term_string}"},"query-input":"required name=search_term_string"}],"inLanguage":"es"},{"@type":"Organization","@id":"https:\/\/anber.es\/web\/#organization","name":"Anber","url":"https:\/\/anber.es\/web\/","logo":{"@type":"ImageObject","inLanguage":"es","@id":"https:\/\/anber.es\/web\/#\/schema\/logo\/image\/","url":"https:\/\/anber.es\/web\/wp-content\/uploads\/2021\/03\/logo-anber.png","contentUrl":"https:\/\/anber.es\/web\/wp-content\/uploads\/2021\/03\/logo-anber.png","width":2208,"height":500,"caption":"Anber"},"image":{"@id":"https:\/\/anber.es\/web\/#\/schema\/logo\/image\/"}}]}},"_links":{"self":[{"href":"https:\/\/anber.es\/web\/wp-json\/wp\/v2\/product\/3294"}],"collection":[{"href":"https:\/\/anber.es\/web\/wp-json\/wp\/v2\/product"}],"about":[{"href":"https:\/\/anber.es\/web\/wp-json\/wp\/v2\/types\/product"}],"wp:featuredmedia":[{"embeddable":true,"href":"https:\/\/anber.es\/web\/wp-json\/wp\/v2\/media\/3293"}],"wp:attachment":[{"href":"https:\/\/anber.es\/web\/wp-json\/wp\/v2\/media?parent=3294"}],"wp:term":[{"taxonomy":"product_cat","embeddable":true,"href":"https:\/\/anber.es\/web\/wp-json\/wp\/v2\/product_cat?post=3294"},{"taxonomy":"product_tag","embeddable":true,"href":"https:\/\/anber.es\/web\/wp-json\/wp\/v2\/product_tag?post=3294"}],"curies":[{"name":"wp","href":"https:\/\/api.w.org\/{rel}","templated":true}]}}