{"id":3298,"date":"2021-05-28T10:12:40","date_gmt":"2021-05-28T08:12:40","guid":{"rendered":"https:\/\/anber.es\/producto\/sprinkler-gxlo\/"},"modified":"2022-08-29T10:14:54","modified_gmt":"2022-08-29T08:14:54","slug":"sprinkler-gxlo","status":"publish","type":"product","link":"https:\/\/anber.es\/web\/producto\/sprinkler-gxlo\/","title":{"rendered":"Sprinkler GXLO"},"content":{"rendered":"<p>El <strong>sprinkler GXLO montante y colgante<\/strong> (orificio extra grande) es de cobertura y respuesta est\u00e1ndar que utilizan un elemento central resistente, soldado en un elemento t\u00e9rmico de compresi\u00f3n. Estos sprinklers est\u00e1n dise\u00f1ados para su uso en lugares de<b> almacenamiento y no almacenamiento <\/b>.<\/p>\n<p><b>Caracter\u00edsticas del sprinkler GXLO<\/b>:<\/p>\n<p><b>Factor K<\/b>: 160 lpm\/bar<sup>1\/2<\/sup> (11,2 gpm\/psi<sup>1\/2<\/sup>).<br \/>\n<b>M\u00e1xima presi\u00f3n de trabajo<\/b>: 12 bar (175 psi).<br \/>\n<b>Listados y aprobaciones<\/b>: FM y cULus.<br \/>\n<b>Orientaci\u00f3n<\/b>: montante, montante intermedio y colgante.<br \/>\n<b>Rosca<\/b>: 3\/4&#8243; NPT o ISO 7-1R3\/4.<br \/>\n<b>Rango de temperaturas<\/b>: 74\u00baC (165\u00baF), 100\u00baC (212\u00baF) y 141\u00baC (286\u00baF).<\/p>\n<p>Referencia: SRGXLO.<\/p>\n<p><a href=\"\/web\/wp-content\/uploads\/2022\/08\/Ficha_tecnica-Sprinkler-GXLO.pdf\" target=\"_blank\" rel=\"noopener noreferrer\"><button>Descarga ficha<\/button><\/a><br \/>\n<a class=\"insta-link\" href=\"https:\/\/www.instagram.com\/aqlproteccion\/?hl=es\" target=\"_blank\" rel=\"noopener noreferrer\">Instagram<\/a><\/p>\n","protected":false},"excerpt":{"rendered":"<p>El sprinkler GXLO montante y colgante es un sprinkler de cobertura est\u00e1ndar y respuesta est\u00e1ndar que utilizan un elemento central resistente.<\/p>\n","protected":false},"featured_media":3297,"template":"","meta":[],"product_cat":[120,119,125],"product_tag":[215],"yoast_head":"<!-- This site is optimized with the Yoast SEO plugin v22.1 - https:\/\/yoast.com\/wordpress\/plugins\/seo\/ -->\n<title>Sprinkler GXLO - Anber<\/title>\n<meta name=\"description\" content=\"El sprinkler GXLO montante y colgante es un sprinkler de cobertura est\u00e1ndar y respuesta est\u00e1ndar que utilizan un elemento central resistente.\" \/>\n<meta name=\"robots\" content=\"index, follow, max-snippet:-1, max-image-preview:large, max-video-preview:-1\" \/>\n<link rel=\"canonical\" href=\"https:\/\/anber.es\/web\/producto\/sprinkler-gxlo\/\" \/>\n<meta property=\"og:locale\" content=\"es_ES\" \/>\n<meta property=\"og:type\" content=\"article\" \/>\n<meta property=\"og:title\" content=\"Sprinkler GXLO - Anber\" \/>\n<meta property=\"og:description\" content=\"El sprinkler GXLO montante y colgante es un sprinkler de cobertura est\u00e1ndar y respuesta est\u00e1ndar que utilizan un elemento central resistente.\" \/>\n<meta property=\"og:url\" content=\"https:\/\/anber.es\/web\/producto\/sprinkler-gxlo\/\" \/>\n<meta property=\"og:site_name\" content=\"Anber\" \/>\n<meta property=\"article:modified_time\" content=\"2022-08-29T08:14:54+00:00\" \/>\n<meta property=\"og:image\" content=\"https:\/\/anber.es\/web\/wp-content\/uploads\/2021\/05\/Sprinklers_GXLO.png\" \/>\n\t<meta property=\"og:image:width\" content=\"1000\" \/>\n\t<meta property=\"og:image:height\" content=\"1000\" \/>\n\t<meta property=\"og:image:type\" content=\"image\/png\" \/>\n<meta name=\"twitter:card\" content=\"summary_large_image\" \/>\n<meta name=\"twitter:label1\" content=\"Tiempo de lectura\" \/>\n\t<meta name=\"twitter:data1\" content=\"1 minuto\" \/>\n<script type=\"application\/ld+json\" class=\"yoast-schema-graph\">{\"@context\":\"https:\/\/schema.org\",\"@graph\":[{\"@type\":\"WebPage\",\"@id\":\"https:\/\/anber.es\/web\/producto\/sprinkler-gxlo\/\",\"url\":\"https:\/\/anber.es\/web\/producto\/sprinkler-gxlo\/\",\"name\":\"Sprinkler GXLO - Anber\",\"isPartOf\":{\"@id\":\"https:\/\/anber.es\/web\/#website\"},\"datePublished\":\"2021-05-28T08:12:40+00:00\",\"dateModified\":\"2022-08-29T08:14:54+00:00\",\"description\":\"El sprinkler GXLO montante y colgante es un sprinkler de cobertura est\u00e1ndar y respuesta est\u00e1ndar que utilizan un elemento central resistente.\",\"breadcrumb\":{\"@id\":\"https:\/\/anber.es\/web\/producto\/sprinkler-gxlo\/#breadcrumb\"},\"inLanguage\":\"es\",\"potentialAction\":[{\"@type\":\"ReadAction\",\"target\":[\"https:\/\/anber.es\/web\/producto\/sprinkler-gxlo\/\"]}]},{\"@type\":\"BreadcrumbList\",\"@id\":\"https:\/\/anber.es\/web\/producto\/sprinkler-gxlo\/#breadcrumb\",\"itemListElement\":[{\"@type\":\"ListItem\",\"position\":1,\"name\":\"Portada\",\"item\":\"https:\/\/anber.es\/web\/\"},{\"@type\":\"ListItem\",\"position\":2,\"name\":\"Productos\",\"item\":\"https:\/\/anber.es\/web\/productos\/\"},{\"@type\":\"ListItem\",\"position\":3,\"name\":\"Sprinkler GXLO\"}]},{\"@type\":\"WebSite\",\"@id\":\"https:\/\/anber.es\/web\/#website\",\"url\":\"https:\/\/anber.es\/web\/\",\"name\":\"Anber\",\"description\":\"Sistemas de protecci\u00f3n contra incendios\",\"publisher\":{\"@id\":\"https:\/\/anber.es\/web\/#organization\"},\"potentialAction\":[{\"@type\":\"SearchAction\",\"target\":{\"@type\":\"EntryPoint\",\"urlTemplate\":\"https:\/\/anber.es\/web\/?s={search_term_string}\"},\"query-input\":\"required name=search_term_string\"}],\"inLanguage\":\"es\"},{\"@type\":\"Organization\",\"@id\":\"https:\/\/anber.es\/web\/#organization\",\"name\":\"Anber\",\"url\":\"https:\/\/anber.es\/web\/\",\"logo\":{\"@type\":\"ImageObject\",\"inLanguage\":\"es\",\"@id\":\"https:\/\/anber.es\/web\/#\/schema\/logo\/image\/\",\"url\":\"https:\/\/anber.es\/web\/wp-content\/uploads\/2021\/03\/logo-anber.png\",\"contentUrl\":\"https:\/\/anber.es\/web\/wp-content\/uploads\/2021\/03\/logo-anber.png\",\"width\":2208,\"height\":500,\"caption\":\"Anber\"},\"image\":{\"@id\":\"https:\/\/anber.es\/web\/#\/schema\/logo\/image\/\"}}]}<\/script>\n<!-- \/ Yoast SEO plugin. -->","yoast_head_json":{"title":"Sprinkler GXLO - Anber","description":"El sprinkler GXLO montante y colgante es un sprinkler de cobertura est\u00e1ndar y respuesta est\u00e1ndar que utilizan un elemento central resistente.","robots":{"index":"index","follow":"follow","max-snippet":"max-snippet:-1","max-image-preview":"max-image-preview:large","max-video-preview":"max-video-preview:-1"},"canonical":"https:\/\/anber.es\/web\/producto\/sprinkler-gxlo\/","og_locale":"es_ES","og_type":"article","og_title":"Sprinkler GXLO - Anber","og_description":"El sprinkler GXLO montante y colgante es un sprinkler de cobertura est\u00e1ndar y respuesta est\u00e1ndar que utilizan un elemento central resistente.","og_url":"https:\/\/anber.es\/web\/producto\/sprinkler-gxlo\/","og_site_name":"Anber","article_modified_time":"2022-08-29T08:14:54+00:00","og_image":[{"width":1000,"height":1000,"url":"https:\/\/anber.es\/web\/wp-content\/uploads\/2021\/05\/Sprinklers_GXLO.png","type":"image\/png"}],"twitter_card":"summary_large_image","twitter_misc":{"Tiempo de lectura":"1 minuto"},"schema":{"@context":"https:\/\/schema.org","@graph":[{"@type":"WebPage","@id":"https:\/\/anber.es\/web\/producto\/sprinkler-gxlo\/","url":"https:\/\/anber.es\/web\/producto\/sprinkler-gxlo\/","name":"Sprinkler GXLO - Anber","isPartOf":{"@id":"https:\/\/anber.es\/web\/#website"},"datePublished":"2021-05-28T08:12:40+00:00","dateModified":"2022-08-29T08:14:54+00:00","description":"El sprinkler GXLO montante y colgante es un sprinkler de cobertura est\u00e1ndar y respuesta est\u00e1ndar que utilizan un elemento central resistente.","breadcrumb":{"@id":"https:\/\/anber.es\/web\/producto\/sprinkler-gxlo\/#breadcrumb"},"inLanguage":"es","potentialAction":[{"@type":"ReadAction","target":["https:\/\/anber.es\/web\/producto\/sprinkler-gxlo\/"]}]},{"@type":"BreadcrumbList","@id":"https:\/\/anber.es\/web\/producto\/sprinkler-gxlo\/#breadcrumb","itemListElement":[{"@type":"ListItem","position":1,"name":"Portada","item":"https:\/\/anber.es\/web\/"},{"@type":"ListItem","position":2,"name":"Productos","item":"https:\/\/anber.es\/web\/productos\/"},{"@type":"ListItem","position":3,"name":"Sprinkler GXLO"}]},{"@type":"WebSite","@id":"https:\/\/anber.es\/web\/#website","url":"https:\/\/anber.es\/web\/","name":"Anber","description":"Sistemas de protecci\u00f3n contra incendios","publisher":{"@id":"https:\/\/anber.es\/web\/#organization"},"potentialAction":[{"@type":"SearchAction","target":{"@type":"EntryPoint","urlTemplate":"https:\/\/anber.es\/web\/?s={search_term_string}"},"query-input":"required name=search_term_string"}],"inLanguage":"es"},{"@type":"Organization","@id":"https:\/\/anber.es\/web\/#organization","name":"Anber","url":"https:\/\/anber.es\/web\/","logo":{"@type":"ImageObject","inLanguage":"es","@id":"https:\/\/anber.es\/web\/#\/schema\/logo\/image\/","url":"https:\/\/anber.es\/web\/wp-content\/uploads\/2021\/03\/logo-anber.png","contentUrl":"https:\/\/anber.es\/web\/wp-content\/uploads\/2021\/03\/logo-anber.png","width":2208,"height":500,"caption":"Anber"},"image":{"@id":"https:\/\/anber.es\/web\/#\/schema\/logo\/image\/"}}]}},"_links":{"self":[{"href":"https:\/\/anber.es\/web\/wp-json\/wp\/v2\/product\/3298"}],"collection":[{"href":"https:\/\/anber.es\/web\/wp-json\/wp\/v2\/product"}],"about":[{"href":"https:\/\/anber.es\/web\/wp-json\/wp\/v2\/types\/product"}],"wp:featuredmedia":[{"embeddable":true,"href":"https:\/\/anber.es\/web\/wp-json\/wp\/v2\/media\/3297"}],"wp:attachment":[{"href":"https:\/\/anber.es\/web\/wp-json\/wp\/v2\/media?parent=3298"}],"wp:term":[{"taxonomy":"product_cat","embeddable":true,"href":"https:\/\/anber.es\/web\/wp-json\/wp\/v2\/product_cat?post=3298"},{"taxonomy":"product_tag","embeddable":true,"href":"https:\/\/anber.es\/web\/wp-json\/wp\/v2\/product_tag?post=3298"}],"curies":[{"name":"wp","href":"https:\/\/api.w.org\/{rel}","templated":true}]}}