{"id":3302,"date":"2021-05-28T10:12:52","date_gmt":"2021-05-28T08:12:52","guid":{"rendered":"https:\/\/anber.es\/producto\/sprinkler-jl14-jl17-colgante\/"},"modified":"2026-03-27T10:02:05","modified_gmt":"2026-03-27T08:02:05","slug":"sprinklers-esfr-k14-k17-colgante","status":"publish","type":"product","link":"https:\/\/anber.es\/web\/producto\/sprinklers-esfr-k14-k17-colgante\/","title":{"rendered":"Sprinklers ESFR colgante K14 y K17"},"content":{"rendered":"<p>Los<strong> Sprinklers ESFR K14 y K17 <\/strong>de respuesta r\u00e1pida de supresi\u00f3n temprana (ESFR). Utilizan un elemento t\u00e9rmico de enlace de soldadura sensible para responder r\u00e1pidamente a incendios crecientes y entregar\u00e1n una descarga de agua pesada para \u00absuprimir\u00bb en lugar de \u00abcontrolar\u00bb los incendios.<\/p>\n<p><b>Caracter\u00edsticas del sprinkler ESFR K14<\/b>:<br \/>\n<b>Factor K<\/b>: 200 lpm\/bar<sup>1\/2<\/sup> (14,0 gpm\/psi<sup>1\/2<\/sup>).<br \/>\n<b>M\u00e1xima presi\u00f3n de trabajo<\/b>: 12 bar (175 psi).<br \/>\n<b>Listados y aprobaciones<\/b>: FM, cULus, LPCB, VdS y CNBOP-PIB.<br \/>\n<b>Orientaci\u00f3n<\/b>: colgante.<br \/>\n<b>Rosca<\/b>: 3\/4&#8243; NPT o ISO 7-1R3\/4.<br \/>\n<b>Rango de temperaturas<\/b>: 74\u00baC (165\u00baF) y 100\u00baC (212\u00baF).<\/p>\n<p><b>Caracter\u00edsticas del sprinkler ESFR K17<\/b>:<br \/>\n<b>Factor K<\/b>: 240 lpm\/bar<sup>1\/2<\/sup> (16,8 gpm\/psi<sup>1\/2<\/sup>).<br \/>\n<b>M\u00e1xima presi\u00f3n de trabajo<\/b>: 12 bar (175 psi).<br \/>\n<b>Listados y aprobaciones<\/b>: FM, cULus, LPCB, VdS y CNBOP-PIB.<br \/>\n<b>Orientaci\u00f3n<\/b>: colgante.<br \/>\n<b>Rosca<\/b>: 3\/4&#8243; NPT o ISO 7-1R3\/4 o acoplamiento V9.<br \/>\n<b>Rango de temperaturas<\/b>: 74\u00baC (165\u00baF) y 100\u00baC (212\u00baF).<\/p>\n<p>Referencia: SRPK14K17.<\/p>\n<p><a href=\"\/web\/wp-content\/uploads\/2021\/03\/Ficha_tecnica-sprinkler_colgantes_JL14-JL17.pdf\" target=\"_blank\" rel=\"noopener noreferrer\"><button>Descarga ficha<\/button><\/a><\/p>\n<p><a class=\"insta-link\" href=\"https:\/\/www.instagram.com\/aqlproteccion\/?hl=es\" target=\"_blank\" rel=\"noopener noreferrer\">Instagram<\/a><\/p>\n","protected":false},"excerpt":{"rendered":"<p>Los sprinklers ESFR K14 y K17 est\u00e1n dise\u00f1ados para responder r\u00e1pidamente a incendios crecientes descargando agua para apagar los incendios.<\/p>\n","protected":false},"featured_media":3301,"template":"","meta":[],"product_cat":[120,119,125],"product_tag":[215],"yoast_head":"<!-- This site is optimized with the Yoast SEO plugin v22.1 - https:\/\/yoast.com\/wordpress\/plugins\/seo\/ -->\n<title>Sprinklers ESFR colgante K14 y K17 - Anber<\/title>\n<meta name=\"description\" content=\"Los sprinklers ESFR K14 y K17 est\u00e1n dise\u00f1ados para responder r\u00e1pidamente a incendios crecientes descargando agua para apagar los incendios.\" \/>\n<meta name=\"robots\" content=\"index, follow, max-snippet:-1, max-image-preview:large, max-video-preview:-1\" \/>\n<link rel=\"canonical\" href=\"https:\/\/anber.es\/web\/producto\/sprinklers-esfr-k14-k17-colgante\/\" \/>\n<meta property=\"og:locale\" content=\"es_ES\" \/>\n<meta property=\"og:type\" content=\"article\" \/>\n<meta property=\"og:title\" content=\"Sprinklers ESFR colgante K14 y K17 - Anber\" \/>\n<meta property=\"og:description\" content=\"Los sprinklers ESFR K14 y K17 est\u00e1n dise\u00f1ados para responder r\u00e1pidamente a incendios crecientes descargando agua para apagar los incendios.\" \/>\n<meta property=\"og:url\" content=\"https:\/\/anber.es\/web\/producto\/sprinklers-esfr-k14-k17-colgante\/\" \/>\n<meta property=\"og:site_name\" content=\"Anber\" \/>\n<meta property=\"article:modified_time\" content=\"2026-03-27T08:02:05+00:00\" \/>\n<meta property=\"og:image\" content=\"https:\/\/anber.es\/web\/wp-content\/uploads\/2021\/05\/sprinkler_colgantes_JL14-JL17.png\" \/>\n\t<meta property=\"og:image:width\" content=\"1000\" \/>\n\t<meta property=\"og:image:height\" content=\"1000\" \/>\n\t<meta property=\"og:image:type\" content=\"image\/png\" \/>\n<meta name=\"twitter:card\" content=\"summary_large_image\" \/>\n<meta name=\"twitter:label1\" content=\"Tiempo de lectura\" \/>\n\t<meta name=\"twitter:data1\" content=\"1 minuto\" \/>\n<script type=\"application\/ld+json\" class=\"yoast-schema-graph\">{\"@context\":\"https:\/\/schema.org\",\"@graph\":[{\"@type\":\"WebPage\",\"@id\":\"https:\/\/anber.es\/web\/producto\/sprinklers-esfr-k14-k17-colgante\/\",\"url\":\"https:\/\/anber.es\/web\/producto\/sprinklers-esfr-k14-k17-colgante\/\",\"name\":\"Sprinklers ESFR colgante K14 y K17 - Anber\",\"isPartOf\":{\"@id\":\"https:\/\/anber.es\/web\/#website\"},\"datePublished\":\"2021-05-28T08:12:52+00:00\",\"dateModified\":\"2026-03-27T08:02:05+00:00\",\"description\":\"Los sprinklers ESFR K14 y K17 est\u00e1n dise\u00f1ados para responder r\u00e1pidamente a incendios crecientes descargando agua para apagar los incendios.\",\"breadcrumb\":{\"@id\":\"https:\/\/anber.es\/web\/producto\/sprinklers-esfr-k14-k17-colgante\/#breadcrumb\"},\"inLanguage\":\"es\",\"potentialAction\":[{\"@type\":\"ReadAction\",\"target\":[\"https:\/\/anber.es\/web\/producto\/sprinklers-esfr-k14-k17-colgante\/\"]}]},{\"@type\":\"BreadcrumbList\",\"@id\":\"https:\/\/anber.es\/web\/producto\/sprinklers-esfr-k14-k17-colgante\/#breadcrumb\",\"itemListElement\":[{\"@type\":\"ListItem\",\"position\":1,\"name\":\"Portada\",\"item\":\"https:\/\/anber.es\/web\/\"},{\"@type\":\"ListItem\",\"position\":2,\"name\":\"Productos\",\"item\":\"https:\/\/anber.es\/web\/productos\/\"},{\"@type\":\"ListItem\",\"position\":3,\"name\":\"Sprinklers ESFR colgante K14 y K17\"}]},{\"@type\":\"WebSite\",\"@id\":\"https:\/\/anber.es\/web\/#website\",\"url\":\"https:\/\/anber.es\/web\/\",\"name\":\"Anber\",\"description\":\"Sistemas de protecci\u00f3n contra incendios\",\"publisher\":{\"@id\":\"https:\/\/anber.es\/web\/#organization\"},\"potentialAction\":[{\"@type\":\"SearchAction\",\"target\":{\"@type\":\"EntryPoint\",\"urlTemplate\":\"https:\/\/anber.es\/web\/?s={search_term_string}\"},\"query-input\":\"required name=search_term_string\"}],\"inLanguage\":\"es\"},{\"@type\":\"Organization\",\"@id\":\"https:\/\/anber.es\/web\/#organization\",\"name\":\"Anber\",\"url\":\"https:\/\/anber.es\/web\/\",\"logo\":{\"@type\":\"ImageObject\",\"inLanguage\":\"es\",\"@id\":\"https:\/\/anber.es\/web\/#\/schema\/logo\/image\/\",\"url\":\"https:\/\/anber.es\/web\/wp-content\/uploads\/2021\/03\/logo-anber.png\",\"contentUrl\":\"https:\/\/anber.es\/web\/wp-content\/uploads\/2021\/03\/logo-anber.png\",\"width\":2208,\"height\":500,\"caption\":\"Anber\"},\"image\":{\"@id\":\"https:\/\/anber.es\/web\/#\/schema\/logo\/image\/\"}}]}<\/script>\n<!-- \/ Yoast SEO plugin. -->","yoast_head_json":{"title":"Sprinklers ESFR colgante K14 y K17 - Anber","description":"Los sprinklers ESFR K14 y K17 est\u00e1n dise\u00f1ados para responder r\u00e1pidamente a incendios crecientes descargando agua para apagar los incendios.","robots":{"index":"index","follow":"follow","max-snippet":"max-snippet:-1","max-image-preview":"max-image-preview:large","max-video-preview":"max-video-preview:-1"},"canonical":"https:\/\/anber.es\/web\/producto\/sprinklers-esfr-k14-k17-colgante\/","og_locale":"es_ES","og_type":"article","og_title":"Sprinklers ESFR colgante K14 y K17 - Anber","og_description":"Los sprinklers ESFR K14 y K17 est\u00e1n dise\u00f1ados para responder r\u00e1pidamente a incendios crecientes descargando agua para apagar los incendios.","og_url":"https:\/\/anber.es\/web\/producto\/sprinklers-esfr-k14-k17-colgante\/","og_site_name":"Anber","article_modified_time":"2026-03-27T08:02:05+00:00","og_image":[{"width":1000,"height":1000,"url":"https:\/\/anber.es\/web\/wp-content\/uploads\/2021\/05\/sprinkler_colgantes_JL14-JL17.png","type":"image\/png"}],"twitter_card":"summary_large_image","twitter_misc":{"Tiempo de lectura":"1 minuto"},"schema":{"@context":"https:\/\/schema.org","@graph":[{"@type":"WebPage","@id":"https:\/\/anber.es\/web\/producto\/sprinklers-esfr-k14-k17-colgante\/","url":"https:\/\/anber.es\/web\/producto\/sprinklers-esfr-k14-k17-colgante\/","name":"Sprinklers ESFR colgante K14 y K17 - Anber","isPartOf":{"@id":"https:\/\/anber.es\/web\/#website"},"datePublished":"2021-05-28T08:12:52+00:00","dateModified":"2026-03-27T08:02:05+00:00","description":"Los sprinklers ESFR K14 y K17 est\u00e1n dise\u00f1ados para responder r\u00e1pidamente a incendios crecientes descargando agua para apagar los incendios.","breadcrumb":{"@id":"https:\/\/anber.es\/web\/producto\/sprinklers-esfr-k14-k17-colgante\/#breadcrumb"},"inLanguage":"es","potentialAction":[{"@type":"ReadAction","target":["https:\/\/anber.es\/web\/producto\/sprinklers-esfr-k14-k17-colgante\/"]}]},{"@type":"BreadcrumbList","@id":"https:\/\/anber.es\/web\/producto\/sprinklers-esfr-k14-k17-colgante\/#breadcrumb","itemListElement":[{"@type":"ListItem","position":1,"name":"Portada","item":"https:\/\/anber.es\/web\/"},{"@type":"ListItem","position":2,"name":"Productos","item":"https:\/\/anber.es\/web\/productos\/"},{"@type":"ListItem","position":3,"name":"Sprinklers ESFR colgante K14 y K17"}]},{"@type":"WebSite","@id":"https:\/\/anber.es\/web\/#website","url":"https:\/\/anber.es\/web\/","name":"Anber","description":"Sistemas de protecci\u00f3n contra incendios","publisher":{"@id":"https:\/\/anber.es\/web\/#organization"},"potentialAction":[{"@type":"SearchAction","target":{"@type":"EntryPoint","urlTemplate":"https:\/\/anber.es\/web\/?s={search_term_string}"},"query-input":"required name=search_term_string"}],"inLanguage":"es"},{"@type":"Organization","@id":"https:\/\/anber.es\/web\/#organization","name":"Anber","url":"https:\/\/anber.es\/web\/","logo":{"@type":"ImageObject","inLanguage":"es","@id":"https:\/\/anber.es\/web\/#\/schema\/logo\/image\/","url":"https:\/\/anber.es\/web\/wp-content\/uploads\/2021\/03\/logo-anber.png","contentUrl":"https:\/\/anber.es\/web\/wp-content\/uploads\/2021\/03\/logo-anber.png","width":2208,"height":500,"caption":"Anber"},"image":{"@id":"https:\/\/anber.es\/web\/#\/schema\/logo\/image\/"}}]}},"_links":{"self":[{"href":"https:\/\/anber.es\/web\/wp-json\/wp\/v2\/product\/3302"}],"collection":[{"href":"https:\/\/anber.es\/web\/wp-json\/wp\/v2\/product"}],"about":[{"href":"https:\/\/anber.es\/web\/wp-json\/wp\/v2\/types\/product"}],"wp:featuredmedia":[{"embeddable":true,"href":"https:\/\/anber.es\/web\/wp-json\/wp\/v2\/media\/3301"}],"wp:attachment":[{"href":"https:\/\/anber.es\/web\/wp-json\/wp\/v2\/media?parent=3302"}],"wp:term":[{"taxonomy":"product_cat","embeddable":true,"href":"https:\/\/anber.es\/web\/wp-json\/wp\/v2\/product_cat?post=3302"},{"taxonomy":"product_tag","embeddable":true,"href":"https:\/\/anber.es\/web\/wp-json\/wp\/v2\/product_tag?post=3302"}],"curies":[{"name":"wp","href":"https:\/\/api.w.org\/{rel}","templated":true}]}}