{"id":3308,"date":"2021-05-28T10:13:08","date_gmt":"2021-05-28T08:13:08","guid":{"rendered":"https:\/\/anber.es\/producto\/boquilla-modelo-b\/"},"modified":"2023-06-14T17:25:16","modified_gmt":"2023-06-14T15:25:16","slug":"boquilla-modelo-mv","status":"publish","type":"product","link":"https:\/\/anber.es\/web\/producto\/boquilla-modelo-mv\/","title":{"rendered":"Boquilla modelo MV"},"content":{"rendered":"<p>La <strong>boquilla modelo MV <\/strong>es una boquilla de velocidad media dise\u00f1ada para aplicaciones de aspersi\u00f3n direccional en sistemas fijos de protecci\u00f3n contra incendios (com\u00fanmente en sistemas de diluvio). La boquilla tiene un deflector interno que descarga agua en un patr\u00f3n direccional en forma de cono y produce gotas de tama\u00f1o peque\u00f1o.<\/p>\n<p><b>Caracter\u00edsticas<\/b> de la boquilla modelo MV:<br \/>\n &#8211; Patr\u00f3n fijo no autom\u00e1tico.<br \/>\n &#8211; Descarga de cono s\u00f3lido.<br \/>\n &#8211; Siete tama\u00f1os de orificio.<br \/>\n &#8211; Ocho \u00e1ngulos de descarga.<br \/>\n &#8211; Listadas por cULus.<br \/>\n &#8211; Para superficies verticales, horizontales, curvas e irregulares.<\/p>\n<p>Referencia: SBRMV.<\/p>\n<p><a href=\"\/web\/wp-content\/uploads\/2023\/06\/Ficha_tecnica-boquilla_modelo_MV.pdf\" target=\"_blank\" rel=\"noopener noreferrer\"><button>Descarga ficha <\/button><\/a><br \/>\n<a class=\"insta-link\" href=\"https:\/\/www.instagram.com\/aqlproteccion\/?hl=es\" target=\"_blank\" rel=\"noopener noreferrer\">Instagram<\/a><\/p>\n","protected":false},"excerpt":{"rendered":"<p>La boquilla modelo MV es de velocidad media, tiene un deflector interno que descarga agua con patr\u00f3n direccional en forma de cono y produce gotas peque\u00f1as.<\/p>\n","protected":false},"featured_media":8548,"template":"","meta":[],"product_cat":[59,24],"product_tag":[215],"yoast_head":"<!-- This site is optimized with the Yoast SEO plugin v22.1 - https:\/\/yoast.com\/wordpress\/plugins\/seo\/ -->\n<title>Boquilla modelo MV - Anber<\/title>\n<meta name=\"description\" content=\"La boquilla modelo MV es de velocidad media, tiene un deflector interno que descarga agua con patr\u00f3n direccional en forma de cono y produce gotas peque\u00f1as.\" \/>\n<meta name=\"robots\" content=\"index, follow, max-snippet:-1, max-image-preview:large, max-video-preview:-1\" \/>\n<link rel=\"canonical\" href=\"https:\/\/anber.es\/web\/producto\/boquilla-modelo-mv\/\" \/>\n<meta property=\"og:locale\" content=\"es_ES\" \/>\n<meta property=\"og:type\" content=\"article\" \/>\n<meta property=\"og:title\" content=\"Boquilla modelo MV - Anber\" \/>\n<meta property=\"og:description\" content=\"La boquilla modelo MV es de velocidad media, tiene un deflector interno que descarga agua con patr\u00f3n direccional en forma de cono y produce gotas peque\u00f1as.\" \/>\n<meta property=\"og:url\" content=\"https:\/\/anber.es\/web\/producto\/boquilla-modelo-mv\/\" \/>\n<meta property=\"og:site_name\" content=\"Anber\" \/>\n<meta property=\"article:modified_time\" content=\"2023-06-14T15:25:16+00:00\" \/>\n<meta property=\"og:image\" content=\"https:\/\/anber.es\/web\/wp-content\/uploads\/2023\/06\/boquilla_modelo_MV.webp\" \/>\n\t<meta property=\"og:image:width\" content=\"1000\" \/>\n\t<meta property=\"og:image:height\" content=\"1000\" \/>\n\t<meta property=\"og:image:type\" content=\"image\/webp\" \/>\n<meta name=\"twitter:card\" content=\"summary_large_image\" \/>\n<meta name=\"twitter:label1\" content=\"Tiempo de lectura\" \/>\n\t<meta name=\"twitter:data1\" content=\"1 minuto\" \/>\n<script type=\"application\/ld+json\" class=\"yoast-schema-graph\">{\"@context\":\"https:\/\/schema.org\",\"@graph\":[{\"@type\":\"WebPage\",\"@id\":\"https:\/\/anber.es\/web\/producto\/boquilla-modelo-mv\/\",\"url\":\"https:\/\/anber.es\/web\/producto\/boquilla-modelo-mv\/\",\"name\":\"Boquilla modelo MV - Anber\",\"isPartOf\":{\"@id\":\"https:\/\/anber.es\/web\/#website\"},\"datePublished\":\"2021-05-28T08:13:08+00:00\",\"dateModified\":\"2023-06-14T15:25:16+00:00\",\"description\":\"La boquilla modelo MV es de velocidad media, tiene un deflector interno que descarga agua con patr\u00f3n direccional en forma de cono y produce gotas peque\u00f1as.\",\"breadcrumb\":{\"@id\":\"https:\/\/anber.es\/web\/producto\/boquilla-modelo-mv\/#breadcrumb\"},\"inLanguage\":\"es\",\"potentialAction\":[{\"@type\":\"ReadAction\",\"target\":[\"https:\/\/anber.es\/web\/producto\/boquilla-modelo-mv\/\"]}]},{\"@type\":\"BreadcrumbList\",\"@id\":\"https:\/\/anber.es\/web\/producto\/boquilla-modelo-mv\/#breadcrumb\",\"itemListElement\":[{\"@type\":\"ListItem\",\"position\":1,\"name\":\"Portada\",\"item\":\"https:\/\/anber.es\/web\/\"},{\"@type\":\"ListItem\",\"position\":2,\"name\":\"Productos\",\"item\":\"https:\/\/anber.es\/web\/productos\/\"},{\"@type\":\"ListItem\",\"position\":3,\"name\":\"Boquilla modelo MV\"}]},{\"@type\":\"WebSite\",\"@id\":\"https:\/\/anber.es\/web\/#website\",\"url\":\"https:\/\/anber.es\/web\/\",\"name\":\"Anber\",\"description\":\"Sistemas de protecci\u00f3n contra incendios\",\"publisher\":{\"@id\":\"https:\/\/anber.es\/web\/#organization\"},\"potentialAction\":[{\"@type\":\"SearchAction\",\"target\":{\"@type\":\"EntryPoint\",\"urlTemplate\":\"https:\/\/anber.es\/web\/?s={search_term_string}\"},\"query-input\":\"required name=search_term_string\"}],\"inLanguage\":\"es\"},{\"@type\":\"Organization\",\"@id\":\"https:\/\/anber.es\/web\/#organization\",\"name\":\"Anber\",\"url\":\"https:\/\/anber.es\/web\/\",\"logo\":{\"@type\":\"ImageObject\",\"inLanguage\":\"es\",\"@id\":\"https:\/\/anber.es\/web\/#\/schema\/logo\/image\/\",\"url\":\"https:\/\/anber.es\/web\/wp-content\/uploads\/2021\/03\/logo-anber.png\",\"contentUrl\":\"https:\/\/anber.es\/web\/wp-content\/uploads\/2021\/03\/logo-anber.png\",\"width\":2208,\"height\":500,\"caption\":\"Anber\"},\"image\":{\"@id\":\"https:\/\/anber.es\/web\/#\/schema\/logo\/image\/\"}}]}<\/script>\n<!-- \/ Yoast SEO plugin. -->","yoast_head_json":{"title":"Boquilla modelo MV - Anber","description":"La boquilla modelo MV es de velocidad media, tiene un deflector interno que descarga agua con patr\u00f3n direccional en forma de cono y produce gotas peque\u00f1as.","robots":{"index":"index","follow":"follow","max-snippet":"max-snippet:-1","max-image-preview":"max-image-preview:large","max-video-preview":"max-video-preview:-1"},"canonical":"https:\/\/anber.es\/web\/producto\/boquilla-modelo-mv\/","og_locale":"es_ES","og_type":"article","og_title":"Boquilla modelo MV - Anber","og_description":"La boquilla modelo MV es de velocidad media, tiene un deflector interno que descarga agua con patr\u00f3n direccional en forma de cono y produce gotas peque\u00f1as.","og_url":"https:\/\/anber.es\/web\/producto\/boquilla-modelo-mv\/","og_site_name":"Anber","article_modified_time":"2023-06-14T15:25:16+00:00","og_image":[{"width":1000,"height":1000,"url":"https:\/\/anber.es\/web\/wp-content\/uploads\/2023\/06\/boquilla_modelo_MV.webp","type":"image\/webp"}],"twitter_card":"summary_large_image","twitter_misc":{"Tiempo de lectura":"1 minuto"},"schema":{"@context":"https:\/\/schema.org","@graph":[{"@type":"WebPage","@id":"https:\/\/anber.es\/web\/producto\/boquilla-modelo-mv\/","url":"https:\/\/anber.es\/web\/producto\/boquilla-modelo-mv\/","name":"Boquilla modelo MV - Anber","isPartOf":{"@id":"https:\/\/anber.es\/web\/#website"},"datePublished":"2021-05-28T08:13:08+00:00","dateModified":"2023-06-14T15:25:16+00:00","description":"La boquilla modelo MV es de velocidad media, tiene un deflector interno que descarga agua con patr\u00f3n direccional en forma de cono y produce gotas peque\u00f1as.","breadcrumb":{"@id":"https:\/\/anber.es\/web\/producto\/boquilla-modelo-mv\/#breadcrumb"},"inLanguage":"es","potentialAction":[{"@type":"ReadAction","target":["https:\/\/anber.es\/web\/producto\/boquilla-modelo-mv\/"]}]},{"@type":"BreadcrumbList","@id":"https:\/\/anber.es\/web\/producto\/boquilla-modelo-mv\/#breadcrumb","itemListElement":[{"@type":"ListItem","position":1,"name":"Portada","item":"https:\/\/anber.es\/web\/"},{"@type":"ListItem","position":2,"name":"Productos","item":"https:\/\/anber.es\/web\/productos\/"},{"@type":"ListItem","position":3,"name":"Boquilla modelo MV"}]},{"@type":"WebSite","@id":"https:\/\/anber.es\/web\/#website","url":"https:\/\/anber.es\/web\/","name":"Anber","description":"Sistemas de protecci\u00f3n contra incendios","publisher":{"@id":"https:\/\/anber.es\/web\/#organization"},"potentialAction":[{"@type":"SearchAction","target":{"@type":"EntryPoint","urlTemplate":"https:\/\/anber.es\/web\/?s={search_term_string}"},"query-input":"required name=search_term_string"}],"inLanguage":"es"},{"@type":"Organization","@id":"https:\/\/anber.es\/web\/#organization","name":"Anber","url":"https:\/\/anber.es\/web\/","logo":{"@type":"ImageObject","inLanguage":"es","@id":"https:\/\/anber.es\/web\/#\/schema\/logo\/image\/","url":"https:\/\/anber.es\/web\/wp-content\/uploads\/2021\/03\/logo-anber.png","contentUrl":"https:\/\/anber.es\/web\/wp-content\/uploads\/2021\/03\/logo-anber.png","width":2208,"height":500,"caption":"Anber"},"image":{"@id":"https:\/\/anber.es\/web\/#\/schema\/logo\/image\/"}}]}},"_links":{"self":[{"href":"https:\/\/anber.es\/web\/wp-json\/wp\/v2\/product\/3308"}],"collection":[{"href":"https:\/\/anber.es\/web\/wp-json\/wp\/v2\/product"}],"about":[{"href":"https:\/\/anber.es\/web\/wp-json\/wp\/v2\/types\/product"}],"wp:featuredmedia":[{"embeddable":true,"href":"https:\/\/anber.es\/web\/wp-json\/wp\/v2\/media\/8548"}],"wp:attachment":[{"href":"https:\/\/anber.es\/web\/wp-json\/wp\/v2\/media?parent=3308"}],"wp:term":[{"taxonomy":"product_cat","embeddable":true,"href":"https:\/\/anber.es\/web\/wp-json\/wp\/v2\/product_cat?post=3308"},{"taxonomy":"product_tag","embeddable":true,"href":"https:\/\/anber.es\/web\/wp-json\/wp\/v2\/product_tag?post=3308"}],"curies":[{"name":"wp","href":"https:\/\/api.w.org\/{rel}","templated":true}]}}