{"id":3312,"date":"2021-05-28T10:13:16","date_gmt":"2021-05-28T08:13:16","guid":{"rendered":"https:\/\/anber.es\/producto\/boquilla-hv-as-velocidad-rapida\/"},"modified":"2021-05-28T10:13:16","modified_gmt":"2021-05-28T08:13:16","slug":"boquilla-hv-as-velocidad-rapida","status":"publish","type":"product","link":"https:\/\/anber.es\/web\/producto\/boquilla-hv-as-velocidad-rapida\/","title":{"rendered":"Boquilla modelo HV-AS velocidad r\u00e1pida"},"content":{"rendered":"<p>La <strong>boquilla HV-AS <\/strong>de placa giratoria interna y de tipo abierto est\u00e1 dise\u00f1ada para usarse en sistemas de rociado de agua fijo o de diluvio para aplicaciones de protecci\u00f3n contra incendios.<br \/>\nEsta boquilla HV-AS producen un n\u00facleo s\u00f3lido, uniforme y denso de rociado de agua de alta velocidad para un control eficaz del fuego. Las boquillas se utilizan normalmente tanto para enfriar la superficie como para extinciones. Las boquillas se utilizan t\u00edpicamente para la protecci\u00f3n contra inundaciones de peligros especiales como transformadores llenos de aceite, interruptores, equipos de procesamiento qu\u00edmico, sistemas de transporte y \u00e1reas de almacenamiento de l\u00edquidos inflamables.<\/p>\n<p>Referencia: SBRHV.<\/p>\n<p><a href=\"\/web\/wp-content\/uploads\/2021\/03\/Ficha_tecnica-boquilla_HV-AS.pdf\" target=\"_blank\" rel=\"noopener noreferrer\"><button>Descarga ficha <\/button><\/a><br \/>\n<a class=\"insta-link\" href=\"https:\/\/www.instagram.com\/aqlproteccion\/?hl=es\" target=\"_blank\" rel=\"noopener noreferrer\">Instagram<\/a><\/p>\n","protected":false},"excerpt":{"rendered":"<p>La boquilla HV-AS de placa giratoria interna y de tipo abierto est\u00e1 dise\u00f1ada para usarse en sistemas de rociado de agua fijo o de diluvio.La boquilla HV-AS de placa giratoria interna y de tipo abierto est\u00e1 dise\u00f1ada para usarse en sistemas de rociado de agua fijo o de diluvio.<\/p>\n","protected":false},"featured_media":3311,"template":"","meta":[],"product_cat":[59,24],"product_tag":[215],"yoast_head":"<!-- This site is optimized with the Yoast SEO plugin v22.1 - https:\/\/yoast.com\/wordpress\/plugins\/seo\/ -->\n<title>Boquilla modelo HV-AS velocidad r\u00e1pida - Anber<\/title>\n<meta name=\"description\" content=\"La boquilla HV-AS de placa giratoria interna y de tipo abierto est\u00e1 dise\u00f1ada para usarse en sistemas de rociado de agua fijo o de diluvio.\" \/>\n<meta name=\"robots\" content=\"index, follow, max-snippet:-1, max-image-preview:large, max-video-preview:-1\" \/>\n<link rel=\"canonical\" href=\"https:\/\/anber.es\/web\/producto\/boquilla-hv-as-velocidad-rapida\/\" \/>\n<meta property=\"og:locale\" content=\"es_ES\" \/>\n<meta property=\"og:type\" content=\"article\" \/>\n<meta property=\"og:title\" content=\"Boquilla modelo HV-AS velocidad r\u00e1pida - Anber\" \/>\n<meta property=\"og:description\" content=\"La boquilla HV-AS de placa giratoria interna y de tipo abierto est\u00e1 dise\u00f1ada para usarse en sistemas de rociado de agua fijo o de diluvio.\" \/>\n<meta property=\"og:url\" content=\"https:\/\/anber.es\/web\/producto\/boquilla-hv-as-velocidad-rapida\/\" \/>\n<meta property=\"og:site_name\" content=\"Anber\" \/>\n<meta property=\"og:image\" content=\"https:\/\/anber.es\/web\/wp-content\/uploads\/2021\/05\/boquilla_HV-AS.png\" \/>\n\t<meta property=\"og:image:width\" content=\"1000\" \/>\n\t<meta property=\"og:image:height\" content=\"1000\" \/>\n\t<meta property=\"og:image:type\" content=\"image\/png\" \/>\n<meta name=\"twitter:card\" content=\"summary_large_image\" \/>\n<meta name=\"twitter:label1\" content=\"Tiempo de lectura\" \/>\n\t<meta name=\"twitter:data1\" content=\"1 minuto\" \/>\n<script type=\"application\/ld+json\" class=\"yoast-schema-graph\">{\"@context\":\"https:\/\/schema.org\",\"@graph\":[{\"@type\":\"WebPage\",\"@id\":\"https:\/\/anber.es\/web\/producto\/boquilla-hv-as-velocidad-rapida\/\",\"url\":\"https:\/\/anber.es\/web\/producto\/boquilla-hv-as-velocidad-rapida\/\",\"name\":\"Boquilla modelo HV-AS velocidad r\u00e1pida - Anber\",\"isPartOf\":{\"@id\":\"https:\/\/anber.es\/web\/#website\"},\"datePublished\":\"2021-05-28T08:13:16+00:00\",\"dateModified\":\"2021-05-28T08:13:16+00:00\",\"description\":\"La boquilla HV-AS de placa giratoria interna y de tipo abierto est\u00e1 dise\u00f1ada para usarse en sistemas de rociado de agua fijo o de diluvio.\",\"breadcrumb\":{\"@id\":\"https:\/\/anber.es\/web\/producto\/boquilla-hv-as-velocidad-rapida\/#breadcrumb\"},\"inLanguage\":\"es\",\"potentialAction\":[{\"@type\":\"ReadAction\",\"target\":[\"https:\/\/anber.es\/web\/producto\/boquilla-hv-as-velocidad-rapida\/\"]}]},{\"@type\":\"BreadcrumbList\",\"@id\":\"https:\/\/anber.es\/web\/producto\/boquilla-hv-as-velocidad-rapida\/#breadcrumb\",\"itemListElement\":[{\"@type\":\"ListItem\",\"position\":1,\"name\":\"Portada\",\"item\":\"https:\/\/anber.es\/web\/\"},{\"@type\":\"ListItem\",\"position\":2,\"name\":\"Productos\",\"item\":\"https:\/\/anber.es\/web\/productos\/\"},{\"@type\":\"ListItem\",\"position\":3,\"name\":\"Boquilla modelo HV-AS velocidad r\u00e1pida\"}]},{\"@type\":\"WebSite\",\"@id\":\"https:\/\/anber.es\/web\/#website\",\"url\":\"https:\/\/anber.es\/web\/\",\"name\":\"Anber\",\"description\":\"Sistemas de protecci\u00f3n contra incendios\",\"publisher\":{\"@id\":\"https:\/\/anber.es\/web\/#organization\"},\"potentialAction\":[{\"@type\":\"SearchAction\",\"target\":{\"@type\":\"EntryPoint\",\"urlTemplate\":\"https:\/\/anber.es\/web\/?s={search_term_string}\"},\"query-input\":\"required name=search_term_string\"}],\"inLanguage\":\"es\"},{\"@type\":\"Organization\",\"@id\":\"https:\/\/anber.es\/web\/#organization\",\"name\":\"Anber\",\"url\":\"https:\/\/anber.es\/web\/\",\"logo\":{\"@type\":\"ImageObject\",\"inLanguage\":\"es\",\"@id\":\"https:\/\/anber.es\/web\/#\/schema\/logo\/image\/\",\"url\":\"https:\/\/anber.es\/web\/wp-content\/uploads\/2021\/03\/logo-anber.png\",\"contentUrl\":\"https:\/\/anber.es\/web\/wp-content\/uploads\/2021\/03\/logo-anber.png\",\"width\":2208,\"height\":500,\"caption\":\"Anber\"},\"image\":{\"@id\":\"https:\/\/anber.es\/web\/#\/schema\/logo\/image\/\"}}]}<\/script>\n<!-- \/ Yoast SEO plugin. -->","yoast_head_json":{"title":"Boquilla modelo HV-AS velocidad r\u00e1pida - Anber","description":"La boquilla HV-AS de placa giratoria interna y de tipo abierto est\u00e1 dise\u00f1ada para usarse en sistemas de rociado de agua fijo o de diluvio.","robots":{"index":"index","follow":"follow","max-snippet":"max-snippet:-1","max-image-preview":"max-image-preview:large","max-video-preview":"max-video-preview:-1"},"canonical":"https:\/\/anber.es\/web\/producto\/boquilla-hv-as-velocidad-rapida\/","og_locale":"es_ES","og_type":"article","og_title":"Boquilla modelo HV-AS velocidad r\u00e1pida - Anber","og_description":"La boquilla HV-AS de placa giratoria interna y de tipo abierto est\u00e1 dise\u00f1ada para usarse en sistemas de rociado de agua fijo o de diluvio.","og_url":"https:\/\/anber.es\/web\/producto\/boquilla-hv-as-velocidad-rapida\/","og_site_name":"Anber","og_image":[{"width":1000,"height":1000,"url":"https:\/\/anber.es\/web\/wp-content\/uploads\/2021\/05\/boquilla_HV-AS.png","type":"image\/png"}],"twitter_card":"summary_large_image","twitter_misc":{"Tiempo de lectura":"1 minuto"},"schema":{"@context":"https:\/\/schema.org","@graph":[{"@type":"WebPage","@id":"https:\/\/anber.es\/web\/producto\/boquilla-hv-as-velocidad-rapida\/","url":"https:\/\/anber.es\/web\/producto\/boquilla-hv-as-velocidad-rapida\/","name":"Boquilla modelo HV-AS velocidad r\u00e1pida - Anber","isPartOf":{"@id":"https:\/\/anber.es\/web\/#website"},"datePublished":"2021-05-28T08:13:16+00:00","dateModified":"2021-05-28T08:13:16+00:00","description":"La boquilla HV-AS de placa giratoria interna y de tipo abierto est\u00e1 dise\u00f1ada para usarse en sistemas de rociado de agua fijo o de diluvio.","breadcrumb":{"@id":"https:\/\/anber.es\/web\/producto\/boquilla-hv-as-velocidad-rapida\/#breadcrumb"},"inLanguage":"es","potentialAction":[{"@type":"ReadAction","target":["https:\/\/anber.es\/web\/producto\/boquilla-hv-as-velocidad-rapida\/"]}]},{"@type":"BreadcrumbList","@id":"https:\/\/anber.es\/web\/producto\/boquilla-hv-as-velocidad-rapida\/#breadcrumb","itemListElement":[{"@type":"ListItem","position":1,"name":"Portada","item":"https:\/\/anber.es\/web\/"},{"@type":"ListItem","position":2,"name":"Productos","item":"https:\/\/anber.es\/web\/productos\/"},{"@type":"ListItem","position":3,"name":"Boquilla modelo HV-AS velocidad r\u00e1pida"}]},{"@type":"WebSite","@id":"https:\/\/anber.es\/web\/#website","url":"https:\/\/anber.es\/web\/","name":"Anber","description":"Sistemas de protecci\u00f3n contra incendios","publisher":{"@id":"https:\/\/anber.es\/web\/#organization"},"potentialAction":[{"@type":"SearchAction","target":{"@type":"EntryPoint","urlTemplate":"https:\/\/anber.es\/web\/?s={search_term_string}"},"query-input":"required name=search_term_string"}],"inLanguage":"es"},{"@type":"Organization","@id":"https:\/\/anber.es\/web\/#organization","name":"Anber","url":"https:\/\/anber.es\/web\/","logo":{"@type":"ImageObject","inLanguage":"es","@id":"https:\/\/anber.es\/web\/#\/schema\/logo\/image\/","url":"https:\/\/anber.es\/web\/wp-content\/uploads\/2021\/03\/logo-anber.png","contentUrl":"https:\/\/anber.es\/web\/wp-content\/uploads\/2021\/03\/logo-anber.png","width":2208,"height":500,"caption":"Anber"},"image":{"@id":"https:\/\/anber.es\/web\/#\/schema\/logo\/image\/"}}]}},"_links":{"self":[{"href":"https:\/\/anber.es\/web\/wp-json\/wp\/v2\/product\/3312"}],"collection":[{"href":"https:\/\/anber.es\/web\/wp-json\/wp\/v2\/product"}],"about":[{"href":"https:\/\/anber.es\/web\/wp-json\/wp\/v2\/types\/product"}],"wp:featuredmedia":[{"embeddable":true,"href":"https:\/\/anber.es\/web\/wp-json\/wp\/v2\/media\/3311"}],"wp:attachment":[{"href":"https:\/\/anber.es\/web\/wp-json\/wp\/v2\/media?parent=3312"}],"wp:term":[{"taxonomy":"product_cat","embeddable":true,"href":"https:\/\/anber.es\/web\/wp-json\/wp\/v2\/product_cat?post=3312"},{"taxonomy":"product_tag","embeddable":true,"href":"https:\/\/anber.es\/web\/wp-json\/wp\/v2\/product_tag?post=3312"}],"curies":[{"name":"wp","href":"https:\/\/api.w.org\/{rel}","templated":true}]}}