{"id":3628,"date":"2021-06-09T08:28:44","date_gmt":"2021-06-09T06:28:44","guid":{"rendered":"https:\/\/anber.es\/producto\/rollo-de-teflon\/"},"modified":"2026-03-12T10:45:42","modified_gmt":"2026-03-12T08:45:42","slug":"cinta-de-teflon","status":"publish","type":"product","link":"https:\/\/anber.es\/web\/producto\/cinta-de-teflon\/","title":{"rendered":"Cinta de tefl\u00f3n"},"content":{"rendered":"<p>La <STRONG>cinta de tefl\u00f3n <\/STRONG>(PTFE) es un sellador y lubricante para uniones roscados. Se puede utilizar con pl\u00e1stico, lat\u00f3n, cobre, acero galvanizado, hierro negro y acero inoxidable.<\/p>\n<p>La cinta de tefl\u00f3n no se endurece ni se seca ni se congela, pudi\u00e9ndose utilizar en condiciones extremas.<\/p>\n<p>\u00b7 Superficie antiadherente e impermeable.<br \/>\n\u00b7 Resistente a ataques enzim\u00e1ticos y microbiol\u00f3gicos.<br \/>\n\u00b7 Inerte frente a casi todos los agentes qu\u00edmicos.<br \/>\n\u00b7 Proporciona sellado uniforme.<br \/>\n\u00b7 Resistente a las grietas.<\/p>\n<p>\u00b7 Presi\u00f3n m\u00e1xima de trabajo: <b>30 bar<\/b>.<br \/>\n\u00b7 Temperatura de trabajo: -190 \u00baC a 370 \u00baC.<br \/>\n\u00b7 <b>19 mm de ancho<\/b>.<br \/>\n\u00b7 <b>Rollo de 50 m<\/b>.<\/p>\n<p>Referencia: TZTEFLON.<\/p>\n<p><a href=\"\/web\/wp-content\/uploads\/2026\/03\/Ficha_tenica-cinta_de_teflon.pdf\" target=\"_blank\" rel=\"noopener noreferrer\"><button>Descarga ficha<\/button><\/a><br \/>\n<a class=\"insta-link\" href=\"https:\/\/www.instagram.com\/aqlproteccion\/?hl=es\" target=\"_blank\" rel=\"noopener noreferrer\">Instagram<\/a><\/p>\n","protected":false},"excerpt":{"rendered":"<p>La cinta de tefl\u00f3n (PTFE) es un sellador y lubricante para uniones roscados. Se puede utilizar con pl\u00e1stico, lat\u00f3n, cobre, acero galvanizado, hierro negro y acero inoxidable.<\/p>\n","protected":false},"featured_media":10740,"template":"","meta":[],"product_cat":[132,41],"product_tag":[215],"yoast_head":"<!-- This site is optimized with the Yoast SEO plugin v22.1 - https:\/\/yoast.com\/wordpress\/plugins\/seo\/ -->\n<title>Cinta de tefl\u00f3n - Anber<\/title>\n<meta name=\"description\" content=\"La cinta de tefl\u00f3n (PTFE) es un sellador y lubricante para uniones roscados. Se puede utilizar con pl\u00e1stico, lat\u00f3n, cobre, acero galvanizado...\" \/>\n<meta name=\"robots\" content=\"index, follow, max-snippet:-1, max-image-preview:large, max-video-preview:-1\" \/>\n<link rel=\"canonical\" href=\"https:\/\/anber.es\/web\/producto\/cinta-de-teflon\/\" \/>\n<meta property=\"og:locale\" content=\"es_ES\" \/>\n<meta property=\"og:type\" content=\"article\" \/>\n<meta property=\"og:title\" content=\"Cinta de tefl\u00f3n - Anber\" \/>\n<meta property=\"og:description\" content=\"La cinta de tefl\u00f3n (PTFE) es un sellador y lubricante para uniones roscados. Se puede utilizar con pl\u00e1stico, lat\u00f3n, cobre, acero galvanizado...\" \/>\n<meta property=\"og:url\" content=\"https:\/\/anber.es\/web\/producto\/cinta-de-teflon\/\" \/>\n<meta property=\"og:site_name\" content=\"Anber\" \/>\n<meta property=\"article:modified_time\" content=\"2026-03-12T08:45:42+00:00\" \/>\n<meta property=\"og:image\" content=\"https:\/\/anber.es\/web\/wp-content\/uploads\/2026\/03\/rollo_de_teflon.webp\" \/>\n\t<meta property=\"og:image:width\" content=\"1000\" \/>\n\t<meta property=\"og:image:height\" content=\"1000\" \/>\n\t<meta property=\"og:image:type\" content=\"image\/webp\" \/>\n<meta name=\"twitter:card\" content=\"summary_large_image\" \/>\n<meta name=\"twitter:label1\" content=\"Tiempo de lectura\" \/>\n\t<meta name=\"twitter:data1\" content=\"1 minuto\" \/>\n<script type=\"application\/ld+json\" class=\"yoast-schema-graph\">{\"@context\":\"https:\/\/schema.org\",\"@graph\":[{\"@type\":\"WebPage\",\"@id\":\"https:\/\/anber.es\/web\/producto\/cinta-de-teflon\/\",\"url\":\"https:\/\/anber.es\/web\/producto\/cinta-de-teflon\/\",\"name\":\"Cinta de tefl\u00f3n - Anber\",\"isPartOf\":{\"@id\":\"https:\/\/anber.es\/web\/#website\"},\"datePublished\":\"2021-06-09T06:28:44+00:00\",\"dateModified\":\"2026-03-12T08:45:42+00:00\",\"description\":\"La cinta de tefl\u00f3n (PTFE) es un sellador y lubricante para uniones roscados. Se puede utilizar con pl\u00e1stico, lat\u00f3n, cobre, acero galvanizado...\",\"breadcrumb\":{\"@id\":\"https:\/\/anber.es\/web\/producto\/cinta-de-teflon\/#breadcrumb\"},\"inLanguage\":\"es\",\"potentialAction\":[{\"@type\":\"ReadAction\",\"target\":[\"https:\/\/anber.es\/web\/producto\/cinta-de-teflon\/\"]}]},{\"@type\":\"BreadcrumbList\",\"@id\":\"https:\/\/anber.es\/web\/producto\/cinta-de-teflon\/#breadcrumb\",\"itemListElement\":[{\"@type\":\"ListItem\",\"position\":1,\"name\":\"Portada\",\"item\":\"https:\/\/anber.es\/web\/\"},{\"@type\":\"ListItem\",\"position\":2,\"name\":\"Productos\",\"item\":\"https:\/\/anber.es\/web\/productos\/\"},{\"@type\":\"ListItem\",\"position\":3,\"name\":\"Cinta de tefl\u00f3n\"}]},{\"@type\":\"WebSite\",\"@id\":\"https:\/\/anber.es\/web\/#website\",\"url\":\"https:\/\/anber.es\/web\/\",\"name\":\"Anber\",\"description\":\"Sistemas de protecci\u00f3n contra incendios\",\"publisher\":{\"@id\":\"https:\/\/anber.es\/web\/#organization\"},\"potentialAction\":[{\"@type\":\"SearchAction\",\"target\":{\"@type\":\"EntryPoint\",\"urlTemplate\":\"https:\/\/anber.es\/web\/?s={search_term_string}\"},\"query-input\":\"required name=search_term_string\"}],\"inLanguage\":\"es\"},{\"@type\":\"Organization\",\"@id\":\"https:\/\/anber.es\/web\/#organization\",\"name\":\"Anber\",\"url\":\"https:\/\/anber.es\/web\/\",\"logo\":{\"@type\":\"ImageObject\",\"inLanguage\":\"es\",\"@id\":\"https:\/\/anber.es\/web\/#\/schema\/logo\/image\/\",\"url\":\"https:\/\/anber.es\/web\/wp-content\/uploads\/2021\/03\/logo-anber.png\",\"contentUrl\":\"https:\/\/anber.es\/web\/wp-content\/uploads\/2021\/03\/logo-anber.png\",\"width\":2208,\"height\":500,\"caption\":\"Anber\"},\"image\":{\"@id\":\"https:\/\/anber.es\/web\/#\/schema\/logo\/image\/\"}}]}<\/script>\n<!-- \/ Yoast SEO plugin. -->","yoast_head_json":{"title":"Cinta de tefl\u00f3n - Anber","description":"La cinta de tefl\u00f3n (PTFE) es un sellador y lubricante para uniones roscados. Se puede utilizar con pl\u00e1stico, lat\u00f3n, cobre, acero galvanizado...","robots":{"index":"index","follow":"follow","max-snippet":"max-snippet:-1","max-image-preview":"max-image-preview:large","max-video-preview":"max-video-preview:-1"},"canonical":"https:\/\/anber.es\/web\/producto\/cinta-de-teflon\/","og_locale":"es_ES","og_type":"article","og_title":"Cinta de tefl\u00f3n - Anber","og_description":"La cinta de tefl\u00f3n (PTFE) es un sellador y lubricante para uniones roscados. Se puede utilizar con pl\u00e1stico, lat\u00f3n, cobre, acero galvanizado...","og_url":"https:\/\/anber.es\/web\/producto\/cinta-de-teflon\/","og_site_name":"Anber","article_modified_time":"2026-03-12T08:45:42+00:00","og_image":[{"width":1000,"height":1000,"url":"https:\/\/anber.es\/web\/wp-content\/uploads\/2026\/03\/rollo_de_teflon.webp","type":"image\/webp"}],"twitter_card":"summary_large_image","twitter_misc":{"Tiempo de lectura":"1 minuto"},"schema":{"@context":"https:\/\/schema.org","@graph":[{"@type":"WebPage","@id":"https:\/\/anber.es\/web\/producto\/cinta-de-teflon\/","url":"https:\/\/anber.es\/web\/producto\/cinta-de-teflon\/","name":"Cinta de tefl\u00f3n - Anber","isPartOf":{"@id":"https:\/\/anber.es\/web\/#website"},"datePublished":"2021-06-09T06:28:44+00:00","dateModified":"2026-03-12T08:45:42+00:00","description":"La cinta de tefl\u00f3n (PTFE) es un sellador y lubricante para uniones roscados. Se puede utilizar con pl\u00e1stico, lat\u00f3n, cobre, acero galvanizado...","breadcrumb":{"@id":"https:\/\/anber.es\/web\/producto\/cinta-de-teflon\/#breadcrumb"},"inLanguage":"es","potentialAction":[{"@type":"ReadAction","target":["https:\/\/anber.es\/web\/producto\/cinta-de-teflon\/"]}]},{"@type":"BreadcrumbList","@id":"https:\/\/anber.es\/web\/producto\/cinta-de-teflon\/#breadcrumb","itemListElement":[{"@type":"ListItem","position":1,"name":"Portada","item":"https:\/\/anber.es\/web\/"},{"@type":"ListItem","position":2,"name":"Productos","item":"https:\/\/anber.es\/web\/productos\/"},{"@type":"ListItem","position":3,"name":"Cinta de tefl\u00f3n"}]},{"@type":"WebSite","@id":"https:\/\/anber.es\/web\/#website","url":"https:\/\/anber.es\/web\/","name":"Anber","description":"Sistemas de protecci\u00f3n contra incendios","publisher":{"@id":"https:\/\/anber.es\/web\/#organization"},"potentialAction":[{"@type":"SearchAction","target":{"@type":"EntryPoint","urlTemplate":"https:\/\/anber.es\/web\/?s={search_term_string}"},"query-input":"required name=search_term_string"}],"inLanguage":"es"},{"@type":"Organization","@id":"https:\/\/anber.es\/web\/#organization","name":"Anber","url":"https:\/\/anber.es\/web\/","logo":{"@type":"ImageObject","inLanguage":"es","@id":"https:\/\/anber.es\/web\/#\/schema\/logo\/image\/","url":"https:\/\/anber.es\/web\/wp-content\/uploads\/2021\/03\/logo-anber.png","contentUrl":"https:\/\/anber.es\/web\/wp-content\/uploads\/2021\/03\/logo-anber.png","width":2208,"height":500,"caption":"Anber"},"image":{"@id":"https:\/\/anber.es\/web\/#\/schema\/logo\/image\/"}}]}},"_links":{"self":[{"href":"https:\/\/anber.es\/web\/wp-json\/wp\/v2\/product\/3628"}],"collection":[{"href":"https:\/\/anber.es\/web\/wp-json\/wp\/v2\/product"}],"about":[{"href":"https:\/\/anber.es\/web\/wp-json\/wp\/v2\/types\/product"}],"wp:featuredmedia":[{"embeddable":true,"href":"https:\/\/anber.es\/web\/wp-json\/wp\/v2\/media\/10740"}],"wp:attachment":[{"href":"https:\/\/anber.es\/web\/wp-json\/wp\/v2\/media?parent=3628"}],"wp:term":[{"taxonomy":"product_cat","embeddable":true,"href":"https:\/\/anber.es\/web\/wp-json\/wp\/v2\/product_cat?post=3628"},{"taxonomy":"product_tag","embeddable":true,"href":"https:\/\/anber.es\/web\/wp-json\/wp\/v2\/product_tag?post=3628"}],"curies":[{"name":"wp","href":"https:\/\/api.w.org\/{rel}","templated":true}]}}