{"id":3648,"date":"2021-06-09T10:48:20","date_gmt":"2021-06-09T08:48:20","guid":{"rendered":"https:\/\/anber.es\/producto\/software-grafico-ockular\/"},"modified":"2024-12-23T11:15:28","modified_gmt":"2024-12-23T09:15:28","slug":"software-grafico-lti-view","status":"publish","type":"product","link":"https:\/\/anber.es\/web\/producto\/software-grafico-lti-view\/","title":{"rendered":"Software gr\u00e1fico L@ti-View"},"content":{"rendered":"<p>El<STRONG> software gr\u00e1fico L@ti-View<\/STRONG> una soluci\u00f3n de software potente y sofisticado que ofrece a los administradores de edificios una supervisi\u00f3n y un control completo de la detecci\u00f3n de incendios, proporcionando un sistema integral de gesti\u00f3n de incidentes y riesgos de incendios.<\/p>\n<p>Cuando el tiempo es esencial, los administradores del sitio pueden <STRONG>responder de manera r\u00e1pida y eficiente a un incendio<\/STRONG>. Este Software gr\u00e1fico juega un papel crucial en la protecci\u00f3n de las personas, la informaci\u00f3n y la propiedad de vital importancia.<\/p>\n<p>Sirve para controlar las <STRONG>centrales L@atitude y Syncro<\/STRONG>.<\/p>\n<p>Referencia: DALHLLE20040.<\/p>\n<p><a href=\"\/web\/wp-content\/uploads\/2024\/12\/Ficha_tecnica-software_grafico_para_controlas_centrales_Latitude_Y_Syncro.pdf\" target=\"_blank\" rel=\"noopener noreferrer\"><button>Descarga ficha<\/button><\/a><br \/>\n<a class=\"insta-link\" href=\"https:\/\/www.instagram.com\/aqlproteccion\/?hl=es\" target=\"_blank\" rel=\"noopener noreferrer\">Instagram<\/a><\/p>\n","protected":false},"excerpt":{"rendered":"<p>El Software gr\u00e1fico L@ti-View es una soluci\u00f3n de software potente y sofisticado que ofrece a los administradores de edificios una supervisi\u00f3n y un control completo de la detecci\u00f3n de incendios.<\/p>\n","protected":false},"featured_media":9630,"template":"","meta":[],"product_cat":[48,143,23],"product_tag":[],"yoast_head":"<!-- This site is optimized with the Yoast SEO plugin v22.1 - https:\/\/yoast.com\/wordpress\/plugins\/seo\/ -->\n<title>Software gr\u00e1fico L@ti-View - Anber<\/title>\n<meta name=\"description\" content=\"El Software gr\u00e1fico L@ti-View es un software potente y sofisticado que ofrece una supervisi\u00f3n y un control de la detecci\u00f3n de incendios.\" \/>\n<meta name=\"robots\" content=\"index, follow, max-snippet:-1, max-image-preview:large, max-video-preview:-1\" \/>\n<link rel=\"canonical\" href=\"https:\/\/anber.es\/web\/producto\/software-grafico-lti-view\/\" \/>\n<meta property=\"og:locale\" content=\"es_ES\" \/>\n<meta property=\"og:type\" content=\"article\" \/>\n<meta property=\"og:title\" content=\"Software gr\u00e1fico L@ti-View - Anber\" \/>\n<meta property=\"og:description\" content=\"El Software gr\u00e1fico L@ti-View es un software potente y sofisticado que ofrece una supervisi\u00f3n y un control de la detecci\u00f3n de incendios.\" \/>\n<meta property=\"og:url\" content=\"https:\/\/anber.es\/web\/producto\/software-grafico-lti-view\/\" \/>\n<meta property=\"og:site_name\" content=\"Anber\" \/>\n<meta property=\"article:modified_time\" content=\"2024-12-23T09:15:28+00:00\" \/>\n<meta property=\"og:image\" content=\"https:\/\/anber.es\/web\/wp-content\/uploads\/2024\/12\/software_grafico_centrales_latitude_y_Syncro.webp\" \/>\n\t<meta property=\"og:image:width\" content=\"1000\" \/>\n\t<meta property=\"og:image:height\" content=\"1000\" \/>\n\t<meta property=\"og:image:type\" content=\"image\/webp\" \/>\n<meta name=\"twitter:card\" content=\"summary_large_image\" \/>\n<meta name=\"twitter:label1\" content=\"Tiempo de lectura\" \/>\n\t<meta name=\"twitter:data1\" content=\"1 minuto\" \/>\n<script type=\"application\/ld+json\" class=\"yoast-schema-graph\">{\"@context\":\"https:\/\/schema.org\",\"@graph\":[{\"@type\":\"WebPage\",\"@id\":\"https:\/\/anber.es\/web\/producto\/software-grafico-lti-view\/\",\"url\":\"https:\/\/anber.es\/web\/producto\/software-grafico-lti-view\/\",\"name\":\"Software gr\u00e1fico L@ti-View - Anber\",\"isPartOf\":{\"@id\":\"https:\/\/anber.es\/web\/#website\"},\"datePublished\":\"2021-06-09T08:48:20+00:00\",\"dateModified\":\"2024-12-23T09:15:28+00:00\",\"description\":\"El Software gr\u00e1fico L@ti-View es un software potente y sofisticado que ofrece una supervisi\u00f3n y un control de la detecci\u00f3n de incendios.\",\"breadcrumb\":{\"@id\":\"https:\/\/anber.es\/web\/producto\/software-grafico-lti-view\/#breadcrumb\"},\"inLanguage\":\"es\",\"potentialAction\":[{\"@type\":\"ReadAction\",\"target\":[\"https:\/\/anber.es\/web\/producto\/software-grafico-lti-view\/\"]}]},{\"@type\":\"BreadcrumbList\",\"@id\":\"https:\/\/anber.es\/web\/producto\/software-grafico-lti-view\/#breadcrumb\",\"itemListElement\":[{\"@type\":\"ListItem\",\"position\":1,\"name\":\"Portada\",\"item\":\"https:\/\/anber.es\/web\/\"},{\"@type\":\"ListItem\",\"position\":2,\"name\":\"Productos\",\"item\":\"https:\/\/anber.es\/web\/productos\/\"},{\"@type\":\"ListItem\",\"position\":3,\"name\":\"Software gr\u00e1fico L@ti-View\"}]},{\"@type\":\"WebSite\",\"@id\":\"https:\/\/anber.es\/web\/#website\",\"url\":\"https:\/\/anber.es\/web\/\",\"name\":\"Anber\",\"description\":\"Sistemas de protecci\u00f3n contra incendios\",\"publisher\":{\"@id\":\"https:\/\/anber.es\/web\/#organization\"},\"potentialAction\":[{\"@type\":\"SearchAction\",\"target\":{\"@type\":\"EntryPoint\",\"urlTemplate\":\"https:\/\/anber.es\/web\/?s={search_term_string}\"},\"query-input\":\"required name=search_term_string\"}],\"inLanguage\":\"es\"},{\"@type\":\"Organization\",\"@id\":\"https:\/\/anber.es\/web\/#organization\",\"name\":\"Anber\",\"url\":\"https:\/\/anber.es\/web\/\",\"logo\":{\"@type\":\"ImageObject\",\"inLanguage\":\"es\",\"@id\":\"https:\/\/anber.es\/web\/#\/schema\/logo\/image\/\",\"url\":\"https:\/\/anber.es\/web\/wp-content\/uploads\/2021\/03\/logo-anber.png\",\"contentUrl\":\"https:\/\/anber.es\/web\/wp-content\/uploads\/2021\/03\/logo-anber.png\",\"width\":2208,\"height\":500,\"caption\":\"Anber\"},\"image\":{\"@id\":\"https:\/\/anber.es\/web\/#\/schema\/logo\/image\/\"}}]}<\/script>\n<!-- \/ Yoast SEO plugin. -->","yoast_head_json":{"title":"Software gr\u00e1fico L@ti-View - Anber","description":"El Software gr\u00e1fico L@ti-View es un software potente y sofisticado que ofrece una supervisi\u00f3n y un control de la detecci\u00f3n de incendios.","robots":{"index":"index","follow":"follow","max-snippet":"max-snippet:-1","max-image-preview":"max-image-preview:large","max-video-preview":"max-video-preview:-1"},"canonical":"https:\/\/anber.es\/web\/producto\/software-grafico-lti-view\/","og_locale":"es_ES","og_type":"article","og_title":"Software gr\u00e1fico L@ti-View - Anber","og_description":"El Software gr\u00e1fico L@ti-View es un software potente y sofisticado que ofrece una supervisi\u00f3n y un control de la detecci\u00f3n de incendios.","og_url":"https:\/\/anber.es\/web\/producto\/software-grafico-lti-view\/","og_site_name":"Anber","article_modified_time":"2024-12-23T09:15:28+00:00","og_image":[{"width":1000,"height":1000,"url":"https:\/\/anber.es\/web\/wp-content\/uploads\/2024\/12\/software_grafico_centrales_latitude_y_Syncro.webp","type":"image\/webp"}],"twitter_card":"summary_large_image","twitter_misc":{"Tiempo de lectura":"1 minuto"},"schema":{"@context":"https:\/\/schema.org","@graph":[{"@type":"WebPage","@id":"https:\/\/anber.es\/web\/producto\/software-grafico-lti-view\/","url":"https:\/\/anber.es\/web\/producto\/software-grafico-lti-view\/","name":"Software gr\u00e1fico L@ti-View - Anber","isPartOf":{"@id":"https:\/\/anber.es\/web\/#website"},"datePublished":"2021-06-09T08:48:20+00:00","dateModified":"2024-12-23T09:15:28+00:00","description":"El Software gr\u00e1fico L@ti-View es un software potente y sofisticado que ofrece una supervisi\u00f3n y un control de la detecci\u00f3n de incendios.","breadcrumb":{"@id":"https:\/\/anber.es\/web\/producto\/software-grafico-lti-view\/#breadcrumb"},"inLanguage":"es","potentialAction":[{"@type":"ReadAction","target":["https:\/\/anber.es\/web\/producto\/software-grafico-lti-view\/"]}]},{"@type":"BreadcrumbList","@id":"https:\/\/anber.es\/web\/producto\/software-grafico-lti-view\/#breadcrumb","itemListElement":[{"@type":"ListItem","position":1,"name":"Portada","item":"https:\/\/anber.es\/web\/"},{"@type":"ListItem","position":2,"name":"Productos","item":"https:\/\/anber.es\/web\/productos\/"},{"@type":"ListItem","position":3,"name":"Software gr\u00e1fico L@ti-View"}]},{"@type":"WebSite","@id":"https:\/\/anber.es\/web\/#website","url":"https:\/\/anber.es\/web\/","name":"Anber","description":"Sistemas de protecci\u00f3n contra incendios","publisher":{"@id":"https:\/\/anber.es\/web\/#organization"},"potentialAction":[{"@type":"SearchAction","target":{"@type":"EntryPoint","urlTemplate":"https:\/\/anber.es\/web\/?s={search_term_string}"},"query-input":"required name=search_term_string"}],"inLanguage":"es"},{"@type":"Organization","@id":"https:\/\/anber.es\/web\/#organization","name":"Anber","url":"https:\/\/anber.es\/web\/","logo":{"@type":"ImageObject","inLanguage":"es","@id":"https:\/\/anber.es\/web\/#\/schema\/logo\/image\/","url":"https:\/\/anber.es\/web\/wp-content\/uploads\/2021\/03\/logo-anber.png","contentUrl":"https:\/\/anber.es\/web\/wp-content\/uploads\/2021\/03\/logo-anber.png","width":2208,"height":500,"caption":"Anber"},"image":{"@id":"https:\/\/anber.es\/web\/#\/schema\/logo\/image\/"}}]}},"_links":{"self":[{"href":"https:\/\/anber.es\/web\/wp-json\/wp\/v2\/product\/3648"}],"collection":[{"href":"https:\/\/anber.es\/web\/wp-json\/wp\/v2\/product"}],"about":[{"href":"https:\/\/anber.es\/web\/wp-json\/wp\/v2\/types\/product"}],"wp:featuredmedia":[{"embeddable":true,"href":"https:\/\/anber.es\/web\/wp-json\/wp\/v2\/media\/9630"}],"wp:attachment":[{"href":"https:\/\/anber.es\/web\/wp-json\/wp\/v2\/media?parent=3648"}],"wp:term":[{"taxonomy":"product_cat","embeddable":true,"href":"https:\/\/anber.es\/web\/wp-json\/wp\/v2\/product_cat?post=3648"},{"taxonomy":"product_tag","embeddable":true,"href":"https:\/\/anber.es\/web\/wp-json\/wp\/v2\/product_tag?post=3648"}],"curies":[{"name":"wp","href":"https:\/\/api.w.org\/{rel}","templated":true}]}}