{"id":3676,"date":"2021-06-09T13:24:07","date_gmt":"2021-06-09T11:24:07","guid":{"rendered":"https:\/\/anber.es\/producto\/tubo-de-pasta-para-canamo\/"},"modified":"2026-03-12T10:18:43","modified_gmt":"2026-03-12T08:18:43","slug":"tubo-de-pasta-para-canamo","status":"publish","type":"product","link":"https:\/\/anber.es\/web\/producto\/tubo-de-pasta-para-canamo\/","title":{"rendered":"Tubo de pasta para c\u00e1\u00f1amo"},"content":{"rendered":"<p>El <strong>bote de pasta para c\u00e1\u00f1amo <\/strong>es un sellador en pasta que no endurece para sellar uniones roscadas en metales.<\/p>\n<p>Cumple con los requisitos de la norma <b>EN 751-2<\/b>. Apta para clases A y ARp.<\/p>\n<p>\u00b7 Peso espec\u00edfico: 1,42 g\/cm<sup>3<\/sup>.<br \/>\n\u00b7 Temperatura para agua: -35 \u00baC a 130 \u00baC.<br \/>\n\u00b7 Temperatura para gas o vapor: 20 \u00baC a 70 \u00baC.<\/p>\n<p>Disponible en tubo de <b>100 g<\/b>.<\/p>\n<p>Referencia: TZCA\u00d1AMOT100.<\/p>\n<p><a href=\"\/web\/wp-content\/uploads\/2026\/03\/Ficha_tecnica-pasta_para_canamo.pdf\" target=\"_blank\" rel=\"noopener noreferrer\"><button>Descarga ficha<\/button><\/a><br \/>\n<a class=\"insta-link\" href=\"https:\/\/www.instagram.com\/aqlproteccion\/?hl=es\" target=\"_blank\" rel=\"noopener noreferrer\">Instagram<\/a><\/p>\n","protected":false},"excerpt":{"rendered":"<p>El tubo de pasta para c\u00e1\u00f1amo es un sellador en pasta que no endurece para sellar uniones roscadas en metales. Peso espec\u00edfico: 1,42 g\/cm3.<\/p>\n","protected":false},"featured_media":8171,"template":"","meta":[],"product_cat":[132,41],"product_tag":[215],"yoast_head":"<!-- This site is optimized with the Yoast SEO plugin v22.1 - https:\/\/yoast.com\/wordpress\/plugins\/seo\/ -->\n<title>Tubo de pasta para c\u00e1\u00f1amo - Anber<\/title>\n<meta name=\"description\" content=\"El tubo de pasta para c\u00e1\u00f1amo es un sellador en pasta que no endurece para sellar uniones roscadas en metales. Peso espec\u00edfico: 1,42 g\/cm3.\" \/>\n<meta name=\"robots\" content=\"index, follow, max-snippet:-1, max-image-preview:large, max-video-preview:-1\" \/>\n<link rel=\"canonical\" href=\"https:\/\/anber.es\/web\/producto\/tubo-de-pasta-para-canamo\/\" \/>\n<meta property=\"og:locale\" content=\"es_ES\" \/>\n<meta property=\"og:type\" content=\"article\" \/>\n<meta property=\"og:title\" content=\"Tubo de pasta para c\u00e1\u00f1amo - Anber\" \/>\n<meta property=\"og:description\" content=\"El tubo de pasta para c\u00e1\u00f1amo es un sellador en pasta que no endurece para sellar uniones roscadas en metales. Peso espec\u00edfico: 1,42 g\/cm3.\" \/>\n<meta property=\"og:url\" content=\"https:\/\/anber.es\/web\/producto\/tubo-de-pasta-para-canamo\/\" \/>\n<meta property=\"og:site_name\" content=\"Anber\" \/>\n<meta property=\"article:modified_time\" content=\"2026-03-12T08:18:43+00:00\" \/>\n<meta property=\"og:image\" content=\"https:\/\/anber.es\/web\/wp-content\/uploads\/2023\/04\/tubo_pasta_para_canamo.webp\" \/>\n\t<meta property=\"og:image:width\" content=\"1000\" \/>\n\t<meta property=\"og:image:height\" content=\"1000\" \/>\n\t<meta property=\"og:image:type\" content=\"image\/webp\" \/>\n<meta name=\"twitter:card\" content=\"summary_large_image\" \/>\n<meta name=\"twitter:label1\" content=\"Tiempo de lectura\" \/>\n\t<meta name=\"twitter:data1\" content=\"1 minuto\" \/>\n<script type=\"application\/ld+json\" class=\"yoast-schema-graph\">{\"@context\":\"https:\/\/schema.org\",\"@graph\":[{\"@type\":\"WebPage\",\"@id\":\"https:\/\/anber.es\/web\/producto\/tubo-de-pasta-para-canamo\/\",\"url\":\"https:\/\/anber.es\/web\/producto\/tubo-de-pasta-para-canamo\/\",\"name\":\"Tubo de pasta para c\u00e1\u00f1amo - Anber\",\"isPartOf\":{\"@id\":\"https:\/\/anber.es\/web\/#website\"},\"datePublished\":\"2021-06-09T11:24:07+00:00\",\"dateModified\":\"2026-03-12T08:18:43+00:00\",\"description\":\"El tubo de pasta para c\u00e1\u00f1amo es un sellador en pasta que no endurece para sellar uniones roscadas en metales. Peso espec\u00edfico: 1,42 g\/cm3.\",\"breadcrumb\":{\"@id\":\"https:\/\/anber.es\/web\/producto\/tubo-de-pasta-para-canamo\/#breadcrumb\"},\"inLanguage\":\"es\",\"potentialAction\":[{\"@type\":\"ReadAction\",\"target\":[\"https:\/\/anber.es\/web\/producto\/tubo-de-pasta-para-canamo\/\"]}]},{\"@type\":\"BreadcrumbList\",\"@id\":\"https:\/\/anber.es\/web\/producto\/tubo-de-pasta-para-canamo\/#breadcrumb\",\"itemListElement\":[{\"@type\":\"ListItem\",\"position\":1,\"name\":\"Portada\",\"item\":\"https:\/\/anber.es\/web\/\"},{\"@type\":\"ListItem\",\"position\":2,\"name\":\"Productos\",\"item\":\"https:\/\/anber.es\/web\/productos\/\"},{\"@type\":\"ListItem\",\"position\":3,\"name\":\"Tubo de pasta para c\u00e1\u00f1amo\"}]},{\"@type\":\"WebSite\",\"@id\":\"https:\/\/anber.es\/web\/#website\",\"url\":\"https:\/\/anber.es\/web\/\",\"name\":\"Anber\",\"description\":\"Sistemas de protecci\u00f3n contra incendios\",\"publisher\":{\"@id\":\"https:\/\/anber.es\/web\/#organization\"},\"potentialAction\":[{\"@type\":\"SearchAction\",\"target\":{\"@type\":\"EntryPoint\",\"urlTemplate\":\"https:\/\/anber.es\/web\/?s={search_term_string}\"},\"query-input\":\"required name=search_term_string\"}],\"inLanguage\":\"es\"},{\"@type\":\"Organization\",\"@id\":\"https:\/\/anber.es\/web\/#organization\",\"name\":\"Anber\",\"url\":\"https:\/\/anber.es\/web\/\",\"logo\":{\"@type\":\"ImageObject\",\"inLanguage\":\"es\",\"@id\":\"https:\/\/anber.es\/web\/#\/schema\/logo\/image\/\",\"url\":\"https:\/\/anber.es\/web\/wp-content\/uploads\/2021\/03\/logo-anber.png\",\"contentUrl\":\"https:\/\/anber.es\/web\/wp-content\/uploads\/2021\/03\/logo-anber.png\",\"width\":2208,\"height\":500,\"caption\":\"Anber\"},\"image\":{\"@id\":\"https:\/\/anber.es\/web\/#\/schema\/logo\/image\/\"}}]}<\/script>\n<!-- \/ Yoast SEO plugin. -->","yoast_head_json":{"title":"Tubo de pasta para c\u00e1\u00f1amo - Anber","description":"El tubo de pasta para c\u00e1\u00f1amo es un sellador en pasta que no endurece para sellar uniones roscadas en metales. Peso espec\u00edfico: 1,42 g\/cm3.","robots":{"index":"index","follow":"follow","max-snippet":"max-snippet:-1","max-image-preview":"max-image-preview:large","max-video-preview":"max-video-preview:-1"},"canonical":"https:\/\/anber.es\/web\/producto\/tubo-de-pasta-para-canamo\/","og_locale":"es_ES","og_type":"article","og_title":"Tubo de pasta para c\u00e1\u00f1amo - Anber","og_description":"El tubo de pasta para c\u00e1\u00f1amo es un sellador en pasta que no endurece para sellar uniones roscadas en metales. Peso espec\u00edfico: 1,42 g\/cm3.","og_url":"https:\/\/anber.es\/web\/producto\/tubo-de-pasta-para-canamo\/","og_site_name":"Anber","article_modified_time":"2026-03-12T08:18:43+00:00","og_image":[{"width":1000,"height":1000,"url":"https:\/\/anber.es\/web\/wp-content\/uploads\/2023\/04\/tubo_pasta_para_canamo.webp","type":"image\/webp"}],"twitter_card":"summary_large_image","twitter_misc":{"Tiempo de lectura":"1 minuto"},"schema":{"@context":"https:\/\/schema.org","@graph":[{"@type":"WebPage","@id":"https:\/\/anber.es\/web\/producto\/tubo-de-pasta-para-canamo\/","url":"https:\/\/anber.es\/web\/producto\/tubo-de-pasta-para-canamo\/","name":"Tubo de pasta para c\u00e1\u00f1amo - Anber","isPartOf":{"@id":"https:\/\/anber.es\/web\/#website"},"datePublished":"2021-06-09T11:24:07+00:00","dateModified":"2026-03-12T08:18:43+00:00","description":"El tubo de pasta para c\u00e1\u00f1amo es un sellador en pasta que no endurece para sellar uniones roscadas en metales. Peso espec\u00edfico: 1,42 g\/cm3.","breadcrumb":{"@id":"https:\/\/anber.es\/web\/producto\/tubo-de-pasta-para-canamo\/#breadcrumb"},"inLanguage":"es","potentialAction":[{"@type":"ReadAction","target":["https:\/\/anber.es\/web\/producto\/tubo-de-pasta-para-canamo\/"]}]},{"@type":"BreadcrumbList","@id":"https:\/\/anber.es\/web\/producto\/tubo-de-pasta-para-canamo\/#breadcrumb","itemListElement":[{"@type":"ListItem","position":1,"name":"Portada","item":"https:\/\/anber.es\/web\/"},{"@type":"ListItem","position":2,"name":"Productos","item":"https:\/\/anber.es\/web\/productos\/"},{"@type":"ListItem","position":3,"name":"Tubo de pasta para c\u00e1\u00f1amo"}]},{"@type":"WebSite","@id":"https:\/\/anber.es\/web\/#website","url":"https:\/\/anber.es\/web\/","name":"Anber","description":"Sistemas de protecci\u00f3n contra incendios","publisher":{"@id":"https:\/\/anber.es\/web\/#organization"},"potentialAction":[{"@type":"SearchAction","target":{"@type":"EntryPoint","urlTemplate":"https:\/\/anber.es\/web\/?s={search_term_string}"},"query-input":"required name=search_term_string"}],"inLanguage":"es"},{"@type":"Organization","@id":"https:\/\/anber.es\/web\/#organization","name":"Anber","url":"https:\/\/anber.es\/web\/","logo":{"@type":"ImageObject","inLanguage":"es","@id":"https:\/\/anber.es\/web\/#\/schema\/logo\/image\/","url":"https:\/\/anber.es\/web\/wp-content\/uploads\/2021\/03\/logo-anber.png","contentUrl":"https:\/\/anber.es\/web\/wp-content\/uploads\/2021\/03\/logo-anber.png","width":2208,"height":500,"caption":"Anber"},"image":{"@id":"https:\/\/anber.es\/web\/#\/schema\/logo\/image\/"}}]}},"_links":{"self":[{"href":"https:\/\/anber.es\/web\/wp-json\/wp\/v2\/product\/3676"}],"collection":[{"href":"https:\/\/anber.es\/web\/wp-json\/wp\/v2\/product"}],"about":[{"href":"https:\/\/anber.es\/web\/wp-json\/wp\/v2\/types\/product"}],"wp:featuredmedia":[{"embeddable":true,"href":"https:\/\/anber.es\/web\/wp-json\/wp\/v2\/media\/8171"}],"wp:attachment":[{"href":"https:\/\/anber.es\/web\/wp-json\/wp\/v2\/media?parent=3676"}],"wp:term":[{"taxonomy":"product_cat","embeddable":true,"href":"https:\/\/anber.es\/web\/wp-json\/wp\/v2\/product_cat?post=3676"},{"taxonomy":"product_tag","embeddable":true,"href":"https:\/\/anber.es\/web\/wp-json\/wp\/v2\/product_tag?post=3676"}],"curies":[{"name":"wp","href":"https:\/\/api.w.org\/{rel}","templated":true}]}}