{"id":3708,"date":"2021-06-09T15:41:18","date_gmt":"2021-06-09T13:41:18","guid":{"rendered":"https:\/\/anber.es\/producto\/valvula-de-nivel-no-diferencial-pn16\/"},"modified":"2024-11-14T09:40:51","modified_gmt":"2024-11-14T07:40:51","slug":"valvula-de-nivel-no-diferencial-pn16","status":"publish","type":"product","link":"https:\/\/anber.es\/web\/producto\/valvula-de-nivel-no-diferencial-pn16\/","title":{"rendered":"V\u00e1lvula de nivel no diferencial PN16"},"content":{"rendered":"<p>La <strong>v\u00e1lvula de nivel no diferencial<\/strong> consta de una v\u00e1lvula de control junto con el pilo 70-400.<\/p>\n<p>La <strong>v\u00e1lvula de control de nivel<\/strong> de dep\u00f3sito permite gobernar el llenado de agua de dep\u00f3sitos, abriendo la v\u00e1lvula cuando se detecta que el dep\u00f3sito no est\u00e1 lleno y cerr\u00e1ndola cuando el nivel llega al m\u00e1ximo prefijado. <\/p>\n<p>El <strong>piloto 70-400 <\/strong>modulante de flotaci\u00f3n de 2 v\u00edas, est\u00e1 dise\u00f1ado para el control de las v\u00e1lvulas de control de nivel constante.<\/p>\n<p>Referencia: VLCNDGAL.<\/p>\n<p><a href=\"\/web\/wp-content\/uploads\/2024\/11\/Ficha_tecnica-valvula_de_nivel_NO_diferencial_PN16.pdf\" target=\"_blank\" rel=\"noopener noreferrer\"><button>Descarga ficha<\/button><\/a><br \/>\n<a class=\"insta-link\" href=\"https:\/\/www.instagram.com\/aqlproteccion\/?hl=es\" target=\"_blank\" rel=\"noopener noreferrer\">Instagram<\/a><\/p>\n","protected":false},"excerpt":{"rendered":"<p>La v\u00e1lvula de nivel no diferencial consta de una v\u00e1lvula de control junto con el pilo 70-400.  Permite gobernar el llenado de agua de dep\u00f3sitos.<\/p>\n","protected":false},"featured_media":9394,"template":"","meta":[],"product_cat":[45,141],"product_tag":[215],"yoast_head":"<!-- This site is optimized with the Yoast SEO plugin v22.1 - https:\/\/yoast.com\/wordpress\/plugins\/seo\/ -->\n<title>V\u00e1lvula de nivel no diferencial PN16 - Anber<\/title>\n<meta name=\"description\" content=\"La v\u00e1lvula de nivel no diferencial consta de una v\u00e1lvula de control junto con el pilo 70-400. Permite gobernar el llenado de agua de dep\u00f3sitos\" \/>\n<meta name=\"robots\" content=\"index, follow, max-snippet:-1, max-image-preview:large, max-video-preview:-1\" \/>\n<link rel=\"canonical\" href=\"https:\/\/anber.es\/web\/producto\/valvula-de-nivel-no-diferencial-pn16\/\" \/>\n<meta property=\"og:locale\" content=\"es_ES\" \/>\n<meta property=\"og:type\" content=\"article\" \/>\n<meta property=\"og:title\" content=\"V\u00e1lvula de nivel no diferencial PN16 - Anber\" \/>\n<meta property=\"og:description\" content=\"La v\u00e1lvula de nivel no diferencial consta de una v\u00e1lvula de control junto con el pilo 70-400. Permite gobernar el llenado de agua de dep\u00f3sitos\" \/>\n<meta property=\"og:url\" content=\"https:\/\/anber.es\/web\/producto\/valvula-de-nivel-no-diferencial-pn16\/\" \/>\n<meta property=\"og:site_name\" content=\"Anber\" \/>\n<meta property=\"article:modified_time\" content=\"2024-11-14T07:40:51+00:00\" \/>\n<meta property=\"og:image\" content=\"https:\/\/anber.es\/web\/wp-content\/uploads\/2024\/05\/valvula_de_nivel_NO_diferencial_PN16.webp\" \/>\n\t<meta property=\"og:image:width\" content=\"1000\" \/>\n\t<meta property=\"og:image:height\" content=\"1000\" \/>\n\t<meta property=\"og:image:type\" content=\"image\/webp\" \/>\n<meta name=\"twitter:card\" content=\"summary_large_image\" \/>\n<meta name=\"twitter:label1\" content=\"Tiempo de lectura\" \/>\n\t<meta name=\"twitter:data1\" content=\"1 minuto\" \/>\n<script type=\"application\/ld+json\" class=\"yoast-schema-graph\">{\"@context\":\"https:\/\/schema.org\",\"@graph\":[{\"@type\":\"WebPage\",\"@id\":\"https:\/\/anber.es\/web\/producto\/valvula-de-nivel-no-diferencial-pn16\/\",\"url\":\"https:\/\/anber.es\/web\/producto\/valvula-de-nivel-no-diferencial-pn16\/\",\"name\":\"V\u00e1lvula de nivel no diferencial PN16 - Anber\",\"isPartOf\":{\"@id\":\"https:\/\/anber.es\/web\/#website\"},\"datePublished\":\"2021-06-09T13:41:18+00:00\",\"dateModified\":\"2024-11-14T07:40:51+00:00\",\"description\":\"La v\u00e1lvula de nivel no diferencial consta de una v\u00e1lvula de control junto con el pilo 70-400. Permite gobernar el llenado de agua de dep\u00f3sitos\",\"breadcrumb\":{\"@id\":\"https:\/\/anber.es\/web\/producto\/valvula-de-nivel-no-diferencial-pn16\/#breadcrumb\"},\"inLanguage\":\"es\",\"potentialAction\":[{\"@type\":\"ReadAction\",\"target\":[\"https:\/\/anber.es\/web\/producto\/valvula-de-nivel-no-diferencial-pn16\/\"]}]},{\"@type\":\"BreadcrumbList\",\"@id\":\"https:\/\/anber.es\/web\/producto\/valvula-de-nivel-no-diferencial-pn16\/#breadcrumb\",\"itemListElement\":[{\"@type\":\"ListItem\",\"position\":1,\"name\":\"Portada\",\"item\":\"https:\/\/anber.es\/web\/\"},{\"@type\":\"ListItem\",\"position\":2,\"name\":\"Productos\",\"item\":\"https:\/\/anber.es\/web\/productos\/\"},{\"@type\":\"ListItem\",\"position\":3,\"name\":\"V\u00e1lvula de nivel no diferencial PN16\"}]},{\"@type\":\"WebSite\",\"@id\":\"https:\/\/anber.es\/web\/#website\",\"url\":\"https:\/\/anber.es\/web\/\",\"name\":\"Anber\",\"description\":\"Sistemas de protecci\u00f3n contra incendios\",\"publisher\":{\"@id\":\"https:\/\/anber.es\/web\/#organization\"},\"potentialAction\":[{\"@type\":\"SearchAction\",\"target\":{\"@type\":\"EntryPoint\",\"urlTemplate\":\"https:\/\/anber.es\/web\/?s={search_term_string}\"},\"query-input\":\"required name=search_term_string\"}],\"inLanguage\":\"es\"},{\"@type\":\"Organization\",\"@id\":\"https:\/\/anber.es\/web\/#organization\",\"name\":\"Anber\",\"url\":\"https:\/\/anber.es\/web\/\",\"logo\":{\"@type\":\"ImageObject\",\"inLanguage\":\"es\",\"@id\":\"https:\/\/anber.es\/web\/#\/schema\/logo\/image\/\",\"url\":\"https:\/\/anber.es\/web\/wp-content\/uploads\/2021\/03\/logo-anber.png\",\"contentUrl\":\"https:\/\/anber.es\/web\/wp-content\/uploads\/2021\/03\/logo-anber.png\",\"width\":2208,\"height\":500,\"caption\":\"Anber\"},\"image\":{\"@id\":\"https:\/\/anber.es\/web\/#\/schema\/logo\/image\/\"}}]}<\/script>\n<!-- \/ Yoast SEO plugin. -->","yoast_head_json":{"title":"V\u00e1lvula de nivel no diferencial PN16 - Anber","description":"La v\u00e1lvula de nivel no diferencial consta de una v\u00e1lvula de control junto con el pilo 70-400. Permite gobernar el llenado de agua de dep\u00f3sitos","robots":{"index":"index","follow":"follow","max-snippet":"max-snippet:-1","max-image-preview":"max-image-preview:large","max-video-preview":"max-video-preview:-1"},"canonical":"https:\/\/anber.es\/web\/producto\/valvula-de-nivel-no-diferencial-pn16\/","og_locale":"es_ES","og_type":"article","og_title":"V\u00e1lvula de nivel no diferencial PN16 - Anber","og_description":"La v\u00e1lvula de nivel no diferencial consta de una v\u00e1lvula de control junto con el pilo 70-400. Permite gobernar el llenado de agua de dep\u00f3sitos","og_url":"https:\/\/anber.es\/web\/producto\/valvula-de-nivel-no-diferencial-pn16\/","og_site_name":"Anber","article_modified_time":"2024-11-14T07:40:51+00:00","og_image":[{"width":1000,"height":1000,"url":"https:\/\/anber.es\/web\/wp-content\/uploads\/2024\/05\/valvula_de_nivel_NO_diferencial_PN16.webp","type":"image\/webp"}],"twitter_card":"summary_large_image","twitter_misc":{"Tiempo de lectura":"1 minuto"},"schema":{"@context":"https:\/\/schema.org","@graph":[{"@type":"WebPage","@id":"https:\/\/anber.es\/web\/producto\/valvula-de-nivel-no-diferencial-pn16\/","url":"https:\/\/anber.es\/web\/producto\/valvula-de-nivel-no-diferencial-pn16\/","name":"V\u00e1lvula de nivel no diferencial PN16 - Anber","isPartOf":{"@id":"https:\/\/anber.es\/web\/#website"},"datePublished":"2021-06-09T13:41:18+00:00","dateModified":"2024-11-14T07:40:51+00:00","description":"La v\u00e1lvula de nivel no diferencial consta de una v\u00e1lvula de control junto con el pilo 70-400. Permite gobernar el llenado de agua de dep\u00f3sitos","breadcrumb":{"@id":"https:\/\/anber.es\/web\/producto\/valvula-de-nivel-no-diferencial-pn16\/#breadcrumb"},"inLanguage":"es","potentialAction":[{"@type":"ReadAction","target":["https:\/\/anber.es\/web\/producto\/valvula-de-nivel-no-diferencial-pn16\/"]}]},{"@type":"BreadcrumbList","@id":"https:\/\/anber.es\/web\/producto\/valvula-de-nivel-no-diferencial-pn16\/#breadcrumb","itemListElement":[{"@type":"ListItem","position":1,"name":"Portada","item":"https:\/\/anber.es\/web\/"},{"@type":"ListItem","position":2,"name":"Productos","item":"https:\/\/anber.es\/web\/productos\/"},{"@type":"ListItem","position":3,"name":"V\u00e1lvula de nivel no diferencial PN16"}]},{"@type":"WebSite","@id":"https:\/\/anber.es\/web\/#website","url":"https:\/\/anber.es\/web\/","name":"Anber","description":"Sistemas de protecci\u00f3n contra incendios","publisher":{"@id":"https:\/\/anber.es\/web\/#organization"},"potentialAction":[{"@type":"SearchAction","target":{"@type":"EntryPoint","urlTemplate":"https:\/\/anber.es\/web\/?s={search_term_string}"},"query-input":"required name=search_term_string"}],"inLanguage":"es"},{"@type":"Organization","@id":"https:\/\/anber.es\/web\/#organization","name":"Anber","url":"https:\/\/anber.es\/web\/","logo":{"@type":"ImageObject","inLanguage":"es","@id":"https:\/\/anber.es\/web\/#\/schema\/logo\/image\/","url":"https:\/\/anber.es\/web\/wp-content\/uploads\/2021\/03\/logo-anber.png","contentUrl":"https:\/\/anber.es\/web\/wp-content\/uploads\/2021\/03\/logo-anber.png","width":2208,"height":500,"caption":"Anber"},"image":{"@id":"https:\/\/anber.es\/web\/#\/schema\/logo\/image\/"}}]}},"_links":{"self":[{"href":"https:\/\/anber.es\/web\/wp-json\/wp\/v2\/product\/3708"}],"collection":[{"href":"https:\/\/anber.es\/web\/wp-json\/wp\/v2\/product"}],"about":[{"href":"https:\/\/anber.es\/web\/wp-json\/wp\/v2\/types\/product"}],"wp:featuredmedia":[{"embeddable":true,"href":"https:\/\/anber.es\/web\/wp-json\/wp\/v2\/media\/9394"}],"wp:attachment":[{"href":"https:\/\/anber.es\/web\/wp-json\/wp\/v2\/media?parent=3708"}],"wp:term":[{"taxonomy":"product_cat","embeddable":true,"href":"https:\/\/anber.es\/web\/wp-json\/wp\/v2\/product_cat?post=3708"},{"taxonomy":"product_tag","embeddable":true,"href":"https:\/\/anber.es\/web\/wp-json\/wp\/v2\/product_tag?post=3708"}],"curies":[{"name":"wp","href":"https:\/\/api.w.org\/{rel}","templated":true}]}}