{"id":3724,"date":"2021-06-10T15:33:11","date_gmt":"2021-06-10T13:33:11","guid":{"rendered":"https:\/\/anber.es\/producto\/fanal-de-proteccion\/"},"modified":"2024-06-06T12:57:50","modified_gmt":"2024-06-06T10:57:50","slug":"fanal-de-proteccion","status":"publish","type":"product","link":"https:\/\/anber.es\/web\/producto\/fanal-de-proteccion\/","title":{"rendered":"Fanal de protecci\u00f3n"},"content":{"rendered":"<p>El <strong>fanal de protecci\u00f3n<\/strong> sirve para proteger los hidrantes de columna seca (Tif\u00f3n, Tif\u00f3n plus y Supertif\u00f3n) de las condiciones atmosf\u00e9ricas y de los actos vand\u00e1licos.<\/p>\n<p>Est\u00e1 <strong>compuesta por dos piezas<\/strong> para evitar desmontar y montar el hidrante.<\/p>\n<p>   Parte inferior fabricada en hierro.<br \/>\n   Parte superior fabricada en poli\u00e9ster.<\/p>\n<p>El fanal se abre con su <B>propia llave<\/B>.<\/p>\n<p>Referencia: HFHF.<\/p>\n<p><a href=\"\/web\/wp-content\/uploads\/2022\/06\/Ficha_tecnica-fanal_de_proteccion.pdf\" target=\"_blank\" rel=\"noopener noreferrer\"><button>Descarga ficha<\/button><\/a><br \/>\n<a class=\"insta-link\" href=\"https:\/\/www.instagram.com\/aqlproteccion\/?hl=es\" target=\"_blank\" rel=\"noopener noreferrer\">Instagram<\/a><\/p>\n","protected":false},"excerpt":{"rendered":"<p>El fanal de protecci\u00f3n sirve para proteger los hidrantes de columna seca (Tif\u00f3n, Tif\u00f3n plus y supertif\u00f3n) de las condiciones atmosf\u00e9ricas y de los actos vand\u00e1licos.<\/p>\n","protected":false},"featured_media":8114,"template":"","meta":[],"product_cat":[26,96],"product_tag":[215],"yoast_head":"<!-- This site is optimized with the Yoast SEO plugin v22.1 - https:\/\/yoast.com\/wordpress\/plugins\/seo\/ -->\n<title>Fanal de protecci\u00f3n - Anber<\/title>\n<meta name=\"description\" content=\"El fanal de protecci\u00f3n sirve para proteger los hidrantes de columna seca (Tif\u00f3n, Tif\u00f3n plus y supertif\u00f3n) de condiciones atmosf\u00e9ricas, etc.\" \/>\n<meta name=\"robots\" content=\"index, follow, max-snippet:-1, max-image-preview:large, max-video-preview:-1\" \/>\n<link rel=\"canonical\" href=\"https:\/\/anber.es\/web\/producto\/fanal-de-proteccion\/\" \/>\n<meta property=\"og:locale\" content=\"es_ES\" \/>\n<meta property=\"og:type\" content=\"article\" \/>\n<meta property=\"og:title\" content=\"Fanal de protecci\u00f3n - Anber\" \/>\n<meta property=\"og:description\" content=\"El fanal de protecci\u00f3n sirve para proteger los hidrantes de columna seca (Tif\u00f3n, Tif\u00f3n plus y supertif\u00f3n) de condiciones atmosf\u00e9ricas, etc.\" \/>\n<meta property=\"og:url\" content=\"https:\/\/anber.es\/web\/producto\/fanal-de-proteccion\/\" \/>\n<meta property=\"og:site_name\" content=\"Anber\" \/>\n<meta property=\"article:modified_time\" content=\"2024-06-06T10:57:50+00:00\" \/>\n<meta property=\"og:image\" content=\"https:\/\/anber.es\/web\/wp-content\/uploads\/2023\/04\/fanal_de_proteccion.webp\" \/>\n\t<meta property=\"og:image:width\" content=\"1000\" \/>\n\t<meta property=\"og:image:height\" content=\"1000\" \/>\n\t<meta property=\"og:image:type\" content=\"image\/webp\" \/>\n<meta name=\"twitter:card\" content=\"summary_large_image\" \/>\n<meta name=\"twitter:label1\" content=\"Tiempo de lectura\" \/>\n\t<meta name=\"twitter:data1\" content=\"1 minuto\" \/>\n<script type=\"application\/ld+json\" class=\"yoast-schema-graph\">{\"@context\":\"https:\/\/schema.org\",\"@graph\":[{\"@type\":\"WebPage\",\"@id\":\"https:\/\/anber.es\/web\/producto\/fanal-de-proteccion\/\",\"url\":\"https:\/\/anber.es\/web\/producto\/fanal-de-proteccion\/\",\"name\":\"Fanal de protecci\u00f3n - Anber\",\"isPartOf\":{\"@id\":\"https:\/\/anber.es\/web\/#website\"},\"datePublished\":\"2021-06-10T13:33:11+00:00\",\"dateModified\":\"2024-06-06T10:57:50+00:00\",\"description\":\"El fanal de protecci\u00f3n sirve para proteger los hidrantes de columna seca (Tif\u00f3n, Tif\u00f3n plus y supertif\u00f3n) de condiciones atmosf\u00e9ricas, etc.\",\"breadcrumb\":{\"@id\":\"https:\/\/anber.es\/web\/producto\/fanal-de-proteccion\/#breadcrumb\"},\"inLanguage\":\"es\",\"potentialAction\":[{\"@type\":\"ReadAction\",\"target\":[\"https:\/\/anber.es\/web\/producto\/fanal-de-proteccion\/\"]}]},{\"@type\":\"BreadcrumbList\",\"@id\":\"https:\/\/anber.es\/web\/producto\/fanal-de-proteccion\/#breadcrumb\",\"itemListElement\":[{\"@type\":\"ListItem\",\"position\":1,\"name\":\"Portada\",\"item\":\"https:\/\/anber.es\/web\/\"},{\"@type\":\"ListItem\",\"position\":2,\"name\":\"Productos\",\"item\":\"https:\/\/anber.es\/web\/productos\/\"},{\"@type\":\"ListItem\",\"position\":3,\"name\":\"Fanal de protecci\u00f3n\"}]},{\"@type\":\"WebSite\",\"@id\":\"https:\/\/anber.es\/web\/#website\",\"url\":\"https:\/\/anber.es\/web\/\",\"name\":\"Anber\",\"description\":\"Sistemas de protecci\u00f3n contra incendios\",\"publisher\":{\"@id\":\"https:\/\/anber.es\/web\/#organization\"},\"potentialAction\":[{\"@type\":\"SearchAction\",\"target\":{\"@type\":\"EntryPoint\",\"urlTemplate\":\"https:\/\/anber.es\/web\/?s={search_term_string}\"},\"query-input\":\"required name=search_term_string\"}],\"inLanguage\":\"es\"},{\"@type\":\"Organization\",\"@id\":\"https:\/\/anber.es\/web\/#organization\",\"name\":\"Anber\",\"url\":\"https:\/\/anber.es\/web\/\",\"logo\":{\"@type\":\"ImageObject\",\"inLanguage\":\"es\",\"@id\":\"https:\/\/anber.es\/web\/#\/schema\/logo\/image\/\",\"url\":\"https:\/\/anber.es\/web\/wp-content\/uploads\/2021\/03\/logo-anber.png\",\"contentUrl\":\"https:\/\/anber.es\/web\/wp-content\/uploads\/2021\/03\/logo-anber.png\",\"width\":2208,\"height\":500,\"caption\":\"Anber\"},\"image\":{\"@id\":\"https:\/\/anber.es\/web\/#\/schema\/logo\/image\/\"}}]}<\/script>\n<!-- \/ Yoast SEO plugin. -->","yoast_head_json":{"title":"Fanal de protecci\u00f3n - Anber","description":"El fanal de protecci\u00f3n sirve para proteger los hidrantes de columna seca (Tif\u00f3n, Tif\u00f3n plus y supertif\u00f3n) de condiciones atmosf\u00e9ricas, etc.","robots":{"index":"index","follow":"follow","max-snippet":"max-snippet:-1","max-image-preview":"max-image-preview:large","max-video-preview":"max-video-preview:-1"},"canonical":"https:\/\/anber.es\/web\/producto\/fanal-de-proteccion\/","og_locale":"es_ES","og_type":"article","og_title":"Fanal de protecci\u00f3n - Anber","og_description":"El fanal de protecci\u00f3n sirve para proteger los hidrantes de columna seca (Tif\u00f3n, Tif\u00f3n plus y supertif\u00f3n) de condiciones atmosf\u00e9ricas, etc.","og_url":"https:\/\/anber.es\/web\/producto\/fanal-de-proteccion\/","og_site_name":"Anber","article_modified_time":"2024-06-06T10:57:50+00:00","og_image":[{"width":1000,"height":1000,"url":"https:\/\/anber.es\/web\/wp-content\/uploads\/2023\/04\/fanal_de_proteccion.webp","type":"image\/webp"}],"twitter_card":"summary_large_image","twitter_misc":{"Tiempo de lectura":"1 minuto"},"schema":{"@context":"https:\/\/schema.org","@graph":[{"@type":"WebPage","@id":"https:\/\/anber.es\/web\/producto\/fanal-de-proteccion\/","url":"https:\/\/anber.es\/web\/producto\/fanal-de-proteccion\/","name":"Fanal de protecci\u00f3n - Anber","isPartOf":{"@id":"https:\/\/anber.es\/web\/#website"},"datePublished":"2021-06-10T13:33:11+00:00","dateModified":"2024-06-06T10:57:50+00:00","description":"El fanal de protecci\u00f3n sirve para proteger los hidrantes de columna seca (Tif\u00f3n, Tif\u00f3n plus y supertif\u00f3n) de condiciones atmosf\u00e9ricas, etc.","breadcrumb":{"@id":"https:\/\/anber.es\/web\/producto\/fanal-de-proteccion\/#breadcrumb"},"inLanguage":"es","potentialAction":[{"@type":"ReadAction","target":["https:\/\/anber.es\/web\/producto\/fanal-de-proteccion\/"]}]},{"@type":"BreadcrumbList","@id":"https:\/\/anber.es\/web\/producto\/fanal-de-proteccion\/#breadcrumb","itemListElement":[{"@type":"ListItem","position":1,"name":"Portada","item":"https:\/\/anber.es\/web\/"},{"@type":"ListItem","position":2,"name":"Productos","item":"https:\/\/anber.es\/web\/productos\/"},{"@type":"ListItem","position":3,"name":"Fanal de protecci\u00f3n"}]},{"@type":"WebSite","@id":"https:\/\/anber.es\/web\/#website","url":"https:\/\/anber.es\/web\/","name":"Anber","description":"Sistemas de protecci\u00f3n contra incendios","publisher":{"@id":"https:\/\/anber.es\/web\/#organization"},"potentialAction":[{"@type":"SearchAction","target":{"@type":"EntryPoint","urlTemplate":"https:\/\/anber.es\/web\/?s={search_term_string}"},"query-input":"required name=search_term_string"}],"inLanguage":"es"},{"@type":"Organization","@id":"https:\/\/anber.es\/web\/#organization","name":"Anber","url":"https:\/\/anber.es\/web\/","logo":{"@type":"ImageObject","inLanguage":"es","@id":"https:\/\/anber.es\/web\/#\/schema\/logo\/image\/","url":"https:\/\/anber.es\/web\/wp-content\/uploads\/2021\/03\/logo-anber.png","contentUrl":"https:\/\/anber.es\/web\/wp-content\/uploads\/2021\/03\/logo-anber.png","width":2208,"height":500,"caption":"Anber"},"image":{"@id":"https:\/\/anber.es\/web\/#\/schema\/logo\/image\/"}}]}},"_links":{"self":[{"href":"https:\/\/anber.es\/web\/wp-json\/wp\/v2\/product\/3724"}],"collection":[{"href":"https:\/\/anber.es\/web\/wp-json\/wp\/v2\/product"}],"about":[{"href":"https:\/\/anber.es\/web\/wp-json\/wp\/v2\/types\/product"}],"wp:featuredmedia":[{"embeddable":true,"href":"https:\/\/anber.es\/web\/wp-json\/wp\/v2\/media\/8114"}],"wp:attachment":[{"href":"https:\/\/anber.es\/web\/wp-json\/wp\/v2\/media?parent=3724"}],"wp:term":[{"taxonomy":"product_cat","embeddable":true,"href":"https:\/\/anber.es\/web\/wp-json\/wp\/v2\/product_cat?post=3724"},{"taxonomy":"product_tag","embeddable":true,"href":"https:\/\/anber.es\/web\/wp-json\/wp\/v2\/product_tag?post=3724"}],"curies":[{"name":"wp","href":"https:\/\/api.w.org\/{rel}","templated":true}]}}