{"id":3773,"date":"2021-06-15T12:46:34","date_gmt":"2021-06-15T10:46:34","guid":{"rendered":"https:\/\/anber.es\/producto\/llaves-de-apertura-accionamiento-y-de-cierre-para-hidrantes\/"},"modified":"2025-11-20T10:07:04","modified_gmt":"2025-11-20T08:07:04","slug":"llaves-para-hidrantes","status":"publish","type":"product","link":"https:\/\/anber.es\/web\/producto\/llaves-para-hidrantes\/","title":{"rendered":"Llaves para Hidrantes"},"content":{"rendered":"<p>Las <strong>llaves <\/strong>de apertura, accionamiento y de cierre  est\u00e1n dise\u00f1adas para facilitar la operaci\u00f3n segura y eficiente de los diferentes modelos de hidrantes.<\/p>\n<p>Cada llave est\u00e1 espec\u00edficamente dise\u00f1ada para ajustarse a un tipo de hidrante, garantizando compatibilidad y un manejo adecuado del equipo. <\/p>\n<p>Los modelos disponibles son los siguientes:<\/p>\n<p>\u00b7 Llave de accionamiento para <strong>hidrante de columna seca<\/strong>  (Tif\u00f3n, Plus, Tif\u00f3n y Supertif\u00f3n): <b>30 x 30 mm<\/b>.<br \/>\n\u00b7 Llave de accionamiento para <strong>hidrante de columna h\u00fameda<\/strong> (California):<b> 30 x 30 mm<\/b>.<br \/>\n\u00b7 Llave de accionamiento para <strong>hidrante enterrado<\/strong> (Geyser): <b>25 x 25 mm<\/b>.<br \/>\n\u00b7 Llave de apertura para arqueta de <strong>hidrante <\/strong>Geyser.<\/p>\n<p>Estas herramientas son imprescindibles para la correcta apertura y manipulaci\u00f3n de los hidrantes.<\/p>\n<p>Referencia: HOH.<\/p>\n<p><a href=\"\/web\/wp-content\/uploads\/2025\/11\/Ficha_tecnica-llaves_apertura_accionamiento_y_cierre.pdf\" target=\"_blank\" rel=\"noopener noreferrer\"><button>Descarga ficha<\/button><\/a><br \/>\n<a class=\"insta-link\" href=\"https:\/\/www.instagram.com\/aqlproteccion\/?hl=es\" target=\"_blank\" rel=\"noopener noreferrer\">Instagram<\/a><\/p>\n","protected":false},"excerpt":{"rendered":"<p>Las llaves de apertura, accionamiento y de cierre  est\u00e1n dise\u00f1adas para facilitar la operaci\u00f3n segura y eficiente de los diferentes modelos de hidrantes.<br \/>\nCada llave est\u00e1 espec\u00edficamente dise\u00f1ada para ajustarse a un tipo de hidrante, garantizando compatibilidad y un manejo adecuado del equipo. <\/p>\n","protected":false},"featured_media":8117,"template":"","meta":[],"product_cat":[26,96],"product_tag":[],"yoast_head":"<!-- This site is optimized with the Yoast SEO plugin v22.1 - https:\/\/yoast.com\/wordpress\/plugins\/seo\/ -->\n<title>Llaves de apertura, accionamiento y cierre para Hidrantes - Anber<\/title>\n<meta name=\"description\" content=\"Las llaves de apertura, accionamiento y de cierre est\u00e1n dise\u00f1adas para facilitar la operaci\u00f3n segura y eficiente de los diferentes modelos de hidrantes.\" \/>\n<meta name=\"robots\" content=\"index, follow, max-snippet:-1, max-image-preview:large, max-video-preview:-1\" \/>\n<link rel=\"canonical\" href=\"https:\/\/anber.es\/web\/producto\/llaves-para-hidrantes\/\" \/>\n<meta property=\"og:locale\" content=\"es_ES\" \/>\n<meta property=\"og:type\" content=\"article\" \/>\n<meta property=\"og:title\" content=\"Llaves de apertura, accionamiento y cierre para Hidrantes - Anber\" \/>\n<meta property=\"og:description\" content=\"Las llaves de apertura, accionamiento y de cierre est\u00e1n dise\u00f1adas para facilitar la operaci\u00f3n segura y eficiente de los diferentes modelos de hidrantes.\" \/>\n<meta property=\"og:url\" content=\"https:\/\/anber.es\/web\/producto\/llaves-para-hidrantes\/\" \/>\n<meta property=\"og:site_name\" content=\"Anber\" \/>\n<meta property=\"article:modified_time\" content=\"2025-11-20T08:07:04+00:00\" \/>\n<meta property=\"og:image\" content=\"https:\/\/anber.es\/web\/wp-content\/uploads\/2023\/04\/llaves_apertura_accionamiento_y_cierre.webp\" \/>\n\t<meta property=\"og:image:width\" content=\"1000\" \/>\n\t<meta property=\"og:image:height\" content=\"1000\" \/>\n\t<meta property=\"og:image:type\" content=\"image\/webp\" \/>\n<meta name=\"twitter:card\" content=\"summary_large_image\" \/>\n<meta name=\"twitter:label1\" content=\"Tiempo de lectura\" \/>\n\t<meta name=\"twitter:data1\" content=\"1 minuto\" \/>\n<script type=\"application\/ld+json\" class=\"yoast-schema-graph\">{\"@context\":\"https:\/\/schema.org\",\"@graph\":[{\"@type\":\"WebPage\",\"@id\":\"https:\/\/anber.es\/web\/producto\/llaves-para-hidrantes\/\",\"url\":\"https:\/\/anber.es\/web\/producto\/llaves-para-hidrantes\/\",\"name\":\"Llaves de apertura, accionamiento y cierre para Hidrantes - Anber\",\"isPartOf\":{\"@id\":\"https:\/\/anber.es\/web\/#website\"},\"datePublished\":\"2021-06-15T10:46:34+00:00\",\"dateModified\":\"2025-11-20T08:07:04+00:00\",\"description\":\"Las llaves de apertura, accionamiento y de cierre est\u00e1n dise\u00f1adas para facilitar la operaci\u00f3n segura y eficiente de los diferentes modelos de hidrantes.\",\"breadcrumb\":{\"@id\":\"https:\/\/anber.es\/web\/producto\/llaves-para-hidrantes\/#breadcrumb\"},\"inLanguage\":\"es\",\"potentialAction\":[{\"@type\":\"ReadAction\",\"target\":[\"https:\/\/anber.es\/web\/producto\/llaves-para-hidrantes\/\"]}]},{\"@type\":\"BreadcrumbList\",\"@id\":\"https:\/\/anber.es\/web\/producto\/llaves-para-hidrantes\/#breadcrumb\",\"itemListElement\":[{\"@type\":\"ListItem\",\"position\":1,\"name\":\"Portada\",\"item\":\"https:\/\/anber.es\/web\/\"},{\"@type\":\"ListItem\",\"position\":2,\"name\":\"Productos\",\"item\":\"https:\/\/anber.es\/web\/productos\/\"},{\"@type\":\"ListItem\",\"position\":3,\"name\":\"Llaves para Hidrantes\"}]},{\"@type\":\"WebSite\",\"@id\":\"https:\/\/anber.es\/web\/#website\",\"url\":\"https:\/\/anber.es\/web\/\",\"name\":\"Anber\",\"description\":\"Sistemas de protecci\u00f3n contra incendios\",\"publisher\":{\"@id\":\"https:\/\/anber.es\/web\/#organization\"},\"potentialAction\":[{\"@type\":\"SearchAction\",\"target\":{\"@type\":\"EntryPoint\",\"urlTemplate\":\"https:\/\/anber.es\/web\/?s={search_term_string}\"},\"query-input\":\"required name=search_term_string\"}],\"inLanguage\":\"es\"},{\"@type\":\"Organization\",\"@id\":\"https:\/\/anber.es\/web\/#organization\",\"name\":\"Anber\",\"url\":\"https:\/\/anber.es\/web\/\",\"logo\":{\"@type\":\"ImageObject\",\"inLanguage\":\"es\",\"@id\":\"https:\/\/anber.es\/web\/#\/schema\/logo\/image\/\",\"url\":\"https:\/\/anber.es\/web\/wp-content\/uploads\/2021\/03\/logo-anber.png\",\"contentUrl\":\"https:\/\/anber.es\/web\/wp-content\/uploads\/2021\/03\/logo-anber.png\",\"width\":2208,\"height\":500,\"caption\":\"Anber\"},\"image\":{\"@id\":\"https:\/\/anber.es\/web\/#\/schema\/logo\/image\/\"}}]}<\/script>\n<!-- \/ Yoast SEO plugin. -->","yoast_head_json":{"title":"Llaves de apertura, accionamiento y cierre para Hidrantes - Anber","description":"Las llaves de apertura, accionamiento y de cierre est\u00e1n dise\u00f1adas para facilitar la operaci\u00f3n segura y eficiente de los diferentes modelos de hidrantes.","robots":{"index":"index","follow":"follow","max-snippet":"max-snippet:-1","max-image-preview":"max-image-preview:large","max-video-preview":"max-video-preview:-1"},"canonical":"https:\/\/anber.es\/web\/producto\/llaves-para-hidrantes\/","og_locale":"es_ES","og_type":"article","og_title":"Llaves de apertura, accionamiento y cierre para Hidrantes - Anber","og_description":"Las llaves de apertura, accionamiento y de cierre est\u00e1n dise\u00f1adas para facilitar la operaci\u00f3n segura y eficiente de los diferentes modelos de hidrantes.","og_url":"https:\/\/anber.es\/web\/producto\/llaves-para-hidrantes\/","og_site_name":"Anber","article_modified_time":"2025-11-20T08:07:04+00:00","og_image":[{"width":1000,"height":1000,"url":"https:\/\/anber.es\/web\/wp-content\/uploads\/2023\/04\/llaves_apertura_accionamiento_y_cierre.webp","type":"image\/webp"}],"twitter_card":"summary_large_image","twitter_misc":{"Tiempo de lectura":"1 minuto"},"schema":{"@context":"https:\/\/schema.org","@graph":[{"@type":"WebPage","@id":"https:\/\/anber.es\/web\/producto\/llaves-para-hidrantes\/","url":"https:\/\/anber.es\/web\/producto\/llaves-para-hidrantes\/","name":"Llaves de apertura, accionamiento y cierre para Hidrantes - Anber","isPartOf":{"@id":"https:\/\/anber.es\/web\/#website"},"datePublished":"2021-06-15T10:46:34+00:00","dateModified":"2025-11-20T08:07:04+00:00","description":"Las llaves de apertura, accionamiento y de cierre est\u00e1n dise\u00f1adas para facilitar la operaci\u00f3n segura y eficiente de los diferentes modelos de hidrantes.","breadcrumb":{"@id":"https:\/\/anber.es\/web\/producto\/llaves-para-hidrantes\/#breadcrumb"},"inLanguage":"es","potentialAction":[{"@type":"ReadAction","target":["https:\/\/anber.es\/web\/producto\/llaves-para-hidrantes\/"]}]},{"@type":"BreadcrumbList","@id":"https:\/\/anber.es\/web\/producto\/llaves-para-hidrantes\/#breadcrumb","itemListElement":[{"@type":"ListItem","position":1,"name":"Portada","item":"https:\/\/anber.es\/web\/"},{"@type":"ListItem","position":2,"name":"Productos","item":"https:\/\/anber.es\/web\/productos\/"},{"@type":"ListItem","position":3,"name":"Llaves para Hidrantes"}]},{"@type":"WebSite","@id":"https:\/\/anber.es\/web\/#website","url":"https:\/\/anber.es\/web\/","name":"Anber","description":"Sistemas de protecci\u00f3n contra incendios","publisher":{"@id":"https:\/\/anber.es\/web\/#organization"},"potentialAction":[{"@type":"SearchAction","target":{"@type":"EntryPoint","urlTemplate":"https:\/\/anber.es\/web\/?s={search_term_string}"},"query-input":"required name=search_term_string"}],"inLanguage":"es"},{"@type":"Organization","@id":"https:\/\/anber.es\/web\/#organization","name":"Anber","url":"https:\/\/anber.es\/web\/","logo":{"@type":"ImageObject","inLanguage":"es","@id":"https:\/\/anber.es\/web\/#\/schema\/logo\/image\/","url":"https:\/\/anber.es\/web\/wp-content\/uploads\/2021\/03\/logo-anber.png","contentUrl":"https:\/\/anber.es\/web\/wp-content\/uploads\/2021\/03\/logo-anber.png","width":2208,"height":500,"caption":"Anber"},"image":{"@id":"https:\/\/anber.es\/web\/#\/schema\/logo\/image\/"}}]}},"_links":{"self":[{"href":"https:\/\/anber.es\/web\/wp-json\/wp\/v2\/product\/3773"}],"collection":[{"href":"https:\/\/anber.es\/web\/wp-json\/wp\/v2\/product"}],"about":[{"href":"https:\/\/anber.es\/web\/wp-json\/wp\/v2\/types\/product"}],"wp:featuredmedia":[{"embeddable":true,"href":"https:\/\/anber.es\/web\/wp-json\/wp\/v2\/media\/8117"}],"wp:attachment":[{"href":"https:\/\/anber.es\/web\/wp-json\/wp\/v2\/media?parent=3773"}],"wp:term":[{"taxonomy":"product_cat","embeddable":true,"href":"https:\/\/anber.es\/web\/wp-json\/wp\/v2\/product_cat?post=3773"},{"taxonomy":"product_tag","embeddable":true,"href":"https:\/\/anber.es\/web\/wp-json\/wp\/v2\/product_tag?post=3773"}],"curies":[{"name":"wp","href":"https:\/\/api.w.org\/{rel}","templated":true}]}}