{"id":3875,"date":"2021-06-17T15:43:18","date_gmt":"2021-06-17T13:43:18","guid":{"rendered":"https:\/\/anber.es\/producto\/reducciones-excentricas\/"},"modified":"2024-04-05T10:24:23","modified_gmt":"2024-04-05T08:24:23","slug":"reducciones-excentricas","status":"publish","type":"product","link":"https:\/\/anber.es\/web\/producto\/reducciones-excentricas\/","title":{"rendered":"Reducciones exc\u00e9ntricas"},"content":{"rendered":"<p>Una<strong> reducci\u00f3n exc\u00e9ntrica <\/strong>es un tubo o un reductor con una longitud superior al doble del di\u00e1metro calculado para la tuber\u00eda de aspiraci\u00f3n. La parte superior del tubo debe ser horizontal, y el \u00e1ngulo de reducci\u00f3n no debe ser superior a 20\u00ba. Su funci\u00f3n es evitar la formaci\u00f3n de bolsas de aire. El cono de las exc\u00e9ntricas est\u00e1 fabricado con <b>chapa de 5mm de espesor<\/b>.<\/p>\n<p>Disponible en <strong>diferentes conexiones:<\/strong><br \/>\nBrida &#8211; brida.<br \/>\nRanura &#8211; brida.<br \/>\nRosca &#8211; rosca.<br \/>\nRanura &#8211; ranura.<br \/>\nRosca &#8211; brida.<\/p>\n<p>Disponible en <strong>diferentes tama\u00f1os y avances<\/strong>.<\/p>\n<p>Referencia: CBRE.<\/p>\n<p><a href=\"\/web\/wp-content\/uploads\/2024\/04\/Ficha_tecnica-reducciones_excentricas.pdf\" target=\"_blank\" rel=\"noopener noreferrer\"><button>Descarga ficha<\/button><\/a><br \/>\n<a class=\"insta-link\" href=\"https:\/\/www.instagram.com\/aqlproteccion\/?hl=es\" target=\"_blank\" rel=\"noopener noreferrer\">Instagram<\/a><\/p>\n","protected":false},"excerpt":{"rendered":"<p>Una reducci\u00f3n exc\u00e9ntrica es un tubo o un reductor con una longitud superior al doble del di\u00e1metro calculado para la tuber\u00eda de aspiraci\u00f3n.<\/p>\n","protected":false},"featured_media":3877,"template":"","meta":[],"product_cat":[196,195],"product_tag":[215],"yoast_head":"<!-- This site is optimized with the Yoast SEO plugin v22.1 - https:\/\/yoast.com\/wordpress\/plugins\/seo\/ -->\n<title>Reducciones exc\u00e9ntricas - Anber<\/title>\n<meta name=\"description\" content=\"Una reducci\u00f3n exc\u00e9ntrica es un tubo o un reductor con una longitud superior al doble del di\u00e1metro calculado para la tuber\u00eda de aspiraci\u00f3n.\" \/>\n<meta name=\"robots\" content=\"index, follow, max-snippet:-1, max-image-preview:large, max-video-preview:-1\" \/>\n<link rel=\"canonical\" href=\"https:\/\/anber.es\/web\/producto\/reducciones-excentricas\/\" \/>\n<meta property=\"og:locale\" content=\"es_ES\" \/>\n<meta property=\"og:type\" content=\"article\" \/>\n<meta property=\"og:title\" content=\"Reducciones exc\u00e9ntricas - Anber\" \/>\n<meta property=\"og:description\" content=\"Una reducci\u00f3n exc\u00e9ntrica es un tubo o un reductor con una longitud superior al doble del di\u00e1metro calculado para la tuber\u00eda de aspiraci\u00f3n.\" \/>\n<meta property=\"og:url\" content=\"https:\/\/anber.es\/web\/producto\/reducciones-excentricas\/\" \/>\n<meta property=\"og:site_name\" content=\"Anber\" \/>\n<meta property=\"article:modified_time\" content=\"2024-04-05T08:24:23+00:00\" \/>\n<meta property=\"og:image\" content=\"https:\/\/anber.es\/web\/wp-content\/uploads\/2021\/06\/reducciones_excentricas.png\" \/>\n\t<meta property=\"og:image:width\" content=\"1000\" \/>\n\t<meta property=\"og:image:height\" content=\"1000\" \/>\n\t<meta property=\"og:image:type\" content=\"image\/png\" \/>\n<meta name=\"twitter:card\" content=\"summary_large_image\" \/>\n<meta name=\"twitter:label1\" content=\"Tiempo de lectura\" \/>\n\t<meta name=\"twitter:data1\" content=\"1 minuto\" \/>\n<script type=\"application\/ld+json\" class=\"yoast-schema-graph\">{\"@context\":\"https:\/\/schema.org\",\"@graph\":[{\"@type\":\"WebPage\",\"@id\":\"https:\/\/anber.es\/web\/producto\/reducciones-excentricas\/\",\"url\":\"https:\/\/anber.es\/web\/producto\/reducciones-excentricas\/\",\"name\":\"Reducciones exc\u00e9ntricas - Anber\",\"isPartOf\":{\"@id\":\"https:\/\/anber.es\/web\/#website\"},\"datePublished\":\"2021-06-17T13:43:18+00:00\",\"dateModified\":\"2024-04-05T08:24:23+00:00\",\"description\":\"Una reducci\u00f3n exc\u00e9ntrica es un tubo o un reductor con una longitud superior al doble del di\u00e1metro calculado para la tuber\u00eda de aspiraci\u00f3n.\",\"breadcrumb\":{\"@id\":\"https:\/\/anber.es\/web\/producto\/reducciones-excentricas\/#breadcrumb\"},\"inLanguage\":\"es\",\"potentialAction\":[{\"@type\":\"ReadAction\",\"target\":[\"https:\/\/anber.es\/web\/producto\/reducciones-excentricas\/\"]}]},{\"@type\":\"BreadcrumbList\",\"@id\":\"https:\/\/anber.es\/web\/producto\/reducciones-excentricas\/#breadcrumb\",\"itemListElement\":[{\"@type\":\"ListItem\",\"position\":1,\"name\":\"Portada\",\"item\":\"https:\/\/anber.es\/web\/\"},{\"@type\":\"ListItem\",\"position\":2,\"name\":\"Productos\",\"item\":\"https:\/\/anber.es\/web\/productos\/\"},{\"@type\":\"ListItem\",\"position\":3,\"name\":\"Reducciones exc\u00e9ntricas\"}]},{\"@type\":\"WebSite\",\"@id\":\"https:\/\/anber.es\/web\/#website\",\"url\":\"https:\/\/anber.es\/web\/\",\"name\":\"Anber\",\"description\":\"Sistemas de protecci\u00f3n contra incendios\",\"publisher\":{\"@id\":\"https:\/\/anber.es\/web\/#organization\"},\"potentialAction\":[{\"@type\":\"SearchAction\",\"target\":{\"@type\":\"EntryPoint\",\"urlTemplate\":\"https:\/\/anber.es\/web\/?s={search_term_string}\"},\"query-input\":\"required name=search_term_string\"}],\"inLanguage\":\"es\"},{\"@type\":\"Organization\",\"@id\":\"https:\/\/anber.es\/web\/#organization\",\"name\":\"Anber\",\"url\":\"https:\/\/anber.es\/web\/\",\"logo\":{\"@type\":\"ImageObject\",\"inLanguage\":\"es\",\"@id\":\"https:\/\/anber.es\/web\/#\/schema\/logo\/image\/\",\"url\":\"https:\/\/anber.es\/web\/wp-content\/uploads\/2021\/03\/logo-anber.png\",\"contentUrl\":\"https:\/\/anber.es\/web\/wp-content\/uploads\/2021\/03\/logo-anber.png\",\"width\":2208,\"height\":500,\"caption\":\"Anber\"},\"image\":{\"@id\":\"https:\/\/anber.es\/web\/#\/schema\/logo\/image\/\"}}]}<\/script>\n<!-- \/ Yoast SEO plugin. -->","yoast_head_json":{"title":"Reducciones exc\u00e9ntricas - Anber","description":"Una reducci\u00f3n exc\u00e9ntrica es un tubo o un reductor con una longitud superior al doble del di\u00e1metro calculado para la tuber\u00eda de aspiraci\u00f3n.","robots":{"index":"index","follow":"follow","max-snippet":"max-snippet:-1","max-image-preview":"max-image-preview:large","max-video-preview":"max-video-preview:-1"},"canonical":"https:\/\/anber.es\/web\/producto\/reducciones-excentricas\/","og_locale":"es_ES","og_type":"article","og_title":"Reducciones exc\u00e9ntricas - Anber","og_description":"Una reducci\u00f3n exc\u00e9ntrica es un tubo o un reductor con una longitud superior al doble del di\u00e1metro calculado para la tuber\u00eda de aspiraci\u00f3n.","og_url":"https:\/\/anber.es\/web\/producto\/reducciones-excentricas\/","og_site_name":"Anber","article_modified_time":"2024-04-05T08:24:23+00:00","og_image":[{"width":1000,"height":1000,"url":"https:\/\/anber.es\/web\/wp-content\/uploads\/2021\/06\/reducciones_excentricas.png","type":"image\/png"}],"twitter_card":"summary_large_image","twitter_misc":{"Tiempo de lectura":"1 minuto"},"schema":{"@context":"https:\/\/schema.org","@graph":[{"@type":"WebPage","@id":"https:\/\/anber.es\/web\/producto\/reducciones-excentricas\/","url":"https:\/\/anber.es\/web\/producto\/reducciones-excentricas\/","name":"Reducciones exc\u00e9ntricas - Anber","isPartOf":{"@id":"https:\/\/anber.es\/web\/#website"},"datePublished":"2021-06-17T13:43:18+00:00","dateModified":"2024-04-05T08:24:23+00:00","description":"Una reducci\u00f3n exc\u00e9ntrica es un tubo o un reductor con una longitud superior al doble del di\u00e1metro calculado para la tuber\u00eda de aspiraci\u00f3n.","breadcrumb":{"@id":"https:\/\/anber.es\/web\/producto\/reducciones-excentricas\/#breadcrumb"},"inLanguage":"es","potentialAction":[{"@type":"ReadAction","target":["https:\/\/anber.es\/web\/producto\/reducciones-excentricas\/"]}]},{"@type":"BreadcrumbList","@id":"https:\/\/anber.es\/web\/producto\/reducciones-excentricas\/#breadcrumb","itemListElement":[{"@type":"ListItem","position":1,"name":"Portada","item":"https:\/\/anber.es\/web\/"},{"@type":"ListItem","position":2,"name":"Productos","item":"https:\/\/anber.es\/web\/productos\/"},{"@type":"ListItem","position":3,"name":"Reducciones exc\u00e9ntricas"}]},{"@type":"WebSite","@id":"https:\/\/anber.es\/web\/#website","url":"https:\/\/anber.es\/web\/","name":"Anber","description":"Sistemas de protecci\u00f3n contra incendios","publisher":{"@id":"https:\/\/anber.es\/web\/#organization"},"potentialAction":[{"@type":"SearchAction","target":{"@type":"EntryPoint","urlTemplate":"https:\/\/anber.es\/web\/?s={search_term_string}"},"query-input":"required name=search_term_string"}],"inLanguage":"es"},{"@type":"Organization","@id":"https:\/\/anber.es\/web\/#organization","name":"Anber","url":"https:\/\/anber.es\/web\/","logo":{"@type":"ImageObject","inLanguage":"es","@id":"https:\/\/anber.es\/web\/#\/schema\/logo\/image\/","url":"https:\/\/anber.es\/web\/wp-content\/uploads\/2021\/03\/logo-anber.png","contentUrl":"https:\/\/anber.es\/web\/wp-content\/uploads\/2021\/03\/logo-anber.png","width":2208,"height":500,"caption":"Anber"},"image":{"@id":"https:\/\/anber.es\/web\/#\/schema\/logo\/image\/"}}]}},"_links":{"self":[{"href":"https:\/\/anber.es\/web\/wp-json\/wp\/v2\/product\/3875"}],"collection":[{"href":"https:\/\/anber.es\/web\/wp-json\/wp\/v2\/product"}],"about":[{"href":"https:\/\/anber.es\/web\/wp-json\/wp\/v2\/types\/product"}],"wp:featuredmedia":[{"embeddable":true,"href":"https:\/\/anber.es\/web\/wp-json\/wp\/v2\/media\/3877"}],"wp:attachment":[{"href":"https:\/\/anber.es\/web\/wp-json\/wp\/v2\/media?parent=3875"}],"wp:term":[{"taxonomy":"product_cat","embeddable":true,"href":"https:\/\/anber.es\/web\/wp-json\/wp\/v2\/product_cat?post=3875"},{"taxonomy":"product_tag","embeddable":true,"href":"https:\/\/anber.es\/web\/wp-json\/wp\/v2\/product_tag?post=3875"}],"curies":[{"name":"wp","href":"https:\/\/api.w.org\/{rel}","templated":true}]}}