{"id":3957,"date":"2021-07-01T15:51:25","date_gmt":"2021-07-01T13:51:25","guid":{"rendered":"https:\/\/anber.es\/producto\/manta-ignifuga-con-funda-textil\/"},"modified":"2026-03-26T12:27:51","modified_gmt":"2026-03-26T10:27:51","slug":"manta-ignifuga-con-funda-textil","status":"publish","type":"product","link":"https:\/\/anber.es\/web\/producto\/manta-ignifuga-con-funda-textil\/","title":{"rendered":"Manta ign\u00edfuga con funda textil"},"content":{"rendered":"<p>La <strong>manta ign\u00edfuga <\/strong>est\u00e1 definida como elemento de seguridad que sirve para combatir conatos de incendio y evitar posibles quemaduras durante el proceso de evacuaci\u00f3n de un incendio. Por su ligero peso, rapidez y facilidad de uso se recomienda para resolver situaciones donde otros elementos de extinci\u00f3n pueden ser m\u00e1s complicados de utilizar.<\/p>\n<p>Caracter\u00edsticas de la manta ign\u00edfuga:<\/p>\n<p>Dise\u00f1ada de acuerdo a la normativa <strong>EN 1869-1997<\/strong>.<br \/>\nEfectiva en cualquier tipo de fuego (Clase A, B, C, D, F\/K).<br \/>\nResistencia a la llama: no arde, no se funde, ni gotea.<br \/>\nCompatible con la piel.<br \/>\nResistente a la abrasi\u00f3n qu\u00edmica.<br \/>\nFlexible, ligera y adaptable.<br \/>\nF\u00e1cil uso e instalaci\u00f3n.<\/p>\n<p>Referencia: BBMAN.<\/p>\n<p><a href=\"\/web\/wp-content\/uploads\/2021\/07\/Ficha_tecnica-manta_ignifuga_funda_textil.pdf\" target=\"_blank\" rel=\"noopener noreferrer\"><button>Descarga ficha<\/button><\/a><br \/>\n<a class=\"insta-link\" href=\"https:\/\/www.instagram.com\/aqlproteccion\/?hl=es\" target=\"_blank\" rel=\"noopener noreferrer\">Instagram<\/a><\/p>\n","protected":false},"excerpt":{"rendered":"<p>La manta ign\u00edfuga est\u00e1 definida como elemento de seguridad que sirve para combatir conatos de incendio y evitar posibles quemaduras durante el proceso de evacuaci\u00f3n de un incendio.<\/p>\n","protected":false},"featured_media":3959,"template":"","meta":[],"product_cat":[20,218],"product_tag":[215],"yoast_head":"<!-- This site is optimized with the Yoast SEO plugin v22.1 - https:\/\/yoast.com\/wordpress\/plugins\/seo\/ -->\n<title>Manta ign\u00edfuga con funda textil - Anber<\/title>\n<meta name=\"description\" content=\"La manta ign\u00edfuga est\u00e1 definida como elemento de seguridad que sirve para combatir conatos de incendio y evitar posibles quemaduras.\" \/>\n<meta name=\"robots\" content=\"index, follow, max-snippet:-1, max-image-preview:large, max-video-preview:-1\" \/>\n<link rel=\"canonical\" href=\"https:\/\/anber.es\/web\/producto\/manta-ignifuga-con-funda-textil\/\" \/>\n<meta property=\"og:locale\" content=\"es_ES\" \/>\n<meta property=\"og:type\" content=\"article\" \/>\n<meta property=\"og:title\" content=\"Manta ign\u00edfuga con funda textil - Anber\" \/>\n<meta property=\"og:description\" content=\"La manta ign\u00edfuga est\u00e1 definida como elemento de seguridad que sirve para combatir conatos de incendio y evitar posibles quemaduras.\" \/>\n<meta property=\"og:url\" content=\"https:\/\/anber.es\/web\/producto\/manta-ignifuga-con-funda-textil\/\" \/>\n<meta property=\"og:site_name\" content=\"Anber\" \/>\n<meta property=\"article:modified_time\" content=\"2026-03-26T10:27:51+00:00\" \/>\n<meta property=\"og:image\" content=\"https:\/\/anber.es\/web\/wp-content\/uploads\/2021\/07\/manta_ignifuga.jpg\" \/>\n\t<meta property=\"og:image:width\" content=\"1000\" \/>\n\t<meta property=\"og:image:height\" content=\"1000\" \/>\n\t<meta property=\"og:image:type\" content=\"image\/jpeg\" \/>\n<meta name=\"twitter:card\" content=\"summary_large_image\" \/>\n<meta name=\"twitter:label1\" content=\"Tiempo de lectura\" \/>\n\t<meta name=\"twitter:data1\" content=\"1 minuto\" \/>\n<script type=\"application\/ld+json\" class=\"yoast-schema-graph\">{\"@context\":\"https:\/\/schema.org\",\"@graph\":[{\"@type\":\"WebPage\",\"@id\":\"https:\/\/anber.es\/web\/producto\/manta-ignifuga-con-funda-textil\/\",\"url\":\"https:\/\/anber.es\/web\/producto\/manta-ignifuga-con-funda-textil\/\",\"name\":\"Manta ign\u00edfuga con funda textil - Anber\",\"isPartOf\":{\"@id\":\"https:\/\/anber.es\/web\/#website\"},\"datePublished\":\"2021-07-01T13:51:25+00:00\",\"dateModified\":\"2026-03-26T10:27:51+00:00\",\"description\":\"La manta ign\u00edfuga est\u00e1 definida como elemento de seguridad que sirve para combatir conatos de incendio y evitar posibles quemaduras.\",\"breadcrumb\":{\"@id\":\"https:\/\/anber.es\/web\/producto\/manta-ignifuga-con-funda-textil\/#breadcrumb\"},\"inLanguage\":\"es\",\"potentialAction\":[{\"@type\":\"ReadAction\",\"target\":[\"https:\/\/anber.es\/web\/producto\/manta-ignifuga-con-funda-textil\/\"]}]},{\"@type\":\"BreadcrumbList\",\"@id\":\"https:\/\/anber.es\/web\/producto\/manta-ignifuga-con-funda-textil\/#breadcrumb\",\"itemListElement\":[{\"@type\":\"ListItem\",\"position\":1,\"name\":\"Portada\",\"item\":\"https:\/\/anber.es\/web\/\"},{\"@type\":\"ListItem\",\"position\":2,\"name\":\"Productos\",\"item\":\"https:\/\/anber.es\/web\/productos\/\"},{\"@type\":\"ListItem\",\"position\":3,\"name\":\"Manta ign\u00edfuga con funda textil\"}]},{\"@type\":\"WebSite\",\"@id\":\"https:\/\/anber.es\/web\/#website\",\"url\":\"https:\/\/anber.es\/web\/\",\"name\":\"Anber\",\"description\":\"Sistemas de protecci\u00f3n contra incendios\",\"publisher\":{\"@id\":\"https:\/\/anber.es\/web\/#organization\"},\"potentialAction\":[{\"@type\":\"SearchAction\",\"target\":{\"@type\":\"EntryPoint\",\"urlTemplate\":\"https:\/\/anber.es\/web\/?s={search_term_string}\"},\"query-input\":\"required name=search_term_string\"}],\"inLanguage\":\"es\"},{\"@type\":\"Organization\",\"@id\":\"https:\/\/anber.es\/web\/#organization\",\"name\":\"Anber\",\"url\":\"https:\/\/anber.es\/web\/\",\"logo\":{\"@type\":\"ImageObject\",\"inLanguage\":\"es\",\"@id\":\"https:\/\/anber.es\/web\/#\/schema\/logo\/image\/\",\"url\":\"https:\/\/anber.es\/web\/wp-content\/uploads\/2021\/03\/logo-anber.png\",\"contentUrl\":\"https:\/\/anber.es\/web\/wp-content\/uploads\/2021\/03\/logo-anber.png\",\"width\":2208,\"height\":500,\"caption\":\"Anber\"},\"image\":{\"@id\":\"https:\/\/anber.es\/web\/#\/schema\/logo\/image\/\"}}]}<\/script>\n<!-- \/ Yoast SEO plugin. -->","yoast_head_json":{"title":"Manta ign\u00edfuga con funda textil - Anber","description":"La manta ign\u00edfuga est\u00e1 definida como elemento de seguridad que sirve para combatir conatos de incendio y evitar posibles quemaduras.","robots":{"index":"index","follow":"follow","max-snippet":"max-snippet:-1","max-image-preview":"max-image-preview:large","max-video-preview":"max-video-preview:-1"},"canonical":"https:\/\/anber.es\/web\/producto\/manta-ignifuga-con-funda-textil\/","og_locale":"es_ES","og_type":"article","og_title":"Manta ign\u00edfuga con funda textil - Anber","og_description":"La manta ign\u00edfuga est\u00e1 definida como elemento de seguridad que sirve para combatir conatos de incendio y evitar posibles quemaduras.","og_url":"https:\/\/anber.es\/web\/producto\/manta-ignifuga-con-funda-textil\/","og_site_name":"Anber","article_modified_time":"2026-03-26T10:27:51+00:00","og_image":[{"width":1000,"height":1000,"url":"https:\/\/anber.es\/web\/wp-content\/uploads\/2021\/07\/manta_ignifuga.jpg","type":"image\/jpeg"}],"twitter_card":"summary_large_image","twitter_misc":{"Tiempo de lectura":"1 minuto"},"schema":{"@context":"https:\/\/schema.org","@graph":[{"@type":"WebPage","@id":"https:\/\/anber.es\/web\/producto\/manta-ignifuga-con-funda-textil\/","url":"https:\/\/anber.es\/web\/producto\/manta-ignifuga-con-funda-textil\/","name":"Manta ign\u00edfuga con funda textil - Anber","isPartOf":{"@id":"https:\/\/anber.es\/web\/#website"},"datePublished":"2021-07-01T13:51:25+00:00","dateModified":"2026-03-26T10:27:51+00:00","description":"La manta ign\u00edfuga est\u00e1 definida como elemento de seguridad que sirve para combatir conatos de incendio y evitar posibles quemaduras.","breadcrumb":{"@id":"https:\/\/anber.es\/web\/producto\/manta-ignifuga-con-funda-textil\/#breadcrumb"},"inLanguage":"es","potentialAction":[{"@type":"ReadAction","target":["https:\/\/anber.es\/web\/producto\/manta-ignifuga-con-funda-textil\/"]}]},{"@type":"BreadcrumbList","@id":"https:\/\/anber.es\/web\/producto\/manta-ignifuga-con-funda-textil\/#breadcrumb","itemListElement":[{"@type":"ListItem","position":1,"name":"Portada","item":"https:\/\/anber.es\/web\/"},{"@type":"ListItem","position":2,"name":"Productos","item":"https:\/\/anber.es\/web\/productos\/"},{"@type":"ListItem","position":3,"name":"Manta ign\u00edfuga con funda textil"}]},{"@type":"WebSite","@id":"https:\/\/anber.es\/web\/#website","url":"https:\/\/anber.es\/web\/","name":"Anber","description":"Sistemas de protecci\u00f3n contra incendios","publisher":{"@id":"https:\/\/anber.es\/web\/#organization"},"potentialAction":[{"@type":"SearchAction","target":{"@type":"EntryPoint","urlTemplate":"https:\/\/anber.es\/web\/?s={search_term_string}"},"query-input":"required name=search_term_string"}],"inLanguage":"es"},{"@type":"Organization","@id":"https:\/\/anber.es\/web\/#organization","name":"Anber","url":"https:\/\/anber.es\/web\/","logo":{"@type":"ImageObject","inLanguage":"es","@id":"https:\/\/anber.es\/web\/#\/schema\/logo\/image\/","url":"https:\/\/anber.es\/web\/wp-content\/uploads\/2021\/03\/logo-anber.png","contentUrl":"https:\/\/anber.es\/web\/wp-content\/uploads\/2021\/03\/logo-anber.png","width":2208,"height":500,"caption":"Anber"},"image":{"@id":"https:\/\/anber.es\/web\/#\/schema\/logo\/image\/"}}]}},"_links":{"self":[{"href":"https:\/\/anber.es\/web\/wp-json\/wp\/v2\/product\/3957"}],"collection":[{"href":"https:\/\/anber.es\/web\/wp-json\/wp\/v2\/product"}],"about":[{"href":"https:\/\/anber.es\/web\/wp-json\/wp\/v2\/types\/product"}],"wp:featuredmedia":[{"embeddable":true,"href":"https:\/\/anber.es\/web\/wp-json\/wp\/v2\/media\/3959"}],"wp:attachment":[{"href":"https:\/\/anber.es\/web\/wp-json\/wp\/v2\/media?parent=3957"}],"wp:term":[{"taxonomy":"product_cat","embeddable":true,"href":"https:\/\/anber.es\/web\/wp-json\/wp\/v2\/product_cat?post=3957"},{"taxonomy":"product_tag","embeddable":true,"href":"https:\/\/anber.es\/web\/wp-json\/wp\/v2\/product_tag?post=3957"}],"curies":[{"name":"wp","href":"https:\/\/api.w.org\/{rel}","templated":true}]}}