{"id":4096,"date":"2021-07-13T12:33:37","date_gmt":"2021-07-13T10:33:37","guid":{"rendered":"https:\/\/anber.es\/producto\/manometro-con-glicerina-inox\/"},"modified":"2026-03-26T12:32:58","modified_gmt":"2026-03-26T10:32:58","slug":"manometro-con-glicerina-inox","status":"publish","type":"product","link":"https:\/\/anber.es\/web\/producto\/manometro-con-glicerina-inox\/","title":{"rendered":"Man\u00f3metro con glicerina INOX"},"content":{"rendered":"<p>Los<strong> man\u00f3metros con glicerina<\/strong> se usan en bombas, prensas, compresores, turbinas, motores Diesel, en industria qu\u00edmica, petroqu\u00edmica y en instalaciones o plantas con presiones pulsantes y vibraciones mec\u00e1nicas.<\/p>\n<p>Los man\u00f3metros se pueden utilizar con fluidos l\u00edquidos o gaseosos que no ataquen la aleaci\u00f3n de cobre, que no presenten una viscosidad elevada y que no cristalicen.<\/p>\n<p>Son fiables y econ\u00f3micos y fabricados seg\u00fan EN-837-1 Y normativa CE.<\/p>\n<p>Disponemos de diferentes escalas (0 &#8230; 600 Bar), con toma de presi\u00f3n radial (Vertical) y\/o con toma de presi\u00f3n dorsal (Horizontal).<\/p>\n<p>Referencia: BOPCMAG.<\/p>\n<p><a href=\"\/web\/wp-content\/uploads\/2021\/08\/Ficha_tecnica-manometros_de_glicerina_inox.pdf\" target=\"_blank\" rel=\"noopener noreferrer\"><button>Descarga ficha <\/button><\/a><br \/>\n<a class=\"insta-link\" href=\"https:\/\/www.instagram.com\/aqlproteccion\/?hl=es\" target=\"_blank\" rel=\"noopener noreferrer\">Instagram<\/a><\/p>\n","protected":false},"excerpt":{"rendered":"<p>Los man\u00f3metros con glicerina se usan en bombas, prensas, compresores, turbinas, motores Diesel, en industria qu\u00edmica, petroqu\u00edmica y en instalaciones o plantas con presiones pulsantes y vibraciones mec\u00e1nicas. Los man\u00f3metros se pueden utilizar con fluidos l\u00edquidos o gaseosos que no ataquen la aleaci\u00f3n de cobre, que no presenten una viscosidad elevada y que no cristalicen. &#8230; <a title=\"Man\u00f3metro con glicerina INOX\" class=\"read-more\" href=\"https:\/\/anber.es\/web\/producto\/manometro-con-glicerina-inox\/\" aria-label=\"M\u00e1s en Man\u00f3metro con glicerina INOX\">Leer m\u00e1s<\/a><\/p>\n","protected":false},"featured_media":4095,"template":"","meta":[],"product_cat":[27,20,100,45,177,142],"product_tag":[215],"yoast_head":"<!-- This site is optimized with the Yoast SEO plugin v22.1 - https:\/\/yoast.com\/wordpress\/plugins\/seo\/ -->\n<title>Man\u00f3metro con glicerina INOX - Anber<\/title>\n<meta name=\"description\" content=\"Los man\u00f3metros con glicerina se usan en bombas, prensas, compresores, turbinas, etc. con presiones pulsantes y vibraciones mec\u00e1nicas.\" \/>\n<meta name=\"robots\" content=\"index, follow, max-snippet:-1, max-image-preview:large, max-video-preview:-1\" \/>\n<link rel=\"canonical\" href=\"https:\/\/anber.es\/web\/producto\/manometro-con-glicerina-inox\/\" \/>\n<meta property=\"og:locale\" content=\"es_ES\" \/>\n<meta property=\"og:type\" content=\"article\" \/>\n<meta property=\"og:title\" content=\"Man\u00f3metro con glicerina INOX - Anber\" \/>\n<meta property=\"og:description\" content=\"Los man\u00f3metros con glicerina se usan en bombas, prensas, compresores, turbinas, etc. con presiones pulsantes y vibraciones mec\u00e1nicas.\" \/>\n<meta property=\"og:url\" content=\"https:\/\/anber.es\/web\/producto\/manometro-con-glicerina-inox\/\" \/>\n<meta property=\"og:site_name\" content=\"Anber\" \/>\n<meta property=\"article:modified_time\" content=\"2026-03-26T10:32:58+00:00\" \/>\n<meta property=\"og:image\" content=\"https:\/\/anber.es\/web\/wp-content\/uploads\/2021\/07\/manometro_de_glicerina_inox.jpg\" \/>\n\t<meta property=\"og:image:width\" content=\"1000\" \/>\n\t<meta property=\"og:image:height\" content=\"1000\" \/>\n\t<meta property=\"og:image:type\" content=\"image\/jpeg\" \/>\n<meta name=\"twitter:card\" content=\"summary_large_image\" \/>\n<meta name=\"twitter:label1\" content=\"Tiempo de lectura\" \/>\n\t<meta name=\"twitter:data1\" content=\"1 minuto\" \/>\n<script type=\"application\/ld+json\" class=\"yoast-schema-graph\">{\"@context\":\"https:\/\/schema.org\",\"@graph\":[{\"@type\":\"WebPage\",\"@id\":\"https:\/\/anber.es\/web\/producto\/manometro-con-glicerina-inox\/\",\"url\":\"https:\/\/anber.es\/web\/producto\/manometro-con-glicerina-inox\/\",\"name\":\"Man\u00f3metro con glicerina INOX - Anber\",\"isPartOf\":{\"@id\":\"https:\/\/anber.es\/web\/#website\"},\"datePublished\":\"2021-07-13T10:33:37+00:00\",\"dateModified\":\"2026-03-26T10:32:58+00:00\",\"description\":\"Los man\u00f3metros con glicerina se usan en bombas, prensas, compresores, turbinas, etc. con presiones pulsantes y vibraciones mec\u00e1nicas.\",\"breadcrumb\":{\"@id\":\"https:\/\/anber.es\/web\/producto\/manometro-con-glicerina-inox\/#breadcrumb\"},\"inLanguage\":\"es\",\"potentialAction\":[{\"@type\":\"ReadAction\",\"target\":[\"https:\/\/anber.es\/web\/producto\/manometro-con-glicerina-inox\/\"]}]},{\"@type\":\"BreadcrumbList\",\"@id\":\"https:\/\/anber.es\/web\/producto\/manometro-con-glicerina-inox\/#breadcrumb\",\"itemListElement\":[{\"@type\":\"ListItem\",\"position\":1,\"name\":\"Portada\",\"item\":\"https:\/\/anber.es\/web\/\"},{\"@type\":\"ListItem\",\"position\":2,\"name\":\"Productos\",\"item\":\"https:\/\/anber.es\/web\/productos\/\"},{\"@type\":\"ListItem\",\"position\":3,\"name\":\"Man\u00f3metro con glicerina INOX\"}]},{\"@type\":\"WebSite\",\"@id\":\"https:\/\/anber.es\/web\/#website\",\"url\":\"https:\/\/anber.es\/web\/\",\"name\":\"Anber\",\"description\":\"Sistemas de protecci\u00f3n contra incendios\",\"publisher\":{\"@id\":\"https:\/\/anber.es\/web\/#organization\"},\"potentialAction\":[{\"@type\":\"SearchAction\",\"target\":{\"@type\":\"EntryPoint\",\"urlTemplate\":\"https:\/\/anber.es\/web\/?s={search_term_string}\"},\"query-input\":\"required name=search_term_string\"}],\"inLanguage\":\"es\"},{\"@type\":\"Organization\",\"@id\":\"https:\/\/anber.es\/web\/#organization\",\"name\":\"Anber\",\"url\":\"https:\/\/anber.es\/web\/\",\"logo\":{\"@type\":\"ImageObject\",\"inLanguage\":\"es\",\"@id\":\"https:\/\/anber.es\/web\/#\/schema\/logo\/image\/\",\"url\":\"https:\/\/anber.es\/web\/wp-content\/uploads\/2021\/03\/logo-anber.png\",\"contentUrl\":\"https:\/\/anber.es\/web\/wp-content\/uploads\/2021\/03\/logo-anber.png\",\"width\":2208,\"height\":500,\"caption\":\"Anber\"},\"image\":{\"@id\":\"https:\/\/anber.es\/web\/#\/schema\/logo\/image\/\"}}]}<\/script>\n<!-- \/ Yoast SEO plugin. -->","yoast_head_json":{"title":"Man\u00f3metro con glicerina INOX - Anber","description":"Los man\u00f3metros con glicerina se usan en bombas, prensas, compresores, turbinas, etc. con presiones pulsantes y vibraciones mec\u00e1nicas.","robots":{"index":"index","follow":"follow","max-snippet":"max-snippet:-1","max-image-preview":"max-image-preview:large","max-video-preview":"max-video-preview:-1"},"canonical":"https:\/\/anber.es\/web\/producto\/manometro-con-glicerina-inox\/","og_locale":"es_ES","og_type":"article","og_title":"Man\u00f3metro con glicerina INOX - Anber","og_description":"Los man\u00f3metros con glicerina se usan en bombas, prensas, compresores, turbinas, etc. con presiones pulsantes y vibraciones mec\u00e1nicas.","og_url":"https:\/\/anber.es\/web\/producto\/manometro-con-glicerina-inox\/","og_site_name":"Anber","article_modified_time":"2026-03-26T10:32:58+00:00","og_image":[{"width":1000,"height":1000,"url":"https:\/\/anber.es\/web\/wp-content\/uploads\/2021\/07\/manometro_de_glicerina_inox.jpg","type":"image\/jpeg"}],"twitter_card":"summary_large_image","twitter_misc":{"Tiempo de lectura":"1 minuto"},"schema":{"@context":"https:\/\/schema.org","@graph":[{"@type":"WebPage","@id":"https:\/\/anber.es\/web\/producto\/manometro-con-glicerina-inox\/","url":"https:\/\/anber.es\/web\/producto\/manometro-con-glicerina-inox\/","name":"Man\u00f3metro con glicerina INOX - Anber","isPartOf":{"@id":"https:\/\/anber.es\/web\/#website"},"datePublished":"2021-07-13T10:33:37+00:00","dateModified":"2026-03-26T10:32:58+00:00","description":"Los man\u00f3metros con glicerina se usan en bombas, prensas, compresores, turbinas, etc. con presiones pulsantes y vibraciones mec\u00e1nicas.","breadcrumb":{"@id":"https:\/\/anber.es\/web\/producto\/manometro-con-glicerina-inox\/#breadcrumb"},"inLanguage":"es","potentialAction":[{"@type":"ReadAction","target":["https:\/\/anber.es\/web\/producto\/manometro-con-glicerina-inox\/"]}]},{"@type":"BreadcrumbList","@id":"https:\/\/anber.es\/web\/producto\/manometro-con-glicerina-inox\/#breadcrumb","itemListElement":[{"@type":"ListItem","position":1,"name":"Portada","item":"https:\/\/anber.es\/web\/"},{"@type":"ListItem","position":2,"name":"Productos","item":"https:\/\/anber.es\/web\/productos\/"},{"@type":"ListItem","position":3,"name":"Man\u00f3metro con glicerina INOX"}]},{"@type":"WebSite","@id":"https:\/\/anber.es\/web\/#website","url":"https:\/\/anber.es\/web\/","name":"Anber","description":"Sistemas de protecci\u00f3n contra incendios","publisher":{"@id":"https:\/\/anber.es\/web\/#organization"},"potentialAction":[{"@type":"SearchAction","target":{"@type":"EntryPoint","urlTemplate":"https:\/\/anber.es\/web\/?s={search_term_string}"},"query-input":"required name=search_term_string"}],"inLanguage":"es"},{"@type":"Organization","@id":"https:\/\/anber.es\/web\/#organization","name":"Anber","url":"https:\/\/anber.es\/web\/","logo":{"@type":"ImageObject","inLanguage":"es","@id":"https:\/\/anber.es\/web\/#\/schema\/logo\/image\/","url":"https:\/\/anber.es\/web\/wp-content\/uploads\/2021\/03\/logo-anber.png","contentUrl":"https:\/\/anber.es\/web\/wp-content\/uploads\/2021\/03\/logo-anber.png","width":2208,"height":500,"caption":"Anber"},"image":{"@id":"https:\/\/anber.es\/web\/#\/schema\/logo\/image\/"}}]}},"_links":{"self":[{"href":"https:\/\/anber.es\/web\/wp-json\/wp\/v2\/product\/4096"}],"collection":[{"href":"https:\/\/anber.es\/web\/wp-json\/wp\/v2\/product"}],"about":[{"href":"https:\/\/anber.es\/web\/wp-json\/wp\/v2\/types\/product"}],"wp:featuredmedia":[{"embeddable":true,"href":"https:\/\/anber.es\/web\/wp-json\/wp\/v2\/media\/4095"}],"wp:attachment":[{"href":"https:\/\/anber.es\/web\/wp-json\/wp\/v2\/media?parent=4096"}],"wp:term":[{"taxonomy":"product_cat","embeddable":true,"href":"https:\/\/anber.es\/web\/wp-json\/wp\/v2\/product_cat?post=4096"},{"taxonomy":"product_tag","embeddable":true,"href":"https:\/\/anber.es\/web\/wp-json\/wp\/v2\/product_tag?post=4096"}],"curies":[{"name":"wp","href":"https:\/\/api.w.org\/{rel}","templated":true}]}}