{"id":4099,"date":"2021-07-14T08:53:44","date_gmt":"2021-07-14T06:53:44","guid":{"rendered":"https:\/\/anber.es\/producto\/manometro-caja-de-plastico\/"},"modified":"2026-03-26T12:32:52","modified_gmt":"2026-03-26T10:32:52","slug":"manometro-caja-de-plastico","status":"publish","type":"product","link":"https:\/\/anber.es\/web\/producto\/manometro-caja-de-plastico\/","title":{"rendered":"Man\u00f3metro con caja de pl\u00e1stico"},"content":{"rendered":"<p>El<strong> man\u00f3metro con caja de pl\u00e1stico <\/strong>se puede usar con fluidos l\u00edquidos o gaseosos que no ataquen qu\u00edmicamente las aleaciones de cobre, no presenten una viscosidad elevada y no cristalicen.<\/p>\n<p>Su aplicaci\u00f3n preferente es en circuitos neum\u00e1ticos e hidr\u00e1ulicos, compresores, filtros y reguladores de presi\u00f3n.<\/p>\n<p>Cumplen norma CE.<\/p>\n<p>Referencia: BOPCMA.<\/p>\n<p><a href=\"\/web\/wp-content\/uploads\/2021\/08\/Ficha_tecnica-manometro_con_caja_de_plastico.pdf\" target=\"_blank\" rel=\"noopener noreferrer\"><button>Descarga ficha <\/button><\/a><br \/>\n<a class=\"insta-link\" href=\"https:\/\/www.instagram.com\/aqlproteccion\/?hl=es\" target=\"_blank\" rel=\"noopener noreferrer\">Instagram<\/a><\/p>\n","protected":false},"excerpt":{"rendered":"<p>El man\u00f3metro con caja de pl\u00e1stico se puede usar con fluidos l\u00edquidos o gaseosos que no ataquen qu\u00edmicamente las aleaciones de cobre, no presenten una viscosidad elevada y no cristalicen.<\/p>\n","protected":false},"featured_media":4100,"template":"","meta":[],"product_cat":[27,20,100],"product_tag":[215],"yoast_head":"<!-- This site is optimized with the Yoast SEO plugin v22.1 - https:\/\/yoast.com\/wordpress\/plugins\/seo\/ -->\n<title>Man\u00f3metro con caja de pl\u00e1stico - Anber<\/title>\n<meta name=\"description\" content=\"El man\u00f3metro con caja de pl\u00e1stico se puede usar con fluidos l\u00edquidos o gaseosos que no ataquen qu\u00edmicamente las aleaciones de cobre...\" \/>\n<meta name=\"robots\" content=\"index, follow, max-snippet:-1, max-image-preview:large, max-video-preview:-1\" \/>\n<link rel=\"canonical\" href=\"https:\/\/anber.es\/web\/producto\/manometro-caja-de-plastico\/\" \/>\n<meta property=\"og:locale\" content=\"es_ES\" \/>\n<meta property=\"og:type\" content=\"article\" \/>\n<meta property=\"og:title\" content=\"Man\u00f3metro con caja de pl\u00e1stico - Anber\" \/>\n<meta property=\"og:description\" content=\"El man\u00f3metro con caja de pl\u00e1stico se puede usar con fluidos l\u00edquidos o gaseosos que no ataquen qu\u00edmicamente las aleaciones de cobre...\" \/>\n<meta property=\"og:url\" content=\"https:\/\/anber.es\/web\/producto\/manometro-caja-de-plastico\/\" \/>\n<meta property=\"og:site_name\" content=\"Anber\" \/>\n<meta property=\"article:modified_time\" content=\"2026-03-26T10:32:52+00:00\" \/>\n<meta property=\"og:image\" content=\"https:\/\/anber.es\/web\/wp-content\/uploads\/2021\/07\/manometro_caja_de_plastico.jpg\" \/>\n\t<meta property=\"og:image:width\" content=\"1000\" \/>\n\t<meta property=\"og:image:height\" content=\"1000\" \/>\n\t<meta property=\"og:image:type\" content=\"image\/jpeg\" \/>\n<meta name=\"twitter:card\" content=\"summary_large_image\" \/>\n<meta name=\"twitter:label1\" content=\"Tiempo de lectura\" \/>\n\t<meta name=\"twitter:data1\" content=\"1 minuto\" \/>\n<script type=\"application\/ld+json\" class=\"yoast-schema-graph\">{\"@context\":\"https:\/\/schema.org\",\"@graph\":[{\"@type\":\"WebPage\",\"@id\":\"https:\/\/anber.es\/web\/producto\/manometro-caja-de-plastico\/\",\"url\":\"https:\/\/anber.es\/web\/producto\/manometro-caja-de-plastico\/\",\"name\":\"Man\u00f3metro con caja de pl\u00e1stico - Anber\",\"isPartOf\":{\"@id\":\"https:\/\/anber.es\/web\/#website\"},\"datePublished\":\"2021-07-14T06:53:44+00:00\",\"dateModified\":\"2026-03-26T10:32:52+00:00\",\"description\":\"El man\u00f3metro con caja de pl\u00e1stico se puede usar con fluidos l\u00edquidos o gaseosos que no ataquen qu\u00edmicamente las aleaciones de cobre...\",\"breadcrumb\":{\"@id\":\"https:\/\/anber.es\/web\/producto\/manometro-caja-de-plastico\/#breadcrumb\"},\"inLanguage\":\"es\",\"potentialAction\":[{\"@type\":\"ReadAction\",\"target\":[\"https:\/\/anber.es\/web\/producto\/manometro-caja-de-plastico\/\"]}]},{\"@type\":\"BreadcrumbList\",\"@id\":\"https:\/\/anber.es\/web\/producto\/manometro-caja-de-plastico\/#breadcrumb\",\"itemListElement\":[{\"@type\":\"ListItem\",\"position\":1,\"name\":\"Portada\",\"item\":\"https:\/\/anber.es\/web\/\"},{\"@type\":\"ListItem\",\"position\":2,\"name\":\"Productos\",\"item\":\"https:\/\/anber.es\/web\/productos\/\"},{\"@type\":\"ListItem\",\"position\":3,\"name\":\"Man\u00f3metro con caja de pl\u00e1stico\"}]},{\"@type\":\"WebSite\",\"@id\":\"https:\/\/anber.es\/web\/#website\",\"url\":\"https:\/\/anber.es\/web\/\",\"name\":\"Anber\",\"description\":\"Sistemas de protecci\u00f3n contra incendios\",\"publisher\":{\"@id\":\"https:\/\/anber.es\/web\/#organization\"},\"potentialAction\":[{\"@type\":\"SearchAction\",\"target\":{\"@type\":\"EntryPoint\",\"urlTemplate\":\"https:\/\/anber.es\/web\/?s={search_term_string}\"},\"query-input\":\"required name=search_term_string\"}],\"inLanguage\":\"es\"},{\"@type\":\"Organization\",\"@id\":\"https:\/\/anber.es\/web\/#organization\",\"name\":\"Anber\",\"url\":\"https:\/\/anber.es\/web\/\",\"logo\":{\"@type\":\"ImageObject\",\"inLanguage\":\"es\",\"@id\":\"https:\/\/anber.es\/web\/#\/schema\/logo\/image\/\",\"url\":\"https:\/\/anber.es\/web\/wp-content\/uploads\/2021\/03\/logo-anber.png\",\"contentUrl\":\"https:\/\/anber.es\/web\/wp-content\/uploads\/2021\/03\/logo-anber.png\",\"width\":2208,\"height\":500,\"caption\":\"Anber\"},\"image\":{\"@id\":\"https:\/\/anber.es\/web\/#\/schema\/logo\/image\/\"}}]}<\/script>\n<!-- \/ Yoast SEO plugin. -->","yoast_head_json":{"title":"Man\u00f3metro con caja de pl\u00e1stico - Anber","description":"El man\u00f3metro con caja de pl\u00e1stico se puede usar con fluidos l\u00edquidos o gaseosos que no ataquen qu\u00edmicamente las aleaciones de cobre...","robots":{"index":"index","follow":"follow","max-snippet":"max-snippet:-1","max-image-preview":"max-image-preview:large","max-video-preview":"max-video-preview:-1"},"canonical":"https:\/\/anber.es\/web\/producto\/manometro-caja-de-plastico\/","og_locale":"es_ES","og_type":"article","og_title":"Man\u00f3metro con caja de pl\u00e1stico - Anber","og_description":"El man\u00f3metro con caja de pl\u00e1stico se puede usar con fluidos l\u00edquidos o gaseosos que no ataquen qu\u00edmicamente las aleaciones de cobre...","og_url":"https:\/\/anber.es\/web\/producto\/manometro-caja-de-plastico\/","og_site_name":"Anber","article_modified_time":"2026-03-26T10:32:52+00:00","og_image":[{"width":1000,"height":1000,"url":"https:\/\/anber.es\/web\/wp-content\/uploads\/2021\/07\/manometro_caja_de_plastico.jpg","type":"image\/jpeg"}],"twitter_card":"summary_large_image","twitter_misc":{"Tiempo de lectura":"1 minuto"},"schema":{"@context":"https:\/\/schema.org","@graph":[{"@type":"WebPage","@id":"https:\/\/anber.es\/web\/producto\/manometro-caja-de-plastico\/","url":"https:\/\/anber.es\/web\/producto\/manometro-caja-de-plastico\/","name":"Man\u00f3metro con caja de pl\u00e1stico - Anber","isPartOf":{"@id":"https:\/\/anber.es\/web\/#website"},"datePublished":"2021-07-14T06:53:44+00:00","dateModified":"2026-03-26T10:32:52+00:00","description":"El man\u00f3metro con caja de pl\u00e1stico se puede usar con fluidos l\u00edquidos o gaseosos que no ataquen qu\u00edmicamente las aleaciones de cobre...","breadcrumb":{"@id":"https:\/\/anber.es\/web\/producto\/manometro-caja-de-plastico\/#breadcrumb"},"inLanguage":"es","potentialAction":[{"@type":"ReadAction","target":["https:\/\/anber.es\/web\/producto\/manometro-caja-de-plastico\/"]}]},{"@type":"BreadcrumbList","@id":"https:\/\/anber.es\/web\/producto\/manometro-caja-de-plastico\/#breadcrumb","itemListElement":[{"@type":"ListItem","position":1,"name":"Portada","item":"https:\/\/anber.es\/web\/"},{"@type":"ListItem","position":2,"name":"Productos","item":"https:\/\/anber.es\/web\/productos\/"},{"@type":"ListItem","position":3,"name":"Man\u00f3metro con caja de pl\u00e1stico"}]},{"@type":"WebSite","@id":"https:\/\/anber.es\/web\/#website","url":"https:\/\/anber.es\/web\/","name":"Anber","description":"Sistemas de protecci\u00f3n contra incendios","publisher":{"@id":"https:\/\/anber.es\/web\/#organization"},"potentialAction":[{"@type":"SearchAction","target":{"@type":"EntryPoint","urlTemplate":"https:\/\/anber.es\/web\/?s={search_term_string}"},"query-input":"required name=search_term_string"}],"inLanguage":"es"},{"@type":"Organization","@id":"https:\/\/anber.es\/web\/#organization","name":"Anber","url":"https:\/\/anber.es\/web\/","logo":{"@type":"ImageObject","inLanguage":"es","@id":"https:\/\/anber.es\/web\/#\/schema\/logo\/image\/","url":"https:\/\/anber.es\/web\/wp-content\/uploads\/2021\/03\/logo-anber.png","contentUrl":"https:\/\/anber.es\/web\/wp-content\/uploads\/2021\/03\/logo-anber.png","width":2208,"height":500,"caption":"Anber"},"image":{"@id":"https:\/\/anber.es\/web\/#\/schema\/logo\/image\/"}}]}},"_links":{"self":[{"href":"https:\/\/anber.es\/web\/wp-json\/wp\/v2\/product\/4099"}],"collection":[{"href":"https:\/\/anber.es\/web\/wp-json\/wp\/v2\/product"}],"about":[{"href":"https:\/\/anber.es\/web\/wp-json\/wp\/v2\/types\/product"}],"wp:featuredmedia":[{"embeddable":true,"href":"https:\/\/anber.es\/web\/wp-json\/wp\/v2\/media\/4100"}],"wp:attachment":[{"href":"https:\/\/anber.es\/web\/wp-json\/wp\/v2\/media?parent=4099"}],"wp:term":[{"taxonomy":"product_cat","embeddable":true,"href":"https:\/\/anber.es\/web\/wp-json\/wp\/v2\/product_cat?post=4099"},{"taxonomy":"product_tag","embeddable":true,"href":"https:\/\/anber.es\/web\/wp-json\/wp\/v2\/product_tag?post=4099"}],"curies":[{"name":"wp","href":"https:\/\/api.w.org\/{rel}","templated":true}]}}