{"id":4184,"date":"2021-07-19T17:25:37","date_gmt":"2021-07-19T15:25:37","guid":{"rendered":"https:\/\/anber.es\/producto\/racor-barcelona\/"},"modified":"2026-04-10T13:36:48","modified_gmt":"2026-04-10T11:36:48","slug":"racor-barcelona","status":"publish","type":"product","link":"https:\/\/anber.es\/web\/producto\/racor-barcelona\/","title":{"rendered":"Racor Barcelona"},"content":{"rendered":"<p><strong> Racor Barcelona <\/strong>conforme a la norma <b>UNE 23400<\/b>, dise\u00f1ado para su conexi\u00f3n a equipos, v\u00e1lvulas u otros elementos de instalaci\u00f3n que dispongan de rosca compatible.<\/p>\n<p>Su sistema de acoplamiento mediante garras permite una conexi\u00f3n sin necesidad de herramientas, garantizando estanqueidad y facilidad de uso.<\/p>\n<p>\u00b7 <strong>Racor Barcelona rosca interior<\/strong>.<br \/>\n\u00b7 <strong>Racor Barcelona rosca exterior<\/strong>.<\/p>\n<p>Disponible en varias medidas y materiales:<br \/>\n\u00b7 En aluminio fundido: 45 mm.<br \/>\n\u00b7 En aluminio estampado: 25 mm, 45 mm, 70 mm y 100 mm.<\/p>\n<p>Referencia: HRRAB.<\/p>\n<p><a href=\"\/web\/wp-content\/uploads\/2026\/04\/Ficha_tecnica-racor_Barcelona_rosca_interior_y_exterior.pdf\" target=\"_blank\" rel=\"noopener noreferrer\"><button>Descarga ficha <\/button><\/a><br \/>\n<a class=\"insta-link\" href=\"https:\/\/www.instagram.com\/aqlproteccion\/?hl=es\" target=\"_blank\" rel=\"noopener noreferrer\">Instagram<\/a><\/p>\n","protected":false},"excerpt":{"rendered":"<p>Racor Barcelona conforme a la norma UNE 23400, dise\u00f1ado para su conexi\u00f3n a equipos, v\u00e1lvulas u otros elementos de instalaci\u00f3n que dispongan de rosca <\/p>\n","protected":false},"featured_media":11021,"template":"","meta":[],"product_cat":[247,20,109],"product_tag":[215],"yoast_head":"<!-- This site is optimized with the Yoast SEO plugin v22.1 - https:\/\/yoast.com\/wordpress\/plugins\/seo\/ -->\n<title>Racor Barcelona - Anber<\/title>\n<meta name=\"description\" content=\"Racor Barcelona conforme a la norma UNE 23400, dise\u00f1ado para su conexi\u00f3n a equipos, v\u00e1lvulas u otros elementos de instalaci\u00f3n que dispongan de rosca\" \/>\n<meta name=\"robots\" content=\"index, follow, max-snippet:-1, max-image-preview:large, max-video-preview:-1\" \/>\n<link rel=\"canonical\" href=\"https:\/\/anber.es\/web\/producto\/racor-barcelona\/\" \/>\n<meta property=\"og:locale\" content=\"es_ES\" \/>\n<meta property=\"og:type\" content=\"article\" \/>\n<meta property=\"og:title\" content=\"Racor Barcelona - Anber\" \/>\n<meta property=\"og:description\" content=\"Racor Barcelona conforme a la norma UNE 23400, dise\u00f1ado para su conexi\u00f3n a equipos, v\u00e1lvulas u otros elementos de instalaci\u00f3n que dispongan de rosca\" \/>\n<meta property=\"og:url\" content=\"https:\/\/anber.es\/web\/producto\/racor-barcelona\/\" \/>\n<meta property=\"og:site_name\" content=\"Anber\" \/>\n<meta property=\"article:modified_time\" content=\"2026-04-10T11:36:48+00:00\" \/>\n<meta property=\"og:image\" content=\"https:\/\/anber.es\/web\/wp-content\/uploads\/2026\/04\/racor_BCN_rosca_interior_y_exterior.webp\" \/>\n\t<meta property=\"og:image:width\" content=\"1000\" \/>\n\t<meta property=\"og:image:height\" content=\"1000\" \/>\n\t<meta property=\"og:image:type\" content=\"image\/webp\" \/>\n<meta name=\"twitter:card\" content=\"summary_large_image\" \/>\n<meta name=\"twitter:label1\" content=\"Tiempo de lectura\" \/>\n\t<meta name=\"twitter:data1\" content=\"1 minuto\" \/>\n<script type=\"application\/ld+json\" class=\"yoast-schema-graph\">{\"@context\":\"https:\/\/schema.org\",\"@graph\":[{\"@type\":\"WebPage\",\"@id\":\"https:\/\/anber.es\/web\/producto\/racor-barcelona\/\",\"url\":\"https:\/\/anber.es\/web\/producto\/racor-barcelona\/\",\"name\":\"Racor Barcelona - Anber\",\"isPartOf\":{\"@id\":\"https:\/\/anber.es\/web\/#website\"},\"datePublished\":\"2021-07-19T15:25:37+00:00\",\"dateModified\":\"2026-04-10T11:36:48+00:00\",\"description\":\"Racor Barcelona conforme a la norma UNE 23400, dise\u00f1ado para su conexi\u00f3n a equipos, v\u00e1lvulas u otros elementos de instalaci\u00f3n que dispongan de rosca\",\"breadcrumb\":{\"@id\":\"https:\/\/anber.es\/web\/producto\/racor-barcelona\/#breadcrumb\"},\"inLanguage\":\"es\",\"potentialAction\":[{\"@type\":\"ReadAction\",\"target\":[\"https:\/\/anber.es\/web\/producto\/racor-barcelona\/\"]}]},{\"@type\":\"BreadcrumbList\",\"@id\":\"https:\/\/anber.es\/web\/producto\/racor-barcelona\/#breadcrumb\",\"itemListElement\":[{\"@type\":\"ListItem\",\"position\":1,\"name\":\"Portada\",\"item\":\"https:\/\/anber.es\/web\/\"},{\"@type\":\"ListItem\",\"position\":2,\"name\":\"Productos\",\"item\":\"https:\/\/anber.es\/web\/productos\/\"},{\"@type\":\"ListItem\",\"position\":3,\"name\":\"Racor Barcelona\"}]},{\"@type\":\"WebSite\",\"@id\":\"https:\/\/anber.es\/web\/#website\",\"url\":\"https:\/\/anber.es\/web\/\",\"name\":\"Anber\",\"description\":\"Sistemas de protecci\u00f3n contra incendios\",\"publisher\":{\"@id\":\"https:\/\/anber.es\/web\/#organization\"},\"potentialAction\":[{\"@type\":\"SearchAction\",\"target\":{\"@type\":\"EntryPoint\",\"urlTemplate\":\"https:\/\/anber.es\/web\/?s={search_term_string}\"},\"query-input\":\"required name=search_term_string\"}],\"inLanguage\":\"es\"},{\"@type\":\"Organization\",\"@id\":\"https:\/\/anber.es\/web\/#organization\",\"name\":\"Anber\",\"url\":\"https:\/\/anber.es\/web\/\",\"logo\":{\"@type\":\"ImageObject\",\"inLanguage\":\"es\",\"@id\":\"https:\/\/anber.es\/web\/#\/schema\/logo\/image\/\",\"url\":\"https:\/\/anber.es\/web\/wp-content\/uploads\/2021\/03\/logo-anber.png\",\"contentUrl\":\"https:\/\/anber.es\/web\/wp-content\/uploads\/2021\/03\/logo-anber.png\",\"width\":2208,\"height\":500,\"caption\":\"Anber\"},\"image\":{\"@id\":\"https:\/\/anber.es\/web\/#\/schema\/logo\/image\/\"}}]}<\/script>\n<!-- \/ Yoast SEO plugin. -->","yoast_head_json":{"title":"Racor Barcelona - Anber","description":"Racor Barcelona conforme a la norma UNE 23400, dise\u00f1ado para su conexi\u00f3n a equipos, v\u00e1lvulas u otros elementos de instalaci\u00f3n que dispongan de rosca","robots":{"index":"index","follow":"follow","max-snippet":"max-snippet:-1","max-image-preview":"max-image-preview:large","max-video-preview":"max-video-preview:-1"},"canonical":"https:\/\/anber.es\/web\/producto\/racor-barcelona\/","og_locale":"es_ES","og_type":"article","og_title":"Racor Barcelona - Anber","og_description":"Racor Barcelona conforme a la norma UNE 23400, dise\u00f1ado para su conexi\u00f3n a equipos, v\u00e1lvulas u otros elementos de instalaci\u00f3n que dispongan de rosca","og_url":"https:\/\/anber.es\/web\/producto\/racor-barcelona\/","og_site_name":"Anber","article_modified_time":"2026-04-10T11:36:48+00:00","og_image":[{"width":1000,"height":1000,"url":"https:\/\/anber.es\/web\/wp-content\/uploads\/2026\/04\/racor_BCN_rosca_interior_y_exterior.webp","type":"image\/webp"}],"twitter_card":"summary_large_image","twitter_misc":{"Tiempo de lectura":"1 minuto"},"schema":{"@context":"https:\/\/schema.org","@graph":[{"@type":"WebPage","@id":"https:\/\/anber.es\/web\/producto\/racor-barcelona\/","url":"https:\/\/anber.es\/web\/producto\/racor-barcelona\/","name":"Racor Barcelona - Anber","isPartOf":{"@id":"https:\/\/anber.es\/web\/#website"},"datePublished":"2021-07-19T15:25:37+00:00","dateModified":"2026-04-10T11:36:48+00:00","description":"Racor Barcelona conforme a la norma UNE 23400, dise\u00f1ado para su conexi\u00f3n a equipos, v\u00e1lvulas u otros elementos de instalaci\u00f3n que dispongan de rosca","breadcrumb":{"@id":"https:\/\/anber.es\/web\/producto\/racor-barcelona\/#breadcrumb"},"inLanguage":"es","potentialAction":[{"@type":"ReadAction","target":["https:\/\/anber.es\/web\/producto\/racor-barcelona\/"]}]},{"@type":"BreadcrumbList","@id":"https:\/\/anber.es\/web\/producto\/racor-barcelona\/#breadcrumb","itemListElement":[{"@type":"ListItem","position":1,"name":"Portada","item":"https:\/\/anber.es\/web\/"},{"@type":"ListItem","position":2,"name":"Productos","item":"https:\/\/anber.es\/web\/productos\/"},{"@type":"ListItem","position":3,"name":"Racor Barcelona"}]},{"@type":"WebSite","@id":"https:\/\/anber.es\/web\/#website","url":"https:\/\/anber.es\/web\/","name":"Anber","description":"Sistemas de protecci\u00f3n contra incendios","publisher":{"@id":"https:\/\/anber.es\/web\/#organization"},"potentialAction":[{"@type":"SearchAction","target":{"@type":"EntryPoint","urlTemplate":"https:\/\/anber.es\/web\/?s={search_term_string}"},"query-input":"required name=search_term_string"}],"inLanguage":"es"},{"@type":"Organization","@id":"https:\/\/anber.es\/web\/#organization","name":"Anber","url":"https:\/\/anber.es\/web\/","logo":{"@type":"ImageObject","inLanguage":"es","@id":"https:\/\/anber.es\/web\/#\/schema\/logo\/image\/","url":"https:\/\/anber.es\/web\/wp-content\/uploads\/2021\/03\/logo-anber.png","contentUrl":"https:\/\/anber.es\/web\/wp-content\/uploads\/2021\/03\/logo-anber.png","width":2208,"height":500,"caption":"Anber"},"image":{"@id":"https:\/\/anber.es\/web\/#\/schema\/logo\/image\/"}}]}},"_links":{"self":[{"href":"https:\/\/anber.es\/web\/wp-json\/wp\/v2\/product\/4184"}],"collection":[{"href":"https:\/\/anber.es\/web\/wp-json\/wp\/v2\/product"}],"about":[{"href":"https:\/\/anber.es\/web\/wp-json\/wp\/v2\/types\/product"}],"wp:featuredmedia":[{"embeddable":true,"href":"https:\/\/anber.es\/web\/wp-json\/wp\/v2\/media\/11021"}],"wp:attachment":[{"href":"https:\/\/anber.es\/web\/wp-json\/wp\/v2\/media?parent=4184"}],"wp:term":[{"taxonomy":"product_cat","embeddable":true,"href":"https:\/\/anber.es\/web\/wp-json\/wp\/v2\/product_cat?post=4184"},{"taxonomy":"product_tag","embeddable":true,"href":"https:\/\/anber.es\/web\/wp-json\/wp\/v2\/product_tag?post=4184"}],"curies":[{"name":"wp","href":"https:\/\/api.w.org\/{rel}","templated":true}]}}