{"id":4190,"date":"2021-07-20T09:34:26","date_gmt":"2021-07-20T07:34:26","guid":{"rendered":"https:\/\/anber.es\/producto\/racor-barcelona-manguera\/"},"modified":"2026-04-10T13:43:04","modified_gmt":"2026-04-10T11:43:04","slug":"racor-barcelona-manguera","status":"publish","type":"product","link":"https:\/\/anber.es\/web\/producto\/racor-barcelona-manguera\/","title":{"rendered":"Racor Barcelona Manguera"},"content":{"rendered":"<p>El<strong> racor Barcelona para manguera <\/strong>conforme a la norma <b>UNE 23400<\/b>, dise\u00f1ado para su instalaci\u00f3n en el extremo de las mangueras, especialmente en aplicaciones contra incendios.<\/p>\n<p>Su dise\u00f1o permite una <b>fijaci\u00f3n firme a la manguera, asegurando una uni\u00f3n estanca<\/b>.<\/p>\n<p>Disponible en varias medidas y materiales:<br \/>\n\u00b7 En aluminio fundido: 45 mm.<br \/>\n\u00b7 En aluminio estampado: 25 mm, 45 mm, 70 mm y 100 mm.<\/p>\n<p>Referencia: HRRM.<\/p>\n<p><a href=\"\/web\/wp-content\/uploads\/2026\/04\/Ficha_tecnica-racor_Barcelona_manguera.pdf\" target=\"_blank\" rel=\"noopener noreferrer\"><button>Descarga ficha <\/button><\/a><br \/>\n<a class=\"insta-link\" href=\"https:\/\/www.instagram.com\/aqlproteccion\/?hl=es\" target=\"_blank\" rel=\"noopener noreferrer\">Instagram<\/a><\/p>\n","protected":false},"excerpt":{"rendered":"<p>Racor Barcelona para Manguera conforme a la norma UNE 23400, dise\u00f1ado para su instalaci\u00f3n en el extremo de las mangueras, en protecci\u00f3n contra incendios<\/p>\n","protected":false},"featured_media":4192,"template":"","meta":[],"product_cat":[247,20,109],"product_tag":[215],"yoast_head":"<!-- This site is optimized with the Yoast SEO plugin v22.1 - https:\/\/yoast.com\/wordpress\/plugins\/seo\/ -->\n<title>Racor Barcelona Manguera - Anber<\/title>\n<meta name=\"description\" content=\"Racor Barcelona para Manguera conforme a la norma UNE 23400, dise\u00f1ado para su instalaci\u00f3n en el extremo de las mangueras, en protecci\u00f3n contra incendios\" \/>\n<meta name=\"robots\" content=\"index, follow, max-snippet:-1, max-image-preview:large, max-video-preview:-1\" \/>\n<link rel=\"canonical\" href=\"https:\/\/anber.es\/web\/producto\/racor-barcelona-manguera\/\" \/>\n<meta property=\"og:locale\" content=\"es_ES\" \/>\n<meta property=\"og:type\" content=\"article\" \/>\n<meta property=\"og:title\" content=\"Racor Barcelona Manguera - Anber\" \/>\n<meta property=\"og:description\" content=\"Racor Barcelona para Manguera conforme a la norma UNE 23400, dise\u00f1ado para su instalaci\u00f3n en el extremo de las mangueras, en protecci\u00f3n contra incendios\" \/>\n<meta property=\"og:url\" content=\"https:\/\/anber.es\/web\/producto\/racor-barcelona-manguera\/\" \/>\n<meta property=\"og:site_name\" content=\"Anber\" \/>\n<meta property=\"article:modified_time\" content=\"2026-04-10T11:43:04+00:00\" \/>\n<meta property=\"og:image\" content=\"https:\/\/anber.es\/web\/wp-content\/uploads\/2021\/07\/racor_Barcelona_maguera.jpg\" \/>\n\t<meta property=\"og:image:width\" content=\"1000\" \/>\n\t<meta property=\"og:image:height\" content=\"1000\" \/>\n\t<meta property=\"og:image:type\" content=\"image\/jpeg\" \/>\n<meta name=\"twitter:card\" content=\"summary_large_image\" \/>\n<meta name=\"twitter:label1\" content=\"Tiempo de lectura\" \/>\n\t<meta name=\"twitter:data1\" content=\"1 minuto\" \/>\n<script type=\"application\/ld+json\" class=\"yoast-schema-graph\">{\"@context\":\"https:\/\/schema.org\",\"@graph\":[{\"@type\":\"WebPage\",\"@id\":\"https:\/\/anber.es\/web\/producto\/racor-barcelona-manguera\/\",\"url\":\"https:\/\/anber.es\/web\/producto\/racor-barcelona-manguera\/\",\"name\":\"Racor Barcelona Manguera - Anber\",\"isPartOf\":{\"@id\":\"https:\/\/anber.es\/web\/#website\"},\"datePublished\":\"2021-07-20T07:34:26+00:00\",\"dateModified\":\"2026-04-10T11:43:04+00:00\",\"description\":\"Racor Barcelona para Manguera conforme a la norma UNE 23400, dise\u00f1ado para su instalaci\u00f3n en el extremo de las mangueras, en protecci\u00f3n contra incendios\",\"breadcrumb\":{\"@id\":\"https:\/\/anber.es\/web\/producto\/racor-barcelona-manguera\/#breadcrumb\"},\"inLanguage\":\"es\",\"potentialAction\":[{\"@type\":\"ReadAction\",\"target\":[\"https:\/\/anber.es\/web\/producto\/racor-barcelona-manguera\/\"]}]},{\"@type\":\"BreadcrumbList\",\"@id\":\"https:\/\/anber.es\/web\/producto\/racor-barcelona-manguera\/#breadcrumb\",\"itemListElement\":[{\"@type\":\"ListItem\",\"position\":1,\"name\":\"Portada\",\"item\":\"https:\/\/anber.es\/web\/\"},{\"@type\":\"ListItem\",\"position\":2,\"name\":\"Productos\",\"item\":\"https:\/\/anber.es\/web\/productos\/\"},{\"@type\":\"ListItem\",\"position\":3,\"name\":\"Racor Barcelona Manguera\"}]},{\"@type\":\"WebSite\",\"@id\":\"https:\/\/anber.es\/web\/#website\",\"url\":\"https:\/\/anber.es\/web\/\",\"name\":\"Anber\",\"description\":\"Sistemas de protecci\u00f3n contra incendios\",\"publisher\":{\"@id\":\"https:\/\/anber.es\/web\/#organization\"},\"potentialAction\":[{\"@type\":\"SearchAction\",\"target\":{\"@type\":\"EntryPoint\",\"urlTemplate\":\"https:\/\/anber.es\/web\/?s={search_term_string}\"},\"query-input\":\"required name=search_term_string\"}],\"inLanguage\":\"es\"},{\"@type\":\"Organization\",\"@id\":\"https:\/\/anber.es\/web\/#organization\",\"name\":\"Anber\",\"url\":\"https:\/\/anber.es\/web\/\",\"logo\":{\"@type\":\"ImageObject\",\"inLanguage\":\"es\",\"@id\":\"https:\/\/anber.es\/web\/#\/schema\/logo\/image\/\",\"url\":\"https:\/\/anber.es\/web\/wp-content\/uploads\/2021\/03\/logo-anber.png\",\"contentUrl\":\"https:\/\/anber.es\/web\/wp-content\/uploads\/2021\/03\/logo-anber.png\",\"width\":2208,\"height\":500,\"caption\":\"Anber\"},\"image\":{\"@id\":\"https:\/\/anber.es\/web\/#\/schema\/logo\/image\/\"}}]}<\/script>\n<!-- \/ Yoast SEO plugin. -->","yoast_head_json":{"title":"Racor Barcelona Manguera - Anber","description":"Racor Barcelona para Manguera conforme a la norma UNE 23400, dise\u00f1ado para su instalaci\u00f3n en el extremo de las mangueras, en protecci\u00f3n contra incendios","robots":{"index":"index","follow":"follow","max-snippet":"max-snippet:-1","max-image-preview":"max-image-preview:large","max-video-preview":"max-video-preview:-1"},"canonical":"https:\/\/anber.es\/web\/producto\/racor-barcelona-manguera\/","og_locale":"es_ES","og_type":"article","og_title":"Racor Barcelona Manguera - Anber","og_description":"Racor Barcelona para Manguera conforme a la norma UNE 23400, dise\u00f1ado para su instalaci\u00f3n en el extremo de las mangueras, en protecci\u00f3n contra incendios","og_url":"https:\/\/anber.es\/web\/producto\/racor-barcelona-manguera\/","og_site_name":"Anber","article_modified_time":"2026-04-10T11:43:04+00:00","og_image":[{"width":1000,"height":1000,"url":"https:\/\/anber.es\/web\/wp-content\/uploads\/2021\/07\/racor_Barcelona_maguera.jpg","type":"image\/jpeg"}],"twitter_card":"summary_large_image","twitter_misc":{"Tiempo de lectura":"1 minuto"},"schema":{"@context":"https:\/\/schema.org","@graph":[{"@type":"WebPage","@id":"https:\/\/anber.es\/web\/producto\/racor-barcelona-manguera\/","url":"https:\/\/anber.es\/web\/producto\/racor-barcelona-manguera\/","name":"Racor Barcelona Manguera - Anber","isPartOf":{"@id":"https:\/\/anber.es\/web\/#website"},"datePublished":"2021-07-20T07:34:26+00:00","dateModified":"2026-04-10T11:43:04+00:00","description":"Racor Barcelona para Manguera conforme a la norma UNE 23400, dise\u00f1ado para su instalaci\u00f3n en el extremo de las mangueras, en protecci\u00f3n contra incendios","breadcrumb":{"@id":"https:\/\/anber.es\/web\/producto\/racor-barcelona-manguera\/#breadcrumb"},"inLanguage":"es","potentialAction":[{"@type":"ReadAction","target":["https:\/\/anber.es\/web\/producto\/racor-barcelona-manguera\/"]}]},{"@type":"BreadcrumbList","@id":"https:\/\/anber.es\/web\/producto\/racor-barcelona-manguera\/#breadcrumb","itemListElement":[{"@type":"ListItem","position":1,"name":"Portada","item":"https:\/\/anber.es\/web\/"},{"@type":"ListItem","position":2,"name":"Productos","item":"https:\/\/anber.es\/web\/productos\/"},{"@type":"ListItem","position":3,"name":"Racor Barcelona Manguera"}]},{"@type":"WebSite","@id":"https:\/\/anber.es\/web\/#website","url":"https:\/\/anber.es\/web\/","name":"Anber","description":"Sistemas de protecci\u00f3n contra incendios","publisher":{"@id":"https:\/\/anber.es\/web\/#organization"},"potentialAction":[{"@type":"SearchAction","target":{"@type":"EntryPoint","urlTemplate":"https:\/\/anber.es\/web\/?s={search_term_string}"},"query-input":"required name=search_term_string"}],"inLanguage":"es"},{"@type":"Organization","@id":"https:\/\/anber.es\/web\/#organization","name":"Anber","url":"https:\/\/anber.es\/web\/","logo":{"@type":"ImageObject","inLanguage":"es","@id":"https:\/\/anber.es\/web\/#\/schema\/logo\/image\/","url":"https:\/\/anber.es\/web\/wp-content\/uploads\/2021\/03\/logo-anber.png","contentUrl":"https:\/\/anber.es\/web\/wp-content\/uploads\/2021\/03\/logo-anber.png","width":2208,"height":500,"caption":"Anber"},"image":{"@id":"https:\/\/anber.es\/web\/#\/schema\/logo\/image\/"}}]}},"_links":{"self":[{"href":"https:\/\/anber.es\/web\/wp-json\/wp\/v2\/product\/4190"}],"collection":[{"href":"https:\/\/anber.es\/web\/wp-json\/wp\/v2\/product"}],"about":[{"href":"https:\/\/anber.es\/web\/wp-json\/wp\/v2\/types\/product"}],"wp:featuredmedia":[{"embeddable":true,"href":"https:\/\/anber.es\/web\/wp-json\/wp\/v2\/media\/4192"}],"wp:attachment":[{"href":"https:\/\/anber.es\/web\/wp-json\/wp\/v2\/media?parent=4190"}],"wp:term":[{"taxonomy":"product_cat","embeddable":true,"href":"https:\/\/anber.es\/web\/wp-json\/wp\/v2\/product_cat?post=4190"},{"taxonomy":"product_tag","embeddable":true,"href":"https:\/\/anber.es\/web\/wp-json\/wp\/v2\/product_tag?post=4190"}],"curies":[{"name":"wp","href":"https:\/\/api.w.org\/{rel}","templated":true}]}}