{"id":4339,"date":"2021-07-26T09:05:56","date_gmt":"2021-07-26T07:05:56","guid":{"rendered":"https:\/\/anber.es\/producto\/reduccion-barcelona\/"},"modified":"2026-04-10T13:42:11","modified_gmt":"2026-04-10T11:42:11","slug":"reduccion-barcelona","status":"publish","type":"product","link":"https:\/\/anber.es\/web\/producto\/reduccion-barcelona\/","title":{"rendered":"Reducci\u00f3n Barcelona"},"content":{"rendered":"<p><strong> Reducci\u00f3n Barcelona <\/strong>conforme a la norma <b>UNE 23400<\/b>, dise\u00f1ada para la uni\u00f3n de racores Barcelona de diferentes di\u00e1metros nominales dentro de sistemas de conducci\u00f3n de agua, en aplicaciones contra incendio.<\/p>\n<p>Permite la conexi\u00f3n r\u00e1pida mediante sistema de garras, asegurando una <b>uni\u00f3n estanca, segura y fiable entre elementos de distintas medidas<\/b>, facilitando la adaptaci\u00f3n de l\u00edneas de mangueras o equipos.<\/p>\n<p>\u00b7 Fabricado en aluminio estampado.<br \/>\n\u00b7 Medidas disponibles: 45 x 25 mm, 70 x 45 mm y 100 x 70 mm.<\/p>\n<p>Referencia: HRRR.<\/p>\n<p><a href=\"\/web\/wp-content\/uploads\/2026\/04\/Ficha_tecnica-reduccion_Barcelona.pdf\" target=\"_blank\" rel=\"noopener noreferrer\"><button>Descarga ficha <\/button><\/a><br \/>\n<a class=\"insta-link\" href=\"https:\/\/www.instagram.com\/aqlproteccion\/?hl=es\" target=\"_blank\" rel=\"noopener noreferrer\">Instagram<\/a><\/p>\n","protected":false},"excerpt":{"rendered":"<p>La reducci\u00f3n Barcelona permite la conexi\u00f3n r\u00e1pida mediante sistema de garras, asegurando una uni\u00f3n estanca, segura y fiable entre elementos de distintas medidas, facilitando la adaptaci\u00f3n de l\u00edneas de mangueras o equipos.<\/p>\n","protected":false},"featured_media":4341,"template":"","meta":[],"product_cat":[247,20,109],"product_tag":[215],"yoast_head":"<!-- This site is optimized with the Yoast SEO plugin v22.1 - https:\/\/yoast.com\/wordpress\/plugins\/seo\/ -->\n<title>Reducci\u00f3n Barcelona - Anber<\/title>\n<meta name=\"description\" content=\"La reducci\u00f3n Barcelona permite la conexi\u00f3n r\u00e1pida mediante sistema de garras, asegurando una uni\u00f3n estanca entre elementos de distintas medidas\" \/>\n<meta name=\"robots\" content=\"index, follow, max-snippet:-1, max-image-preview:large, max-video-preview:-1\" \/>\n<link rel=\"canonical\" href=\"https:\/\/anber.es\/web\/producto\/reduccion-barcelona\/\" \/>\n<meta property=\"og:locale\" content=\"es_ES\" \/>\n<meta property=\"og:type\" content=\"article\" \/>\n<meta property=\"og:title\" content=\"Reducci\u00f3n Barcelona - Anber\" \/>\n<meta property=\"og:description\" content=\"La reducci\u00f3n Barcelona permite la conexi\u00f3n r\u00e1pida mediante sistema de garras, asegurando una uni\u00f3n estanca entre elementos de distintas medidas\" \/>\n<meta property=\"og:url\" content=\"https:\/\/anber.es\/web\/producto\/reduccion-barcelona\/\" \/>\n<meta property=\"og:site_name\" content=\"Anber\" \/>\n<meta property=\"article:modified_time\" content=\"2026-04-10T11:42:11+00:00\" \/>\n<meta property=\"og:image\" content=\"https:\/\/anber.es\/web\/wp-content\/uploads\/2021\/07\/reduccion_Barcelona.jpg\" \/>\n\t<meta property=\"og:image:width\" content=\"1000\" \/>\n\t<meta property=\"og:image:height\" content=\"1000\" \/>\n\t<meta property=\"og:image:type\" content=\"image\/jpeg\" \/>\n<meta name=\"twitter:card\" content=\"summary_large_image\" \/>\n<meta name=\"twitter:label1\" content=\"Tiempo de lectura\" \/>\n\t<meta name=\"twitter:data1\" content=\"1 minuto\" \/>\n<script type=\"application\/ld+json\" class=\"yoast-schema-graph\">{\"@context\":\"https:\/\/schema.org\",\"@graph\":[{\"@type\":\"WebPage\",\"@id\":\"https:\/\/anber.es\/web\/producto\/reduccion-barcelona\/\",\"url\":\"https:\/\/anber.es\/web\/producto\/reduccion-barcelona\/\",\"name\":\"Reducci\u00f3n Barcelona - Anber\",\"isPartOf\":{\"@id\":\"https:\/\/anber.es\/web\/#website\"},\"datePublished\":\"2021-07-26T07:05:56+00:00\",\"dateModified\":\"2026-04-10T11:42:11+00:00\",\"description\":\"La reducci\u00f3n Barcelona permite la conexi\u00f3n r\u00e1pida mediante sistema de garras, asegurando una uni\u00f3n estanca entre elementos de distintas medidas\",\"breadcrumb\":{\"@id\":\"https:\/\/anber.es\/web\/producto\/reduccion-barcelona\/#breadcrumb\"},\"inLanguage\":\"es\",\"potentialAction\":[{\"@type\":\"ReadAction\",\"target\":[\"https:\/\/anber.es\/web\/producto\/reduccion-barcelona\/\"]}]},{\"@type\":\"BreadcrumbList\",\"@id\":\"https:\/\/anber.es\/web\/producto\/reduccion-barcelona\/#breadcrumb\",\"itemListElement\":[{\"@type\":\"ListItem\",\"position\":1,\"name\":\"Portada\",\"item\":\"https:\/\/anber.es\/web\/\"},{\"@type\":\"ListItem\",\"position\":2,\"name\":\"Productos\",\"item\":\"https:\/\/anber.es\/web\/productos\/\"},{\"@type\":\"ListItem\",\"position\":3,\"name\":\"Reducci\u00f3n Barcelona\"}]},{\"@type\":\"WebSite\",\"@id\":\"https:\/\/anber.es\/web\/#website\",\"url\":\"https:\/\/anber.es\/web\/\",\"name\":\"Anber\",\"description\":\"Sistemas de protecci\u00f3n contra incendios\",\"publisher\":{\"@id\":\"https:\/\/anber.es\/web\/#organization\"},\"potentialAction\":[{\"@type\":\"SearchAction\",\"target\":{\"@type\":\"EntryPoint\",\"urlTemplate\":\"https:\/\/anber.es\/web\/?s={search_term_string}\"},\"query-input\":\"required name=search_term_string\"}],\"inLanguage\":\"es\"},{\"@type\":\"Organization\",\"@id\":\"https:\/\/anber.es\/web\/#organization\",\"name\":\"Anber\",\"url\":\"https:\/\/anber.es\/web\/\",\"logo\":{\"@type\":\"ImageObject\",\"inLanguage\":\"es\",\"@id\":\"https:\/\/anber.es\/web\/#\/schema\/logo\/image\/\",\"url\":\"https:\/\/anber.es\/web\/wp-content\/uploads\/2021\/03\/logo-anber.png\",\"contentUrl\":\"https:\/\/anber.es\/web\/wp-content\/uploads\/2021\/03\/logo-anber.png\",\"width\":2208,\"height\":500,\"caption\":\"Anber\"},\"image\":{\"@id\":\"https:\/\/anber.es\/web\/#\/schema\/logo\/image\/\"}}]}<\/script>\n<!-- \/ Yoast SEO plugin. -->","yoast_head_json":{"title":"Reducci\u00f3n Barcelona - Anber","description":"La reducci\u00f3n Barcelona permite la conexi\u00f3n r\u00e1pida mediante sistema de garras, asegurando una uni\u00f3n estanca entre elementos de distintas medidas","robots":{"index":"index","follow":"follow","max-snippet":"max-snippet:-1","max-image-preview":"max-image-preview:large","max-video-preview":"max-video-preview:-1"},"canonical":"https:\/\/anber.es\/web\/producto\/reduccion-barcelona\/","og_locale":"es_ES","og_type":"article","og_title":"Reducci\u00f3n Barcelona - Anber","og_description":"La reducci\u00f3n Barcelona permite la conexi\u00f3n r\u00e1pida mediante sistema de garras, asegurando una uni\u00f3n estanca entre elementos de distintas medidas","og_url":"https:\/\/anber.es\/web\/producto\/reduccion-barcelona\/","og_site_name":"Anber","article_modified_time":"2026-04-10T11:42:11+00:00","og_image":[{"width":1000,"height":1000,"url":"https:\/\/anber.es\/web\/wp-content\/uploads\/2021\/07\/reduccion_Barcelona.jpg","type":"image\/jpeg"}],"twitter_card":"summary_large_image","twitter_misc":{"Tiempo de lectura":"1 minuto"},"schema":{"@context":"https:\/\/schema.org","@graph":[{"@type":"WebPage","@id":"https:\/\/anber.es\/web\/producto\/reduccion-barcelona\/","url":"https:\/\/anber.es\/web\/producto\/reduccion-barcelona\/","name":"Reducci\u00f3n Barcelona - Anber","isPartOf":{"@id":"https:\/\/anber.es\/web\/#website"},"datePublished":"2021-07-26T07:05:56+00:00","dateModified":"2026-04-10T11:42:11+00:00","description":"La reducci\u00f3n Barcelona permite la conexi\u00f3n r\u00e1pida mediante sistema de garras, asegurando una uni\u00f3n estanca entre elementos de distintas medidas","breadcrumb":{"@id":"https:\/\/anber.es\/web\/producto\/reduccion-barcelona\/#breadcrumb"},"inLanguage":"es","potentialAction":[{"@type":"ReadAction","target":["https:\/\/anber.es\/web\/producto\/reduccion-barcelona\/"]}]},{"@type":"BreadcrumbList","@id":"https:\/\/anber.es\/web\/producto\/reduccion-barcelona\/#breadcrumb","itemListElement":[{"@type":"ListItem","position":1,"name":"Portada","item":"https:\/\/anber.es\/web\/"},{"@type":"ListItem","position":2,"name":"Productos","item":"https:\/\/anber.es\/web\/productos\/"},{"@type":"ListItem","position":3,"name":"Reducci\u00f3n Barcelona"}]},{"@type":"WebSite","@id":"https:\/\/anber.es\/web\/#website","url":"https:\/\/anber.es\/web\/","name":"Anber","description":"Sistemas de protecci\u00f3n contra incendios","publisher":{"@id":"https:\/\/anber.es\/web\/#organization"},"potentialAction":[{"@type":"SearchAction","target":{"@type":"EntryPoint","urlTemplate":"https:\/\/anber.es\/web\/?s={search_term_string}"},"query-input":"required name=search_term_string"}],"inLanguage":"es"},{"@type":"Organization","@id":"https:\/\/anber.es\/web\/#organization","name":"Anber","url":"https:\/\/anber.es\/web\/","logo":{"@type":"ImageObject","inLanguage":"es","@id":"https:\/\/anber.es\/web\/#\/schema\/logo\/image\/","url":"https:\/\/anber.es\/web\/wp-content\/uploads\/2021\/03\/logo-anber.png","contentUrl":"https:\/\/anber.es\/web\/wp-content\/uploads\/2021\/03\/logo-anber.png","width":2208,"height":500,"caption":"Anber"},"image":{"@id":"https:\/\/anber.es\/web\/#\/schema\/logo\/image\/"}}]}},"_links":{"self":[{"href":"https:\/\/anber.es\/web\/wp-json\/wp\/v2\/product\/4339"}],"collection":[{"href":"https:\/\/anber.es\/web\/wp-json\/wp\/v2\/product"}],"about":[{"href":"https:\/\/anber.es\/web\/wp-json\/wp\/v2\/types\/product"}],"wp:featuredmedia":[{"embeddable":true,"href":"https:\/\/anber.es\/web\/wp-json\/wp\/v2\/media\/4341"}],"wp:attachment":[{"href":"https:\/\/anber.es\/web\/wp-json\/wp\/v2\/media?parent=4339"}],"wp:term":[{"taxonomy":"product_cat","embeddable":true,"href":"https:\/\/anber.es\/web\/wp-json\/wp\/v2\/product_cat?post=4339"},{"taxonomy":"product_tag","embeddable":true,"href":"https:\/\/anber.es\/web\/wp-json\/wp\/v2\/product_tag?post=4339"}],"curies":[{"name":"wp","href":"https:\/\/api.w.org\/{rel}","templated":true}]}}