{"id":4503,"date":"2021-08-06T12:06:56","date_gmt":"2021-08-06T10:06:56","guid":{"rendered":"https:\/\/anber.es\/producto\/detector-con-sensor-multi-temperatura-atj-en-sci\/"},"modified":"2022-01-14T10:16:47","modified_gmt":"2022-01-14T08:16:47","slug":"detector-con-sensor-multi-temperatura-atj-en-sci","status":"publish","type":"product","link":"https:\/\/anber.es\/web\/producto\/detector-con-sensor-multi-temperatura-atj-en-sci\/","title":{"rendered":"Detector con sensor multi-temperatura ATJ-EN (SCI)"},"content":{"rendered":"<p>El<STRONG> Detector con sensor multi-temperatura (SCI) <\/STRONG>incorpora un elemento de calor de temperatura variable y un elemento de calor de tasa de aumento, ambos controlados desde el panel de control, lo que permite que el elemento t\u00e9rmico o ambos elementos est\u00e9n activos simult\u00e1neamente para tomar la decisi\u00f3n de incendio (1).<\/p>\n<p>El sensor tambi\u00e9n cuenta con un aislador de cortocircuito integral (SCI).<\/p>\n<p>Los LED de sondeo del sensor tambi\u00e9n se pueden controlar a trav\u00e9s del panel de control (pulsantes \/ no pulsantes (1)).<\/p>\n<p>Para mantener la funcionalidad SCI, este sensor <strong>requiere la base de montaje YBV-R \/ 4<\/strong>.<\/p>\n<p>(1) Verifique la compatibilidad del panel de control.<\/p>\n<p>Referencia: DADTATJENSCI.<\/p>\n<p><a href=\"\/web\/wp-content\/uploads\/2021\/08\/Ficha_tecnica-detector_con_sensor_multitemperatura_modelo_ATJ-EN_con_SCI.pdf\" target=\"_blank\" rel=\"noopener noreferrer\"><button>Descarga ficha<\/button><\/a><br \/>\n<a class=\"insta-link\" href=\"https:\/\/www.instagram.com\/aqlproteccion\/?hl=es\" target=\"_blank\" rel=\"noopener noreferrer\">Instagram<\/a><\/p>\n","protected":false},"excerpt":{"rendered":"<p>El Detector con sensor multi-temperatura con SCI incorpora un elemento de calor de temperatura variable y uno de calor de tasa de aumento.<\/p>\n","protected":false},"featured_media":6563,"template":"","meta":[],"product_cat":[48,144,23],"product_tag":[215],"yoast_head":"<!-- This site is optimized with the Yoast SEO plugin v22.1 - https:\/\/yoast.com\/wordpress\/plugins\/seo\/ -->\n<title>Detector con sensor multi-temperatura ATJ-EN (SCI) - Anber<\/title>\n<meta name=\"robots\" content=\"index, follow, max-snippet:-1, max-image-preview:large, max-video-preview:-1\" \/>\n<link rel=\"canonical\" href=\"https:\/\/anber.es\/web\/producto\/detector-con-sensor-multi-temperatura-atj-en-sci\/\" \/>\n<meta property=\"og:locale\" content=\"es_ES\" \/>\n<meta property=\"og:type\" content=\"article\" \/>\n<meta property=\"og:title\" content=\"Detector con sensor multi-temperatura ATJ-EN (SCI) - Anber\" \/>\n<meta property=\"og:description\" content=\"El Detector con sensor multi-temperatura con SCI incorpora un elemento de calor de temperatura variable y uno de calor de tasa de aumento.\" \/>\n<meta property=\"og:url\" content=\"https:\/\/anber.es\/web\/producto\/detector-con-sensor-multi-temperatura-atj-en-sci\/\" \/>\n<meta property=\"og:site_name\" content=\"Anber\" \/>\n<meta property=\"article:modified_time\" content=\"2022-01-14T08:16:47+00:00\" \/>\n<meta property=\"og:image\" content=\"https:\/\/anber.es\/web\/wp-content\/uploads\/2022\/01\/detector_con_sensor_multitemperatura.png\" \/>\n\t<meta property=\"og:image:width\" content=\"1000\" \/>\n\t<meta property=\"og:image:height\" content=\"1000\" \/>\n\t<meta property=\"og:image:type\" content=\"image\/png\" \/>\n<meta name=\"twitter:card\" content=\"summary_large_image\" \/>\n<meta name=\"twitter:label1\" content=\"Tiempo de lectura\" \/>\n\t<meta name=\"twitter:data1\" content=\"1 minuto\" \/>\n<script type=\"application\/ld+json\" class=\"yoast-schema-graph\">{\"@context\":\"https:\/\/schema.org\",\"@graph\":[{\"@type\":\"WebPage\",\"@id\":\"https:\/\/anber.es\/web\/producto\/detector-con-sensor-multi-temperatura-atj-en-sci\/\",\"url\":\"https:\/\/anber.es\/web\/producto\/detector-con-sensor-multi-temperatura-atj-en-sci\/\",\"name\":\"Detector con sensor multi-temperatura ATJ-EN (SCI) - Anber\",\"isPartOf\":{\"@id\":\"https:\/\/anber.es\/web\/#website\"},\"datePublished\":\"2021-08-06T10:06:56+00:00\",\"dateModified\":\"2022-01-14T08:16:47+00:00\",\"breadcrumb\":{\"@id\":\"https:\/\/anber.es\/web\/producto\/detector-con-sensor-multi-temperatura-atj-en-sci\/#breadcrumb\"},\"inLanguage\":\"es\",\"potentialAction\":[{\"@type\":\"ReadAction\",\"target\":[\"https:\/\/anber.es\/web\/producto\/detector-con-sensor-multi-temperatura-atj-en-sci\/\"]}]},{\"@type\":\"BreadcrumbList\",\"@id\":\"https:\/\/anber.es\/web\/producto\/detector-con-sensor-multi-temperatura-atj-en-sci\/#breadcrumb\",\"itemListElement\":[{\"@type\":\"ListItem\",\"position\":1,\"name\":\"Portada\",\"item\":\"https:\/\/anber.es\/web\/\"},{\"@type\":\"ListItem\",\"position\":2,\"name\":\"Productos\",\"item\":\"https:\/\/anber.es\/web\/productos\/\"},{\"@type\":\"ListItem\",\"position\":3,\"name\":\"Detector con sensor multi-temperatura ATJ-EN (SCI)\"}]},{\"@type\":\"WebSite\",\"@id\":\"https:\/\/anber.es\/web\/#website\",\"url\":\"https:\/\/anber.es\/web\/\",\"name\":\"Anber\",\"description\":\"Sistemas de protecci\u00f3n contra incendios\",\"publisher\":{\"@id\":\"https:\/\/anber.es\/web\/#organization\"},\"potentialAction\":[{\"@type\":\"SearchAction\",\"target\":{\"@type\":\"EntryPoint\",\"urlTemplate\":\"https:\/\/anber.es\/web\/?s={search_term_string}\"},\"query-input\":\"required name=search_term_string\"}],\"inLanguage\":\"es\"},{\"@type\":\"Organization\",\"@id\":\"https:\/\/anber.es\/web\/#organization\",\"name\":\"Anber\",\"url\":\"https:\/\/anber.es\/web\/\",\"logo\":{\"@type\":\"ImageObject\",\"inLanguage\":\"es\",\"@id\":\"https:\/\/anber.es\/web\/#\/schema\/logo\/image\/\",\"url\":\"https:\/\/anber.es\/web\/wp-content\/uploads\/2021\/03\/logo-anber.png\",\"contentUrl\":\"https:\/\/anber.es\/web\/wp-content\/uploads\/2021\/03\/logo-anber.png\",\"width\":2208,\"height\":500,\"caption\":\"Anber\"},\"image\":{\"@id\":\"https:\/\/anber.es\/web\/#\/schema\/logo\/image\/\"}}]}<\/script>\n<!-- \/ Yoast SEO plugin. -->","yoast_head_json":{"title":"Detector con sensor multi-temperatura ATJ-EN (SCI) - Anber","robots":{"index":"index","follow":"follow","max-snippet":"max-snippet:-1","max-image-preview":"max-image-preview:large","max-video-preview":"max-video-preview:-1"},"canonical":"https:\/\/anber.es\/web\/producto\/detector-con-sensor-multi-temperatura-atj-en-sci\/","og_locale":"es_ES","og_type":"article","og_title":"Detector con sensor multi-temperatura ATJ-EN (SCI) - Anber","og_description":"El Detector con sensor multi-temperatura con SCI incorpora un elemento de calor de temperatura variable y uno de calor de tasa de aumento.","og_url":"https:\/\/anber.es\/web\/producto\/detector-con-sensor-multi-temperatura-atj-en-sci\/","og_site_name":"Anber","article_modified_time":"2022-01-14T08:16:47+00:00","og_image":[{"width":1000,"height":1000,"url":"https:\/\/anber.es\/web\/wp-content\/uploads\/2022\/01\/detector_con_sensor_multitemperatura.png","type":"image\/png"}],"twitter_card":"summary_large_image","twitter_misc":{"Tiempo de lectura":"1 minuto"},"schema":{"@context":"https:\/\/schema.org","@graph":[{"@type":"WebPage","@id":"https:\/\/anber.es\/web\/producto\/detector-con-sensor-multi-temperatura-atj-en-sci\/","url":"https:\/\/anber.es\/web\/producto\/detector-con-sensor-multi-temperatura-atj-en-sci\/","name":"Detector con sensor multi-temperatura ATJ-EN (SCI) - Anber","isPartOf":{"@id":"https:\/\/anber.es\/web\/#website"},"datePublished":"2021-08-06T10:06:56+00:00","dateModified":"2022-01-14T08:16:47+00:00","breadcrumb":{"@id":"https:\/\/anber.es\/web\/producto\/detector-con-sensor-multi-temperatura-atj-en-sci\/#breadcrumb"},"inLanguage":"es","potentialAction":[{"@type":"ReadAction","target":["https:\/\/anber.es\/web\/producto\/detector-con-sensor-multi-temperatura-atj-en-sci\/"]}]},{"@type":"BreadcrumbList","@id":"https:\/\/anber.es\/web\/producto\/detector-con-sensor-multi-temperatura-atj-en-sci\/#breadcrumb","itemListElement":[{"@type":"ListItem","position":1,"name":"Portada","item":"https:\/\/anber.es\/web\/"},{"@type":"ListItem","position":2,"name":"Productos","item":"https:\/\/anber.es\/web\/productos\/"},{"@type":"ListItem","position":3,"name":"Detector con sensor multi-temperatura ATJ-EN (SCI)"}]},{"@type":"WebSite","@id":"https:\/\/anber.es\/web\/#website","url":"https:\/\/anber.es\/web\/","name":"Anber","description":"Sistemas de protecci\u00f3n contra incendios","publisher":{"@id":"https:\/\/anber.es\/web\/#organization"},"potentialAction":[{"@type":"SearchAction","target":{"@type":"EntryPoint","urlTemplate":"https:\/\/anber.es\/web\/?s={search_term_string}"},"query-input":"required name=search_term_string"}],"inLanguage":"es"},{"@type":"Organization","@id":"https:\/\/anber.es\/web\/#organization","name":"Anber","url":"https:\/\/anber.es\/web\/","logo":{"@type":"ImageObject","inLanguage":"es","@id":"https:\/\/anber.es\/web\/#\/schema\/logo\/image\/","url":"https:\/\/anber.es\/web\/wp-content\/uploads\/2021\/03\/logo-anber.png","contentUrl":"https:\/\/anber.es\/web\/wp-content\/uploads\/2021\/03\/logo-anber.png","width":2208,"height":500,"caption":"Anber"},"image":{"@id":"https:\/\/anber.es\/web\/#\/schema\/logo\/image\/"}}]}},"_links":{"self":[{"href":"https:\/\/anber.es\/web\/wp-json\/wp\/v2\/product\/4503"}],"collection":[{"href":"https:\/\/anber.es\/web\/wp-json\/wp\/v2\/product"}],"about":[{"href":"https:\/\/anber.es\/web\/wp-json\/wp\/v2\/types\/product"}],"wp:featuredmedia":[{"embeddable":true,"href":"https:\/\/anber.es\/web\/wp-json\/wp\/v2\/media\/6563"}],"wp:attachment":[{"href":"https:\/\/anber.es\/web\/wp-json\/wp\/v2\/media?parent=4503"}],"wp:term":[{"taxonomy":"product_cat","embeddable":true,"href":"https:\/\/anber.es\/web\/wp-json\/wp\/v2\/product_cat?post=4503"},{"taxonomy":"product_tag","embeddable":true,"href":"https:\/\/anber.es\/web\/wp-json\/wp\/v2\/product_tag?post=4503"}],"curies":[{"name":"wp","href":"https:\/\/api.w.org\/{rel}","templated":true}]}}