{"id":4706,"date":"2021-08-16T10:33:47","date_gmt":"2021-08-16T08:33:47","guid":{"rendered":"https:\/\/anber.es\/producto\/sirena-direccionable-modelo-chq-wb-2\/"},"modified":"2021-12-13T11:58:25","modified_gmt":"2021-12-13T09:58:25","slug":"flash-direccionable-modelo-chq-wb-2","status":"publish","type":"product","link":"https:\/\/anber.es\/web\/producto\/flash-direccionable-modelo-chq-wb-2\/","title":{"rendered":"Flash direccionable modelo CHQ-WB"},"content":{"rendered":"<p>El<strong> flash direccionable modelo CHQ-WB <\/strong>alimentado por bucle tiene un LED de alta intensidad y uno \u00f3ptico de forma libre dise\u00f1ado a medida que produce un destello muy visible. Varios <strong>vol\u00famenes de cobertura disponibles basados \u200b\u200ben una altura de techo de 2m, 4 m, 5 m, 6 m y 7 m<\/strong>.<\/p>\n<p>La unidad est\u00e1 dise\u00f1ada para adaptarse a las<b> bases YBN-R\/3 y YBN-R\/3 (SCI) o la base ac\u00fastica YBO-BS<\/b>. Este modelo cuenta con una caja de marfil y LED rojos.<\/p>\n<p>Seleccionable desde el CIE (verifique la compatibilidad del panel).<\/p>\n<p>Referencia: DASCHQWB0000.<\/p>\n<p><a href=\"\/web\/wp-content\/uploads\/2021\/08\/Ficha_tecnica-flash_direccionable_-modelo_CHQ-WB.pdf\" target=\"_blank\" rel=\"noopener noreferrer\"><button>Descarga ficha<\/button><\/a><br \/>\n<a class=\"insta-link\" href=\"https:\/\/www.instagram.com\/aqlproteccion\/?hl=es\" target=\"_blank\" rel=\"noopener noreferrer\">Instagram<\/a><\/p>\n","protected":false},"excerpt":{"rendered":"<p>El flash direccionable modelo CHQ-WB alimentado por bucle tiene varios vol\u00famenes de cobertura basados \u200b\u200ben una altura de techo de 2m, 4m, 5m, 6m y 7m.<\/p>\n","protected":false},"featured_media":5878,"template":"","meta":[],"product_cat":[48,146,23],"product_tag":[],"yoast_head":"<!-- This site is optimized with the Yoast SEO plugin v22.1 - https:\/\/yoast.com\/wordpress\/plugins\/seo\/ -->\n<title>Flash direccionable modelo CHQ-WB - Anber<\/title>\n<meta name=\"description\" content=\"El flash direccionable modelo CHQ-WB tiene varios vol\u00famenes de cobertura basados \u200b\u200ben altura de techo de 2m, 4m, 5m, 6m y 7m.\" \/>\n<meta name=\"robots\" content=\"index, follow, max-snippet:-1, max-image-preview:large, max-video-preview:-1\" \/>\n<link rel=\"canonical\" href=\"https:\/\/anber.es\/web\/producto\/flash-direccionable-modelo-chq-wb-2\/\" \/>\n<meta property=\"og:locale\" content=\"es_ES\" \/>\n<meta property=\"og:type\" content=\"article\" \/>\n<meta property=\"og:title\" content=\"Flash direccionable modelo CHQ-WB - Anber\" \/>\n<meta property=\"og:description\" content=\"El flash direccionable modelo CHQ-WB tiene varios vol\u00famenes de cobertura basados \u200b\u200ben altura de techo de 2m, 4m, 5m, 6m y 7m.\" \/>\n<meta property=\"og:url\" content=\"https:\/\/anber.es\/web\/producto\/flash-direccionable-modelo-chq-wb-2\/\" \/>\n<meta property=\"og:site_name\" content=\"Anber\" \/>\n<meta property=\"article:modified_time\" content=\"2021-12-13T09:58:25+00:00\" \/>\n<meta property=\"og:image\" content=\"https:\/\/anber.es\/web\/wp-content\/uploads\/2021\/12\/flash_direccionable_-modelo_CHQ-WB.jpg\" \/>\n\t<meta property=\"og:image:width\" content=\"1000\" \/>\n\t<meta property=\"og:image:height\" content=\"1000\" \/>\n\t<meta property=\"og:image:type\" content=\"image\/jpeg\" \/>\n<meta name=\"twitter:card\" content=\"summary_large_image\" \/>\n<script type=\"application\/ld+json\" class=\"yoast-schema-graph\">{\"@context\":\"https:\/\/schema.org\",\"@graph\":[{\"@type\":\"WebPage\",\"@id\":\"https:\/\/anber.es\/web\/producto\/flash-direccionable-modelo-chq-wb-2\/\",\"url\":\"https:\/\/anber.es\/web\/producto\/flash-direccionable-modelo-chq-wb-2\/\",\"name\":\"Flash direccionable modelo CHQ-WB - Anber\",\"isPartOf\":{\"@id\":\"https:\/\/anber.es\/web\/#website\"},\"datePublished\":\"2021-08-16T08:33:47+00:00\",\"dateModified\":\"2021-12-13T09:58:25+00:00\",\"description\":\"El flash direccionable modelo CHQ-WB tiene varios vol\u00famenes de cobertura basados \u200b\u200ben altura de techo de 2m, 4m, 5m, 6m y 7m.\",\"breadcrumb\":{\"@id\":\"https:\/\/anber.es\/web\/producto\/flash-direccionable-modelo-chq-wb-2\/#breadcrumb\"},\"inLanguage\":\"es\",\"potentialAction\":[{\"@type\":\"ReadAction\",\"target\":[\"https:\/\/anber.es\/web\/producto\/flash-direccionable-modelo-chq-wb-2\/\"]}]},{\"@type\":\"BreadcrumbList\",\"@id\":\"https:\/\/anber.es\/web\/producto\/flash-direccionable-modelo-chq-wb-2\/#breadcrumb\",\"itemListElement\":[{\"@type\":\"ListItem\",\"position\":1,\"name\":\"Portada\",\"item\":\"https:\/\/anber.es\/web\/\"},{\"@type\":\"ListItem\",\"position\":2,\"name\":\"Productos\",\"item\":\"https:\/\/anber.es\/web\/productos\/\"},{\"@type\":\"ListItem\",\"position\":3,\"name\":\"Flash direccionable modelo CHQ-WB\"}]},{\"@type\":\"WebSite\",\"@id\":\"https:\/\/anber.es\/web\/#website\",\"url\":\"https:\/\/anber.es\/web\/\",\"name\":\"Anber\",\"description\":\"Sistemas de protecci\u00f3n contra incendios\",\"publisher\":{\"@id\":\"https:\/\/anber.es\/web\/#organization\"},\"potentialAction\":[{\"@type\":\"SearchAction\",\"target\":{\"@type\":\"EntryPoint\",\"urlTemplate\":\"https:\/\/anber.es\/web\/?s={search_term_string}\"},\"query-input\":\"required name=search_term_string\"}],\"inLanguage\":\"es\"},{\"@type\":\"Organization\",\"@id\":\"https:\/\/anber.es\/web\/#organization\",\"name\":\"Anber\",\"url\":\"https:\/\/anber.es\/web\/\",\"logo\":{\"@type\":\"ImageObject\",\"inLanguage\":\"es\",\"@id\":\"https:\/\/anber.es\/web\/#\/schema\/logo\/image\/\",\"url\":\"https:\/\/anber.es\/web\/wp-content\/uploads\/2021\/03\/logo-anber.png\",\"contentUrl\":\"https:\/\/anber.es\/web\/wp-content\/uploads\/2021\/03\/logo-anber.png\",\"width\":2208,\"height\":500,\"caption\":\"Anber\"},\"image\":{\"@id\":\"https:\/\/anber.es\/web\/#\/schema\/logo\/image\/\"}}]}<\/script>\n<!-- \/ Yoast SEO plugin. -->","yoast_head_json":{"title":"Flash direccionable modelo CHQ-WB - Anber","description":"El flash direccionable modelo CHQ-WB tiene varios vol\u00famenes de cobertura basados \u200b\u200ben altura de techo de 2m, 4m, 5m, 6m y 7m.","robots":{"index":"index","follow":"follow","max-snippet":"max-snippet:-1","max-image-preview":"max-image-preview:large","max-video-preview":"max-video-preview:-1"},"canonical":"https:\/\/anber.es\/web\/producto\/flash-direccionable-modelo-chq-wb-2\/","og_locale":"es_ES","og_type":"article","og_title":"Flash direccionable modelo CHQ-WB - Anber","og_description":"El flash direccionable modelo CHQ-WB tiene varios vol\u00famenes de cobertura basados \u200b\u200ben altura de techo de 2m, 4m, 5m, 6m y 7m.","og_url":"https:\/\/anber.es\/web\/producto\/flash-direccionable-modelo-chq-wb-2\/","og_site_name":"Anber","article_modified_time":"2021-12-13T09:58:25+00:00","og_image":[{"width":1000,"height":1000,"url":"https:\/\/anber.es\/web\/wp-content\/uploads\/2021\/12\/flash_direccionable_-modelo_CHQ-WB.jpg","type":"image\/jpeg"}],"twitter_card":"summary_large_image","schema":{"@context":"https:\/\/schema.org","@graph":[{"@type":"WebPage","@id":"https:\/\/anber.es\/web\/producto\/flash-direccionable-modelo-chq-wb-2\/","url":"https:\/\/anber.es\/web\/producto\/flash-direccionable-modelo-chq-wb-2\/","name":"Flash direccionable modelo CHQ-WB - Anber","isPartOf":{"@id":"https:\/\/anber.es\/web\/#website"},"datePublished":"2021-08-16T08:33:47+00:00","dateModified":"2021-12-13T09:58:25+00:00","description":"El flash direccionable modelo CHQ-WB tiene varios vol\u00famenes de cobertura basados \u200b\u200ben altura de techo de 2m, 4m, 5m, 6m y 7m.","breadcrumb":{"@id":"https:\/\/anber.es\/web\/producto\/flash-direccionable-modelo-chq-wb-2\/#breadcrumb"},"inLanguage":"es","potentialAction":[{"@type":"ReadAction","target":["https:\/\/anber.es\/web\/producto\/flash-direccionable-modelo-chq-wb-2\/"]}]},{"@type":"BreadcrumbList","@id":"https:\/\/anber.es\/web\/producto\/flash-direccionable-modelo-chq-wb-2\/#breadcrumb","itemListElement":[{"@type":"ListItem","position":1,"name":"Portada","item":"https:\/\/anber.es\/web\/"},{"@type":"ListItem","position":2,"name":"Productos","item":"https:\/\/anber.es\/web\/productos\/"},{"@type":"ListItem","position":3,"name":"Flash direccionable modelo CHQ-WB"}]},{"@type":"WebSite","@id":"https:\/\/anber.es\/web\/#website","url":"https:\/\/anber.es\/web\/","name":"Anber","description":"Sistemas de protecci\u00f3n contra incendios","publisher":{"@id":"https:\/\/anber.es\/web\/#organization"},"potentialAction":[{"@type":"SearchAction","target":{"@type":"EntryPoint","urlTemplate":"https:\/\/anber.es\/web\/?s={search_term_string}"},"query-input":"required name=search_term_string"}],"inLanguage":"es"},{"@type":"Organization","@id":"https:\/\/anber.es\/web\/#organization","name":"Anber","url":"https:\/\/anber.es\/web\/","logo":{"@type":"ImageObject","inLanguage":"es","@id":"https:\/\/anber.es\/web\/#\/schema\/logo\/image\/","url":"https:\/\/anber.es\/web\/wp-content\/uploads\/2021\/03\/logo-anber.png","contentUrl":"https:\/\/anber.es\/web\/wp-content\/uploads\/2021\/03\/logo-anber.png","width":2208,"height":500,"caption":"Anber"},"image":{"@id":"https:\/\/anber.es\/web\/#\/schema\/logo\/image\/"}}]}},"_links":{"self":[{"href":"https:\/\/anber.es\/web\/wp-json\/wp\/v2\/product\/4706"}],"collection":[{"href":"https:\/\/anber.es\/web\/wp-json\/wp\/v2\/product"}],"about":[{"href":"https:\/\/anber.es\/web\/wp-json\/wp\/v2\/types\/product"}],"wp:featuredmedia":[{"embeddable":true,"href":"https:\/\/anber.es\/web\/wp-json\/wp\/v2\/media\/5878"}],"wp:attachment":[{"href":"https:\/\/anber.es\/web\/wp-json\/wp\/v2\/media?parent=4706"}],"wp:term":[{"taxonomy":"product_cat","embeddable":true,"href":"https:\/\/anber.es\/web\/wp-json\/wp\/v2\/product_cat?post=4706"},{"taxonomy":"product_tag","embeddable":true,"href":"https:\/\/anber.es\/web\/wp-json\/wp\/v2\/product_tag?post=4706"}],"curies":[{"name":"wp","href":"https:\/\/api.w.org\/{rel}","templated":true}]}}