{"id":4728,"date":"2021-08-16T10:49:32","date_gmt":"2021-08-16T08:49:32","guid":{"rendered":"https:\/\/anber.es\/producto\/sirena-modelo-chq-wsb2-rl\/"},"modified":"2023-08-23T09:27:04","modified_gmt":"2023-08-23T07:27:04","slug":"sirena-modelo-chq-wsb2","status":"publish","type":"product","link":"https:\/\/anber.es\/web\/producto\/sirena-modelo-chq-wsb2\/","title":{"rendered":"Sirena modelo CHQ-WSB2"},"content":{"rendered":"<p>La <strong>sirena modelo CHQ-WSB2 <\/strong>es una baliza con sirena de pared alimentada por bucle direccionable que cumple con EN54-23, dise\u00f1ada de manera innovadora para proporcionar una gama de tonos y vol\u00famenes con una salida m\u00e1xima de hasta 102dB (\u00b1 2dB) con bajo consumo de corriente.<\/p>\n<p>La unidad cuenta con una baliza integral dentro de la bocina que utiliza tecnolog\u00eda LED (color rojo o blanco) de alta intensidad y est\u00e1 dise\u00f1ada para adaptarse a la base est\u00e1ndar (YBO-R\/3) o la base del aislador (YBO-R\/SCI).<\/p>\n<p>La sirena tiene una <strong>clasificaci\u00f3n IP de IP21 <\/strong>para uso interno, pero se puede hacer resistente a la intemperie utilizando el kit de impermeabilizaci\u00f3n CHQ-WPK, que consta de una caja posterior especializada y un juego de juntas.<\/p>\n<p>Referencia LED rojo: DASCHQWSB2RL.<br \/>\nReferencia LED blanco: DASCHQWSB2WL.<\/p>\n<p><a href=\"\/web\/wp-content\/uploads\/2021\/08\/Ficha_tecnica-sirena_modelo_CHQ-WSB2.pdf\" target=\"_blank\" rel=\"noopener noreferrer\"><button>Descarga ficha<\/button><\/a><br \/>\n<a class=\"insta-link\" href=\"https:\/\/www.instagram.com\/aqlproteccion\/?hl=es\" target=\"_blank\" rel=\"noopener noreferrer\">Instagram<\/a><\/p>\n","protected":false},"excerpt":{"rendered":"<p>La sirena modelo CHQ-WSB2 es una baliza con sirena de pared alimentada por bucle direccionable que cumple con EN54-23. Salida de hasta 102dB.<\/p>\n","protected":false},"featured_media":8889,"template":"","meta":[],"product_cat":[48,146,23],"product_tag":[215],"yoast_head":"<!-- This site is optimized with the Yoast SEO plugin v22.1 - https:\/\/yoast.com\/wordpress\/plugins\/seo\/ -->\n<title>Sirena modelo CHQ-WSB2 - Anber<\/title>\n<meta name=\"description\" content=\"La sirena modelo CHQ-WSB2 es una baliza con sirena de pared alimentada por bucle direccionable que cumple con EN54-23. Salida de hasta 102dB.\" \/>\n<meta name=\"robots\" content=\"index, follow, max-snippet:-1, max-image-preview:large, max-video-preview:-1\" \/>\n<link rel=\"canonical\" href=\"https:\/\/anber.es\/web\/producto\/sirena-modelo-chq-wsb2\/\" \/>\n<meta property=\"og:locale\" content=\"es_ES\" \/>\n<meta property=\"og:type\" content=\"article\" \/>\n<meta property=\"og:title\" content=\"Sirena modelo CHQ-WSB2 - Anber\" \/>\n<meta property=\"og:description\" content=\"La sirena modelo CHQ-WSB2 es una baliza con sirena de pared alimentada por bucle direccionable que cumple con EN54-23. Salida de hasta 102dB.\" \/>\n<meta property=\"og:url\" content=\"https:\/\/anber.es\/web\/producto\/sirena-modelo-chq-wsb2\/\" \/>\n<meta property=\"og:site_name\" content=\"Anber\" \/>\n<meta property=\"article:modified_time\" content=\"2023-08-23T07:27:04+00:00\" \/>\n<meta property=\"og:image\" content=\"https:\/\/anber.es\/web\/wp-content\/uploads\/2023\/08\/sirena_modelo_CHQ-WSB2.webp\" \/>\n\t<meta property=\"og:image:width\" content=\"1000\" \/>\n\t<meta property=\"og:image:height\" content=\"1000\" \/>\n\t<meta property=\"og:image:type\" content=\"image\/webp\" \/>\n<meta name=\"twitter:card\" content=\"summary_large_image\" \/>\n<meta name=\"twitter:label1\" content=\"Tiempo de lectura\" \/>\n\t<meta name=\"twitter:data1\" content=\"1 minuto\" \/>\n<script type=\"application\/ld+json\" class=\"yoast-schema-graph\">{\"@context\":\"https:\/\/schema.org\",\"@graph\":[{\"@type\":\"WebPage\",\"@id\":\"https:\/\/anber.es\/web\/producto\/sirena-modelo-chq-wsb2\/\",\"url\":\"https:\/\/anber.es\/web\/producto\/sirena-modelo-chq-wsb2\/\",\"name\":\"Sirena modelo CHQ-WSB2 - Anber\",\"isPartOf\":{\"@id\":\"https:\/\/anber.es\/web\/#website\"},\"datePublished\":\"2021-08-16T08:49:32+00:00\",\"dateModified\":\"2023-08-23T07:27:04+00:00\",\"description\":\"La sirena modelo CHQ-WSB2 es una baliza con sirena de pared alimentada por bucle direccionable que cumple con EN54-23. Salida de hasta 102dB.\",\"breadcrumb\":{\"@id\":\"https:\/\/anber.es\/web\/producto\/sirena-modelo-chq-wsb2\/#breadcrumb\"},\"inLanguage\":\"es\",\"potentialAction\":[{\"@type\":\"ReadAction\",\"target\":[\"https:\/\/anber.es\/web\/producto\/sirena-modelo-chq-wsb2\/\"]}]},{\"@type\":\"BreadcrumbList\",\"@id\":\"https:\/\/anber.es\/web\/producto\/sirena-modelo-chq-wsb2\/#breadcrumb\",\"itemListElement\":[{\"@type\":\"ListItem\",\"position\":1,\"name\":\"Portada\",\"item\":\"https:\/\/anber.es\/web\/\"},{\"@type\":\"ListItem\",\"position\":2,\"name\":\"Productos\",\"item\":\"https:\/\/anber.es\/web\/productos\/\"},{\"@type\":\"ListItem\",\"position\":3,\"name\":\"Sirena modelo CHQ-WSB2\"}]},{\"@type\":\"WebSite\",\"@id\":\"https:\/\/anber.es\/web\/#website\",\"url\":\"https:\/\/anber.es\/web\/\",\"name\":\"Anber\",\"description\":\"Sistemas de protecci\u00f3n contra incendios\",\"publisher\":{\"@id\":\"https:\/\/anber.es\/web\/#organization\"},\"potentialAction\":[{\"@type\":\"SearchAction\",\"target\":{\"@type\":\"EntryPoint\",\"urlTemplate\":\"https:\/\/anber.es\/web\/?s={search_term_string}\"},\"query-input\":\"required name=search_term_string\"}],\"inLanguage\":\"es\"},{\"@type\":\"Organization\",\"@id\":\"https:\/\/anber.es\/web\/#organization\",\"name\":\"Anber\",\"url\":\"https:\/\/anber.es\/web\/\",\"logo\":{\"@type\":\"ImageObject\",\"inLanguage\":\"es\",\"@id\":\"https:\/\/anber.es\/web\/#\/schema\/logo\/image\/\",\"url\":\"https:\/\/anber.es\/web\/wp-content\/uploads\/2021\/03\/logo-anber.png\",\"contentUrl\":\"https:\/\/anber.es\/web\/wp-content\/uploads\/2021\/03\/logo-anber.png\",\"width\":2208,\"height\":500,\"caption\":\"Anber\"},\"image\":{\"@id\":\"https:\/\/anber.es\/web\/#\/schema\/logo\/image\/\"}}]}<\/script>\n<!-- \/ Yoast SEO plugin. -->","yoast_head_json":{"title":"Sirena modelo CHQ-WSB2 - Anber","description":"La sirena modelo CHQ-WSB2 es una baliza con sirena de pared alimentada por bucle direccionable que cumple con EN54-23. Salida de hasta 102dB.","robots":{"index":"index","follow":"follow","max-snippet":"max-snippet:-1","max-image-preview":"max-image-preview:large","max-video-preview":"max-video-preview:-1"},"canonical":"https:\/\/anber.es\/web\/producto\/sirena-modelo-chq-wsb2\/","og_locale":"es_ES","og_type":"article","og_title":"Sirena modelo CHQ-WSB2 - Anber","og_description":"La sirena modelo CHQ-WSB2 es una baliza con sirena de pared alimentada por bucle direccionable que cumple con EN54-23. Salida de hasta 102dB.","og_url":"https:\/\/anber.es\/web\/producto\/sirena-modelo-chq-wsb2\/","og_site_name":"Anber","article_modified_time":"2023-08-23T07:27:04+00:00","og_image":[{"width":1000,"height":1000,"url":"https:\/\/anber.es\/web\/wp-content\/uploads\/2023\/08\/sirena_modelo_CHQ-WSB2.webp","type":"image\/webp"}],"twitter_card":"summary_large_image","twitter_misc":{"Tiempo de lectura":"1 minuto"},"schema":{"@context":"https:\/\/schema.org","@graph":[{"@type":"WebPage","@id":"https:\/\/anber.es\/web\/producto\/sirena-modelo-chq-wsb2\/","url":"https:\/\/anber.es\/web\/producto\/sirena-modelo-chq-wsb2\/","name":"Sirena modelo CHQ-WSB2 - Anber","isPartOf":{"@id":"https:\/\/anber.es\/web\/#website"},"datePublished":"2021-08-16T08:49:32+00:00","dateModified":"2023-08-23T07:27:04+00:00","description":"La sirena modelo CHQ-WSB2 es una baliza con sirena de pared alimentada por bucle direccionable que cumple con EN54-23. Salida de hasta 102dB.","breadcrumb":{"@id":"https:\/\/anber.es\/web\/producto\/sirena-modelo-chq-wsb2\/#breadcrumb"},"inLanguage":"es","potentialAction":[{"@type":"ReadAction","target":["https:\/\/anber.es\/web\/producto\/sirena-modelo-chq-wsb2\/"]}]},{"@type":"BreadcrumbList","@id":"https:\/\/anber.es\/web\/producto\/sirena-modelo-chq-wsb2\/#breadcrumb","itemListElement":[{"@type":"ListItem","position":1,"name":"Portada","item":"https:\/\/anber.es\/web\/"},{"@type":"ListItem","position":2,"name":"Productos","item":"https:\/\/anber.es\/web\/productos\/"},{"@type":"ListItem","position":3,"name":"Sirena modelo CHQ-WSB2"}]},{"@type":"WebSite","@id":"https:\/\/anber.es\/web\/#website","url":"https:\/\/anber.es\/web\/","name":"Anber","description":"Sistemas de protecci\u00f3n contra incendios","publisher":{"@id":"https:\/\/anber.es\/web\/#organization"},"potentialAction":[{"@type":"SearchAction","target":{"@type":"EntryPoint","urlTemplate":"https:\/\/anber.es\/web\/?s={search_term_string}"},"query-input":"required name=search_term_string"}],"inLanguage":"es"},{"@type":"Organization","@id":"https:\/\/anber.es\/web\/#organization","name":"Anber","url":"https:\/\/anber.es\/web\/","logo":{"@type":"ImageObject","inLanguage":"es","@id":"https:\/\/anber.es\/web\/#\/schema\/logo\/image\/","url":"https:\/\/anber.es\/web\/wp-content\/uploads\/2021\/03\/logo-anber.png","contentUrl":"https:\/\/anber.es\/web\/wp-content\/uploads\/2021\/03\/logo-anber.png","width":2208,"height":500,"caption":"Anber"},"image":{"@id":"https:\/\/anber.es\/web\/#\/schema\/logo\/image\/"}}]}},"_links":{"self":[{"href":"https:\/\/anber.es\/web\/wp-json\/wp\/v2\/product\/4728"}],"collection":[{"href":"https:\/\/anber.es\/web\/wp-json\/wp\/v2\/product"}],"about":[{"href":"https:\/\/anber.es\/web\/wp-json\/wp\/v2\/types\/product"}],"wp:featuredmedia":[{"embeddable":true,"href":"https:\/\/anber.es\/web\/wp-json\/wp\/v2\/media\/8889"}],"wp:attachment":[{"href":"https:\/\/anber.es\/web\/wp-json\/wp\/v2\/media?parent=4728"}],"wp:term":[{"taxonomy":"product_cat","embeddable":true,"href":"https:\/\/anber.es\/web\/wp-json\/wp\/v2\/product_cat?post=4728"},{"taxonomy":"product_tag","embeddable":true,"href":"https:\/\/anber.es\/web\/wp-json\/wp\/v2\/product_tag?post=4728"}],"curies":[{"name":"wp","href":"https:\/\/api.w.org\/{rel}","templated":true}]}}