{"id":4750,"date":"2021-08-17T09:55:18","date_gmt":"2021-08-17T07:55:18","guid":{"rendered":"https:\/\/anber.es\/producto\/mini-modulo-de-salida-chq-pom\/"},"modified":"2021-08-17T10:00:56","modified_gmt":"2021-08-17T08:00:56","slug":"mini-modulo-de-salida-chq-pom","status":"publish","type":"product","link":"https:\/\/anber.es\/web\/producto\/mini-modulo-de-salida-chq-pom\/","title":{"rendered":"Mini m\u00f3dulo de salida CHQ-POM"},"content":{"rendered":"<p>El mini m\u00f3dulo de salida<strong> CHQ-POM <\/strong> es un m\u00f3dulo de salida con alimentaci\u00f3n dise\u00f1ado para suministrar 24 VCC a varios niveles de corriente seleccionables por el usuario de 2 a 32 mA (incrementos de 2 mA).<\/p>\n<p>La unidad es lo bastante peque\u00f1a como para <b>agregarla a otros dispositivos<\/b> lo que permite agregar una gran variedad de equipos al bucle ESP. <\/p>\n<p>La unidad tambi\u00e9n cuenta con dos entradas monitorizadas.<\/p>\n<p>Referencia: DASCHQPOM000.<\/p>\n<p><a href=\"\/web\/wp-content\/uploads\/2021\/08\/Ficha_tecnica-mini_modulo_de_salida_CHQ-POM.pdf\" target=\"_blank\" rel=\"noopener noreferrer\"><button>Descarga ficha<\/button><\/a><br \/>\n<a class=\"insta-link\" href=\"https:\/\/www.instagram.com\/aqlproteccion\/?hl=es\" target=\"_blank\" rel=\"noopener noreferrer\">Instagram<\/a><\/p>\n","protected":false},"excerpt":{"rendered":"<p>El mini m\u00f3dulo de salida CHQ-POM es un m\u00f3dulo de salida con alimentaci\u00f3n dise\u00f1ado para suministrar 24 VCC a varios niveles de corriente.<\/p>\n","protected":false},"featured_media":4752,"template":"","meta":[],"product_cat":[48,145,23],"product_tag":[215],"yoast_head":"<!-- This site is optimized with the Yoast SEO plugin v22.1 - https:\/\/yoast.com\/wordpress\/plugins\/seo\/ -->\n<title>Mini m\u00f3dulo de salida CHQ-POM - Anber<\/title>\n<meta name=\"description\" content=\"El mini m\u00f3dulo de salida CHQ-POM es un m\u00f3dulo de salida con alimentaci\u00f3n dise\u00f1ado para suministrar 24 VCC a varios niveles de corriente.\" \/>\n<meta name=\"robots\" content=\"index, follow, max-snippet:-1, max-image-preview:large, max-video-preview:-1\" \/>\n<link rel=\"canonical\" href=\"https:\/\/anber.es\/web\/producto\/mini-modulo-de-salida-chq-pom\/\" \/>\n<meta property=\"og:locale\" content=\"es_ES\" \/>\n<meta property=\"og:type\" content=\"article\" \/>\n<meta property=\"og:title\" content=\"Mini m\u00f3dulo de salida CHQ-POM - Anber\" \/>\n<meta property=\"og:description\" content=\"El mini m\u00f3dulo de salida CHQ-POM es un m\u00f3dulo de salida con alimentaci\u00f3n dise\u00f1ado para suministrar 24 VCC a varios niveles de corriente.\" \/>\n<meta property=\"og:url\" content=\"https:\/\/anber.es\/web\/producto\/mini-modulo-de-salida-chq-pom\/\" \/>\n<meta property=\"og:site_name\" content=\"Anber\" \/>\n<meta property=\"article:modified_time\" content=\"2021-08-17T08:00:56+00:00\" \/>\n<meta property=\"og:image\" content=\"https:\/\/anber.es\/web\/wp-content\/uploads\/2021\/08\/mini_modulo_de_salida_CHQ-POM.jpg\" \/>\n\t<meta property=\"og:image:width\" content=\"1000\" \/>\n\t<meta property=\"og:image:height\" content=\"1000\" \/>\n\t<meta property=\"og:image:type\" content=\"image\/jpeg\" \/>\n<meta name=\"twitter:card\" content=\"summary_large_image\" \/>\n<script type=\"application\/ld+json\" class=\"yoast-schema-graph\">{\"@context\":\"https:\/\/schema.org\",\"@graph\":[{\"@type\":\"WebPage\",\"@id\":\"https:\/\/anber.es\/web\/producto\/mini-modulo-de-salida-chq-pom\/\",\"url\":\"https:\/\/anber.es\/web\/producto\/mini-modulo-de-salida-chq-pom\/\",\"name\":\"Mini m\u00f3dulo de salida CHQ-POM - Anber\",\"isPartOf\":{\"@id\":\"https:\/\/anber.es\/web\/#website\"},\"datePublished\":\"2021-08-17T07:55:18+00:00\",\"dateModified\":\"2021-08-17T08:00:56+00:00\",\"description\":\"El mini m\u00f3dulo de salida CHQ-POM es un m\u00f3dulo de salida con alimentaci\u00f3n dise\u00f1ado para suministrar 24 VCC a varios niveles de corriente.\",\"breadcrumb\":{\"@id\":\"https:\/\/anber.es\/web\/producto\/mini-modulo-de-salida-chq-pom\/#breadcrumb\"},\"inLanguage\":\"es\",\"potentialAction\":[{\"@type\":\"ReadAction\",\"target\":[\"https:\/\/anber.es\/web\/producto\/mini-modulo-de-salida-chq-pom\/\"]}]},{\"@type\":\"BreadcrumbList\",\"@id\":\"https:\/\/anber.es\/web\/producto\/mini-modulo-de-salida-chq-pom\/#breadcrumb\",\"itemListElement\":[{\"@type\":\"ListItem\",\"position\":1,\"name\":\"Portada\",\"item\":\"https:\/\/anber.es\/web\/\"},{\"@type\":\"ListItem\",\"position\":2,\"name\":\"Productos\",\"item\":\"https:\/\/anber.es\/web\/productos\/\"},{\"@type\":\"ListItem\",\"position\":3,\"name\":\"Mini m\u00f3dulo de salida CHQ-POM\"}]},{\"@type\":\"WebSite\",\"@id\":\"https:\/\/anber.es\/web\/#website\",\"url\":\"https:\/\/anber.es\/web\/\",\"name\":\"Anber\",\"description\":\"Sistemas de protecci\u00f3n contra incendios\",\"publisher\":{\"@id\":\"https:\/\/anber.es\/web\/#organization\"},\"potentialAction\":[{\"@type\":\"SearchAction\",\"target\":{\"@type\":\"EntryPoint\",\"urlTemplate\":\"https:\/\/anber.es\/web\/?s={search_term_string}\"},\"query-input\":\"required name=search_term_string\"}],\"inLanguage\":\"es\"},{\"@type\":\"Organization\",\"@id\":\"https:\/\/anber.es\/web\/#organization\",\"name\":\"Anber\",\"url\":\"https:\/\/anber.es\/web\/\",\"logo\":{\"@type\":\"ImageObject\",\"inLanguage\":\"es\",\"@id\":\"https:\/\/anber.es\/web\/#\/schema\/logo\/image\/\",\"url\":\"https:\/\/anber.es\/web\/wp-content\/uploads\/2021\/03\/logo-anber.png\",\"contentUrl\":\"https:\/\/anber.es\/web\/wp-content\/uploads\/2021\/03\/logo-anber.png\",\"width\":2208,\"height\":500,\"caption\":\"Anber\"},\"image\":{\"@id\":\"https:\/\/anber.es\/web\/#\/schema\/logo\/image\/\"}}]}<\/script>\n<!-- \/ Yoast SEO plugin. -->","yoast_head_json":{"title":"Mini m\u00f3dulo de salida CHQ-POM - Anber","description":"El mini m\u00f3dulo de salida CHQ-POM es un m\u00f3dulo de salida con alimentaci\u00f3n dise\u00f1ado para suministrar 24 VCC a varios niveles de corriente.","robots":{"index":"index","follow":"follow","max-snippet":"max-snippet:-1","max-image-preview":"max-image-preview:large","max-video-preview":"max-video-preview:-1"},"canonical":"https:\/\/anber.es\/web\/producto\/mini-modulo-de-salida-chq-pom\/","og_locale":"es_ES","og_type":"article","og_title":"Mini m\u00f3dulo de salida CHQ-POM - Anber","og_description":"El mini m\u00f3dulo de salida CHQ-POM es un m\u00f3dulo de salida con alimentaci\u00f3n dise\u00f1ado para suministrar 24 VCC a varios niveles de corriente.","og_url":"https:\/\/anber.es\/web\/producto\/mini-modulo-de-salida-chq-pom\/","og_site_name":"Anber","article_modified_time":"2021-08-17T08:00:56+00:00","og_image":[{"width":1000,"height":1000,"url":"https:\/\/anber.es\/web\/wp-content\/uploads\/2021\/08\/mini_modulo_de_salida_CHQ-POM.jpg","type":"image\/jpeg"}],"twitter_card":"summary_large_image","schema":{"@context":"https:\/\/schema.org","@graph":[{"@type":"WebPage","@id":"https:\/\/anber.es\/web\/producto\/mini-modulo-de-salida-chq-pom\/","url":"https:\/\/anber.es\/web\/producto\/mini-modulo-de-salida-chq-pom\/","name":"Mini m\u00f3dulo de salida CHQ-POM - Anber","isPartOf":{"@id":"https:\/\/anber.es\/web\/#website"},"datePublished":"2021-08-17T07:55:18+00:00","dateModified":"2021-08-17T08:00:56+00:00","description":"El mini m\u00f3dulo de salida CHQ-POM es un m\u00f3dulo de salida con alimentaci\u00f3n dise\u00f1ado para suministrar 24 VCC a varios niveles de corriente.","breadcrumb":{"@id":"https:\/\/anber.es\/web\/producto\/mini-modulo-de-salida-chq-pom\/#breadcrumb"},"inLanguage":"es","potentialAction":[{"@type":"ReadAction","target":["https:\/\/anber.es\/web\/producto\/mini-modulo-de-salida-chq-pom\/"]}]},{"@type":"BreadcrumbList","@id":"https:\/\/anber.es\/web\/producto\/mini-modulo-de-salida-chq-pom\/#breadcrumb","itemListElement":[{"@type":"ListItem","position":1,"name":"Portada","item":"https:\/\/anber.es\/web\/"},{"@type":"ListItem","position":2,"name":"Productos","item":"https:\/\/anber.es\/web\/productos\/"},{"@type":"ListItem","position":3,"name":"Mini m\u00f3dulo de salida CHQ-POM"}]},{"@type":"WebSite","@id":"https:\/\/anber.es\/web\/#website","url":"https:\/\/anber.es\/web\/","name":"Anber","description":"Sistemas de protecci\u00f3n contra incendios","publisher":{"@id":"https:\/\/anber.es\/web\/#organization"},"potentialAction":[{"@type":"SearchAction","target":{"@type":"EntryPoint","urlTemplate":"https:\/\/anber.es\/web\/?s={search_term_string}"},"query-input":"required name=search_term_string"}],"inLanguage":"es"},{"@type":"Organization","@id":"https:\/\/anber.es\/web\/#organization","name":"Anber","url":"https:\/\/anber.es\/web\/","logo":{"@type":"ImageObject","inLanguage":"es","@id":"https:\/\/anber.es\/web\/#\/schema\/logo\/image\/","url":"https:\/\/anber.es\/web\/wp-content\/uploads\/2021\/03\/logo-anber.png","contentUrl":"https:\/\/anber.es\/web\/wp-content\/uploads\/2021\/03\/logo-anber.png","width":2208,"height":500,"caption":"Anber"},"image":{"@id":"https:\/\/anber.es\/web\/#\/schema\/logo\/image\/"}}]}},"_links":{"self":[{"href":"https:\/\/anber.es\/web\/wp-json\/wp\/v2\/product\/4750"}],"collection":[{"href":"https:\/\/anber.es\/web\/wp-json\/wp\/v2\/product"}],"about":[{"href":"https:\/\/anber.es\/web\/wp-json\/wp\/v2\/types\/product"}],"wp:featuredmedia":[{"embeddable":true,"href":"https:\/\/anber.es\/web\/wp-json\/wp\/v2\/media\/4752"}],"wp:attachment":[{"href":"https:\/\/anber.es\/web\/wp-json\/wp\/v2\/media?parent=4750"}],"wp:term":[{"taxonomy":"product_cat","embeddable":true,"href":"https:\/\/anber.es\/web\/wp-json\/wp\/v2\/product_cat?post=4750"},{"taxonomy":"product_tag","embeddable":true,"href":"https:\/\/anber.es\/web\/wp-json\/wp\/v2\/product_tag?post=4750"}],"curies":[{"name":"wp","href":"https:\/\/api.w.org\/{rel}","templated":true}]}}