{"id":4973,"date":"2021-08-19T13:18:28","date_gmt":"2021-08-19T11:18:28","guid":{"rendered":"https:\/\/anber.es\/producto\/comprobador-de-detectores-de-llama\/"},"modified":"2025-07-14T08:42:47","modified_gmt":"2025-07-14T06:42:47","slug":"comprobador-de-detectores-de-llama","status":"publish","type":"product","link":"https:\/\/anber.es\/web\/producto\/comprobador-de-detectores-de-llama\/","title":{"rendered":"Comprobador de detectores de llama 16091"},"content":{"rendered":"<p>El <strong>comprobador de detectores de llama 16091<\/strong> genera una amplia gama de se\u00f1ales de salida \u00f3pticas para activar o probar los detectores de llama.<\/p>\n<p>La mayor\u00eda de los detectores de llama \u00f3pticos responden a la radiaci\u00f3n ultravioleta (UV) o infrarroja (IR) emitida por las llamas durante la combusti\u00f3n. Muchos detectores tambi\u00e9n utilizan t\u00e9cnicas de parpadeo de llamas para distinguir entre llamas y otras fuentes \u00f3pticas falsas.<\/p>\n<p>El comprobador de detectores de llama 1609 <strong>simula la se\u00f1al de llama parpadeante modulando la salida de una l\u00e1mpara de incandescencia<\/strong>. La constante de tiempo t\u00e9rmica de una l\u00e1mpara de filamento evita la generaci\u00f3n de una se\u00f1al de parpadeo de llama perfecta. La lenta respuesta de la l\u00e1mpara de filamento significar\u00e1 que algunos sensores de llama requieren m\u00e1s tiempo para activarse bajo prueba que con una llama real.<\/p>\n<p>Referencia: DVH16091.<\/p>\n<p><a href=\"\/web\/wp-content\/uploads\/2021\/12\/Ficha_tecnica-comprobador_detectores_de_llama_16091.pdf\" target=\"_blank\" rel=\"noopener noreferrer\"><button>Descarga ficha<\/button><\/a><br \/>\n<a class=\"insta-link\" href=\"https:\/\/www.instagram.com\/aqlproteccion\/?hl=es\" target=\"_blank\" rel=\"noopener noreferrer\">Instagram<\/a><\/p>\n","protected":false},"excerpt":{"rendered":"<p>El comprobador de detectores de llama  genera una amplia gama de se\u00f1ales de salida \u00f3pticas para probar y activar los detectores de llama.<\/p>\n","protected":false},"featured_media":4972,"template":"","meta":[],"product_cat":[49,151,23],"product_tag":[],"yoast_head":"<!-- This site is optimized with the Yoast SEO plugin v22.1 - https:\/\/yoast.com\/wordpress\/plugins\/seo\/ -->\n<title>Comprobador de detectores de llama 16091 - Anber<\/title>\n<meta name=\"description\" content=\"El comprobador de detectores de llama genera una amplia gama de se\u00f1ales de salida \u00f3pticas para probar y activar los detectores de llama IR.\" \/>\n<meta name=\"robots\" content=\"index, follow, max-snippet:-1, max-image-preview:large, max-video-preview:-1\" \/>\n<link rel=\"canonical\" href=\"https:\/\/anber.es\/web\/producto\/comprobador-de-detectores-de-llama\/\" \/>\n<meta property=\"og:locale\" content=\"es_ES\" \/>\n<meta property=\"og:type\" content=\"article\" \/>\n<meta property=\"og:title\" content=\"Comprobador de detectores de llama 16091 - Anber\" \/>\n<meta property=\"og:description\" content=\"El comprobador de detectores de llama genera una amplia gama de se\u00f1ales de salida \u00f3pticas para probar y activar los detectores de llama IR.\" \/>\n<meta property=\"og:url\" content=\"https:\/\/anber.es\/web\/producto\/comprobador-de-detectores-de-llama\/\" \/>\n<meta property=\"og:site_name\" content=\"Anber\" \/>\n<meta property=\"article:modified_time\" content=\"2025-07-14T06:42:47+00:00\" \/>\n<meta property=\"og:image\" content=\"https:\/\/anber.es\/web\/wp-content\/uploads\/2021\/08\/comprobador_de_detectores_de_llama_16091.jpg\" \/>\n\t<meta property=\"og:image:width\" content=\"1000\" \/>\n\t<meta property=\"og:image:height\" content=\"1000\" \/>\n\t<meta property=\"og:image:type\" content=\"image\/jpeg\" \/>\n<meta name=\"twitter:card\" content=\"summary_large_image\" \/>\n<meta name=\"twitter:label1\" content=\"Tiempo de lectura\" \/>\n\t<meta name=\"twitter:data1\" content=\"1 minuto\" \/>\n<script type=\"application\/ld+json\" class=\"yoast-schema-graph\">{\"@context\":\"https:\/\/schema.org\",\"@graph\":[{\"@type\":\"WebPage\",\"@id\":\"https:\/\/anber.es\/web\/producto\/comprobador-de-detectores-de-llama\/\",\"url\":\"https:\/\/anber.es\/web\/producto\/comprobador-de-detectores-de-llama\/\",\"name\":\"Comprobador de detectores de llama 16091 - Anber\",\"isPartOf\":{\"@id\":\"https:\/\/anber.es\/web\/#website\"},\"datePublished\":\"2021-08-19T11:18:28+00:00\",\"dateModified\":\"2025-07-14T06:42:47+00:00\",\"description\":\"El comprobador de detectores de llama genera una amplia gama de se\u00f1ales de salida \u00f3pticas para probar y activar los detectores de llama IR.\",\"breadcrumb\":{\"@id\":\"https:\/\/anber.es\/web\/producto\/comprobador-de-detectores-de-llama\/#breadcrumb\"},\"inLanguage\":\"es\",\"potentialAction\":[{\"@type\":\"ReadAction\",\"target\":[\"https:\/\/anber.es\/web\/producto\/comprobador-de-detectores-de-llama\/\"]}]},{\"@type\":\"BreadcrumbList\",\"@id\":\"https:\/\/anber.es\/web\/producto\/comprobador-de-detectores-de-llama\/#breadcrumb\",\"itemListElement\":[{\"@type\":\"ListItem\",\"position\":1,\"name\":\"Portada\",\"item\":\"https:\/\/anber.es\/web\/\"},{\"@type\":\"ListItem\",\"position\":2,\"name\":\"Productos\",\"item\":\"https:\/\/anber.es\/web\/productos\/\"},{\"@type\":\"ListItem\",\"position\":3,\"name\":\"Comprobador de detectores de llama 16091\"}]},{\"@type\":\"WebSite\",\"@id\":\"https:\/\/anber.es\/web\/#website\",\"url\":\"https:\/\/anber.es\/web\/\",\"name\":\"Anber\",\"description\":\"Sistemas de protecci\u00f3n contra incendios\",\"publisher\":{\"@id\":\"https:\/\/anber.es\/web\/#organization\"},\"potentialAction\":[{\"@type\":\"SearchAction\",\"target\":{\"@type\":\"EntryPoint\",\"urlTemplate\":\"https:\/\/anber.es\/web\/?s={search_term_string}\"},\"query-input\":\"required name=search_term_string\"}],\"inLanguage\":\"es\"},{\"@type\":\"Organization\",\"@id\":\"https:\/\/anber.es\/web\/#organization\",\"name\":\"Anber\",\"url\":\"https:\/\/anber.es\/web\/\",\"logo\":{\"@type\":\"ImageObject\",\"inLanguage\":\"es\",\"@id\":\"https:\/\/anber.es\/web\/#\/schema\/logo\/image\/\",\"url\":\"https:\/\/anber.es\/web\/wp-content\/uploads\/2021\/03\/logo-anber.png\",\"contentUrl\":\"https:\/\/anber.es\/web\/wp-content\/uploads\/2021\/03\/logo-anber.png\",\"width\":2208,\"height\":500,\"caption\":\"Anber\"},\"image\":{\"@id\":\"https:\/\/anber.es\/web\/#\/schema\/logo\/image\/\"}}]}<\/script>\n<!-- \/ Yoast SEO plugin. -->","yoast_head_json":{"title":"Comprobador de detectores de llama 16091 - Anber","description":"El comprobador de detectores de llama genera una amplia gama de se\u00f1ales de salida \u00f3pticas para probar y activar los detectores de llama IR.","robots":{"index":"index","follow":"follow","max-snippet":"max-snippet:-1","max-image-preview":"max-image-preview:large","max-video-preview":"max-video-preview:-1"},"canonical":"https:\/\/anber.es\/web\/producto\/comprobador-de-detectores-de-llama\/","og_locale":"es_ES","og_type":"article","og_title":"Comprobador de detectores de llama 16091 - Anber","og_description":"El comprobador de detectores de llama genera una amplia gama de se\u00f1ales de salida \u00f3pticas para probar y activar los detectores de llama IR.","og_url":"https:\/\/anber.es\/web\/producto\/comprobador-de-detectores-de-llama\/","og_site_name":"Anber","article_modified_time":"2025-07-14T06:42:47+00:00","og_image":[{"width":1000,"height":1000,"url":"https:\/\/anber.es\/web\/wp-content\/uploads\/2021\/08\/comprobador_de_detectores_de_llama_16091.jpg","type":"image\/jpeg"}],"twitter_card":"summary_large_image","twitter_misc":{"Tiempo de lectura":"1 minuto"},"schema":{"@context":"https:\/\/schema.org","@graph":[{"@type":"WebPage","@id":"https:\/\/anber.es\/web\/producto\/comprobador-de-detectores-de-llama\/","url":"https:\/\/anber.es\/web\/producto\/comprobador-de-detectores-de-llama\/","name":"Comprobador de detectores de llama 16091 - Anber","isPartOf":{"@id":"https:\/\/anber.es\/web\/#website"},"datePublished":"2021-08-19T11:18:28+00:00","dateModified":"2025-07-14T06:42:47+00:00","description":"El comprobador de detectores de llama genera una amplia gama de se\u00f1ales de salida \u00f3pticas para probar y activar los detectores de llama IR.","breadcrumb":{"@id":"https:\/\/anber.es\/web\/producto\/comprobador-de-detectores-de-llama\/#breadcrumb"},"inLanguage":"es","potentialAction":[{"@type":"ReadAction","target":["https:\/\/anber.es\/web\/producto\/comprobador-de-detectores-de-llama\/"]}]},{"@type":"BreadcrumbList","@id":"https:\/\/anber.es\/web\/producto\/comprobador-de-detectores-de-llama\/#breadcrumb","itemListElement":[{"@type":"ListItem","position":1,"name":"Portada","item":"https:\/\/anber.es\/web\/"},{"@type":"ListItem","position":2,"name":"Productos","item":"https:\/\/anber.es\/web\/productos\/"},{"@type":"ListItem","position":3,"name":"Comprobador de detectores de llama 16091"}]},{"@type":"WebSite","@id":"https:\/\/anber.es\/web\/#website","url":"https:\/\/anber.es\/web\/","name":"Anber","description":"Sistemas de protecci\u00f3n contra incendios","publisher":{"@id":"https:\/\/anber.es\/web\/#organization"},"potentialAction":[{"@type":"SearchAction","target":{"@type":"EntryPoint","urlTemplate":"https:\/\/anber.es\/web\/?s={search_term_string}"},"query-input":"required name=search_term_string"}],"inLanguage":"es"},{"@type":"Organization","@id":"https:\/\/anber.es\/web\/#organization","name":"Anber","url":"https:\/\/anber.es\/web\/","logo":{"@type":"ImageObject","inLanguage":"es","@id":"https:\/\/anber.es\/web\/#\/schema\/logo\/image\/","url":"https:\/\/anber.es\/web\/wp-content\/uploads\/2021\/03\/logo-anber.png","contentUrl":"https:\/\/anber.es\/web\/wp-content\/uploads\/2021\/03\/logo-anber.png","width":2208,"height":500,"caption":"Anber"},"image":{"@id":"https:\/\/anber.es\/web\/#\/schema\/logo\/image\/"}}]}},"_links":{"self":[{"href":"https:\/\/anber.es\/web\/wp-json\/wp\/v2\/product\/4973"}],"collection":[{"href":"https:\/\/anber.es\/web\/wp-json\/wp\/v2\/product"}],"about":[{"href":"https:\/\/anber.es\/web\/wp-json\/wp\/v2\/types\/product"}],"wp:featuredmedia":[{"embeddable":true,"href":"https:\/\/anber.es\/web\/wp-json\/wp\/v2\/media\/4972"}],"wp:attachment":[{"href":"https:\/\/anber.es\/web\/wp-json\/wp\/v2\/media?parent=4973"}],"wp:term":[{"taxonomy":"product_cat","embeddable":true,"href":"https:\/\/anber.es\/web\/wp-json\/wp\/v2\/product_cat?post=4973"},{"taxonomy":"product_tag","embeddable":true,"href":"https:\/\/anber.es\/web\/wp-json\/wp\/v2\/product_tag?post=4973"}],"curies":[{"name":"wp","href":"https:\/\/api.w.org\/{rel}","templated":true}]}}