{"id":4991,"date":"2021-08-19T14:08:28","date_gmt":"2021-08-19T12:08:28","guid":{"rendered":"https:\/\/anber.es\/producto\/base-de-montaje-ybo-r-6rs\/"},"modified":"2025-02-17T14:23:47","modified_gmt":"2025-02-17T12:23:47","slug":"base-de-montaje-ybo-r-6rs","status":"publish","type":"product","link":"https:\/\/anber.es\/web\/producto\/base-de-montaje-ybo-r-6rs\/","title":{"rendered":"Base de montaje YBO-R6\/RS"},"content":{"rendered":"<p>La<STRONG> base de montaje YBO-R\/6RS <\/STRONG>es una base de montaje <b>con rel\u00e9 de enclavamiento y diodo Schottky<\/b> para detector convencional asociada con la nueva gama de detectores CDX y es totalmente compatible con la mayor\u00eda de los paneles de control de alarma de incendio convencionales existentes.<\/p>\n<p>Se suministra con <STRONG>abrazaderas de cable cuadradas <\/STRONG>para una terminaci\u00f3n de cable segura y confiable y la base proporciona continuidad de l\u00ednea durante la extracci\u00f3n del detector, por lo tanto, si los puntos de llamada se pueden cablear en cualquier orden en la zona, se utiliza un panel adecuado y una unidad de fin de l\u00ednea (EOL) .<\/p>\n<p>El tercer terminal integrado proporciona una salida de indicador remoto.<\/p>\n<p><b>Perfil de 13mm<\/b>.<\/p>\n<p>Referencia: DVHYBOR6RS.<\/p>\n<p><a href=\"\/web\/wp-content\/uploads\/2025\/02\/Ficha_tecnica-base_de_montaje_YBO-R6RS.pdf\" target=\"_blank\" rel=\"noopener noreferrer\"><button>Descarga ficha<\/button><\/a><br \/>\n<a class=\"insta-link\" href=\"https:\/\/www.instagram.com\/aqlproteccion\/?hl=es\" target=\"_blank\" rel=\"noopener noreferrer\">Instagram<\/a><\/p>\n","protected":false},"excerpt":{"rendered":"<p>La base de montaje YBO-R\/6RS es una base de montaje para detector convencional con rel\u00e9 de enclavamiento y diodo Schottky para detectores CDX<\/p>\n","protected":false},"featured_media":9860,"template":"","meta":[],"product_cat":[49,149,23],"product_tag":[215],"yoast_head":"<!-- This site is optimized with the Yoast SEO plugin v22.1 - https:\/\/yoast.com\/wordpress\/plugins\/seo\/ -->\n<title>Base de montaje YBO-R6\/RS - Anber<\/title>\n<meta name=\"description\" content=\"La base de montaje YBO-R\/6RS es una base de montaje para detector convencional con rel\u00e9 de enclavamiento y diodo Schottky para detectores CDX\" \/>\n<meta name=\"robots\" content=\"index, follow, max-snippet:-1, max-image-preview:large, max-video-preview:-1\" \/>\n<link rel=\"canonical\" href=\"https:\/\/anber.es\/web\/producto\/base-de-montaje-ybo-r-6rs\/\" \/>\n<meta property=\"og:locale\" content=\"es_ES\" \/>\n<meta property=\"og:type\" content=\"article\" \/>\n<meta property=\"og:title\" content=\"Base de montaje YBO-R6\/RS - Anber\" \/>\n<meta property=\"og:description\" content=\"La base de montaje YBO-R\/6RS es una base de montaje para detector convencional con rel\u00e9 de enclavamiento y diodo Schottky para detectores CDX\" \/>\n<meta property=\"og:url\" content=\"https:\/\/anber.es\/web\/producto\/base-de-montaje-ybo-r-6rs\/\" \/>\n<meta property=\"og:site_name\" content=\"Anber\" \/>\n<meta property=\"article:modified_time\" content=\"2025-02-17T12:23:47+00:00\" \/>\n<meta property=\"og:image\" content=\"https:\/\/anber.es\/web\/wp-content\/uploads\/2025\/02\/base_de_montaje_YBO-R6RS.webp\" \/>\n\t<meta property=\"og:image:width\" content=\"1000\" \/>\n\t<meta property=\"og:image:height\" content=\"1000\" \/>\n\t<meta property=\"og:image:type\" content=\"image\/webp\" \/>\n<meta name=\"twitter:card\" content=\"summary_large_image\" \/>\n<meta name=\"twitter:label1\" content=\"Tiempo de lectura\" \/>\n\t<meta name=\"twitter:data1\" content=\"1 minuto\" \/>\n<script type=\"application\/ld+json\" class=\"yoast-schema-graph\">{\"@context\":\"https:\/\/schema.org\",\"@graph\":[{\"@type\":\"WebPage\",\"@id\":\"https:\/\/anber.es\/web\/producto\/base-de-montaje-ybo-r-6rs\/\",\"url\":\"https:\/\/anber.es\/web\/producto\/base-de-montaje-ybo-r-6rs\/\",\"name\":\"Base de montaje YBO-R6\/RS - Anber\",\"isPartOf\":{\"@id\":\"https:\/\/anber.es\/web\/#website\"},\"datePublished\":\"2021-08-19T12:08:28+00:00\",\"dateModified\":\"2025-02-17T12:23:47+00:00\",\"description\":\"La base de montaje YBO-R\/6RS es una base de montaje para detector convencional con rel\u00e9 de enclavamiento y diodo Schottky para detectores CDX\",\"breadcrumb\":{\"@id\":\"https:\/\/anber.es\/web\/producto\/base-de-montaje-ybo-r-6rs\/#breadcrumb\"},\"inLanguage\":\"es\",\"potentialAction\":[{\"@type\":\"ReadAction\",\"target\":[\"https:\/\/anber.es\/web\/producto\/base-de-montaje-ybo-r-6rs\/\"]}]},{\"@type\":\"BreadcrumbList\",\"@id\":\"https:\/\/anber.es\/web\/producto\/base-de-montaje-ybo-r-6rs\/#breadcrumb\",\"itemListElement\":[{\"@type\":\"ListItem\",\"position\":1,\"name\":\"Portada\",\"item\":\"https:\/\/anber.es\/web\/\"},{\"@type\":\"ListItem\",\"position\":2,\"name\":\"Productos\",\"item\":\"https:\/\/anber.es\/web\/productos\/\"},{\"@type\":\"ListItem\",\"position\":3,\"name\":\"Base de montaje YBO-R6\/RS\"}]},{\"@type\":\"WebSite\",\"@id\":\"https:\/\/anber.es\/web\/#website\",\"url\":\"https:\/\/anber.es\/web\/\",\"name\":\"Anber\",\"description\":\"Sistemas de protecci\u00f3n contra incendios\",\"publisher\":{\"@id\":\"https:\/\/anber.es\/web\/#organization\"},\"potentialAction\":[{\"@type\":\"SearchAction\",\"target\":{\"@type\":\"EntryPoint\",\"urlTemplate\":\"https:\/\/anber.es\/web\/?s={search_term_string}\"},\"query-input\":\"required name=search_term_string\"}],\"inLanguage\":\"es\"},{\"@type\":\"Organization\",\"@id\":\"https:\/\/anber.es\/web\/#organization\",\"name\":\"Anber\",\"url\":\"https:\/\/anber.es\/web\/\",\"logo\":{\"@type\":\"ImageObject\",\"inLanguage\":\"es\",\"@id\":\"https:\/\/anber.es\/web\/#\/schema\/logo\/image\/\",\"url\":\"https:\/\/anber.es\/web\/wp-content\/uploads\/2021\/03\/logo-anber.png\",\"contentUrl\":\"https:\/\/anber.es\/web\/wp-content\/uploads\/2021\/03\/logo-anber.png\",\"width\":2208,\"height\":500,\"caption\":\"Anber\"},\"image\":{\"@id\":\"https:\/\/anber.es\/web\/#\/schema\/logo\/image\/\"}}]}<\/script>\n<!-- \/ Yoast SEO plugin. -->","yoast_head_json":{"title":"Base de montaje YBO-R6\/RS - Anber","description":"La base de montaje YBO-R\/6RS es una base de montaje para detector convencional con rel\u00e9 de enclavamiento y diodo Schottky para detectores CDX","robots":{"index":"index","follow":"follow","max-snippet":"max-snippet:-1","max-image-preview":"max-image-preview:large","max-video-preview":"max-video-preview:-1"},"canonical":"https:\/\/anber.es\/web\/producto\/base-de-montaje-ybo-r-6rs\/","og_locale":"es_ES","og_type":"article","og_title":"Base de montaje YBO-R6\/RS - Anber","og_description":"La base de montaje YBO-R\/6RS es una base de montaje para detector convencional con rel\u00e9 de enclavamiento y diodo Schottky para detectores CDX","og_url":"https:\/\/anber.es\/web\/producto\/base-de-montaje-ybo-r-6rs\/","og_site_name":"Anber","article_modified_time":"2025-02-17T12:23:47+00:00","og_image":[{"width":1000,"height":1000,"url":"https:\/\/anber.es\/web\/wp-content\/uploads\/2025\/02\/base_de_montaje_YBO-R6RS.webp","type":"image\/webp"}],"twitter_card":"summary_large_image","twitter_misc":{"Tiempo de lectura":"1 minuto"},"schema":{"@context":"https:\/\/schema.org","@graph":[{"@type":"WebPage","@id":"https:\/\/anber.es\/web\/producto\/base-de-montaje-ybo-r-6rs\/","url":"https:\/\/anber.es\/web\/producto\/base-de-montaje-ybo-r-6rs\/","name":"Base de montaje YBO-R6\/RS - Anber","isPartOf":{"@id":"https:\/\/anber.es\/web\/#website"},"datePublished":"2021-08-19T12:08:28+00:00","dateModified":"2025-02-17T12:23:47+00:00","description":"La base de montaje YBO-R\/6RS es una base de montaje para detector convencional con rel\u00e9 de enclavamiento y diodo Schottky para detectores CDX","breadcrumb":{"@id":"https:\/\/anber.es\/web\/producto\/base-de-montaje-ybo-r-6rs\/#breadcrumb"},"inLanguage":"es","potentialAction":[{"@type":"ReadAction","target":["https:\/\/anber.es\/web\/producto\/base-de-montaje-ybo-r-6rs\/"]}]},{"@type":"BreadcrumbList","@id":"https:\/\/anber.es\/web\/producto\/base-de-montaje-ybo-r-6rs\/#breadcrumb","itemListElement":[{"@type":"ListItem","position":1,"name":"Portada","item":"https:\/\/anber.es\/web\/"},{"@type":"ListItem","position":2,"name":"Productos","item":"https:\/\/anber.es\/web\/productos\/"},{"@type":"ListItem","position":3,"name":"Base de montaje YBO-R6\/RS"}]},{"@type":"WebSite","@id":"https:\/\/anber.es\/web\/#website","url":"https:\/\/anber.es\/web\/","name":"Anber","description":"Sistemas de protecci\u00f3n contra incendios","publisher":{"@id":"https:\/\/anber.es\/web\/#organization"},"potentialAction":[{"@type":"SearchAction","target":{"@type":"EntryPoint","urlTemplate":"https:\/\/anber.es\/web\/?s={search_term_string}"},"query-input":"required name=search_term_string"}],"inLanguage":"es"},{"@type":"Organization","@id":"https:\/\/anber.es\/web\/#organization","name":"Anber","url":"https:\/\/anber.es\/web\/","logo":{"@type":"ImageObject","inLanguage":"es","@id":"https:\/\/anber.es\/web\/#\/schema\/logo\/image\/","url":"https:\/\/anber.es\/web\/wp-content\/uploads\/2021\/03\/logo-anber.png","contentUrl":"https:\/\/anber.es\/web\/wp-content\/uploads\/2021\/03\/logo-anber.png","width":2208,"height":500,"caption":"Anber"},"image":{"@id":"https:\/\/anber.es\/web\/#\/schema\/logo\/image\/"}}]}},"_links":{"self":[{"href":"https:\/\/anber.es\/web\/wp-json\/wp\/v2\/product\/4991"}],"collection":[{"href":"https:\/\/anber.es\/web\/wp-json\/wp\/v2\/product"}],"about":[{"href":"https:\/\/anber.es\/web\/wp-json\/wp\/v2\/types\/product"}],"wp:featuredmedia":[{"embeddable":true,"href":"https:\/\/anber.es\/web\/wp-json\/wp\/v2\/media\/9860"}],"wp:attachment":[{"href":"https:\/\/anber.es\/web\/wp-json\/wp\/v2\/media?parent=4991"}],"wp:term":[{"taxonomy":"product_cat","embeddable":true,"href":"https:\/\/anber.es\/web\/wp-json\/wp\/v2\/product_cat?post=4991"},{"taxonomy":"product_tag","embeddable":true,"href":"https:\/\/anber.es\/web\/wp-json\/wp\/v2\/product_tag?post=4991"}],"curies":[{"name":"wp","href":"https:\/\/api.w.org\/{rel}","templated":true}]}}