{"id":5030,"date":"2021-08-20T10:20:41","date_gmt":"2021-08-20T08:20:41","guid":{"rendered":"https:\/\/anber.es\/producto\/sirena-con-flash-convencional-para-exteriores-ip66-banshee-excel-lite-ip66\/"},"modified":"2021-11-25T13:25:06","modified_gmt":"2021-11-25T11:25:06","slug":"sirena-con-flash-convencional-para-exteriores-ip66","status":"publish","type":"product","link":"https:\/\/anber.es\/web\/producto\/sirena-con-flash-convencional-para-exteriores-ip66\/","title":{"rendered":"Sirena con flash convencional para exteriores BANSHEE EXCEL LITE IP66"},"content":{"rendered":"<p>La<STRONG> sirena con flash convencional para exteriores BANSHEE EXCEL LITE IP66 <\/STRONG>combina la est\u00e9tica moderna de la sirena multi-tono y la \u00faltima tecnolog\u00eda estrobosc\u00f3pica para crear una sirena extremadamente eficiente. <\/p>\n<p>Se instala f\u00e1cilmente con las terminaciones robustas que pueden aceptar cables de 2,5 mm2 y una base de ajuste de bayoneta de empujar y girar.<\/p>\n<p>La sirena BANSHEE EXCEL LITE IP66<STRONG> se adapta a la mayor\u00eda de las necesidades de seguridad y contra incendios <\/STRONG>donde el sonido convencional requiere el respaldo de una alarma visual.<\/p>\n<p><STRONG>Adem\u00e1s est\u00e1 aprobada para el exterior<\/STRONG>.<\/p>\n<p>Referencia: DSHBSEXCEL6L.<\/p>\n<p><a href=\"\/web\/wp-content\/uploads\/2021\/11\/Ficha_tecnica-sirena_con_flash_convencional_exteri.pdf\" target=\"_blank\" rel=\"noopener noreferrer\"><button>Descarga ficha<\/button><\/a><br \/>\n<a class=\"insta-link\" href=\"https:\/\/www.instagram.com\/aqlproteccion\/?hl=es\" target=\"_blank\" rel=\"noopener noreferrer\">Instagram<\/a><\/p>\n","protected":false},"excerpt":{"rendered":"<p>La sirena con flash convencional para exteriores BANSHEE EXCEL LITE IP66 cuenta con la \u00faltima tecnolog\u00eda estrobosc\u00f3pica.<\/p>\n","protected":false},"featured_media":5029,"template":"","meta":[],"product_cat":[230,49,227,23],"product_tag":[],"yoast_head":"<!-- This site is optimized with the Yoast SEO plugin v22.1 - https:\/\/yoast.com\/wordpress\/plugins\/seo\/ -->\n<title>Sirena con flash convencional para exteriores BANSHEE EXCEL LITE IP66 - Anber<\/title>\n<meta name=\"description\" content=\"La sirena con flash convencional para exteriores BANSHEE EXCEL LITE IP66 cuenta con la \u00faltima tecnolog\u00eda estrobosc\u00f3pica.\" \/>\n<meta name=\"robots\" content=\"index, follow, max-snippet:-1, max-image-preview:large, max-video-preview:-1\" \/>\n<link rel=\"canonical\" href=\"https:\/\/anber.es\/web\/producto\/sirena-con-flash-convencional-para-exteriores-ip66\/\" \/>\n<meta property=\"og:locale\" content=\"es_ES\" \/>\n<meta property=\"og:type\" content=\"article\" \/>\n<meta property=\"og:title\" content=\"Sirena con flash convencional para exteriores BANSHEE EXCEL LITE IP66 - Anber\" \/>\n<meta property=\"og:description\" content=\"La sirena con flash convencional para exteriores BANSHEE EXCEL LITE IP66 cuenta con la \u00faltima tecnolog\u00eda estrobosc\u00f3pica.\" \/>\n<meta property=\"og:url\" content=\"https:\/\/anber.es\/web\/producto\/sirena-con-flash-convencional-para-exteriores-ip66\/\" \/>\n<meta property=\"og:site_name\" content=\"Anber\" \/>\n<meta property=\"article:modified_time\" content=\"2021-11-25T11:25:06+00:00\" \/>\n<meta property=\"og:image\" content=\"https:\/\/anber.es\/web\/wp-content\/uploads\/2021\/08\/sirena_con_flash_convencional_exterior_IP66.jpg\" \/>\n\t<meta property=\"og:image:width\" content=\"1000\" \/>\n\t<meta property=\"og:image:height\" content=\"1000\" \/>\n\t<meta property=\"og:image:type\" content=\"image\/jpeg\" \/>\n<meta name=\"twitter:card\" content=\"summary_large_image\" \/>\n<meta name=\"twitter:label1\" content=\"Tiempo de lectura\" \/>\n\t<meta name=\"twitter:data1\" content=\"1 minuto\" \/>\n<script type=\"application\/ld+json\" class=\"yoast-schema-graph\">{\"@context\":\"https:\/\/schema.org\",\"@graph\":[{\"@type\":\"WebPage\",\"@id\":\"https:\/\/anber.es\/web\/producto\/sirena-con-flash-convencional-para-exteriores-ip66\/\",\"url\":\"https:\/\/anber.es\/web\/producto\/sirena-con-flash-convencional-para-exteriores-ip66\/\",\"name\":\"Sirena con flash convencional para exteriores BANSHEE EXCEL LITE IP66 - Anber\",\"isPartOf\":{\"@id\":\"https:\/\/anber.es\/web\/#website\"},\"datePublished\":\"2021-08-20T08:20:41+00:00\",\"dateModified\":\"2021-11-25T11:25:06+00:00\",\"description\":\"La sirena con flash convencional para exteriores BANSHEE EXCEL LITE IP66 cuenta con la \u00faltima tecnolog\u00eda estrobosc\u00f3pica.\",\"breadcrumb\":{\"@id\":\"https:\/\/anber.es\/web\/producto\/sirena-con-flash-convencional-para-exteriores-ip66\/#breadcrumb\"},\"inLanguage\":\"es\",\"potentialAction\":[{\"@type\":\"ReadAction\",\"target\":[\"https:\/\/anber.es\/web\/producto\/sirena-con-flash-convencional-para-exteriores-ip66\/\"]}]},{\"@type\":\"BreadcrumbList\",\"@id\":\"https:\/\/anber.es\/web\/producto\/sirena-con-flash-convencional-para-exteriores-ip66\/#breadcrumb\",\"itemListElement\":[{\"@type\":\"ListItem\",\"position\":1,\"name\":\"Portada\",\"item\":\"https:\/\/anber.es\/web\/\"},{\"@type\":\"ListItem\",\"position\":2,\"name\":\"Productos\",\"item\":\"https:\/\/anber.es\/web\/productos\/\"},{\"@type\":\"ListItem\",\"position\":3,\"name\":\"Sirena con flash convencional para exteriores BANSHEE EXCEL LITE IP66\"}]},{\"@type\":\"WebSite\",\"@id\":\"https:\/\/anber.es\/web\/#website\",\"url\":\"https:\/\/anber.es\/web\/\",\"name\":\"Anber\",\"description\":\"Sistemas de protecci\u00f3n contra incendios\",\"publisher\":{\"@id\":\"https:\/\/anber.es\/web\/#organization\"},\"potentialAction\":[{\"@type\":\"SearchAction\",\"target\":{\"@type\":\"EntryPoint\",\"urlTemplate\":\"https:\/\/anber.es\/web\/?s={search_term_string}\"},\"query-input\":\"required name=search_term_string\"}],\"inLanguage\":\"es\"},{\"@type\":\"Organization\",\"@id\":\"https:\/\/anber.es\/web\/#organization\",\"name\":\"Anber\",\"url\":\"https:\/\/anber.es\/web\/\",\"logo\":{\"@type\":\"ImageObject\",\"inLanguage\":\"es\",\"@id\":\"https:\/\/anber.es\/web\/#\/schema\/logo\/image\/\",\"url\":\"https:\/\/anber.es\/web\/wp-content\/uploads\/2021\/03\/logo-anber.png\",\"contentUrl\":\"https:\/\/anber.es\/web\/wp-content\/uploads\/2021\/03\/logo-anber.png\",\"width\":2208,\"height\":500,\"caption\":\"Anber\"},\"image\":{\"@id\":\"https:\/\/anber.es\/web\/#\/schema\/logo\/image\/\"}}]}<\/script>\n<!-- \/ Yoast SEO plugin. -->","yoast_head_json":{"title":"Sirena con flash convencional para exteriores BANSHEE EXCEL LITE IP66 - Anber","description":"La sirena con flash convencional para exteriores BANSHEE EXCEL LITE IP66 cuenta con la \u00faltima tecnolog\u00eda estrobosc\u00f3pica.","robots":{"index":"index","follow":"follow","max-snippet":"max-snippet:-1","max-image-preview":"max-image-preview:large","max-video-preview":"max-video-preview:-1"},"canonical":"https:\/\/anber.es\/web\/producto\/sirena-con-flash-convencional-para-exteriores-ip66\/","og_locale":"es_ES","og_type":"article","og_title":"Sirena con flash convencional para exteriores BANSHEE EXCEL LITE IP66 - Anber","og_description":"La sirena con flash convencional para exteriores BANSHEE EXCEL LITE IP66 cuenta con la \u00faltima tecnolog\u00eda estrobosc\u00f3pica.","og_url":"https:\/\/anber.es\/web\/producto\/sirena-con-flash-convencional-para-exteriores-ip66\/","og_site_name":"Anber","article_modified_time":"2021-11-25T11:25:06+00:00","og_image":[{"width":1000,"height":1000,"url":"https:\/\/anber.es\/web\/wp-content\/uploads\/2021\/08\/sirena_con_flash_convencional_exterior_IP66.jpg","type":"image\/jpeg"}],"twitter_card":"summary_large_image","twitter_misc":{"Tiempo de lectura":"1 minuto"},"schema":{"@context":"https:\/\/schema.org","@graph":[{"@type":"WebPage","@id":"https:\/\/anber.es\/web\/producto\/sirena-con-flash-convencional-para-exteriores-ip66\/","url":"https:\/\/anber.es\/web\/producto\/sirena-con-flash-convencional-para-exteriores-ip66\/","name":"Sirena con flash convencional para exteriores BANSHEE EXCEL LITE IP66 - Anber","isPartOf":{"@id":"https:\/\/anber.es\/web\/#website"},"datePublished":"2021-08-20T08:20:41+00:00","dateModified":"2021-11-25T11:25:06+00:00","description":"La sirena con flash convencional para exteriores BANSHEE EXCEL LITE IP66 cuenta con la \u00faltima tecnolog\u00eda estrobosc\u00f3pica.","breadcrumb":{"@id":"https:\/\/anber.es\/web\/producto\/sirena-con-flash-convencional-para-exteriores-ip66\/#breadcrumb"},"inLanguage":"es","potentialAction":[{"@type":"ReadAction","target":["https:\/\/anber.es\/web\/producto\/sirena-con-flash-convencional-para-exteriores-ip66\/"]}]},{"@type":"BreadcrumbList","@id":"https:\/\/anber.es\/web\/producto\/sirena-con-flash-convencional-para-exteriores-ip66\/#breadcrumb","itemListElement":[{"@type":"ListItem","position":1,"name":"Portada","item":"https:\/\/anber.es\/web\/"},{"@type":"ListItem","position":2,"name":"Productos","item":"https:\/\/anber.es\/web\/productos\/"},{"@type":"ListItem","position":3,"name":"Sirena con flash convencional para exteriores BANSHEE EXCEL LITE IP66"}]},{"@type":"WebSite","@id":"https:\/\/anber.es\/web\/#website","url":"https:\/\/anber.es\/web\/","name":"Anber","description":"Sistemas de protecci\u00f3n contra incendios","publisher":{"@id":"https:\/\/anber.es\/web\/#organization"},"potentialAction":[{"@type":"SearchAction","target":{"@type":"EntryPoint","urlTemplate":"https:\/\/anber.es\/web\/?s={search_term_string}"},"query-input":"required name=search_term_string"}],"inLanguage":"es"},{"@type":"Organization","@id":"https:\/\/anber.es\/web\/#organization","name":"Anber","url":"https:\/\/anber.es\/web\/","logo":{"@type":"ImageObject","inLanguage":"es","@id":"https:\/\/anber.es\/web\/#\/schema\/logo\/image\/","url":"https:\/\/anber.es\/web\/wp-content\/uploads\/2021\/03\/logo-anber.png","contentUrl":"https:\/\/anber.es\/web\/wp-content\/uploads\/2021\/03\/logo-anber.png","width":2208,"height":500,"caption":"Anber"},"image":{"@id":"https:\/\/anber.es\/web\/#\/schema\/logo\/image\/"}}]}},"_links":{"self":[{"href":"https:\/\/anber.es\/web\/wp-json\/wp\/v2\/product\/5030"}],"collection":[{"href":"https:\/\/anber.es\/web\/wp-json\/wp\/v2\/product"}],"about":[{"href":"https:\/\/anber.es\/web\/wp-json\/wp\/v2\/types\/product"}],"wp:featuredmedia":[{"embeddable":true,"href":"https:\/\/anber.es\/web\/wp-json\/wp\/v2\/media\/5029"}],"wp:attachment":[{"href":"https:\/\/anber.es\/web\/wp-json\/wp\/v2\/media?parent=5030"}],"wp:term":[{"taxonomy":"product_cat","embeddable":true,"href":"https:\/\/anber.es\/web\/wp-json\/wp\/v2\/product_cat?post=5030"},{"taxonomy":"product_tag","embeddable":true,"href":"https:\/\/anber.es\/web\/wp-json\/wp\/v2\/product_tag?post=5030"}],"curies":[{"name":"wp","href":"https:\/\/api.w.org\/{rel}","templated":true}]}}