{"id":5238,"date":"2021-09-17T12:29:14","date_gmt":"2021-09-17T10:29:14","guid":{"rendered":"https:\/\/anber.es\/producto\/llave-para-desbloquear-valvulas-con-volante\/"},"modified":"2025-07-10T11:02:22","modified_gmt":"2025-07-10T09:02:22","slug":"llave-para-desbloquear-valvulas-con-volante","status":"publish","type":"product","link":"https:\/\/anber.es\/web\/producto\/llave-para-desbloquear-valvulas-con-volante\/","title":{"rendered":"Llave para desbloquear v\u00e1lvulas de compuerta"},"content":{"rendered":"<p>La <strong>llave para desbloquear v\u00e1lvulas de compuerta<\/strong> es una llave ergon\u00f3mica antropom\u00e9trica que nos permite desbloquear v\u00e1lvulas con volante de manera segura. Se adapta a cualquier volante de v\u00e1lvulas y evita los accidentes generados por las herramientas artesanales.<\/p>\n<p>Construcci\u00f3n en una <b>pieza \u00fanica, sin soldaduras<\/b> (elimina el riesgo de rotura). Dise\u00f1o <b>ergon\u00f3mico y antideslizante<\/b> para evitar resbalamiento.<\/p>\n<p><b>Diferentes longitudes<\/b> de brazo para adaptarse a la medida de la v\u00e1lvula (y a la fuerza necesaria):<br \/>\n\u00b7 Llave 1: DN50 a DN100.<br \/>\n\u00b7 Llave 2: DN125 a DN250.<br \/>\n\u00b7 Llave 3: DN250 a DN400.<br \/>\n\u00b7 Llave 4: DN350 a DN900.<\/p>\n<p>Referencia: VCLLERGB.<\/p>\n<p><a href=\"\/web\/wp-content\/uploads\/2023\/03\/Ficha_tecnica-llave_desbloquear_valvulas_volante.pdf\" target=\"_blank\" rel=\"noopener noreferrer\"><button>Descarga ficha<\/button><\/a><br \/>\n<a class=\"insta-link\" href=\"https:\/\/www.instagram.com\/aqlproteccion\/?hl=es\" target=\"_blank\" rel=\"noopener noreferrer\">Instagram<\/a><\/p>\n","protected":false},"excerpt":{"rendered":"<p>La llave para desbloquear v\u00e1lvulas de compuerta se adapta a cualquier volante de v\u00e1lvulas y evita los accidentes de las herramientas artesanales<\/p>\n","protected":false},"featured_media":10177,"template":"","meta":[],"product_cat":[45,142],"product_tag":[215],"yoast_head":"<!-- This site is optimized with the Yoast SEO plugin v22.1 - https:\/\/yoast.com\/wordpress\/plugins\/seo\/ -->\n<title>Llave para desbloquear v\u00e1lvulas de compuerta - Anber<\/title>\n<meta name=\"description\" content=\"La llave para desbloquear v\u00e1lvulas compuerta se adapta a cualquier volante de v\u00e1lvulas y evita los accidentes de las herramientas artesanales.\" \/>\n<meta name=\"robots\" content=\"index, follow, max-snippet:-1, max-image-preview:large, max-video-preview:-1\" \/>\n<link rel=\"canonical\" href=\"https:\/\/anber.es\/web\/producto\/llave-para-desbloquear-valvulas-con-volante\/\" \/>\n<meta property=\"og:locale\" content=\"es_ES\" \/>\n<meta property=\"og:type\" content=\"article\" \/>\n<meta property=\"og:title\" content=\"Llave para desbloquear v\u00e1lvulas de compuerta - Anber\" \/>\n<meta property=\"og:description\" content=\"La llave para desbloquear v\u00e1lvulas compuerta se adapta a cualquier volante de v\u00e1lvulas y evita los accidentes de las herramientas artesanales.\" \/>\n<meta property=\"og:url\" content=\"https:\/\/anber.es\/web\/producto\/llave-para-desbloquear-valvulas-con-volante\/\" \/>\n<meta property=\"og:site_name\" content=\"Anber\" \/>\n<meta property=\"article:modified_time\" content=\"2025-07-10T09:02:22+00:00\" \/>\n<meta property=\"og:image\" content=\"https:\/\/anber.es\/web\/wp-content\/uploads\/2025\/07\/llave_desbloquear_valvulas_volante.webp\" \/>\n\t<meta property=\"og:image:width\" content=\"1000\" \/>\n\t<meta property=\"og:image:height\" content=\"1000\" \/>\n\t<meta property=\"og:image:type\" content=\"image\/webp\" \/>\n<meta name=\"twitter:card\" content=\"summary_large_image\" \/>\n<meta name=\"twitter:label1\" content=\"Tiempo de lectura\" \/>\n\t<meta name=\"twitter:data1\" content=\"1 minuto\" \/>\n<script type=\"application\/ld+json\" class=\"yoast-schema-graph\">{\"@context\":\"https:\/\/schema.org\",\"@graph\":[{\"@type\":\"WebPage\",\"@id\":\"https:\/\/anber.es\/web\/producto\/llave-para-desbloquear-valvulas-con-volante\/\",\"url\":\"https:\/\/anber.es\/web\/producto\/llave-para-desbloquear-valvulas-con-volante\/\",\"name\":\"Llave para desbloquear v\u00e1lvulas de compuerta - Anber\",\"isPartOf\":{\"@id\":\"https:\/\/anber.es\/web\/#website\"},\"datePublished\":\"2021-09-17T10:29:14+00:00\",\"dateModified\":\"2025-07-10T09:02:22+00:00\",\"description\":\"La llave para desbloquear v\u00e1lvulas compuerta se adapta a cualquier volante de v\u00e1lvulas y evita los accidentes de las herramientas artesanales.\",\"breadcrumb\":{\"@id\":\"https:\/\/anber.es\/web\/producto\/llave-para-desbloquear-valvulas-con-volante\/#breadcrumb\"},\"inLanguage\":\"es\",\"potentialAction\":[{\"@type\":\"ReadAction\",\"target\":[\"https:\/\/anber.es\/web\/producto\/llave-para-desbloquear-valvulas-con-volante\/\"]}]},{\"@type\":\"BreadcrumbList\",\"@id\":\"https:\/\/anber.es\/web\/producto\/llave-para-desbloquear-valvulas-con-volante\/#breadcrumb\",\"itemListElement\":[{\"@type\":\"ListItem\",\"position\":1,\"name\":\"Portada\",\"item\":\"https:\/\/anber.es\/web\/\"},{\"@type\":\"ListItem\",\"position\":2,\"name\":\"Productos\",\"item\":\"https:\/\/anber.es\/web\/productos\/\"},{\"@type\":\"ListItem\",\"position\":3,\"name\":\"Llave para desbloquear v\u00e1lvulas de compuerta\"}]},{\"@type\":\"WebSite\",\"@id\":\"https:\/\/anber.es\/web\/#website\",\"url\":\"https:\/\/anber.es\/web\/\",\"name\":\"Anber\",\"description\":\"Sistemas de protecci\u00f3n contra incendios\",\"publisher\":{\"@id\":\"https:\/\/anber.es\/web\/#organization\"},\"potentialAction\":[{\"@type\":\"SearchAction\",\"target\":{\"@type\":\"EntryPoint\",\"urlTemplate\":\"https:\/\/anber.es\/web\/?s={search_term_string}\"},\"query-input\":\"required name=search_term_string\"}],\"inLanguage\":\"es\"},{\"@type\":\"Organization\",\"@id\":\"https:\/\/anber.es\/web\/#organization\",\"name\":\"Anber\",\"url\":\"https:\/\/anber.es\/web\/\",\"logo\":{\"@type\":\"ImageObject\",\"inLanguage\":\"es\",\"@id\":\"https:\/\/anber.es\/web\/#\/schema\/logo\/image\/\",\"url\":\"https:\/\/anber.es\/web\/wp-content\/uploads\/2021\/03\/logo-anber.png\",\"contentUrl\":\"https:\/\/anber.es\/web\/wp-content\/uploads\/2021\/03\/logo-anber.png\",\"width\":2208,\"height\":500,\"caption\":\"Anber\"},\"image\":{\"@id\":\"https:\/\/anber.es\/web\/#\/schema\/logo\/image\/\"}}]}<\/script>\n<!-- \/ Yoast SEO plugin. -->","yoast_head_json":{"title":"Llave para desbloquear v\u00e1lvulas de compuerta - Anber","description":"La llave para desbloquear v\u00e1lvulas compuerta se adapta a cualquier volante de v\u00e1lvulas y evita los accidentes de las herramientas artesanales.","robots":{"index":"index","follow":"follow","max-snippet":"max-snippet:-1","max-image-preview":"max-image-preview:large","max-video-preview":"max-video-preview:-1"},"canonical":"https:\/\/anber.es\/web\/producto\/llave-para-desbloquear-valvulas-con-volante\/","og_locale":"es_ES","og_type":"article","og_title":"Llave para desbloquear v\u00e1lvulas de compuerta - Anber","og_description":"La llave para desbloquear v\u00e1lvulas compuerta se adapta a cualquier volante de v\u00e1lvulas y evita los accidentes de las herramientas artesanales.","og_url":"https:\/\/anber.es\/web\/producto\/llave-para-desbloquear-valvulas-con-volante\/","og_site_name":"Anber","article_modified_time":"2025-07-10T09:02:22+00:00","og_image":[{"width":1000,"height":1000,"url":"https:\/\/anber.es\/web\/wp-content\/uploads\/2025\/07\/llave_desbloquear_valvulas_volante.webp","type":"image\/webp"}],"twitter_card":"summary_large_image","twitter_misc":{"Tiempo de lectura":"1 minuto"},"schema":{"@context":"https:\/\/schema.org","@graph":[{"@type":"WebPage","@id":"https:\/\/anber.es\/web\/producto\/llave-para-desbloquear-valvulas-con-volante\/","url":"https:\/\/anber.es\/web\/producto\/llave-para-desbloquear-valvulas-con-volante\/","name":"Llave para desbloquear v\u00e1lvulas de compuerta - Anber","isPartOf":{"@id":"https:\/\/anber.es\/web\/#website"},"datePublished":"2021-09-17T10:29:14+00:00","dateModified":"2025-07-10T09:02:22+00:00","description":"La llave para desbloquear v\u00e1lvulas compuerta se adapta a cualquier volante de v\u00e1lvulas y evita los accidentes de las herramientas artesanales.","breadcrumb":{"@id":"https:\/\/anber.es\/web\/producto\/llave-para-desbloquear-valvulas-con-volante\/#breadcrumb"},"inLanguage":"es","potentialAction":[{"@type":"ReadAction","target":["https:\/\/anber.es\/web\/producto\/llave-para-desbloquear-valvulas-con-volante\/"]}]},{"@type":"BreadcrumbList","@id":"https:\/\/anber.es\/web\/producto\/llave-para-desbloquear-valvulas-con-volante\/#breadcrumb","itemListElement":[{"@type":"ListItem","position":1,"name":"Portada","item":"https:\/\/anber.es\/web\/"},{"@type":"ListItem","position":2,"name":"Productos","item":"https:\/\/anber.es\/web\/productos\/"},{"@type":"ListItem","position":3,"name":"Llave para desbloquear v\u00e1lvulas de compuerta"}]},{"@type":"WebSite","@id":"https:\/\/anber.es\/web\/#website","url":"https:\/\/anber.es\/web\/","name":"Anber","description":"Sistemas de protecci\u00f3n contra incendios","publisher":{"@id":"https:\/\/anber.es\/web\/#organization"},"potentialAction":[{"@type":"SearchAction","target":{"@type":"EntryPoint","urlTemplate":"https:\/\/anber.es\/web\/?s={search_term_string}"},"query-input":"required name=search_term_string"}],"inLanguage":"es"},{"@type":"Organization","@id":"https:\/\/anber.es\/web\/#organization","name":"Anber","url":"https:\/\/anber.es\/web\/","logo":{"@type":"ImageObject","inLanguage":"es","@id":"https:\/\/anber.es\/web\/#\/schema\/logo\/image\/","url":"https:\/\/anber.es\/web\/wp-content\/uploads\/2021\/03\/logo-anber.png","contentUrl":"https:\/\/anber.es\/web\/wp-content\/uploads\/2021\/03\/logo-anber.png","width":2208,"height":500,"caption":"Anber"},"image":{"@id":"https:\/\/anber.es\/web\/#\/schema\/logo\/image\/"}}]}},"_links":{"self":[{"href":"https:\/\/anber.es\/web\/wp-json\/wp\/v2\/product\/5238"}],"collection":[{"href":"https:\/\/anber.es\/web\/wp-json\/wp\/v2\/product"}],"about":[{"href":"https:\/\/anber.es\/web\/wp-json\/wp\/v2\/types\/product"}],"wp:featuredmedia":[{"embeddable":true,"href":"https:\/\/anber.es\/web\/wp-json\/wp\/v2\/media\/10177"}],"wp:attachment":[{"href":"https:\/\/anber.es\/web\/wp-json\/wp\/v2\/media?parent=5238"}],"wp:term":[{"taxonomy":"product_cat","embeddable":true,"href":"https:\/\/anber.es\/web\/wp-json\/wp\/v2\/product_cat?post=5238"},{"taxonomy":"product_tag","embeddable":true,"href":"https:\/\/anber.es\/web\/wp-json\/wp\/v2\/product_tag?post=5238"}],"curies":[{"name":"wp","href":"https:\/\/api.w.org\/{rel}","templated":true}]}}