{"id":5311,"date":"2021-10-01T08:44:36","date_gmt":"2021-10-01T06:44:36","guid":{"rendered":"https:\/\/anber.es\/producto\/puesto-de-control-humedo-modelos-facv-y-gacv\/"},"modified":"2025-09-09T09:16:18","modified_gmt":"2025-09-09T07:16:18","slug":"puesto-de-control-humedo-modelos-facv-y-gacv","status":"publish","type":"product","link":"https:\/\/anber.es\/web\/producto\/puesto-de-control-humedo-modelos-facv-y-gacv\/","title":{"rendered":"Puesto de control h\u00famedo"},"content":{"rendered":"<p>El <strong>puesto de control h\u00famedo<\/strong> es una v\u00e1lvula de alarma h\u00fameda o una v\u00e1lvula de retenci\u00f3n de tipo clapeta que permite que el agua fluya en un sentido.<\/p>\n<p>La v\u00e1lvula activa una alarma el\u00e9ctrica o hidr\u00e1ulica cuando se rompe uno o m\u00e1s rociadores.<\/p>\n<p>Est\u00e1n disponibles en 3 conexiones diferentes:<br \/>\n&#8211; Brida-brida: modelo <strong>F1511-300<\/strong>.<br \/>\n&#8211; Ranura-brida: modelo <strong>F1512-300<\/strong>.<br \/>\n&#8211; Ranura-ranura: modelo <strong>F1522-300<\/strong>.<\/p>\n<p>Las v\u00e1lvulas est\u00e1n dise\u00f1adas para ser utilizadas en sistemas de sprinklers cerrados de protecci\u00f3n contra incendios.<\/p>\n<p>Referencia: VHW.<\/p>\n<p><a href=\"\/web\/wp-content\/uploads\/2024\/03\/Ficha_tecnica-puesto_de_control_humedo.pdf\" target=\"_blank\" rel=\"noopener noreferrer\"><button>Descarga ficha<\/button><\/a><br \/>\n<a class=\"insta-link\" href=\"https:\/\/www.instagram.com\/aqlproteccion\/?hl=es\" target=\"_blank\" rel=\"noopener noreferrer\">Instagram<\/a><\/p>\n","protected":false},"excerpt":{"rendered":"<p>Los puestos de control h\u00famedos est\u00e1n dise\u00f1ados para utilizarlos en sistemas de rociadores h\u00famedos de protecci\u00f3n contra incendios.<\/p>\n","protected":false},"featured_media":8742,"template":"","meta":[],"product_cat":[128,121,119],"product_tag":[215],"yoast_head":"<!-- This site is optimized with the Yoast SEO plugin v22.1 - https:\/\/yoast.com\/wordpress\/plugins\/seo\/ -->\n<title>Puesto de control h\u00famedo - Anber<\/title>\n<meta name=\"description\" content=\"El puesto de control h\u00famedo est\u00e1 dise\u00f1ado para ser utilizado en sistemas de rociadores h\u00famedos de protecci\u00f3n contra incendios.\" \/>\n<meta name=\"robots\" content=\"index, follow, max-snippet:-1, max-image-preview:large, max-video-preview:-1\" \/>\n<link rel=\"canonical\" href=\"https:\/\/anber.es\/web\/producto\/puesto-de-control-humedo-modelos-facv-y-gacv\/\" \/>\n<meta property=\"og:locale\" content=\"es_ES\" \/>\n<meta property=\"og:type\" content=\"article\" \/>\n<meta property=\"og:title\" content=\"Puesto de control h\u00famedo - Anber\" \/>\n<meta property=\"og:description\" content=\"El puesto de control h\u00famedo est\u00e1 dise\u00f1ado para ser utilizado en sistemas de rociadores h\u00famedos de protecci\u00f3n contra incendios.\" \/>\n<meta property=\"og:url\" content=\"https:\/\/anber.es\/web\/producto\/puesto-de-control-humedo-modelos-facv-y-gacv\/\" \/>\n<meta property=\"og:site_name\" content=\"Anber\" \/>\n<meta property=\"article:modified_time\" content=\"2025-09-09T07:16:18+00:00\" \/>\n<meta property=\"og:image\" content=\"https:\/\/anber.es\/web\/wp-content\/uploads\/2023\/08\/puesto_de_control_humedo.webp\" \/>\n\t<meta property=\"og:image:width\" content=\"1000\" \/>\n\t<meta property=\"og:image:height\" content=\"1000\" \/>\n\t<meta property=\"og:image:type\" content=\"image\/webp\" \/>\n<meta name=\"twitter:card\" content=\"summary_large_image\" \/>\n<meta name=\"twitter:label1\" content=\"Tiempo de lectura\" \/>\n\t<meta name=\"twitter:data1\" content=\"1 minuto\" \/>\n<script type=\"application\/ld+json\" class=\"yoast-schema-graph\">{\"@context\":\"https:\/\/schema.org\",\"@graph\":[{\"@type\":\"WebPage\",\"@id\":\"https:\/\/anber.es\/web\/producto\/puesto-de-control-humedo-modelos-facv-y-gacv\/\",\"url\":\"https:\/\/anber.es\/web\/producto\/puesto-de-control-humedo-modelos-facv-y-gacv\/\",\"name\":\"Puesto de control h\u00famedo - Anber\",\"isPartOf\":{\"@id\":\"https:\/\/anber.es\/web\/#website\"},\"datePublished\":\"2021-10-01T06:44:36+00:00\",\"dateModified\":\"2025-09-09T07:16:18+00:00\",\"description\":\"El puesto de control h\u00famedo est\u00e1 dise\u00f1ado para ser utilizado en sistemas de rociadores h\u00famedos de protecci\u00f3n contra incendios.\",\"breadcrumb\":{\"@id\":\"https:\/\/anber.es\/web\/producto\/puesto-de-control-humedo-modelos-facv-y-gacv\/#breadcrumb\"},\"inLanguage\":\"es\",\"potentialAction\":[{\"@type\":\"ReadAction\",\"target\":[\"https:\/\/anber.es\/web\/producto\/puesto-de-control-humedo-modelos-facv-y-gacv\/\"]}]},{\"@type\":\"BreadcrumbList\",\"@id\":\"https:\/\/anber.es\/web\/producto\/puesto-de-control-humedo-modelos-facv-y-gacv\/#breadcrumb\",\"itemListElement\":[{\"@type\":\"ListItem\",\"position\":1,\"name\":\"Portada\",\"item\":\"https:\/\/anber.es\/web\/\"},{\"@type\":\"ListItem\",\"position\":2,\"name\":\"Productos\",\"item\":\"https:\/\/anber.es\/web\/productos\/\"},{\"@type\":\"ListItem\",\"position\":3,\"name\":\"Puesto de control h\u00famedo\"}]},{\"@type\":\"WebSite\",\"@id\":\"https:\/\/anber.es\/web\/#website\",\"url\":\"https:\/\/anber.es\/web\/\",\"name\":\"Anber\",\"description\":\"Sistemas de protecci\u00f3n contra incendios\",\"publisher\":{\"@id\":\"https:\/\/anber.es\/web\/#organization\"},\"potentialAction\":[{\"@type\":\"SearchAction\",\"target\":{\"@type\":\"EntryPoint\",\"urlTemplate\":\"https:\/\/anber.es\/web\/?s={search_term_string}\"},\"query-input\":\"required name=search_term_string\"}],\"inLanguage\":\"es\"},{\"@type\":\"Organization\",\"@id\":\"https:\/\/anber.es\/web\/#organization\",\"name\":\"Anber\",\"url\":\"https:\/\/anber.es\/web\/\",\"logo\":{\"@type\":\"ImageObject\",\"inLanguage\":\"es\",\"@id\":\"https:\/\/anber.es\/web\/#\/schema\/logo\/image\/\",\"url\":\"https:\/\/anber.es\/web\/wp-content\/uploads\/2021\/03\/logo-anber.png\",\"contentUrl\":\"https:\/\/anber.es\/web\/wp-content\/uploads\/2021\/03\/logo-anber.png\",\"width\":2208,\"height\":500,\"caption\":\"Anber\"},\"image\":{\"@id\":\"https:\/\/anber.es\/web\/#\/schema\/logo\/image\/\"}}]}<\/script>\n<!-- \/ Yoast SEO plugin. -->","yoast_head_json":{"title":"Puesto de control h\u00famedo - Anber","description":"El puesto de control h\u00famedo est\u00e1 dise\u00f1ado para ser utilizado en sistemas de rociadores h\u00famedos de protecci\u00f3n contra incendios.","robots":{"index":"index","follow":"follow","max-snippet":"max-snippet:-1","max-image-preview":"max-image-preview:large","max-video-preview":"max-video-preview:-1"},"canonical":"https:\/\/anber.es\/web\/producto\/puesto-de-control-humedo-modelos-facv-y-gacv\/","og_locale":"es_ES","og_type":"article","og_title":"Puesto de control h\u00famedo - Anber","og_description":"El puesto de control h\u00famedo est\u00e1 dise\u00f1ado para ser utilizado en sistemas de rociadores h\u00famedos de protecci\u00f3n contra incendios.","og_url":"https:\/\/anber.es\/web\/producto\/puesto-de-control-humedo-modelos-facv-y-gacv\/","og_site_name":"Anber","article_modified_time":"2025-09-09T07:16:18+00:00","og_image":[{"width":1000,"height":1000,"url":"https:\/\/anber.es\/web\/wp-content\/uploads\/2023\/08\/puesto_de_control_humedo.webp","type":"image\/webp"}],"twitter_card":"summary_large_image","twitter_misc":{"Tiempo de lectura":"1 minuto"},"schema":{"@context":"https:\/\/schema.org","@graph":[{"@type":"WebPage","@id":"https:\/\/anber.es\/web\/producto\/puesto-de-control-humedo-modelos-facv-y-gacv\/","url":"https:\/\/anber.es\/web\/producto\/puesto-de-control-humedo-modelos-facv-y-gacv\/","name":"Puesto de control h\u00famedo - Anber","isPartOf":{"@id":"https:\/\/anber.es\/web\/#website"},"datePublished":"2021-10-01T06:44:36+00:00","dateModified":"2025-09-09T07:16:18+00:00","description":"El puesto de control h\u00famedo est\u00e1 dise\u00f1ado para ser utilizado en sistemas de rociadores h\u00famedos de protecci\u00f3n contra incendios.","breadcrumb":{"@id":"https:\/\/anber.es\/web\/producto\/puesto-de-control-humedo-modelos-facv-y-gacv\/#breadcrumb"},"inLanguage":"es","potentialAction":[{"@type":"ReadAction","target":["https:\/\/anber.es\/web\/producto\/puesto-de-control-humedo-modelos-facv-y-gacv\/"]}]},{"@type":"BreadcrumbList","@id":"https:\/\/anber.es\/web\/producto\/puesto-de-control-humedo-modelos-facv-y-gacv\/#breadcrumb","itemListElement":[{"@type":"ListItem","position":1,"name":"Portada","item":"https:\/\/anber.es\/web\/"},{"@type":"ListItem","position":2,"name":"Productos","item":"https:\/\/anber.es\/web\/productos\/"},{"@type":"ListItem","position":3,"name":"Puesto de control h\u00famedo"}]},{"@type":"WebSite","@id":"https:\/\/anber.es\/web\/#website","url":"https:\/\/anber.es\/web\/","name":"Anber","description":"Sistemas de protecci\u00f3n contra incendios","publisher":{"@id":"https:\/\/anber.es\/web\/#organization"},"potentialAction":[{"@type":"SearchAction","target":{"@type":"EntryPoint","urlTemplate":"https:\/\/anber.es\/web\/?s={search_term_string}"},"query-input":"required name=search_term_string"}],"inLanguage":"es"},{"@type":"Organization","@id":"https:\/\/anber.es\/web\/#organization","name":"Anber","url":"https:\/\/anber.es\/web\/","logo":{"@type":"ImageObject","inLanguage":"es","@id":"https:\/\/anber.es\/web\/#\/schema\/logo\/image\/","url":"https:\/\/anber.es\/web\/wp-content\/uploads\/2021\/03\/logo-anber.png","contentUrl":"https:\/\/anber.es\/web\/wp-content\/uploads\/2021\/03\/logo-anber.png","width":2208,"height":500,"caption":"Anber"},"image":{"@id":"https:\/\/anber.es\/web\/#\/schema\/logo\/image\/"}}]}},"_links":{"self":[{"href":"https:\/\/anber.es\/web\/wp-json\/wp\/v2\/product\/5311"}],"collection":[{"href":"https:\/\/anber.es\/web\/wp-json\/wp\/v2\/product"}],"about":[{"href":"https:\/\/anber.es\/web\/wp-json\/wp\/v2\/types\/product"}],"wp:featuredmedia":[{"embeddable":true,"href":"https:\/\/anber.es\/web\/wp-json\/wp\/v2\/media\/8742"}],"wp:attachment":[{"href":"https:\/\/anber.es\/web\/wp-json\/wp\/v2\/media?parent=5311"}],"wp:term":[{"taxonomy":"product_cat","embeddable":true,"href":"https:\/\/anber.es\/web\/wp-json\/wp\/v2\/product_cat?post=5311"},{"taxonomy":"product_tag","embeddable":true,"href":"https:\/\/anber.es\/web\/wp-json\/wp\/v2\/product_tag?post=5311"}],"curies":[{"name":"wp","href":"https:\/\/api.w.org\/{rel}","templated":true}]}}