{"id":5317,"date":"2021-10-01T10:25:17","date_gmt":"2021-10-01T08:25:17","guid":{"rendered":"https:\/\/anber.es\/producto\/juntas-viton-de-color-verde\/"},"modified":"2023-04-25T16:06:36","modified_gmt":"2023-04-25T14:06:36","slug":"juntas-viton-de-color-verde","status":"publish","type":"product","link":"https:\/\/anber.es\/web\/producto\/juntas-viton-de-color-verde\/","title":{"rendered":"Juntas Viton Verde"},"content":{"rendered":"<p>Las <strong>juntas Viton \u00ae Verde <\/strong>est\u00e1n fabricadas de un caucho fluorado (<stron>FKM<\/strong>) de alto rendimiento que tiene una excelente resistencia a altas temperaturas, envejecimiento, ozono, clima, ox\u00edgeno, aceite mineral, combustibles, fluidos hidr\u00e1ulicos, arom\u00e1ticos y muchos solventes org\u00e1nicos y qu\u00edmicos.<\/p>\n<p>Las juntas <strong>Viton<\/strong> est\u00e1n disponibles en di\u00e1metros de 15mm hasta 108mm.<\/p>\n<p><B>Temperatura baja<\/B> est\u00e1ndar:<B> -30 \u00b0C<\/B>.<br \/>\n<B>Temperatura alta<\/B> est\u00e1ndar: <B>200 \u00b0C<\/B>.<\/p>\n<p>Referencia: JVFKM.<\/p>\n<p><a href=\"\/web\/wp-content\/uploads\/2021\/10\/Ficha_tecnica-junta_Viton_verde.pdf\" target=\"_blank\" rel=\"noopener noreferrer\"><button>Descarga ficha<\/button><\/a><br \/>\n<a class=\"insta-link\" href=\"https:\/\/www.instagram.com\/aqlproteccion\/?hl=es\" target=\"_blank\" rel=\"noopener noreferrer\">Instagram<\/a><\/p>\n","protected":false},"excerpt":{"rendered":"<p>Las juntas Viton\u00ae Verde est\u00e1n fabricadas de un caucho fluorado de alto rendimiento que tiene una excelente resistencia a altas temperaturas, envejecimiento, ozono, clima, ox\u00edgeno, aceite mineral, combustibles, fluidos hidr\u00e1ulicos, arom\u00e1ticos y muchos solventes org\u00e1nicos y qu\u00edmicos.<\/p>\n","protected":false},"featured_media":7948,"template":"","meta":[],"product_cat":[41,135,134],"product_tag":[215],"yoast_head":"<!-- This site is optimized with the Yoast SEO plugin v22.1 - https:\/\/yoast.com\/wordpress\/plugins\/seo\/ -->\n<title>Juntas Viton Verde - Anber<\/title>\n<meta name=\"description\" content=\"Las juntas Viton \u00ae Verde est\u00e1n fabricadas de un caucho fluorado de alto rendimiento que tiene una excelente resistencia a altas temperaturas, etc.\" \/>\n<meta name=\"robots\" content=\"index, follow, max-snippet:-1, max-image-preview:large, max-video-preview:-1\" \/>\n<link rel=\"canonical\" href=\"https:\/\/anber.es\/web\/producto\/juntas-viton-de-color-verde\/\" \/>\n<meta property=\"og:locale\" content=\"es_ES\" \/>\n<meta property=\"og:type\" content=\"article\" \/>\n<meta property=\"og:title\" content=\"Juntas Viton Verde - Anber\" \/>\n<meta property=\"og:description\" content=\"Las juntas Viton \u00ae Verde est\u00e1n fabricadas de un caucho fluorado de alto rendimiento que tiene una excelente resistencia a altas temperaturas, etc.\" \/>\n<meta property=\"og:url\" content=\"https:\/\/anber.es\/web\/producto\/juntas-viton-de-color-verde\/\" \/>\n<meta property=\"og:site_name\" content=\"Anber\" \/>\n<meta property=\"article:modified_time\" content=\"2023-04-25T14:06:36+00:00\" \/>\n<meta property=\"og:image\" content=\"https:\/\/anber.es\/web\/wp-content\/uploads\/2023\/03\/junta_Viton_verde.webp\" \/>\n\t<meta property=\"og:image:width\" content=\"1000\" \/>\n\t<meta property=\"og:image:height\" content=\"1000\" \/>\n\t<meta property=\"og:image:type\" content=\"image\/webp\" \/>\n<meta name=\"twitter:card\" content=\"summary_large_image\" \/>\n<meta name=\"twitter:label1\" content=\"Tiempo de lectura\" \/>\n\t<meta name=\"twitter:data1\" content=\"1 minuto\" \/>\n<script type=\"application\/ld+json\" class=\"yoast-schema-graph\">{\"@context\":\"https:\/\/schema.org\",\"@graph\":[{\"@type\":\"WebPage\",\"@id\":\"https:\/\/anber.es\/web\/producto\/juntas-viton-de-color-verde\/\",\"url\":\"https:\/\/anber.es\/web\/producto\/juntas-viton-de-color-verde\/\",\"name\":\"Juntas Viton Verde - Anber\",\"isPartOf\":{\"@id\":\"https:\/\/anber.es\/web\/#website\"},\"datePublished\":\"2021-10-01T08:25:17+00:00\",\"dateModified\":\"2023-04-25T14:06:36+00:00\",\"description\":\"Las juntas Viton \u00ae Verde est\u00e1n fabricadas de un caucho fluorado de alto rendimiento que tiene una excelente resistencia a altas temperaturas, etc.\",\"breadcrumb\":{\"@id\":\"https:\/\/anber.es\/web\/producto\/juntas-viton-de-color-verde\/#breadcrumb\"},\"inLanguage\":\"es\",\"potentialAction\":[{\"@type\":\"ReadAction\",\"target\":[\"https:\/\/anber.es\/web\/producto\/juntas-viton-de-color-verde\/\"]}]},{\"@type\":\"BreadcrumbList\",\"@id\":\"https:\/\/anber.es\/web\/producto\/juntas-viton-de-color-verde\/#breadcrumb\",\"itemListElement\":[{\"@type\":\"ListItem\",\"position\":1,\"name\":\"Portada\",\"item\":\"https:\/\/anber.es\/web\/\"},{\"@type\":\"ListItem\",\"position\":2,\"name\":\"Productos\",\"item\":\"https:\/\/anber.es\/web\/productos\/\"},{\"@type\":\"ListItem\",\"position\":3,\"name\":\"Juntas Viton Verde\"}]},{\"@type\":\"WebSite\",\"@id\":\"https:\/\/anber.es\/web\/#website\",\"url\":\"https:\/\/anber.es\/web\/\",\"name\":\"Anber\",\"description\":\"Sistemas de protecci\u00f3n contra incendios\",\"publisher\":{\"@id\":\"https:\/\/anber.es\/web\/#organization\"},\"potentialAction\":[{\"@type\":\"SearchAction\",\"target\":{\"@type\":\"EntryPoint\",\"urlTemplate\":\"https:\/\/anber.es\/web\/?s={search_term_string}\"},\"query-input\":\"required name=search_term_string\"}],\"inLanguage\":\"es\"},{\"@type\":\"Organization\",\"@id\":\"https:\/\/anber.es\/web\/#organization\",\"name\":\"Anber\",\"url\":\"https:\/\/anber.es\/web\/\",\"logo\":{\"@type\":\"ImageObject\",\"inLanguage\":\"es\",\"@id\":\"https:\/\/anber.es\/web\/#\/schema\/logo\/image\/\",\"url\":\"https:\/\/anber.es\/web\/wp-content\/uploads\/2021\/03\/logo-anber.png\",\"contentUrl\":\"https:\/\/anber.es\/web\/wp-content\/uploads\/2021\/03\/logo-anber.png\",\"width\":2208,\"height\":500,\"caption\":\"Anber\"},\"image\":{\"@id\":\"https:\/\/anber.es\/web\/#\/schema\/logo\/image\/\"}}]}<\/script>\n<!-- \/ Yoast SEO plugin. -->","yoast_head_json":{"title":"Juntas Viton Verde - Anber","description":"Las juntas Viton \u00ae Verde est\u00e1n fabricadas de un caucho fluorado de alto rendimiento que tiene una excelente resistencia a altas temperaturas, etc.","robots":{"index":"index","follow":"follow","max-snippet":"max-snippet:-1","max-image-preview":"max-image-preview:large","max-video-preview":"max-video-preview:-1"},"canonical":"https:\/\/anber.es\/web\/producto\/juntas-viton-de-color-verde\/","og_locale":"es_ES","og_type":"article","og_title":"Juntas Viton Verde - Anber","og_description":"Las juntas Viton \u00ae Verde est\u00e1n fabricadas de un caucho fluorado de alto rendimiento que tiene una excelente resistencia a altas temperaturas, etc.","og_url":"https:\/\/anber.es\/web\/producto\/juntas-viton-de-color-verde\/","og_site_name":"Anber","article_modified_time":"2023-04-25T14:06:36+00:00","og_image":[{"width":1000,"height":1000,"url":"https:\/\/anber.es\/web\/wp-content\/uploads\/2023\/03\/junta_Viton_verde.webp","type":"image\/webp"}],"twitter_card":"summary_large_image","twitter_misc":{"Tiempo de lectura":"1 minuto"},"schema":{"@context":"https:\/\/schema.org","@graph":[{"@type":"WebPage","@id":"https:\/\/anber.es\/web\/producto\/juntas-viton-de-color-verde\/","url":"https:\/\/anber.es\/web\/producto\/juntas-viton-de-color-verde\/","name":"Juntas Viton Verde - Anber","isPartOf":{"@id":"https:\/\/anber.es\/web\/#website"},"datePublished":"2021-10-01T08:25:17+00:00","dateModified":"2023-04-25T14:06:36+00:00","description":"Las juntas Viton \u00ae Verde est\u00e1n fabricadas de un caucho fluorado de alto rendimiento que tiene una excelente resistencia a altas temperaturas, etc.","breadcrumb":{"@id":"https:\/\/anber.es\/web\/producto\/juntas-viton-de-color-verde\/#breadcrumb"},"inLanguage":"es","potentialAction":[{"@type":"ReadAction","target":["https:\/\/anber.es\/web\/producto\/juntas-viton-de-color-verde\/"]}]},{"@type":"BreadcrumbList","@id":"https:\/\/anber.es\/web\/producto\/juntas-viton-de-color-verde\/#breadcrumb","itemListElement":[{"@type":"ListItem","position":1,"name":"Portada","item":"https:\/\/anber.es\/web\/"},{"@type":"ListItem","position":2,"name":"Productos","item":"https:\/\/anber.es\/web\/productos\/"},{"@type":"ListItem","position":3,"name":"Juntas Viton Verde"}]},{"@type":"WebSite","@id":"https:\/\/anber.es\/web\/#website","url":"https:\/\/anber.es\/web\/","name":"Anber","description":"Sistemas de protecci\u00f3n contra incendios","publisher":{"@id":"https:\/\/anber.es\/web\/#organization"},"potentialAction":[{"@type":"SearchAction","target":{"@type":"EntryPoint","urlTemplate":"https:\/\/anber.es\/web\/?s={search_term_string}"},"query-input":"required name=search_term_string"}],"inLanguage":"es"},{"@type":"Organization","@id":"https:\/\/anber.es\/web\/#organization","name":"Anber","url":"https:\/\/anber.es\/web\/","logo":{"@type":"ImageObject","inLanguage":"es","@id":"https:\/\/anber.es\/web\/#\/schema\/logo\/image\/","url":"https:\/\/anber.es\/web\/wp-content\/uploads\/2021\/03\/logo-anber.png","contentUrl":"https:\/\/anber.es\/web\/wp-content\/uploads\/2021\/03\/logo-anber.png","width":2208,"height":500,"caption":"Anber"},"image":{"@id":"https:\/\/anber.es\/web\/#\/schema\/logo\/image\/"}}]}},"_links":{"self":[{"href":"https:\/\/anber.es\/web\/wp-json\/wp\/v2\/product\/5317"}],"collection":[{"href":"https:\/\/anber.es\/web\/wp-json\/wp\/v2\/product"}],"about":[{"href":"https:\/\/anber.es\/web\/wp-json\/wp\/v2\/types\/product"}],"wp:featuredmedia":[{"embeddable":true,"href":"https:\/\/anber.es\/web\/wp-json\/wp\/v2\/media\/7948"}],"wp:attachment":[{"href":"https:\/\/anber.es\/web\/wp-json\/wp\/v2\/media?parent=5317"}],"wp:term":[{"taxonomy":"product_cat","embeddable":true,"href":"https:\/\/anber.es\/web\/wp-json\/wp\/v2\/product_cat?post=5317"},{"taxonomy":"product_tag","embeddable":true,"href":"https:\/\/anber.es\/web\/wp-json\/wp\/v2\/product_tag?post=5317"}],"curies":[{"name":"wp","href":"https:\/\/api.w.org\/{rel}","templated":true}]}}