{"id":5359,"date":"2021-10-06T09:35:39","date_gmt":"2021-10-06T07:35:39","guid":{"rendered":"https:\/\/anber.es\/producto\/akku-press-xl-acc-45-kn\/"},"modified":"2024-06-17T08:35:36","modified_gmt":"2024-06-17T06:35:36","slug":"akku-press-xl-acc-45-kn","status":"publish","type":"product","link":"https:\/\/anber.es\/web\/producto\/akku-press-xl-acc-45-kn\/","title":{"rendered":"AKKU-PRESS XL ACC 45 kN"},"content":{"rendered":"<p>La m\u00e1quina de prensar<strong> AKKU-PRESS XL ACC 45 kN <\/strong>es una herramienta electro port\u00e1til universal con gran potencia y retroceso autom\u00e1tico para realizar uniones prensadas XL para todos los sistemas de Pressfitting usuales. <\/p>\n<p>Fuerza de empuje de <b>45 kN<\/b>.<\/p>\n<p><b>Uniones prensadas de tubo XL (\u00d8 64 &#8211; 108 mm).<\/b><\/p>\n<p>Alojamiento seguro del adaptador mediante cierre autom\u00e1tico.<\/p>\n<p>Para accionamiento por acumulador o red.<\/p>\n<p>Surtido completo de <b>lazos de prensar XL <\/b>REMS para <b>todos los sistemas de prensar usuales<\/b>.<\/p>\n<p>Referencia: TMAKKUPRESXL.<\/p>\n<p><a href=\"\/web\/wp-content\/uploads\/2024\/06\/Ficha_tecnica-Maquina_prensar_AKKU-PRESS-XL-ACC.pdf\" target=\"_blank\" rel=\"noopener noreferrer\"><button>Descarga ficha<\/button><\/a><br \/>\n<a class=\"insta-link\" href=\"https:\/\/www.instagram.com\/aqlproteccion\/?hl=es\" target=\"_blank\" rel=\"noopener noreferrer\">Instagram<\/a><\/p>\n","protected":false},"excerpt":{"rendered":"<p>La m\u00e1quina de prensar AKKU-PRESS XL ACC 45 kN es una herramienta electro port\u00e1til universal para realizar uniones prensadas XL.<\/p>\n","protected":false},"featured_media":8295,"template":"","meta":[],"product_cat":[41,220],"product_tag":[215],"yoast_head":"<!-- This site is optimized with the Yoast SEO plugin v22.1 - https:\/\/yoast.com\/wordpress\/plugins\/seo\/ -->\n<title>AKKU-PRESS XL ACC 45 kN - Anber<\/title>\n<meta name=\"description\" content=\"La m\u00e1quina de prensar AKKU-PRESS XL ACC 45 kN es una herramienta electro port\u00e1til universal para realizar uniones prensadas XL de \u00d864 - 108mm.\" \/>\n<meta name=\"robots\" content=\"index, follow, max-snippet:-1, max-image-preview:large, max-video-preview:-1\" \/>\n<link rel=\"canonical\" href=\"https:\/\/anber.es\/web\/producto\/akku-press-xl-acc-45-kn\/\" \/>\n<meta property=\"og:locale\" content=\"es_ES\" \/>\n<meta property=\"og:type\" content=\"article\" \/>\n<meta property=\"og:title\" content=\"AKKU-PRESS XL ACC 45 kN - Anber\" \/>\n<meta property=\"og:description\" content=\"La m\u00e1quina de prensar AKKU-PRESS XL ACC 45 kN es una herramienta electro port\u00e1til universal para realizar uniones prensadas XL de \u00d864 - 108mm.\" \/>\n<meta property=\"og:url\" content=\"https:\/\/anber.es\/web\/producto\/akku-press-xl-acc-45-kn\/\" \/>\n<meta property=\"og:site_name\" content=\"Anber\" \/>\n<meta property=\"article:modified_time\" content=\"2024-06-17T06:35:36+00:00\" \/>\n<meta property=\"og:image\" content=\"https:\/\/anber.es\/web\/wp-content\/uploads\/2021\/10\/Maquina_prensar_AKKU-PRESS-XL-ACC.webp\" \/>\n\t<meta property=\"og:image:width\" content=\"1000\" \/>\n\t<meta property=\"og:image:height\" content=\"1000\" \/>\n\t<meta property=\"og:image:type\" content=\"image\/webp\" \/>\n<meta name=\"twitter:card\" content=\"summary_large_image\" \/>\n<meta name=\"twitter:label1\" content=\"Tiempo de lectura\" \/>\n\t<meta name=\"twitter:data1\" content=\"1 minuto\" \/>\n<script type=\"application\/ld+json\" class=\"yoast-schema-graph\">{\"@context\":\"https:\/\/schema.org\",\"@graph\":[{\"@type\":\"WebPage\",\"@id\":\"https:\/\/anber.es\/web\/producto\/akku-press-xl-acc-45-kn\/\",\"url\":\"https:\/\/anber.es\/web\/producto\/akku-press-xl-acc-45-kn\/\",\"name\":\"AKKU-PRESS XL ACC 45 kN - Anber\",\"isPartOf\":{\"@id\":\"https:\/\/anber.es\/web\/#website\"},\"datePublished\":\"2021-10-06T07:35:39+00:00\",\"dateModified\":\"2024-06-17T06:35:36+00:00\",\"description\":\"La m\u00e1quina de prensar AKKU-PRESS XL ACC 45 kN es una herramienta electro port\u00e1til universal para realizar uniones prensadas XL de \u00d864 - 108mm.\",\"breadcrumb\":{\"@id\":\"https:\/\/anber.es\/web\/producto\/akku-press-xl-acc-45-kn\/#breadcrumb\"},\"inLanguage\":\"es\",\"potentialAction\":[{\"@type\":\"ReadAction\",\"target\":[\"https:\/\/anber.es\/web\/producto\/akku-press-xl-acc-45-kn\/\"]}]},{\"@type\":\"BreadcrumbList\",\"@id\":\"https:\/\/anber.es\/web\/producto\/akku-press-xl-acc-45-kn\/#breadcrumb\",\"itemListElement\":[{\"@type\":\"ListItem\",\"position\":1,\"name\":\"Portada\",\"item\":\"https:\/\/anber.es\/web\/\"},{\"@type\":\"ListItem\",\"position\":2,\"name\":\"Productos\",\"item\":\"https:\/\/anber.es\/web\/productos\/\"},{\"@type\":\"ListItem\",\"position\":3,\"name\":\"AKKU-PRESS XL ACC 45 kN\"}]},{\"@type\":\"WebSite\",\"@id\":\"https:\/\/anber.es\/web\/#website\",\"url\":\"https:\/\/anber.es\/web\/\",\"name\":\"Anber\",\"description\":\"Sistemas de protecci\u00f3n contra incendios\",\"publisher\":{\"@id\":\"https:\/\/anber.es\/web\/#organization\"},\"potentialAction\":[{\"@type\":\"SearchAction\",\"target\":{\"@type\":\"EntryPoint\",\"urlTemplate\":\"https:\/\/anber.es\/web\/?s={search_term_string}\"},\"query-input\":\"required name=search_term_string\"}],\"inLanguage\":\"es\"},{\"@type\":\"Organization\",\"@id\":\"https:\/\/anber.es\/web\/#organization\",\"name\":\"Anber\",\"url\":\"https:\/\/anber.es\/web\/\",\"logo\":{\"@type\":\"ImageObject\",\"inLanguage\":\"es\",\"@id\":\"https:\/\/anber.es\/web\/#\/schema\/logo\/image\/\",\"url\":\"https:\/\/anber.es\/web\/wp-content\/uploads\/2021\/03\/logo-anber.png\",\"contentUrl\":\"https:\/\/anber.es\/web\/wp-content\/uploads\/2021\/03\/logo-anber.png\",\"width\":2208,\"height\":500,\"caption\":\"Anber\"},\"image\":{\"@id\":\"https:\/\/anber.es\/web\/#\/schema\/logo\/image\/\"}}]}<\/script>\n<!-- \/ Yoast SEO plugin. -->","yoast_head_json":{"title":"AKKU-PRESS XL ACC 45 kN - Anber","description":"La m\u00e1quina de prensar AKKU-PRESS XL ACC 45 kN es una herramienta electro port\u00e1til universal para realizar uniones prensadas XL de \u00d864 - 108mm.","robots":{"index":"index","follow":"follow","max-snippet":"max-snippet:-1","max-image-preview":"max-image-preview:large","max-video-preview":"max-video-preview:-1"},"canonical":"https:\/\/anber.es\/web\/producto\/akku-press-xl-acc-45-kn\/","og_locale":"es_ES","og_type":"article","og_title":"AKKU-PRESS XL ACC 45 kN - Anber","og_description":"La m\u00e1quina de prensar AKKU-PRESS XL ACC 45 kN es una herramienta electro port\u00e1til universal para realizar uniones prensadas XL de \u00d864 - 108mm.","og_url":"https:\/\/anber.es\/web\/producto\/akku-press-xl-acc-45-kn\/","og_site_name":"Anber","article_modified_time":"2024-06-17T06:35:36+00:00","og_image":[{"width":1000,"height":1000,"url":"https:\/\/anber.es\/web\/wp-content\/uploads\/2021\/10\/Maquina_prensar_AKKU-PRESS-XL-ACC.webp","type":"image\/webp"}],"twitter_card":"summary_large_image","twitter_misc":{"Tiempo de lectura":"1 minuto"},"schema":{"@context":"https:\/\/schema.org","@graph":[{"@type":"WebPage","@id":"https:\/\/anber.es\/web\/producto\/akku-press-xl-acc-45-kn\/","url":"https:\/\/anber.es\/web\/producto\/akku-press-xl-acc-45-kn\/","name":"AKKU-PRESS XL ACC 45 kN - Anber","isPartOf":{"@id":"https:\/\/anber.es\/web\/#website"},"datePublished":"2021-10-06T07:35:39+00:00","dateModified":"2024-06-17T06:35:36+00:00","description":"La m\u00e1quina de prensar AKKU-PRESS XL ACC 45 kN es una herramienta electro port\u00e1til universal para realizar uniones prensadas XL de \u00d864 - 108mm.","breadcrumb":{"@id":"https:\/\/anber.es\/web\/producto\/akku-press-xl-acc-45-kn\/#breadcrumb"},"inLanguage":"es","potentialAction":[{"@type":"ReadAction","target":["https:\/\/anber.es\/web\/producto\/akku-press-xl-acc-45-kn\/"]}]},{"@type":"BreadcrumbList","@id":"https:\/\/anber.es\/web\/producto\/akku-press-xl-acc-45-kn\/#breadcrumb","itemListElement":[{"@type":"ListItem","position":1,"name":"Portada","item":"https:\/\/anber.es\/web\/"},{"@type":"ListItem","position":2,"name":"Productos","item":"https:\/\/anber.es\/web\/productos\/"},{"@type":"ListItem","position":3,"name":"AKKU-PRESS XL ACC 45 kN"}]},{"@type":"WebSite","@id":"https:\/\/anber.es\/web\/#website","url":"https:\/\/anber.es\/web\/","name":"Anber","description":"Sistemas de protecci\u00f3n contra incendios","publisher":{"@id":"https:\/\/anber.es\/web\/#organization"},"potentialAction":[{"@type":"SearchAction","target":{"@type":"EntryPoint","urlTemplate":"https:\/\/anber.es\/web\/?s={search_term_string}"},"query-input":"required name=search_term_string"}],"inLanguage":"es"},{"@type":"Organization","@id":"https:\/\/anber.es\/web\/#organization","name":"Anber","url":"https:\/\/anber.es\/web\/","logo":{"@type":"ImageObject","inLanguage":"es","@id":"https:\/\/anber.es\/web\/#\/schema\/logo\/image\/","url":"https:\/\/anber.es\/web\/wp-content\/uploads\/2021\/03\/logo-anber.png","contentUrl":"https:\/\/anber.es\/web\/wp-content\/uploads\/2021\/03\/logo-anber.png","width":2208,"height":500,"caption":"Anber"},"image":{"@id":"https:\/\/anber.es\/web\/#\/schema\/logo\/image\/"}}]}},"_links":{"self":[{"href":"https:\/\/anber.es\/web\/wp-json\/wp\/v2\/product\/5359"}],"collection":[{"href":"https:\/\/anber.es\/web\/wp-json\/wp\/v2\/product"}],"about":[{"href":"https:\/\/anber.es\/web\/wp-json\/wp\/v2\/types\/product"}],"wp:featuredmedia":[{"embeddable":true,"href":"https:\/\/anber.es\/web\/wp-json\/wp\/v2\/media\/8295"}],"wp:attachment":[{"href":"https:\/\/anber.es\/web\/wp-json\/wp\/v2\/media?parent=5359"}],"wp:term":[{"taxonomy":"product_cat","embeddable":true,"href":"https:\/\/anber.es\/web\/wp-json\/wp\/v2\/product_cat?post=5359"},{"taxonomy":"product_tag","embeddable":true,"href":"https:\/\/anber.es\/web\/wp-json\/wp\/v2\/product_tag?post=5359"}],"curies":[{"name":"wp","href":"https:\/\/api.w.org\/{rel}","templated":true}]}}