{"id":5386,"date":"2021-10-07T15:40:55","date_gmt":"2021-10-07T13:40:55","guid":{"rendered":"https:\/\/anber.es\/producto\/cortatubos-modelo-cento-22v\/"},"modified":"2024-06-17T08:17:32","modified_gmt":"2024-06-17T06:17:32","slug":"cortatubos-modelo-cento-22v","status":"publish","type":"product","link":"https:\/\/anber.es\/web\/producto\/cortatubos-modelo-cento-22v\/","title":{"rendered":"Cortatubos modelo Cento 22V"},"content":{"rendered":"<p>M\u00e1quina<strong> cortatubos modelo Cento 22V <\/strong>es port\u00e1til, compacta y ligera. Universal para cortar y escariar tubos. Para obra y taller. Tecnolog\u00eda Li-Ion 22V. Para accionamiento por acumulador o red. <\/p>\n<p>Ideal para <strong>sistemas de Pressfitting<\/strong>.     <\/p>\n<p>\u00c1ngulo recto.<\/p>\n<p><strong>Sin virutas <\/strong>en la instalaci\u00f3n ni rebaba externa para no da\u00f1ar las juntas t\u00f3ricas.<\/p>\n<p>En seco, sin lubricantes refrigerantes para no da\u00f1ar las juntas t\u00f3ricas.<\/p>\n<p><strong>R\u00e1pido<\/strong>, sin perjuicio en la composici\u00f3n del tubo por sobrecalentamiento.<\/p>\n<p>Referencia: TMCENTO22V.<\/p>\n<p><a href=\"\/web\/wp-content\/uploads\/2024\/06\/Ficha_tecnica_cortatubos_Cento_22V.pdf\" target=\"_blank\" rel=\"noopener noreferrer\"><button>Descarga ficha<\/button><\/a><br \/>\n<a class=\"insta-link\" href=\"https:\/\/www.instagram.com\/aqlproteccion\/?hl=es\" target=\"_blank\" rel=\"noopener noreferrer\">Instagram<\/a><\/p>\n","protected":false},"excerpt":{"rendered":"<p>M\u00e1quina cortatubos modelo Cento 22V es port\u00e1til, compacta y ligera. Universal para cortar y escariar tubos. Para obra y taller.<\/p>\n","protected":false},"featured_media":8309,"template":"","meta":[],"product_cat":[41,220],"product_tag":[215],"yoast_head":"<!-- This site is optimized with the Yoast SEO plugin v22.1 - https:\/\/yoast.com\/wordpress\/plugins\/seo\/ -->\n<title>Cortatubos modelo Cento 22V - Anber<\/title>\n<meta name=\"description\" content=\"M\u00e1quina cortatubos modelo Cento 22V es port\u00e1til, compacta y ligera. Universal para cortar y escariar tubos. Para obra y taller.\" \/>\n<meta name=\"robots\" content=\"index, follow, max-snippet:-1, max-image-preview:large, max-video-preview:-1\" \/>\n<link rel=\"canonical\" href=\"https:\/\/anber.es\/web\/producto\/cortatubos-modelo-cento-22v\/\" \/>\n<meta property=\"og:locale\" content=\"es_ES\" \/>\n<meta property=\"og:type\" content=\"article\" \/>\n<meta property=\"og:title\" content=\"Cortatubos modelo Cento 22V - Anber\" \/>\n<meta property=\"og:description\" content=\"M\u00e1quina cortatubos modelo Cento 22V es port\u00e1til, compacta y ligera. Universal para cortar y escariar tubos. Para obra y taller.\" \/>\n<meta property=\"og:url\" content=\"https:\/\/anber.es\/web\/producto\/cortatubos-modelo-cento-22v\/\" \/>\n<meta property=\"og:site_name\" content=\"Anber\" \/>\n<meta property=\"article:modified_time\" content=\"2024-06-17T06:17:32+00:00\" \/>\n<meta property=\"og:image\" content=\"https:\/\/anber.es\/web\/wp-content\/uploads\/2021\/10\/cortatubos_Cento_22V.webp\" \/>\n\t<meta property=\"og:image:width\" content=\"1000\" \/>\n\t<meta property=\"og:image:height\" content=\"1000\" \/>\n\t<meta property=\"og:image:type\" content=\"image\/webp\" \/>\n<meta name=\"twitter:card\" content=\"summary_large_image\" \/>\n<meta name=\"twitter:label1\" content=\"Tiempo de lectura\" \/>\n\t<meta name=\"twitter:data1\" content=\"1 minuto\" \/>\n<script type=\"application\/ld+json\" class=\"yoast-schema-graph\">{\"@context\":\"https:\/\/schema.org\",\"@graph\":[{\"@type\":\"WebPage\",\"@id\":\"https:\/\/anber.es\/web\/producto\/cortatubos-modelo-cento-22v\/\",\"url\":\"https:\/\/anber.es\/web\/producto\/cortatubos-modelo-cento-22v\/\",\"name\":\"Cortatubos modelo Cento 22V - Anber\",\"isPartOf\":{\"@id\":\"https:\/\/anber.es\/web\/#website\"},\"datePublished\":\"2021-10-07T13:40:55+00:00\",\"dateModified\":\"2024-06-17T06:17:32+00:00\",\"description\":\"M\u00e1quina cortatubos modelo Cento 22V es port\u00e1til, compacta y ligera. Universal para cortar y escariar tubos. Para obra y taller.\",\"breadcrumb\":{\"@id\":\"https:\/\/anber.es\/web\/producto\/cortatubos-modelo-cento-22v\/#breadcrumb\"},\"inLanguage\":\"es\",\"potentialAction\":[{\"@type\":\"ReadAction\",\"target\":[\"https:\/\/anber.es\/web\/producto\/cortatubos-modelo-cento-22v\/\"]}]},{\"@type\":\"BreadcrumbList\",\"@id\":\"https:\/\/anber.es\/web\/producto\/cortatubos-modelo-cento-22v\/#breadcrumb\",\"itemListElement\":[{\"@type\":\"ListItem\",\"position\":1,\"name\":\"Portada\",\"item\":\"https:\/\/anber.es\/web\/\"},{\"@type\":\"ListItem\",\"position\":2,\"name\":\"Productos\",\"item\":\"https:\/\/anber.es\/web\/productos\/\"},{\"@type\":\"ListItem\",\"position\":3,\"name\":\"Cortatubos modelo Cento 22V\"}]},{\"@type\":\"WebSite\",\"@id\":\"https:\/\/anber.es\/web\/#website\",\"url\":\"https:\/\/anber.es\/web\/\",\"name\":\"Anber\",\"description\":\"Sistemas de protecci\u00f3n contra incendios\",\"publisher\":{\"@id\":\"https:\/\/anber.es\/web\/#organization\"},\"potentialAction\":[{\"@type\":\"SearchAction\",\"target\":{\"@type\":\"EntryPoint\",\"urlTemplate\":\"https:\/\/anber.es\/web\/?s={search_term_string}\"},\"query-input\":\"required name=search_term_string\"}],\"inLanguage\":\"es\"},{\"@type\":\"Organization\",\"@id\":\"https:\/\/anber.es\/web\/#organization\",\"name\":\"Anber\",\"url\":\"https:\/\/anber.es\/web\/\",\"logo\":{\"@type\":\"ImageObject\",\"inLanguage\":\"es\",\"@id\":\"https:\/\/anber.es\/web\/#\/schema\/logo\/image\/\",\"url\":\"https:\/\/anber.es\/web\/wp-content\/uploads\/2021\/03\/logo-anber.png\",\"contentUrl\":\"https:\/\/anber.es\/web\/wp-content\/uploads\/2021\/03\/logo-anber.png\",\"width\":2208,\"height\":500,\"caption\":\"Anber\"},\"image\":{\"@id\":\"https:\/\/anber.es\/web\/#\/schema\/logo\/image\/\"}}]}<\/script>\n<!-- \/ Yoast SEO plugin. -->","yoast_head_json":{"title":"Cortatubos modelo Cento 22V - Anber","description":"M\u00e1quina cortatubos modelo Cento 22V es port\u00e1til, compacta y ligera. Universal para cortar y escariar tubos. Para obra y taller.","robots":{"index":"index","follow":"follow","max-snippet":"max-snippet:-1","max-image-preview":"max-image-preview:large","max-video-preview":"max-video-preview:-1"},"canonical":"https:\/\/anber.es\/web\/producto\/cortatubos-modelo-cento-22v\/","og_locale":"es_ES","og_type":"article","og_title":"Cortatubos modelo Cento 22V - Anber","og_description":"M\u00e1quina cortatubos modelo Cento 22V es port\u00e1til, compacta y ligera. Universal para cortar y escariar tubos. Para obra y taller.","og_url":"https:\/\/anber.es\/web\/producto\/cortatubos-modelo-cento-22v\/","og_site_name":"Anber","article_modified_time":"2024-06-17T06:17:32+00:00","og_image":[{"width":1000,"height":1000,"url":"https:\/\/anber.es\/web\/wp-content\/uploads\/2021\/10\/cortatubos_Cento_22V.webp","type":"image\/webp"}],"twitter_card":"summary_large_image","twitter_misc":{"Tiempo de lectura":"1 minuto"},"schema":{"@context":"https:\/\/schema.org","@graph":[{"@type":"WebPage","@id":"https:\/\/anber.es\/web\/producto\/cortatubos-modelo-cento-22v\/","url":"https:\/\/anber.es\/web\/producto\/cortatubos-modelo-cento-22v\/","name":"Cortatubos modelo Cento 22V - Anber","isPartOf":{"@id":"https:\/\/anber.es\/web\/#website"},"datePublished":"2021-10-07T13:40:55+00:00","dateModified":"2024-06-17T06:17:32+00:00","description":"M\u00e1quina cortatubos modelo Cento 22V es port\u00e1til, compacta y ligera. Universal para cortar y escariar tubos. Para obra y taller.","breadcrumb":{"@id":"https:\/\/anber.es\/web\/producto\/cortatubos-modelo-cento-22v\/#breadcrumb"},"inLanguage":"es","potentialAction":[{"@type":"ReadAction","target":["https:\/\/anber.es\/web\/producto\/cortatubos-modelo-cento-22v\/"]}]},{"@type":"BreadcrumbList","@id":"https:\/\/anber.es\/web\/producto\/cortatubos-modelo-cento-22v\/#breadcrumb","itemListElement":[{"@type":"ListItem","position":1,"name":"Portada","item":"https:\/\/anber.es\/web\/"},{"@type":"ListItem","position":2,"name":"Productos","item":"https:\/\/anber.es\/web\/productos\/"},{"@type":"ListItem","position":3,"name":"Cortatubos modelo Cento 22V"}]},{"@type":"WebSite","@id":"https:\/\/anber.es\/web\/#website","url":"https:\/\/anber.es\/web\/","name":"Anber","description":"Sistemas de protecci\u00f3n contra incendios","publisher":{"@id":"https:\/\/anber.es\/web\/#organization"},"potentialAction":[{"@type":"SearchAction","target":{"@type":"EntryPoint","urlTemplate":"https:\/\/anber.es\/web\/?s={search_term_string}"},"query-input":"required name=search_term_string"}],"inLanguage":"es"},{"@type":"Organization","@id":"https:\/\/anber.es\/web\/#organization","name":"Anber","url":"https:\/\/anber.es\/web\/","logo":{"@type":"ImageObject","inLanguage":"es","@id":"https:\/\/anber.es\/web\/#\/schema\/logo\/image\/","url":"https:\/\/anber.es\/web\/wp-content\/uploads\/2021\/03\/logo-anber.png","contentUrl":"https:\/\/anber.es\/web\/wp-content\/uploads\/2021\/03\/logo-anber.png","width":2208,"height":500,"caption":"Anber"},"image":{"@id":"https:\/\/anber.es\/web\/#\/schema\/logo\/image\/"}}]}},"_links":{"self":[{"href":"https:\/\/anber.es\/web\/wp-json\/wp\/v2\/product\/5386"}],"collection":[{"href":"https:\/\/anber.es\/web\/wp-json\/wp\/v2\/product"}],"about":[{"href":"https:\/\/anber.es\/web\/wp-json\/wp\/v2\/types\/product"}],"wp:featuredmedia":[{"embeddable":true,"href":"https:\/\/anber.es\/web\/wp-json\/wp\/v2\/media\/8309"}],"wp:attachment":[{"href":"https:\/\/anber.es\/web\/wp-json\/wp\/v2\/media?parent=5386"}],"wp:term":[{"taxonomy":"product_cat","embeddable":true,"href":"https:\/\/anber.es\/web\/wp-json\/wp\/v2\/product_cat?post=5386"},{"taxonomy":"product_tag","embeddable":true,"href":"https:\/\/anber.es\/web\/wp-json\/wp\/v2\/product_tag?post=5386"}],"curies":[{"name":"wp","href":"https:\/\/api.w.org\/{rel}","templated":true}]}}