{"id":5413,"date":"2021-10-14T17:37:23","date_gmt":"2021-10-14T15:37:23","guid":{"rendered":"https:\/\/anber.es\/producto\/jaulas-para-sprinklers\/"},"modified":"2022-08-09T12:48:39","modified_gmt":"2022-08-09T10:48:39","slug":"jaulas-para-sprinklers","status":"publish","type":"product","link":"https:\/\/anber.es\/web\/producto\/jaulas-para-sprinklers\/","title":{"rendered":"Jaulas para sprinklers"},"content":{"rendered":"<p>Las<strong> jaulas para sprinklers y jaulas para sprinklers de nivel intermedio<\/strong> son componentes protectores independientes que est\u00e1n listados o aprobados con sprinklers contra incendios espec\u00edficos. <\/p>\n<p>Las jaulas est\u00e1n dise\u00f1ados para <b>proteger el rociador<\/b> de da\u00f1os debido a un contacto accidental. <\/p>\n<p>Las de nivel intermedio est\u00e1n dise\u00f1ados para usarse en estantes o debajo de pasillos enrejados y <b>evitan que el agua de arriba se enfr\u00ede<\/b> y, por lo tanto, retrase la activaci\u00f3n del sprinkler protegido.<\/p>\n<p>Disponemos de <b>varios modelos<\/b> como por ejemplo: C (C1, C2, C3..), D (D1, D3&#8230;), S (S1, S2&#8230;), 22, 25 y F (F1, F2, F3&#8230;).<\/p>\n<p>Consulte la ficha t\u00e9cnica para obtener informaci\u00f3n sobre la lista y aprobaci\u00f3n de las combinaciones de rociadores y jaulas.<\/p>\n<p>Referencia: SJR.<\/p>\n<p><a href=\"\/web\/wp-content\/uploads\/2022\/08\/Ficha_tecnica-jaulas_para_sprinklers.pdf\" target=\"_blank\" rel=\"noopener noreferrer\"><button>Descarga ficha<\/button><\/a><br \/>\n<a class=\"insta-link\" href=\"https:\/\/www.instagram.com\/aqlproteccion\/?hl=es\" target=\"_blank\" rel=\"noopener noreferrer\">Instagram<\/a><\/p>\n","protected":false},"excerpt":{"rendered":"<p>Las jaulas para sprinklers son componentes independientes que est\u00e1n listados o aprobados con sprinklers contra incendios espec\u00edficos. Se usan para proteger a los sprinkler.<\/p>\n","protected":false},"featured_media":5415,"template":"","meta":[],"product_cat":[120,119,127],"product_tag":[],"yoast_head":"<!-- This site is optimized with the Yoast SEO plugin v22.1 - https:\/\/yoast.com\/wordpress\/plugins\/seo\/ -->\n<title>Jaulas para sprinklers - Anber<\/title>\n<meta name=\"description\" content=\"Las jaulas para sprinklers son componentes independientes que est\u00e1n listados o aprobados con sprinklers contra incendios espec\u00edficos.\" \/>\n<meta name=\"robots\" content=\"index, follow, max-snippet:-1, max-image-preview:large, max-video-preview:-1\" \/>\n<link rel=\"canonical\" href=\"https:\/\/anber.es\/web\/producto\/jaulas-para-sprinklers\/\" \/>\n<meta property=\"og:locale\" content=\"es_ES\" \/>\n<meta property=\"og:type\" content=\"article\" \/>\n<meta property=\"og:title\" content=\"Jaulas para sprinklers - Anber\" \/>\n<meta property=\"og:description\" content=\"Las jaulas para sprinklers son componentes independientes que est\u00e1n listados o aprobados con sprinklers contra incendios espec\u00edficos.\" \/>\n<meta property=\"og:url\" content=\"https:\/\/anber.es\/web\/producto\/jaulas-para-sprinklers\/\" \/>\n<meta property=\"og:site_name\" content=\"Anber\" \/>\n<meta property=\"article:modified_time\" content=\"2022-08-09T10:48:39+00:00\" \/>\n<meta property=\"og:image\" content=\"https:\/\/anber.es\/web\/wp-content\/uploads\/2021\/10\/jaulas_para_sprinklers.jpg\" \/>\n\t<meta property=\"og:image:width\" content=\"1000\" \/>\n\t<meta property=\"og:image:height\" content=\"1000\" \/>\n\t<meta property=\"og:image:type\" content=\"image\/jpeg\" \/>\n<meta name=\"twitter:card\" content=\"summary_large_image\" \/>\n<meta name=\"twitter:label1\" content=\"Tiempo de lectura\" \/>\n\t<meta name=\"twitter:data1\" content=\"1 minuto\" \/>\n<script type=\"application\/ld+json\" class=\"yoast-schema-graph\">{\"@context\":\"https:\/\/schema.org\",\"@graph\":[{\"@type\":\"WebPage\",\"@id\":\"https:\/\/anber.es\/web\/producto\/jaulas-para-sprinklers\/\",\"url\":\"https:\/\/anber.es\/web\/producto\/jaulas-para-sprinklers\/\",\"name\":\"Jaulas para sprinklers - Anber\",\"isPartOf\":{\"@id\":\"https:\/\/anber.es\/web\/#website\"},\"datePublished\":\"2021-10-14T15:37:23+00:00\",\"dateModified\":\"2022-08-09T10:48:39+00:00\",\"description\":\"Las jaulas para sprinklers son componentes independientes que est\u00e1n listados o aprobados con sprinklers contra incendios espec\u00edficos.\",\"breadcrumb\":{\"@id\":\"https:\/\/anber.es\/web\/producto\/jaulas-para-sprinklers\/#breadcrumb\"},\"inLanguage\":\"es\",\"potentialAction\":[{\"@type\":\"ReadAction\",\"target\":[\"https:\/\/anber.es\/web\/producto\/jaulas-para-sprinklers\/\"]}]},{\"@type\":\"BreadcrumbList\",\"@id\":\"https:\/\/anber.es\/web\/producto\/jaulas-para-sprinklers\/#breadcrumb\",\"itemListElement\":[{\"@type\":\"ListItem\",\"position\":1,\"name\":\"Portada\",\"item\":\"https:\/\/anber.es\/web\/\"},{\"@type\":\"ListItem\",\"position\":2,\"name\":\"Productos\",\"item\":\"https:\/\/anber.es\/web\/productos\/\"},{\"@type\":\"ListItem\",\"position\":3,\"name\":\"Jaulas para sprinklers\"}]},{\"@type\":\"WebSite\",\"@id\":\"https:\/\/anber.es\/web\/#website\",\"url\":\"https:\/\/anber.es\/web\/\",\"name\":\"Anber\",\"description\":\"Sistemas de protecci\u00f3n contra incendios\",\"publisher\":{\"@id\":\"https:\/\/anber.es\/web\/#organization\"},\"potentialAction\":[{\"@type\":\"SearchAction\",\"target\":{\"@type\":\"EntryPoint\",\"urlTemplate\":\"https:\/\/anber.es\/web\/?s={search_term_string}\"},\"query-input\":\"required name=search_term_string\"}],\"inLanguage\":\"es\"},{\"@type\":\"Organization\",\"@id\":\"https:\/\/anber.es\/web\/#organization\",\"name\":\"Anber\",\"url\":\"https:\/\/anber.es\/web\/\",\"logo\":{\"@type\":\"ImageObject\",\"inLanguage\":\"es\",\"@id\":\"https:\/\/anber.es\/web\/#\/schema\/logo\/image\/\",\"url\":\"https:\/\/anber.es\/web\/wp-content\/uploads\/2021\/03\/logo-anber.png\",\"contentUrl\":\"https:\/\/anber.es\/web\/wp-content\/uploads\/2021\/03\/logo-anber.png\",\"width\":2208,\"height\":500,\"caption\":\"Anber\"},\"image\":{\"@id\":\"https:\/\/anber.es\/web\/#\/schema\/logo\/image\/\"}}]}<\/script>\n<!-- \/ Yoast SEO plugin. -->","yoast_head_json":{"title":"Jaulas para sprinklers - Anber","description":"Las jaulas para sprinklers son componentes independientes que est\u00e1n listados o aprobados con sprinklers contra incendios espec\u00edficos.","robots":{"index":"index","follow":"follow","max-snippet":"max-snippet:-1","max-image-preview":"max-image-preview:large","max-video-preview":"max-video-preview:-1"},"canonical":"https:\/\/anber.es\/web\/producto\/jaulas-para-sprinklers\/","og_locale":"es_ES","og_type":"article","og_title":"Jaulas para sprinklers - Anber","og_description":"Las jaulas para sprinklers son componentes independientes que est\u00e1n listados o aprobados con sprinklers contra incendios espec\u00edficos.","og_url":"https:\/\/anber.es\/web\/producto\/jaulas-para-sprinklers\/","og_site_name":"Anber","article_modified_time":"2022-08-09T10:48:39+00:00","og_image":[{"width":1000,"height":1000,"url":"https:\/\/anber.es\/web\/wp-content\/uploads\/2021\/10\/jaulas_para_sprinklers.jpg","type":"image\/jpeg"}],"twitter_card":"summary_large_image","twitter_misc":{"Tiempo de lectura":"1 minuto"},"schema":{"@context":"https:\/\/schema.org","@graph":[{"@type":"WebPage","@id":"https:\/\/anber.es\/web\/producto\/jaulas-para-sprinklers\/","url":"https:\/\/anber.es\/web\/producto\/jaulas-para-sprinklers\/","name":"Jaulas para sprinklers - Anber","isPartOf":{"@id":"https:\/\/anber.es\/web\/#website"},"datePublished":"2021-10-14T15:37:23+00:00","dateModified":"2022-08-09T10:48:39+00:00","description":"Las jaulas para sprinklers son componentes independientes que est\u00e1n listados o aprobados con sprinklers contra incendios espec\u00edficos.","breadcrumb":{"@id":"https:\/\/anber.es\/web\/producto\/jaulas-para-sprinklers\/#breadcrumb"},"inLanguage":"es","potentialAction":[{"@type":"ReadAction","target":["https:\/\/anber.es\/web\/producto\/jaulas-para-sprinklers\/"]}]},{"@type":"BreadcrumbList","@id":"https:\/\/anber.es\/web\/producto\/jaulas-para-sprinklers\/#breadcrumb","itemListElement":[{"@type":"ListItem","position":1,"name":"Portada","item":"https:\/\/anber.es\/web\/"},{"@type":"ListItem","position":2,"name":"Productos","item":"https:\/\/anber.es\/web\/productos\/"},{"@type":"ListItem","position":3,"name":"Jaulas para sprinklers"}]},{"@type":"WebSite","@id":"https:\/\/anber.es\/web\/#website","url":"https:\/\/anber.es\/web\/","name":"Anber","description":"Sistemas de protecci\u00f3n contra incendios","publisher":{"@id":"https:\/\/anber.es\/web\/#organization"},"potentialAction":[{"@type":"SearchAction","target":{"@type":"EntryPoint","urlTemplate":"https:\/\/anber.es\/web\/?s={search_term_string}"},"query-input":"required name=search_term_string"}],"inLanguage":"es"},{"@type":"Organization","@id":"https:\/\/anber.es\/web\/#organization","name":"Anber","url":"https:\/\/anber.es\/web\/","logo":{"@type":"ImageObject","inLanguage":"es","@id":"https:\/\/anber.es\/web\/#\/schema\/logo\/image\/","url":"https:\/\/anber.es\/web\/wp-content\/uploads\/2021\/03\/logo-anber.png","contentUrl":"https:\/\/anber.es\/web\/wp-content\/uploads\/2021\/03\/logo-anber.png","width":2208,"height":500,"caption":"Anber"},"image":{"@id":"https:\/\/anber.es\/web\/#\/schema\/logo\/image\/"}}]}},"_links":{"self":[{"href":"https:\/\/anber.es\/web\/wp-json\/wp\/v2\/product\/5413"}],"collection":[{"href":"https:\/\/anber.es\/web\/wp-json\/wp\/v2\/product"}],"about":[{"href":"https:\/\/anber.es\/web\/wp-json\/wp\/v2\/types\/product"}],"wp:featuredmedia":[{"embeddable":true,"href":"https:\/\/anber.es\/web\/wp-json\/wp\/v2\/media\/5415"}],"wp:attachment":[{"href":"https:\/\/anber.es\/web\/wp-json\/wp\/v2\/media?parent=5413"}],"wp:term":[{"taxonomy":"product_cat","embeddable":true,"href":"https:\/\/anber.es\/web\/wp-json\/wp\/v2\/product_cat?post=5413"},{"taxonomy":"product_tag","embeddable":true,"href":"https:\/\/anber.es\/web\/wp-json\/wp\/v2\/product_tag?post=5413"}],"curies":[{"name":"wp","href":"https:\/\/api.w.org\/{rel}","templated":true}]}}