{"id":5460,"date":"2021-10-18T09:35:07","date_gmt":"2021-10-18T07:35:07","guid":{"rendered":"https:\/\/anber.es\/producto\/collarin-intumescente-hn\/"},"modified":"2025-11-20T11:58:54","modified_gmt":"2025-11-20T09:58:54","slug":"funda-intumescente-preformada","status":"publish","type":"product","link":"https:\/\/anber.es\/web\/producto\/funda-intumescente-preformada\/","title":{"rendered":"Funda intumescente preformada"},"content":{"rendered":"<p>La <strong>funda intumescente preformada<\/strong> est\u00e1 est\u00e1 fabricada con un material de alto poder termoexpansivo que, bajo la acci\u00f3n del calor, sella el tubo de paso mediante la obstrucci\u00f3n completa de la brecha causada por el colapso de la tuber\u00eda combustible. El reducido espesor del producto permite aplicarlo alrededor de la tuber\u00eda directamente dentro del soporte r\u00edgido. <\/p>\n<p>\u00b7 Di\u00e1metros disponibles: De <b>30 a 160 mm<\/b>.<br \/>\n\u00b7 Longitud: De <b>240 a 1640 mm<\/b>, dependiendo del di\u00e1metro.<br \/>\n\u00b7 N\u00ba vueltas: 2 o 3 dependiendo del di\u00e1metro y la longitud.<br \/>\n\u00b7 Altura: <b>50 mm<\/b>.<br \/>\n\u00b7 Temperatura de activaci\u00f3n: <b>180 \u00baC<\/b>.<br \/>\n\u00b7 Presi\u00f3n generada: <b>10 bar<\/b>.<br \/>\n\u00b7 Expansi\u00f3n libre: <b>>20:1<\/b>.<\/p>\n<p>Certificado CE.<\/p>\n<p>Referencia: JVFUIN.<\/p>\n<p><a href=\"\/web\/wp-content\/uploads\/2025\/11\/Ficha_tecnica-funda_intumescente_preformada.pdf\" target=\"_blank\" rel=\"noopener noreferrer\"><button>Descarga ficha<\/button><\/a><br \/>\n<a class=\"insta-link\" href=\"https:\/\/www.instagram.com\/aqlproteccion\/?hl=es\" target=\"_blank\" rel=\"noopener noreferrer\">Instagram<\/a><\/p>\n","protected":false},"excerpt":{"rendered":"<p>La funda intumescente preformada  est\u00e1 est\u00e1 fabricada con un material de alto poder termoexpansivo que, bajo la acci\u00f3n del calor, sella el tubo de paso mediante la obstrucci\u00f3n completa de la brecha causada por el colapso de la tuber\u00eda combustible.<\/p>\n","protected":false},"featured_media":10292,"template":"","meta":[],"product_cat":[223],"product_tag":[215],"yoast_head":"<!-- This site is optimized with the Yoast SEO plugin v22.1 - https:\/\/yoast.com\/wordpress\/plugins\/seo\/ -->\n<title>Funda intumescente preformada - Anber<\/title>\n<meta name=\"description\" content=\"La funda intumescente preformada est\u00e1 est\u00e1 fabricada con un material de alto poder termoexpansivo que, bajo la acci\u00f3n del calor, sella el tubo\" \/>\n<meta name=\"robots\" content=\"index, follow, max-snippet:-1, max-image-preview:large, max-video-preview:-1\" \/>\n<link rel=\"canonical\" href=\"https:\/\/anber.es\/web\/producto\/funda-intumescente-preformada\/\" \/>\n<meta property=\"og:locale\" content=\"es_ES\" \/>\n<meta property=\"og:type\" content=\"article\" \/>\n<meta property=\"og:title\" content=\"Funda intumescente preformada - Anber\" \/>\n<meta property=\"og:description\" content=\"La funda intumescente preformada est\u00e1 est\u00e1 fabricada con un material de alto poder termoexpansivo que, bajo la acci\u00f3n del calor, sella el tubo\" \/>\n<meta property=\"og:url\" content=\"https:\/\/anber.es\/web\/producto\/funda-intumescente-preformada\/\" \/>\n<meta property=\"og:site_name\" content=\"Anber\" \/>\n<meta property=\"article:modified_time\" content=\"2025-11-20T09:58:54+00:00\" \/>\n<meta property=\"og:image\" content=\"https:\/\/anber.es\/web\/wp-content\/uploads\/2025\/09\/Ficha_tecnica-funda_intumescente_preformada.webp\" \/>\n\t<meta property=\"og:image:width\" content=\"1000\" \/>\n\t<meta property=\"og:image:height\" content=\"1000\" \/>\n\t<meta property=\"og:image:type\" content=\"image\/webp\" \/>\n<meta name=\"twitter:card\" content=\"summary_large_image\" \/>\n<meta name=\"twitter:label1\" content=\"Tiempo de lectura\" \/>\n\t<meta name=\"twitter:data1\" content=\"1 minuto\" \/>\n<script type=\"application\/ld+json\" class=\"yoast-schema-graph\">{\"@context\":\"https:\/\/schema.org\",\"@graph\":[{\"@type\":\"WebPage\",\"@id\":\"https:\/\/anber.es\/web\/producto\/funda-intumescente-preformada\/\",\"url\":\"https:\/\/anber.es\/web\/producto\/funda-intumescente-preformada\/\",\"name\":\"Funda intumescente preformada - Anber\",\"isPartOf\":{\"@id\":\"https:\/\/anber.es\/web\/#website\"},\"datePublished\":\"2021-10-18T07:35:07+00:00\",\"dateModified\":\"2025-11-20T09:58:54+00:00\",\"description\":\"La funda intumescente preformada est\u00e1 est\u00e1 fabricada con un material de alto poder termoexpansivo que, bajo la acci\u00f3n del calor, sella el tubo\",\"breadcrumb\":{\"@id\":\"https:\/\/anber.es\/web\/producto\/funda-intumescente-preformada\/#breadcrumb\"},\"inLanguage\":\"es\",\"potentialAction\":[{\"@type\":\"ReadAction\",\"target\":[\"https:\/\/anber.es\/web\/producto\/funda-intumescente-preformada\/\"]}]},{\"@type\":\"BreadcrumbList\",\"@id\":\"https:\/\/anber.es\/web\/producto\/funda-intumescente-preformada\/#breadcrumb\",\"itemListElement\":[{\"@type\":\"ListItem\",\"position\":1,\"name\":\"Portada\",\"item\":\"https:\/\/anber.es\/web\/\"},{\"@type\":\"ListItem\",\"position\":2,\"name\":\"Productos\",\"item\":\"https:\/\/anber.es\/web\/productos\/\"},{\"@type\":\"ListItem\",\"position\":3,\"name\":\"Funda intumescente preformada\"}]},{\"@type\":\"WebSite\",\"@id\":\"https:\/\/anber.es\/web\/#website\",\"url\":\"https:\/\/anber.es\/web\/\",\"name\":\"Anber\",\"description\":\"Sistemas de protecci\u00f3n contra incendios\",\"publisher\":{\"@id\":\"https:\/\/anber.es\/web\/#organization\"},\"potentialAction\":[{\"@type\":\"SearchAction\",\"target\":{\"@type\":\"EntryPoint\",\"urlTemplate\":\"https:\/\/anber.es\/web\/?s={search_term_string}\"},\"query-input\":\"required name=search_term_string\"}],\"inLanguage\":\"es\"},{\"@type\":\"Organization\",\"@id\":\"https:\/\/anber.es\/web\/#organization\",\"name\":\"Anber\",\"url\":\"https:\/\/anber.es\/web\/\",\"logo\":{\"@type\":\"ImageObject\",\"inLanguage\":\"es\",\"@id\":\"https:\/\/anber.es\/web\/#\/schema\/logo\/image\/\",\"url\":\"https:\/\/anber.es\/web\/wp-content\/uploads\/2021\/03\/logo-anber.png\",\"contentUrl\":\"https:\/\/anber.es\/web\/wp-content\/uploads\/2021\/03\/logo-anber.png\",\"width\":2208,\"height\":500,\"caption\":\"Anber\"},\"image\":{\"@id\":\"https:\/\/anber.es\/web\/#\/schema\/logo\/image\/\"}}]}<\/script>\n<!-- \/ Yoast SEO plugin. -->","yoast_head_json":{"title":"Funda intumescente preformada - Anber","description":"La funda intumescente preformada est\u00e1 est\u00e1 fabricada con un material de alto poder termoexpansivo que, bajo la acci\u00f3n del calor, sella el tubo","robots":{"index":"index","follow":"follow","max-snippet":"max-snippet:-1","max-image-preview":"max-image-preview:large","max-video-preview":"max-video-preview:-1"},"canonical":"https:\/\/anber.es\/web\/producto\/funda-intumescente-preformada\/","og_locale":"es_ES","og_type":"article","og_title":"Funda intumescente preformada - Anber","og_description":"La funda intumescente preformada est\u00e1 est\u00e1 fabricada con un material de alto poder termoexpansivo que, bajo la acci\u00f3n del calor, sella el tubo","og_url":"https:\/\/anber.es\/web\/producto\/funda-intumescente-preformada\/","og_site_name":"Anber","article_modified_time":"2025-11-20T09:58:54+00:00","og_image":[{"width":1000,"height":1000,"url":"https:\/\/anber.es\/web\/wp-content\/uploads\/2025\/09\/Ficha_tecnica-funda_intumescente_preformada.webp","type":"image\/webp"}],"twitter_card":"summary_large_image","twitter_misc":{"Tiempo de lectura":"1 minuto"},"schema":{"@context":"https:\/\/schema.org","@graph":[{"@type":"WebPage","@id":"https:\/\/anber.es\/web\/producto\/funda-intumescente-preformada\/","url":"https:\/\/anber.es\/web\/producto\/funda-intumescente-preformada\/","name":"Funda intumescente preformada - Anber","isPartOf":{"@id":"https:\/\/anber.es\/web\/#website"},"datePublished":"2021-10-18T07:35:07+00:00","dateModified":"2025-11-20T09:58:54+00:00","description":"La funda intumescente preformada est\u00e1 est\u00e1 fabricada con un material de alto poder termoexpansivo que, bajo la acci\u00f3n del calor, sella el tubo","breadcrumb":{"@id":"https:\/\/anber.es\/web\/producto\/funda-intumescente-preformada\/#breadcrumb"},"inLanguage":"es","potentialAction":[{"@type":"ReadAction","target":["https:\/\/anber.es\/web\/producto\/funda-intumescente-preformada\/"]}]},{"@type":"BreadcrumbList","@id":"https:\/\/anber.es\/web\/producto\/funda-intumescente-preformada\/#breadcrumb","itemListElement":[{"@type":"ListItem","position":1,"name":"Portada","item":"https:\/\/anber.es\/web\/"},{"@type":"ListItem","position":2,"name":"Productos","item":"https:\/\/anber.es\/web\/productos\/"},{"@type":"ListItem","position":3,"name":"Funda intumescente preformada"}]},{"@type":"WebSite","@id":"https:\/\/anber.es\/web\/#website","url":"https:\/\/anber.es\/web\/","name":"Anber","description":"Sistemas de protecci\u00f3n contra incendios","publisher":{"@id":"https:\/\/anber.es\/web\/#organization"},"potentialAction":[{"@type":"SearchAction","target":{"@type":"EntryPoint","urlTemplate":"https:\/\/anber.es\/web\/?s={search_term_string}"},"query-input":"required name=search_term_string"}],"inLanguage":"es"},{"@type":"Organization","@id":"https:\/\/anber.es\/web\/#organization","name":"Anber","url":"https:\/\/anber.es\/web\/","logo":{"@type":"ImageObject","inLanguage":"es","@id":"https:\/\/anber.es\/web\/#\/schema\/logo\/image\/","url":"https:\/\/anber.es\/web\/wp-content\/uploads\/2021\/03\/logo-anber.png","contentUrl":"https:\/\/anber.es\/web\/wp-content\/uploads\/2021\/03\/logo-anber.png","width":2208,"height":500,"caption":"Anber"},"image":{"@id":"https:\/\/anber.es\/web\/#\/schema\/logo\/image\/"}}]}},"_links":{"self":[{"href":"https:\/\/anber.es\/web\/wp-json\/wp\/v2\/product\/5460"}],"collection":[{"href":"https:\/\/anber.es\/web\/wp-json\/wp\/v2\/product"}],"about":[{"href":"https:\/\/anber.es\/web\/wp-json\/wp\/v2\/types\/product"}],"wp:featuredmedia":[{"embeddable":true,"href":"https:\/\/anber.es\/web\/wp-json\/wp\/v2\/media\/10292"}],"wp:attachment":[{"href":"https:\/\/anber.es\/web\/wp-json\/wp\/v2\/media?parent=5460"}],"wp:term":[{"taxonomy":"product_cat","embeddable":true,"href":"https:\/\/anber.es\/web\/wp-json\/wp\/v2\/product_cat?post=5460"},{"taxonomy":"product_tag","embeddable":true,"href":"https:\/\/anber.es\/web\/wp-json\/wp\/v2\/product_tag?post=5460"}],"curies":[{"name":"wp","href":"https:\/\/api.w.org\/{rel}","templated":true}]}}