{"id":5513,"date":"2021-10-19T09:20:53","date_gmt":"2021-10-19T07:20:53","guid":{"rendered":"https:\/\/anber.es\/producto\/collarin-intumescente-aisi304\/"},"modified":"2025-11-20T12:35:25","modified_gmt":"2025-11-20T10:35:25","slug":"collarin-intumescente-aisi430","status":"publish","type":"product","link":"https:\/\/anber.es\/web\/producto\/collarin-intumescente-aisi430\/","title":{"rendered":"Collar\u00edn intumescente AISI 430"},"content":{"rendered":"<p>El <strong>collar\u00edn intumescente de acero inoxidable <\/strong>AISI 430 es un elemento de protecci\u00f3n pasiva contra incendios dise\u00f1ado para garantizar un sellado resistente al fuego, ofreciendo m\u00e1xima seguridad en el paso de instalaciones mec\u00e1nicas y el\u00e9ctricas a trav\u00e9s de paredes y forjados.<\/p>\n<p>Gracias a su carcasa de acero inoxidable, este collar\u00edn es ideal para su uso en ambientes h\u00famedos o exigentes, mientras que su banda intumescente se expande ante altas temperaturas, asegurando un sellado herm\u00e9tico incluso en di\u00e1metros grandes.<\/p>\n<p>\u00b7 Di\u00e1metros disponibles: <b>De 30 a 315 mm<\/b>.<br \/>\n\u00b7 Temperatura de activaci\u00f3n: 180 \u00baC.<br \/>\n\u00b7 Resistencia al fuego: <b>RF40 <\/b>en forjado r\u00edgido, <b>RF180<\/b> en pared r\u00edgida y<b> RF120<\/b> en pared de cart\u00f3n-yeso, tabique autoportante, pared s\u00e1ndwich o falso techo de fibra o membrana.<br \/>\n\u00b7 Expansi\u00f3n libre: <b>>20:1<\/b>.<\/p>\n<p>Certificado CE<\/p>\n<p>Referencia: JCII.<\/p>\n<p><a href=\"\/web\/wp-content\/uploads\/2025\/11\/Ficha_tecnica-collarin_intumescente_inox.pdf\" target=\"_blank\" rel=\"noopener noreferrer\"><button>Descarga ficha<\/button><\/a><br \/>\n<a class=\"insta-link\" href=\"https:\/\/www.instagram.com\/aqlproteccion\/?hl=es\" target=\"_blank\" rel=\"noopener noreferrer\">Instagram<\/a><\/p>\n","protected":false},"excerpt":{"rendered":"<p>El collar\u00edn intumescente de acero inoxidable AISI 430 es un elemento de protecci\u00f3n pasiva contra incendios dise\u00f1ado para garantizar un sellado resistente al fuego, ofreciendo m\u00e1xima seguridad en el paso de instalaciones mec\u00e1nicas y el\u00e9ctricas a trav\u00e9s de paredes y forjados.<\/p>\n","protected":false},"featured_media":10279,"template":"","meta":[],"product_cat":[223],"product_tag":[],"yoast_head":"<!-- This site is optimized with the Yoast SEO plugin v22.1 - https:\/\/yoast.com\/wordpress\/plugins\/seo\/ -->\n<title>Collar\u00edn intumescente AISI 430 - Anber<\/title>\n<meta name=\"description\" content=\"El collar\u00edn intumescente de acero inoxidable AISI 430 es un elemento de protecci\u00f3n pasiva contra incendios dise\u00f1ado para garantizar un sellado resistente\" \/>\n<meta name=\"robots\" content=\"index, follow, max-snippet:-1, max-image-preview:large, max-video-preview:-1\" \/>\n<link rel=\"canonical\" href=\"https:\/\/anber.es\/web\/producto\/collarin-intumescente-aisi430\/\" \/>\n<meta property=\"og:locale\" content=\"es_ES\" \/>\n<meta property=\"og:type\" content=\"article\" \/>\n<meta property=\"og:title\" content=\"Collar\u00edn intumescente AISI 430 - Anber\" \/>\n<meta property=\"og:description\" content=\"El collar\u00edn intumescente de acero inoxidable AISI 430 es un elemento de protecci\u00f3n pasiva contra incendios dise\u00f1ado para garantizar un sellado resistente\" \/>\n<meta property=\"og:url\" content=\"https:\/\/anber.es\/web\/producto\/collarin-intumescente-aisi430\/\" \/>\n<meta property=\"og:site_name\" content=\"Anber\" \/>\n<meta property=\"article:modified_time\" content=\"2025-11-20T10:35:25+00:00\" \/>\n<meta property=\"og:image\" content=\"https:\/\/anber.es\/web\/wp-content\/uploads\/2025\/09\/collarin_intumescente_AISI430.webp\" \/>\n\t<meta property=\"og:image:width\" content=\"1000\" \/>\n\t<meta property=\"og:image:height\" content=\"1000\" \/>\n\t<meta property=\"og:image:type\" content=\"image\/webp\" \/>\n<meta name=\"twitter:card\" content=\"summary_large_image\" \/>\n<meta name=\"twitter:label1\" content=\"Tiempo de lectura\" \/>\n\t<meta name=\"twitter:data1\" content=\"1 minuto\" \/>\n<script type=\"application\/ld+json\" class=\"yoast-schema-graph\">{\"@context\":\"https:\/\/schema.org\",\"@graph\":[{\"@type\":\"WebPage\",\"@id\":\"https:\/\/anber.es\/web\/producto\/collarin-intumescente-aisi430\/\",\"url\":\"https:\/\/anber.es\/web\/producto\/collarin-intumescente-aisi430\/\",\"name\":\"Collar\u00edn intumescente AISI 430 - Anber\",\"isPartOf\":{\"@id\":\"https:\/\/anber.es\/web\/#website\"},\"datePublished\":\"2021-10-19T07:20:53+00:00\",\"dateModified\":\"2025-11-20T10:35:25+00:00\",\"description\":\"El collar\u00edn intumescente de acero inoxidable AISI 430 es un elemento de protecci\u00f3n pasiva contra incendios dise\u00f1ado para garantizar un sellado resistente\",\"breadcrumb\":{\"@id\":\"https:\/\/anber.es\/web\/producto\/collarin-intumescente-aisi430\/#breadcrumb\"},\"inLanguage\":\"es\",\"potentialAction\":[{\"@type\":\"ReadAction\",\"target\":[\"https:\/\/anber.es\/web\/producto\/collarin-intumescente-aisi430\/\"]}]},{\"@type\":\"BreadcrumbList\",\"@id\":\"https:\/\/anber.es\/web\/producto\/collarin-intumescente-aisi430\/#breadcrumb\",\"itemListElement\":[{\"@type\":\"ListItem\",\"position\":1,\"name\":\"Portada\",\"item\":\"https:\/\/anber.es\/web\/\"},{\"@type\":\"ListItem\",\"position\":2,\"name\":\"Productos\",\"item\":\"https:\/\/anber.es\/web\/productos\/\"},{\"@type\":\"ListItem\",\"position\":3,\"name\":\"Collar\u00edn intumescente AISI 430\"}]},{\"@type\":\"WebSite\",\"@id\":\"https:\/\/anber.es\/web\/#website\",\"url\":\"https:\/\/anber.es\/web\/\",\"name\":\"Anber\",\"description\":\"Sistemas de protecci\u00f3n contra incendios\",\"publisher\":{\"@id\":\"https:\/\/anber.es\/web\/#organization\"},\"potentialAction\":[{\"@type\":\"SearchAction\",\"target\":{\"@type\":\"EntryPoint\",\"urlTemplate\":\"https:\/\/anber.es\/web\/?s={search_term_string}\"},\"query-input\":\"required name=search_term_string\"}],\"inLanguage\":\"es\"},{\"@type\":\"Organization\",\"@id\":\"https:\/\/anber.es\/web\/#organization\",\"name\":\"Anber\",\"url\":\"https:\/\/anber.es\/web\/\",\"logo\":{\"@type\":\"ImageObject\",\"inLanguage\":\"es\",\"@id\":\"https:\/\/anber.es\/web\/#\/schema\/logo\/image\/\",\"url\":\"https:\/\/anber.es\/web\/wp-content\/uploads\/2021\/03\/logo-anber.png\",\"contentUrl\":\"https:\/\/anber.es\/web\/wp-content\/uploads\/2021\/03\/logo-anber.png\",\"width\":2208,\"height\":500,\"caption\":\"Anber\"},\"image\":{\"@id\":\"https:\/\/anber.es\/web\/#\/schema\/logo\/image\/\"}}]}<\/script>\n<!-- \/ Yoast SEO plugin. -->","yoast_head_json":{"title":"Collar\u00edn intumescente AISI 430 - Anber","description":"El collar\u00edn intumescente de acero inoxidable AISI 430 es un elemento de protecci\u00f3n pasiva contra incendios dise\u00f1ado para garantizar un sellado resistente","robots":{"index":"index","follow":"follow","max-snippet":"max-snippet:-1","max-image-preview":"max-image-preview:large","max-video-preview":"max-video-preview:-1"},"canonical":"https:\/\/anber.es\/web\/producto\/collarin-intumescente-aisi430\/","og_locale":"es_ES","og_type":"article","og_title":"Collar\u00edn intumescente AISI 430 - Anber","og_description":"El collar\u00edn intumescente de acero inoxidable AISI 430 es un elemento de protecci\u00f3n pasiva contra incendios dise\u00f1ado para garantizar un sellado resistente","og_url":"https:\/\/anber.es\/web\/producto\/collarin-intumescente-aisi430\/","og_site_name":"Anber","article_modified_time":"2025-11-20T10:35:25+00:00","og_image":[{"width":1000,"height":1000,"url":"https:\/\/anber.es\/web\/wp-content\/uploads\/2025\/09\/collarin_intumescente_AISI430.webp","type":"image\/webp"}],"twitter_card":"summary_large_image","twitter_misc":{"Tiempo de lectura":"1 minuto"},"schema":{"@context":"https:\/\/schema.org","@graph":[{"@type":"WebPage","@id":"https:\/\/anber.es\/web\/producto\/collarin-intumescente-aisi430\/","url":"https:\/\/anber.es\/web\/producto\/collarin-intumescente-aisi430\/","name":"Collar\u00edn intumescente AISI 430 - Anber","isPartOf":{"@id":"https:\/\/anber.es\/web\/#website"},"datePublished":"2021-10-19T07:20:53+00:00","dateModified":"2025-11-20T10:35:25+00:00","description":"El collar\u00edn intumescente de acero inoxidable AISI 430 es un elemento de protecci\u00f3n pasiva contra incendios dise\u00f1ado para garantizar un sellado resistente","breadcrumb":{"@id":"https:\/\/anber.es\/web\/producto\/collarin-intumescente-aisi430\/#breadcrumb"},"inLanguage":"es","potentialAction":[{"@type":"ReadAction","target":["https:\/\/anber.es\/web\/producto\/collarin-intumescente-aisi430\/"]}]},{"@type":"BreadcrumbList","@id":"https:\/\/anber.es\/web\/producto\/collarin-intumescente-aisi430\/#breadcrumb","itemListElement":[{"@type":"ListItem","position":1,"name":"Portada","item":"https:\/\/anber.es\/web\/"},{"@type":"ListItem","position":2,"name":"Productos","item":"https:\/\/anber.es\/web\/productos\/"},{"@type":"ListItem","position":3,"name":"Collar\u00edn intumescente AISI 430"}]},{"@type":"WebSite","@id":"https:\/\/anber.es\/web\/#website","url":"https:\/\/anber.es\/web\/","name":"Anber","description":"Sistemas de protecci\u00f3n contra incendios","publisher":{"@id":"https:\/\/anber.es\/web\/#organization"},"potentialAction":[{"@type":"SearchAction","target":{"@type":"EntryPoint","urlTemplate":"https:\/\/anber.es\/web\/?s={search_term_string}"},"query-input":"required name=search_term_string"}],"inLanguage":"es"},{"@type":"Organization","@id":"https:\/\/anber.es\/web\/#organization","name":"Anber","url":"https:\/\/anber.es\/web\/","logo":{"@type":"ImageObject","inLanguage":"es","@id":"https:\/\/anber.es\/web\/#\/schema\/logo\/image\/","url":"https:\/\/anber.es\/web\/wp-content\/uploads\/2021\/03\/logo-anber.png","contentUrl":"https:\/\/anber.es\/web\/wp-content\/uploads\/2021\/03\/logo-anber.png","width":2208,"height":500,"caption":"Anber"},"image":{"@id":"https:\/\/anber.es\/web\/#\/schema\/logo\/image\/"}}]}},"_links":{"self":[{"href":"https:\/\/anber.es\/web\/wp-json\/wp\/v2\/product\/5513"}],"collection":[{"href":"https:\/\/anber.es\/web\/wp-json\/wp\/v2\/product"}],"about":[{"href":"https:\/\/anber.es\/web\/wp-json\/wp\/v2\/types\/product"}],"wp:featuredmedia":[{"embeddable":true,"href":"https:\/\/anber.es\/web\/wp-json\/wp\/v2\/media\/10279"}],"wp:attachment":[{"href":"https:\/\/anber.es\/web\/wp-json\/wp\/v2\/media?parent=5513"}],"wp:term":[{"taxonomy":"product_cat","embeddable":true,"href":"https:\/\/anber.es\/web\/wp-json\/wp\/v2\/product_cat?post=5513"},{"taxonomy":"product_tag","embeddable":true,"href":"https:\/\/anber.es\/web\/wp-json\/wp\/v2\/product_tag?post=5513"}],"curies":[{"name":"wp","href":"https:\/\/api.w.org\/{rel}","templated":true}]}}