{"id":5559,"date":"2021-10-26T16:31:07","date_gmt":"2021-10-26T14:31:07","guid":{"rendered":"https:\/\/anber.es\/producto\/valvula-reductora-de-presion-modelo-prv-1a\/"},"modified":"2025-01-13T11:23:27","modified_gmt":"2025-01-13T09:23:27","slug":"valvula-reductora-de-presion-modelo-prv-1a","status":"publish","type":"product","link":"https:\/\/anber.es\/web\/producto\/valvula-reductora-de-presion-modelo-prv-1a\/","title":{"rendered":"V\u00e1lvula reductora de presi\u00f3n modelo PRV-1A FM-UL"},"content":{"rendered":"<p>La<strong> v\u00e1lvula reductora de presi\u00f3n modelo PRV-1A <\/strong>v\u00e1lvulas ensambladas en f\u00e1brica con su parte de accesorios (trimming) totalmente accesible para el control de la presi\u00f3n. Se utilizan en tuber\u00edas llenas de agua, donde es necesario reducir una presi\u00f3n de entrada m\u00e1s alta a una presi\u00f3n de salida m\u00e1s baja en condiciones de caudal est\u00e1tico y\/o residual.<\/p>\n<p>Caracter\u00edsticas principales de v\u00e1lvula reductora de presi\u00f3n modelo PRV-1A:<\/p>\n<p><UL><LI><b>Elimina cualquier purga necesaria de aire<\/b> atrapado en la c\u00e1mara del diafragma durante la instalaci\u00f3n.<\/LI><br \/>\n<LI>Control de presi\u00f3n preciso.<\/LI><br \/>\n<LI>Diafragma de una sola pieza con una parte m\u00f3vil.<\/LI><br \/>\n<LI>Disponible en <b>conexiones embridadas o ranuradas<\/b> y en tama\u00f1os que van desde las <b>2&#8243; hasta las 8&#8243; (DN50 a DN200)<\/b>.<\/LI><\/UL><\/p>\n<p>Referencia: VRPPRV1.<\/p>\n<p><a href=\"\/web\/wp-content\/uploads\/2025\/01\/Ficha_tecnica-valvula_reductora_de_presion_modelo_PRV-1A.pdf\" target=\"_blank\" rel=\"noopener noreferrer\"><button>Descarga ficha<\/button><\/a><br \/>\n<a class=\"insta-link\" href=\"https:\/\/www.instagram.com\/aqlproteccion\/?hl=es\" target=\"_blank\" rel=\"noopener noreferrer\">Instagram<\/a><\/p>\n","protected":false},"excerpt":{"rendered":"<p>La v\u00e1lvula reductora de presi\u00f3n modelo PRV-1A v\u00e1lvulas ensambladas en f\u00e1brica con su parte de accesorios totalmente accesible para el control de la presi\u00f3n.<\/p>\n","protected":false},"featured_media":9693,"template":"","meta":[],"product_cat":[45,82],"product_tag":[],"yoast_head":"<!-- This site is optimized with the Yoast SEO plugin v22.1 - https:\/\/yoast.com\/wordpress\/plugins\/seo\/ -->\n<title>V\u00e1lvula reductora de presi\u00f3n modelo PRV-1A FM-UL - Anber<\/title>\n<meta name=\"description\" content=\"La v\u00e1lvula reductora de presi\u00f3n modelo PRV-1A v\u00e1lvulas ensambladas en f\u00e1brica con su parte de accesorios totalmente accesible para el control de la presi\u00f3n.\" \/>\n<meta name=\"robots\" content=\"index, follow, max-snippet:-1, max-image-preview:large, max-video-preview:-1\" \/>\n<link rel=\"canonical\" href=\"https:\/\/anber.es\/web\/producto\/valvula-reductora-de-presion-modelo-prv-1a\/\" \/>\n<meta property=\"og:locale\" content=\"es_ES\" \/>\n<meta property=\"og:type\" content=\"article\" \/>\n<meta property=\"og:title\" content=\"V\u00e1lvula reductora de presi\u00f3n modelo PRV-1A FM-UL - Anber\" \/>\n<meta property=\"og:description\" content=\"La v\u00e1lvula reductora de presi\u00f3n modelo PRV-1A v\u00e1lvulas ensambladas en f\u00e1brica con su parte de accesorios totalmente accesible para el control de la presi\u00f3n.\" \/>\n<meta property=\"og:url\" content=\"https:\/\/anber.es\/web\/producto\/valvula-reductora-de-presion-modelo-prv-1a\/\" \/>\n<meta property=\"og:site_name\" content=\"Anber\" \/>\n<meta property=\"article:modified_time\" content=\"2025-01-13T09:23:27+00:00\" \/>\n<meta property=\"og:image\" content=\"https:\/\/anber.es\/web\/wp-content\/uploads\/2025\/01\/valvula_reductora_de_presion_modelo_PRV-1A.webp\" \/>\n\t<meta property=\"og:image:width\" content=\"1000\" \/>\n\t<meta property=\"og:image:height\" content=\"1000\" \/>\n\t<meta property=\"og:image:type\" content=\"image\/webp\" \/>\n<meta name=\"twitter:card\" content=\"summary_large_image\" \/>\n<meta name=\"twitter:label1\" content=\"Tiempo de lectura\" \/>\n\t<meta name=\"twitter:data1\" content=\"1 minuto\" \/>\n<script type=\"application\/ld+json\" class=\"yoast-schema-graph\">{\"@context\":\"https:\/\/schema.org\",\"@graph\":[{\"@type\":\"WebPage\",\"@id\":\"https:\/\/anber.es\/web\/producto\/valvula-reductora-de-presion-modelo-prv-1a\/\",\"url\":\"https:\/\/anber.es\/web\/producto\/valvula-reductora-de-presion-modelo-prv-1a\/\",\"name\":\"V\u00e1lvula reductora de presi\u00f3n modelo PRV-1A FM-UL - Anber\",\"isPartOf\":{\"@id\":\"https:\/\/anber.es\/web\/#website\"},\"datePublished\":\"2021-10-26T14:31:07+00:00\",\"dateModified\":\"2025-01-13T09:23:27+00:00\",\"description\":\"La v\u00e1lvula reductora de presi\u00f3n modelo PRV-1A v\u00e1lvulas ensambladas en f\u00e1brica con su parte de accesorios totalmente accesible para el control de la presi\u00f3n.\",\"breadcrumb\":{\"@id\":\"https:\/\/anber.es\/web\/producto\/valvula-reductora-de-presion-modelo-prv-1a\/#breadcrumb\"},\"inLanguage\":\"es\",\"potentialAction\":[{\"@type\":\"ReadAction\",\"target\":[\"https:\/\/anber.es\/web\/producto\/valvula-reductora-de-presion-modelo-prv-1a\/\"]}]},{\"@type\":\"BreadcrumbList\",\"@id\":\"https:\/\/anber.es\/web\/producto\/valvula-reductora-de-presion-modelo-prv-1a\/#breadcrumb\",\"itemListElement\":[{\"@type\":\"ListItem\",\"position\":1,\"name\":\"Portada\",\"item\":\"https:\/\/anber.es\/web\/\"},{\"@type\":\"ListItem\",\"position\":2,\"name\":\"Productos\",\"item\":\"https:\/\/anber.es\/web\/productos\/\"},{\"@type\":\"ListItem\",\"position\":3,\"name\":\"V\u00e1lvula reductora de presi\u00f3n modelo PRV-1A FM-UL\"}]},{\"@type\":\"WebSite\",\"@id\":\"https:\/\/anber.es\/web\/#website\",\"url\":\"https:\/\/anber.es\/web\/\",\"name\":\"Anber\",\"description\":\"Sistemas de protecci\u00f3n contra incendios\",\"publisher\":{\"@id\":\"https:\/\/anber.es\/web\/#organization\"},\"potentialAction\":[{\"@type\":\"SearchAction\",\"target\":{\"@type\":\"EntryPoint\",\"urlTemplate\":\"https:\/\/anber.es\/web\/?s={search_term_string}\"},\"query-input\":\"required name=search_term_string\"}],\"inLanguage\":\"es\"},{\"@type\":\"Organization\",\"@id\":\"https:\/\/anber.es\/web\/#organization\",\"name\":\"Anber\",\"url\":\"https:\/\/anber.es\/web\/\",\"logo\":{\"@type\":\"ImageObject\",\"inLanguage\":\"es\",\"@id\":\"https:\/\/anber.es\/web\/#\/schema\/logo\/image\/\",\"url\":\"https:\/\/anber.es\/web\/wp-content\/uploads\/2021\/03\/logo-anber.png\",\"contentUrl\":\"https:\/\/anber.es\/web\/wp-content\/uploads\/2021\/03\/logo-anber.png\",\"width\":2208,\"height\":500,\"caption\":\"Anber\"},\"image\":{\"@id\":\"https:\/\/anber.es\/web\/#\/schema\/logo\/image\/\"}}]}<\/script>\n<!-- \/ Yoast SEO plugin. -->","yoast_head_json":{"title":"V\u00e1lvula reductora de presi\u00f3n modelo PRV-1A FM-UL - Anber","description":"La v\u00e1lvula reductora de presi\u00f3n modelo PRV-1A v\u00e1lvulas ensambladas en f\u00e1brica con su parte de accesorios totalmente accesible para el control de la presi\u00f3n.","robots":{"index":"index","follow":"follow","max-snippet":"max-snippet:-1","max-image-preview":"max-image-preview:large","max-video-preview":"max-video-preview:-1"},"canonical":"https:\/\/anber.es\/web\/producto\/valvula-reductora-de-presion-modelo-prv-1a\/","og_locale":"es_ES","og_type":"article","og_title":"V\u00e1lvula reductora de presi\u00f3n modelo PRV-1A FM-UL - Anber","og_description":"La v\u00e1lvula reductora de presi\u00f3n modelo PRV-1A v\u00e1lvulas ensambladas en f\u00e1brica con su parte de accesorios totalmente accesible para el control de la presi\u00f3n.","og_url":"https:\/\/anber.es\/web\/producto\/valvula-reductora-de-presion-modelo-prv-1a\/","og_site_name":"Anber","article_modified_time":"2025-01-13T09:23:27+00:00","og_image":[{"width":1000,"height":1000,"url":"https:\/\/anber.es\/web\/wp-content\/uploads\/2025\/01\/valvula_reductora_de_presion_modelo_PRV-1A.webp","type":"image\/webp"}],"twitter_card":"summary_large_image","twitter_misc":{"Tiempo de lectura":"1 minuto"},"schema":{"@context":"https:\/\/schema.org","@graph":[{"@type":"WebPage","@id":"https:\/\/anber.es\/web\/producto\/valvula-reductora-de-presion-modelo-prv-1a\/","url":"https:\/\/anber.es\/web\/producto\/valvula-reductora-de-presion-modelo-prv-1a\/","name":"V\u00e1lvula reductora de presi\u00f3n modelo PRV-1A FM-UL - Anber","isPartOf":{"@id":"https:\/\/anber.es\/web\/#website"},"datePublished":"2021-10-26T14:31:07+00:00","dateModified":"2025-01-13T09:23:27+00:00","description":"La v\u00e1lvula reductora de presi\u00f3n modelo PRV-1A v\u00e1lvulas ensambladas en f\u00e1brica con su parte de accesorios totalmente accesible para el control de la presi\u00f3n.","breadcrumb":{"@id":"https:\/\/anber.es\/web\/producto\/valvula-reductora-de-presion-modelo-prv-1a\/#breadcrumb"},"inLanguage":"es","potentialAction":[{"@type":"ReadAction","target":["https:\/\/anber.es\/web\/producto\/valvula-reductora-de-presion-modelo-prv-1a\/"]}]},{"@type":"BreadcrumbList","@id":"https:\/\/anber.es\/web\/producto\/valvula-reductora-de-presion-modelo-prv-1a\/#breadcrumb","itemListElement":[{"@type":"ListItem","position":1,"name":"Portada","item":"https:\/\/anber.es\/web\/"},{"@type":"ListItem","position":2,"name":"Productos","item":"https:\/\/anber.es\/web\/productos\/"},{"@type":"ListItem","position":3,"name":"V\u00e1lvula reductora de presi\u00f3n modelo PRV-1A FM-UL"}]},{"@type":"WebSite","@id":"https:\/\/anber.es\/web\/#website","url":"https:\/\/anber.es\/web\/","name":"Anber","description":"Sistemas de protecci\u00f3n contra incendios","publisher":{"@id":"https:\/\/anber.es\/web\/#organization"},"potentialAction":[{"@type":"SearchAction","target":{"@type":"EntryPoint","urlTemplate":"https:\/\/anber.es\/web\/?s={search_term_string}"},"query-input":"required name=search_term_string"}],"inLanguage":"es"},{"@type":"Organization","@id":"https:\/\/anber.es\/web\/#organization","name":"Anber","url":"https:\/\/anber.es\/web\/","logo":{"@type":"ImageObject","inLanguage":"es","@id":"https:\/\/anber.es\/web\/#\/schema\/logo\/image\/","url":"https:\/\/anber.es\/web\/wp-content\/uploads\/2021\/03\/logo-anber.png","contentUrl":"https:\/\/anber.es\/web\/wp-content\/uploads\/2021\/03\/logo-anber.png","width":2208,"height":500,"caption":"Anber"},"image":{"@id":"https:\/\/anber.es\/web\/#\/schema\/logo\/image\/"}}]}},"_links":{"self":[{"href":"https:\/\/anber.es\/web\/wp-json\/wp\/v2\/product\/5559"}],"collection":[{"href":"https:\/\/anber.es\/web\/wp-json\/wp\/v2\/product"}],"about":[{"href":"https:\/\/anber.es\/web\/wp-json\/wp\/v2\/types\/product"}],"wp:featuredmedia":[{"embeddable":true,"href":"https:\/\/anber.es\/web\/wp-json\/wp\/v2\/media\/9693"}],"wp:attachment":[{"href":"https:\/\/anber.es\/web\/wp-json\/wp\/v2\/media?parent=5559"}],"wp:term":[{"taxonomy":"product_cat","embeddable":true,"href":"https:\/\/anber.es\/web\/wp-json\/wp\/v2\/product_cat?post=5559"},{"taxonomy":"product_tag","embeddable":true,"href":"https:\/\/anber.es\/web\/wp-json\/wp\/v2\/product_tag?post=5559"}],"curies":[{"name":"wp","href":"https:\/\/api.w.org\/{rel}","templated":true}]}}