{"id":5678,"date":"2021-11-18T10:42:03","date_gmt":"2021-11-18T08:42:03","guid":{"rendered":"https:\/\/anber.es\/producto\/cable-trenzado-sin-funda\/"},"modified":"2025-02-21T13:32:21","modified_gmt":"2025-02-21T11:32:21","slug":"cable-trenzado-sin-funda","status":"publish","type":"product","link":"https:\/\/anber.es\/web\/producto\/cable-trenzado-sin-funda\/","title":{"rendered":"Cable trenzado sin funda"},"content":{"rendered":"<p>El<strong> cable trenzado sin funda<\/strong> es un cable econ\u00f3mico para uso en detecci\u00f3n de incendios, se\u00f1alizaci\u00f3n, sistemas de megafon\u00eda, etc.<\/p>\n<p>Su twisteado le facilita la instalaci\u00f3n evitando el crosstalk entre conductores.<\/p>\n<p><b>Conductor:<\/b> cobre flexible pulido.<br \/>\n<b>Aislante:<\/b> poliolefina libre de hal\u00f3genos. Trenzado con m\u00e1s de 25 vueltas\/m. Rojo y negro.<br \/>\n<b>Temperatura servicio:<\/b> -10\u00baC \/ +70\u00baC.<br \/>\nRadio de curvatura m\u00ednimo:<b> 6 x \u00d8 exterior<\/b>.<\/p>\n<p>Posibilidad de suministrar el cable entubado (referencia: DVC2X150T0C0).<\/p>\n<p>Referencia: DVC2X150T.<\/p>\n<p><a href=\"\/web\/wp-content\/uploads\/2025\/02\/Ficha_tecnica-cable_trenzado_sin_funda.pdf\" target=\"_blank\" rel=\"noopener noreferrer\"><button>Descarga ficha<\/button><\/a><br \/>\n<a class=\"insta-link\" href=\"https:\/\/www.instagram.com\/aqlproteccion\/?hl=es\" target=\"_blank\" rel=\"noopener noreferrer\">Instagram<\/a><\/p>\n","protected":false},"excerpt":{"rendered":"<p>El cable trenzado sin funda es un cable econ\u00f3mico para uso en detecci\u00f3n de incendios, se\u00f1alizaci\u00f3n, sistemas de megafon\u00eda, etc.<\/p>\n","protected":false},"featured_media":9879,"template":"","meta":[],"product_cat":[23,226],"product_tag":[],"yoast_head":"<!-- This site is optimized with the Yoast SEO plugin v22.1 - https:\/\/yoast.com\/wordpress\/plugins\/seo\/ -->\n<title>Cable trenzado sin funda - Anber<\/title>\n<meta name=\"description\" content=\"El cable trenzado sin funda es un cable econ\u00f3mico para uso en detecci\u00f3n de incendios, se\u00f1alizaci\u00f3n, sistemas de megafon\u00eda, etc.\" \/>\n<meta name=\"robots\" content=\"index, follow, max-snippet:-1, max-image-preview:large, max-video-preview:-1\" \/>\n<link rel=\"canonical\" href=\"https:\/\/anber.es\/web\/producto\/cable-trenzado-sin-funda\/\" \/>\n<meta property=\"og:locale\" content=\"es_ES\" \/>\n<meta property=\"og:type\" content=\"article\" \/>\n<meta property=\"og:title\" content=\"Cable trenzado sin funda - Anber\" \/>\n<meta property=\"og:description\" content=\"El cable trenzado sin funda es un cable econ\u00f3mico para uso en detecci\u00f3n de incendios, se\u00f1alizaci\u00f3n, sistemas de megafon\u00eda, etc.\" \/>\n<meta property=\"og:url\" content=\"https:\/\/anber.es\/web\/producto\/cable-trenzado-sin-funda\/\" \/>\n<meta property=\"og:site_name\" content=\"Anber\" \/>\n<meta property=\"article:modified_time\" content=\"2025-02-21T11:32:21+00:00\" \/>\n<meta property=\"og:image\" content=\"https:\/\/anber.es\/web\/wp-content\/uploads\/2025\/02\/cable_trenzado_sin_funda.webp\" \/>\n\t<meta property=\"og:image:width\" content=\"1000\" \/>\n\t<meta property=\"og:image:height\" content=\"1000\" \/>\n\t<meta property=\"og:image:type\" content=\"image\/webp\" \/>\n<meta name=\"twitter:card\" content=\"summary_large_image\" \/>\n<meta name=\"twitter:label1\" content=\"Tiempo de lectura\" \/>\n\t<meta name=\"twitter:data1\" content=\"1 minuto\" \/>\n<script type=\"application\/ld+json\" class=\"yoast-schema-graph\">{\"@context\":\"https:\/\/schema.org\",\"@graph\":[{\"@type\":\"WebPage\",\"@id\":\"https:\/\/anber.es\/web\/producto\/cable-trenzado-sin-funda\/\",\"url\":\"https:\/\/anber.es\/web\/producto\/cable-trenzado-sin-funda\/\",\"name\":\"Cable trenzado sin funda - Anber\",\"isPartOf\":{\"@id\":\"https:\/\/anber.es\/web\/#website\"},\"datePublished\":\"2021-11-18T08:42:03+00:00\",\"dateModified\":\"2025-02-21T11:32:21+00:00\",\"description\":\"El cable trenzado sin funda es un cable econ\u00f3mico para uso en detecci\u00f3n de incendios, se\u00f1alizaci\u00f3n, sistemas de megafon\u00eda, etc.\",\"breadcrumb\":{\"@id\":\"https:\/\/anber.es\/web\/producto\/cable-trenzado-sin-funda\/#breadcrumb\"},\"inLanguage\":\"es\",\"potentialAction\":[{\"@type\":\"ReadAction\",\"target\":[\"https:\/\/anber.es\/web\/producto\/cable-trenzado-sin-funda\/\"]}]},{\"@type\":\"BreadcrumbList\",\"@id\":\"https:\/\/anber.es\/web\/producto\/cable-trenzado-sin-funda\/#breadcrumb\",\"itemListElement\":[{\"@type\":\"ListItem\",\"position\":1,\"name\":\"Portada\",\"item\":\"https:\/\/anber.es\/web\/\"},{\"@type\":\"ListItem\",\"position\":2,\"name\":\"Productos\",\"item\":\"https:\/\/anber.es\/web\/productos\/\"},{\"@type\":\"ListItem\",\"position\":3,\"name\":\"Cable trenzado sin funda\"}]},{\"@type\":\"WebSite\",\"@id\":\"https:\/\/anber.es\/web\/#website\",\"url\":\"https:\/\/anber.es\/web\/\",\"name\":\"Anber\",\"description\":\"Sistemas de protecci\u00f3n contra incendios\",\"publisher\":{\"@id\":\"https:\/\/anber.es\/web\/#organization\"},\"potentialAction\":[{\"@type\":\"SearchAction\",\"target\":{\"@type\":\"EntryPoint\",\"urlTemplate\":\"https:\/\/anber.es\/web\/?s={search_term_string}\"},\"query-input\":\"required name=search_term_string\"}],\"inLanguage\":\"es\"},{\"@type\":\"Organization\",\"@id\":\"https:\/\/anber.es\/web\/#organization\",\"name\":\"Anber\",\"url\":\"https:\/\/anber.es\/web\/\",\"logo\":{\"@type\":\"ImageObject\",\"inLanguage\":\"es\",\"@id\":\"https:\/\/anber.es\/web\/#\/schema\/logo\/image\/\",\"url\":\"https:\/\/anber.es\/web\/wp-content\/uploads\/2021\/03\/logo-anber.png\",\"contentUrl\":\"https:\/\/anber.es\/web\/wp-content\/uploads\/2021\/03\/logo-anber.png\",\"width\":2208,\"height\":500,\"caption\":\"Anber\"},\"image\":{\"@id\":\"https:\/\/anber.es\/web\/#\/schema\/logo\/image\/\"}}]}<\/script>\n<!-- \/ Yoast SEO plugin. -->","yoast_head_json":{"title":"Cable trenzado sin funda - Anber","description":"El cable trenzado sin funda es un cable econ\u00f3mico para uso en detecci\u00f3n de incendios, se\u00f1alizaci\u00f3n, sistemas de megafon\u00eda, etc.","robots":{"index":"index","follow":"follow","max-snippet":"max-snippet:-1","max-image-preview":"max-image-preview:large","max-video-preview":"max-video-preview:-1"},"canonical":"https:\/\/anber.es\/web\/producto\/cable-trenzado-sin-funda\/","og_locale":"es_ES","og_type":"article","og_title":"Cable trenzado sin funda - Anber","og_description":"El cable trenzado sin funda es un cable econ\u00f3mico para uso en detecci\u00f3n de incendios, se\u00f1alizaci\u00f3n, sistemas de megafon\u00eda, etc.","og_url":"https:\/\/anber.es\/web\/producto\/cable-trenzado-sin-funda\/","og_site_name":"Anber","article_modified_time":"2025-02-21T11:32:21+00:00","og_image":[{"width":1000,"height":1000,"url":"https:\/\/anber.es\/web\/wp-content\/uploads\/2025\/02\/cable_trenzado_sin_funda.webp","type":"image\/webp"}],"twitter_card":"summary_large_image","twitter_misc":{"Tiempo de lectura":"1 minuto"},"schema":{"@context":"https:\/\/schema.org","@graph":[{"@type":"WebPage","@id":"https:\/\/anber.es\/web\/producto\/cable-trenzado-sin-funda\/","url":"https:\/\/anber.es\/web\/producto\/cable-trenzado-sin-funda\/","name":"Cable trenzado sin funda - Anber","isPartOf":{"@id":"https:\/\/anber.es\/web\/#website"},"datePublished":"2021-11-18T08:42:03+00:00","dateModified":"2025-02-21T11:32:21+00:00","description":"El cable trenzado sin funda es un cable econ\u00f3mico para uso en detecci\u00f3n de incendios, se\u00f1alizaci\u00f3n, sistemas de megafon\u00eda, etc.","breadcrumb":{"@id":"https:\/\/anber.es\/web\/producto\/cable-trenzado-sin-funda\/#breadcrumb"},"inLanguage":"es","potentialAction":[{"@type":"ReadAction","target":["https:\/\/anber.es\/web\/producto\/cable-trenzado-sin-funda\/"]}]},{"@type":"BreadcrumbList","@id":"https:\/\/anber.es\/web\/producto\/cable-trenzado-sin-funda\/#breadcrumb","itemListElement":[{"@type":"ListItem","position":1,"name":"Portada","item":"https:\/\/anber.es\/web\/"},{"@type":"ListItem","position":2,"name":"Productos","item":"https:\/\/anber.es\/web\/productos\/"},{"@type":"ListItem","position":3,"name":"Cable trenzado sin funda"}]},{"@type":"WebSite","@id":"https:\/\/anber.es\/web\/#website","url":"https:\/\/anber.es\/web\/","name":"Anber","description":"Sistemas de protecci\u00f3n contra incendios","publisher":{"@id":"https:\/\/anber.es\/web\/#organization"},"potentialAction":[{"@type":"SearchAction","target":{"@type":"EntryPoint","urlTemplate":"https:\/\/anber.es\/web\/?s={search_term_string}"},"query-input":"required name=search_term_string"}],"inLanguage":"es"},{"@type":"Organization","@id":"https:\/\/anber.es\/web\/#organization","name":"Anber","url":"https:\/\/anber.es\/web\/","logo":{"@type":"ImageObject","inLanguage":"es","@id":"https:\/\/anber.es\/web\/#\/schema\/logo\/image\/","url":"https:\/\/anber.es\/web\/wp-content\/uploads\/2021\/03\/logo-anber.png","contentUrl":"https:\/\/anber.es\/web\/wp-content\/uploads\/2021\/03\/logo-anber.png","width":2208,"height":500,"caption":"Anber"},"image":{"@id":"https:\/\/anber.es\/web\/#\/schema\/logo\/image\/"}}]}},"_links":{"self":[{"href":"https:\/\/anber.es\/web\/wp-json\/wp\/v2\/product\/5678"}],"collection":[{"href":"https:\/\/anber.es\/web\/wp-json\/wp\/v2\/product"}],"about":[{"href":"https:\/\/anber.es\/web\/wp-json\/wp\/v2\/types\/product"}],"wp:featuredmedia":[{"embeddable":true,"href":"https:\/\/anber.es\/web\/wp-json\/wp\/v2\/media\/9879"}],"wp:attachment":[{"href":"https:\/\/anber.es\/web\/wp-json\/wp\/v2\/media?parent=5678"}],"wp:term":[{"taxonomy":"product_cat","embeddable":true,"href":"https:\/\/anber.es\/web\/wp-json\/wp\/v2\/product_cat?post=5678"},{"taxonomy":"product_tag","embeddable":true,"href":"https:\/\/anber.es\/web\/wp-json\/wp\/v2\/product_tag?post=5678"}],"curies":[{"name":"wp","href":"https:\/\/api.w.org\/{rel}","templated":true}]}}