{"id":5687,"date":"2021-11-18T10:54:04","date_gmt":"2021-11-18T08:54:04","guid":{"rendered":"https:\/\/anber.es\/producto\/cable-manguera-roja-trenzado-y-apantallado\/"},"modified":"2025-02-21T13:53:27","modified_gmt":"2025-02-21T11:53:27","slug":"cable-manguera-roja-trenzado-y-apantallado","status":"publish","type":"product","link":"https:\/\/anber.es\/web\/producto\/cable-manguera-roja-trenzado-y-apantallado\/","title":{"rendered":"Cable manguera roja trenzado y apantallado"},"content":{"rendered":"<p>El<strong> cable manguera roja trenzado y apantallado<\/strong> es un cable libre de hal\u00f3genos habitual en instalaciones de incendio y sistemas de megafon\u00eda e iluminaci\u00f3n de emergencia.<\/p>\n<p><b>Conductor:<\/b> cobre flexible pulido.<br \/>\n<b>Aislante:<\/b> poliolefina libre de hal\u00f3genos de color rojo y negro. Trenzado con m\u00e1s de 25 vueltas\/m.<br \/>\n<b>Pantalla:<\/b> cinta de aluminio Mylar con hilo flexible de drenaje.<br \/>\n<b>Exterior:<\/b> poliolefina libre de hal\u00f3genos de color rojo.<br \/>\n<b>Temperatura servicio:<\/b> -20\u00baC \/ +70\u00baC.<\/p>\n<p>Posibilidad de suministrar el cable entubado (referencia DVC2X15FTPC0).<\/p>\n<p>Referencia: DVC2X15FTP.<\/p>\n<p><a href=\"\/web\/wp-content\/uploads\/2025\/02\/Ficha_tecnica-cable_manguera_roja_trenzado_y_apantallado.pdf\" target=\"_blank\" rel=\"noopener noreferrer\"><button>Descarga ficha<\/button><\/a><br \/>\n<a class=\"insta-link\" href=\"https:\/\/www.instagram.com\/aqlproteccion\/?hl=es\" target=\"_blank\" rel=\"noopener noreferrer\">Instagram<\/a><\/p>\n","protected":false},"excerpt":{"rendered":"<p>El cable manguera roja trenzado y apantallado es un cable libre de hal\u00f3genos habitual en instalaciones de incendio y sistemas de megafon\u00eda e iluminaci\u00f3n de emergencia.<\/p>\n","protected":false},"featured_media":9876,"template":"","meta":[],"product_cat":[23,226],"product_tag":[],"yoast_head":"<!-- This site is optimized with the Yoast SEO plugin v22.1 - https:\/\/yoast.com\/wordpress\/plugins\/seo\/ -->\n<title>Cable manguera roja trenzado y apantallado - Anber<\/title>\n<meta name=\"description\" content=\"El cable manguera roja trenzado y apantallado es un cable libre de hal\u00f3genos habitual en instalaciones de incendio y sistemas de megafon\u00eda e iluminaci\u00f3n ...\" \/>\n<meta name=\"robots\" content=\"index, follow, max-snippet:-1, max-image-preview:large, max-video-preview:-1\" \/>\n<link rel=\"canonical\" href=\"https:\/\/anber.es\/web\/producto\/cable-manguera-roja-trenzado-y-apantallado\/\" \/>\n<meta property=\"og:locale\" content=\"es_ES\" \/>\n<meta property=\"og:type\" content=\"article\" \/>\n<meta property=\"og:title\" content=\"Cable manguera roja trenzado y apantallado - Anber\" \/>\n<meta property=\"og:description\" content=\"El cable manguera roja trenzado y apantallado es un cable libre de hal\u00f3genos habitual en instalaciones de incendio y sistemas de megafon\u00eda e iluminaci\u00f3n ...\" \/>\n<meta property=\"og:url\" content=\"https:\/\/anber.es\/web\/producto\/cable-manguera-roja-trenzado-y-apantallado\/\" \/>\n<meta property=\"og:site_name\" content=\"Anber\" \/>\n<meta property=\"article:modified_time\" content=\"2025-02-21T11:53:27+00:00\" \/>\n<meta property=\"og:image\" content=\"https:\/\/anber.es\/web\/wp-content\/uploads\/2025\/02\/cable_manguera_roja_trenzado_y_apantallado.webp\" \/>\n\t<meta property=\"og:image:width\" content=\"1000\" \/>\n\t<meta property=\"og:image:height\" content=\"1000\" \/>\n\t<meta property=\"og:image:type\" content=\"image\/webp\" \/>\n<meta name=\"twitter:card\" content=\"summary_large_image\" \/>\n<meta name=\"twitter:label1\" content=\"Tiempo de lectura\" \/>\n\t<meta name=\"twitter:data1\" content=\"1 minuto\" \/>\n<script type=\"application\/ld+json\" class=\"yoast-schema-graph\">{\"@context\":\"https:\/\/schema.org\",\"@graph\":[{\"@type\":\"WebPage\",\"@id\":\"https:\/\/anber.es\/web\/producto\/cable-manguera-roja-trenzado-y-apantallado\/\",\"url\":\"https:\/\/anber.es\/web\/producto\/cable-manguera-roja-trenzado-y-apantallado\/\",\"name\":\"Cable manguera roja trenzado y apantallado - Anber\",\"isPartOf\":{\"@id\":\"https:\/\/anber.es\/web\/#website\"},\"datePublished\":\"2021-11-18T08:54:04+00:00\",\"dateModified\":\"2025-02-21T11:53:27+00:00\",\"description\":\"El cable manguera roja trenzado y apantallado es un cable libre de hal\u00f3genos habitual en instalaciones de incendio y sistemas de megafon\u00eda e iluminaci\u00f3n ...\",\"breadcrumb\":{\"@id\":\"https:\/\/anber.es\/web\/producto\/cable-manguera-roja-trenzado-y-apantallado\/#breadcrumb\"},\"inLanguage\":\"es\",\"potentialAction\":[{\"@type\":\"ReadAction\",\"target\":[\"https:\/\/anber.es\/web\/producto\/cable-manguera-roja-trenzado-y-apantallado\/\"]}]},{\"@type\":\"BreadcrumbList\",\"@id\":\"https:\/\/anber.es\/web\/producto\/cable-manguera-roja-trenzado-y-apantallado\/#breadcrumb\",\"itemListElement\":[{\"@type\":\"ListItem\",\"position\":1,\"name\":\"Portada\",\"item\":\"https:\/\/anber.es\/web\/\"},{\"@type\":\"ListItem\",\"position\":2,\"name\":\"Productos\",\"item\":\"https:\/\/anber.es\/web\/productos\/\"},{\"@type\":\"ListItem\",\"position\":3,\"name\":\"Cable manguera roja trenzado y apantallado\"}]},{\"@type\":\"WebSite\",\"@id\":\"https:\/\/anber.es\/web\/#website\",\"url\":\"https:\/\/anber.es\/web\/\",\"name\":\"Anber\",\"description\":\"Sistemas de protecci\u00f3n contra incendios\",\"publisher\":{\"@id\":\"https:\/\/anber.es\/web\/#organization\"},\"potentialAction\":[{\"@type\":\"SearchAction\",\"target\":{\"@type\":\"EntryPoint\",\"urlTemplate\":\"https:\/\/anber.es\/web\/?s={search_term_string}\"},\"query-input\":\"required name=search_term_string\"}],\"inLanguage\":\"es\"},{\"@type\":\"Organization\",\"@id\":\"https:\/\/anber.es\/web\/#organization\",\"name\":\"Anber\",\"url\":\"https:\/\/anber.es\/web\/\",\"logo\":{\"@type\":\"ImageObject\",\"inLanguage\":\"es\",\"@id\":\"https:\/\/anber.es\/web\/#\/schema\/logo\/image\/\",\"url\":\"https:\/\/anber.es\/web\/wp-content\/uploads\/2021\/03\/logo-anber.png\",\"contentUrl\":\"https:\/\/anber.es\/web\/wp-content\/uploads\/2021\/03\/logo-anber.png\",\"width\":2208,\"height\":500,\"caption\":\"Anber\"},\"image\":{\"@id\":\"https:\/\/anber.es\/web\/#\/schema\/logo\/image\/\"}}]}<\/script>\n<!-- \/ Yoast SEO plugin. -->","yoast_head_json":{"title":"Cable manguera roja trenzado y apantallado - Anber","description":"El cable manguera roja trenzado y apantallado es un cable libre de hal\u00f3genos habitual en instalaciones de incendio y sistemas de megafon\u00eda e iluminaci\u00f3n ...","robots":{"index":"index","follow":"follow","max-snippet":"max-snippet:-1","max-image-preview":"max-image-preview:large","max-video-preview":"max-video-preview:-1"},"canonical":"https:\/\/anber.es\/web\/producto\/cable-manguera-roja-trenzado-y-apantallado\/","og_locale":"es_ES","og_type":"article","og_title":"Cable manguera roja trenzado y apantallado - Anber","og_description":"El cable manguera roja trenzado y apantallado es un cable libre de hal\u00f3genos habitual en instalaciones de incendio y sistemas de megafon\u00eda e iluminaci\u00f3n ...","og_url":"https:\/\/anber.es\/web\/producto\/cable-manguera-roja-trenzado-y-apantallado\/","og_site_name":"Anber","article_modified_time":"2025-02-21T11:53:27+00:00","og_image":[{"width":1000,"height":1000,"url":"https:\/\/anber.es\/web\/wp-content\/uploads\/2025\/02\/cable_manguera_roja_trenzado_y_apantallado.webp","type":"image\/webp"}],"twitter_card":"summary_large_image","twitter_misc":{"Tiempo de lectura":"1 minuto"},"schema":{"@context":"https:\/\/schema.org","@graph":[{"@type":"WebPage","@id":"https:\/\/anber.es\/web\/producto\/cable-manguera-roja-trenzado-y-apantallado\/","url":"https:\/\/anber.es\/web\/producto\/cable-manguera-roja-trenzado-y-apantallado\/","name":"Cable manguera roja trenzado y apantallado - Anber","isPartOf":{"@id":"https:\/\/anber.es\/web\/#website"},"datePublished":"2021-11-18T08:54:04+00:00","dateModified":"2025-02-21T11:53:27+00:00","description":"El cable manguera roja trenzado y apantallado es un cable libre de hal\u00f3genos habitual en instalaciones de incendio y sistemas de megafon\u00eda e iluminaci\u00f3n ...","breadcrumb":{"@id":"https:\/\/anber.es\/web\/producto\/cable-manguera-roja-trenzado-y-apantallado\/#breadcrumb"},"inLanguage":"es","potentialAction":[{"@type":"ReadAction","target":["https:\/\/anber.es\/web\/producto\/cable-manguera-roja-trenzado-y-apantallado\/"]}]},{"@type":"BreadcrumbList","@id":"https:\/\/anber.es\/web\/producto\/cable-manguera-roja-trenzado-y-apantallado\/#breadcrumb","itemListElement":[{"@type":"ListItem","position":1,"name":"Portada","item":"https:\/\/anber.es\/web\/"},{"@type":"ListItem","position":2,"name":"Productos","item":"https:\/\/anber.es\/web\/productos\/"},{"@type":"ListItem","position":3,"name":"Cable manguera roja trenzado y apantallado"}]},{"@type":"WebSite","@id":"https:\/\/anber.es\/web\/#website","url":"https:\/\/anber.es\/web\/","name":"Anber","description":"Sistemas de protecci\u00f3n contra incendios","publisher":{"@id":"https:\/\/anber.es\/web\/#organization"},"potentialAction":[{"@type":"SearchAction","target":{"@type":"EntryPoint","urlTemplate":"https:\/\/anber.es\/web\/?s={search_term_string}"},"query-input":"required name=search_term_string"}],"inLanguage":"es"},{"@type":"Organization","@id":"https:\/\/anber.es\/web\/#organization","name":"Anber","url":"https:\/\/anber.es\/web\/","logo":{"@type":"ImageObject","inLanguage":"es","@id":"https:\/\/anber.es\/web\/#\/schema\/logo\/image\/","url":"https:\/\/anber.es\/web\/wp-content\/uploads\/2021\/03\/logo-anber.png","contentUrl":"https:\/\/anber.es\/web\/wp-content\/uploads\/2021\/03\/logo-anber.png","width":2208,"height":500,"caption":"Anber"},"image":{"@id":"https:\/\/anber.es\/web\/#\/schema\/logo\/image\/"}}]}},"_links":{"self":[{"href":"https:\/\/anber.es\/web\/wp-json\/wp\/v2\/product\/5687"}],"collection":[{"href":"https:\/\/anber.es\/web\/wp-json\/wp\/v2\/product"}],"about":[{"href":"https:\/\/anber.es\/web\/wp-json\/wp\/v2\/types\/product"}],"wp:featuredmedia":[{"embeddable":true,"href":"https:\/\/anber.es\/web\/wp-json\/wp\/v2\/media\/9876"}],"wp:attachment":[{"href":"https:\/\/anber.es\/web\/wp-json\/wp\/v2\/media?parent=5687"}],"wp:term":[{"taxonomy":"product_cat","embeddable":true,"href":"https:\/\/anber.es\/web\/wp-json\/wp\/v2\/product_cat?post=5687"},{"taxonomy":"product_tag","embeddable":true,"href":"https:\/\/anber.es\/web\/wp-json\/wp\/v2\/product_tag?post=5687"}],"curies":[{"name":"wp","href":"https:\/\/api.w.org\/{rel}","templated":true}]}}