{"id":5754,"date":"2021-11-22T14:26:01","date_gmt":"2021-11-22T12:26:01","guid":{"rendered":"https:\/\/anber.es\/?post_type=product&#038;p=5754"},"modified":"2021-11-25T12:53:58","modified_gmt":"2021-11-25T10:53:58","slug":"base-de-montaje-ybn-r-3-sci","status":"publish","type":"product","link":"https:\/\/anber.es\/web\/producto\/base-de-montaje-ybn-r-3-sci\/","title":{"rendered":"Adaptador con aislador YBN-R\/3SCI-OEM"},"content":{"rendered":"<p>El<strong> adaptador con aislador YBN-R\/3SCI-OEM <\/strong>de cortocircuito integral est\u00e1 dise\u00f1ado para instalarse en una base de montaje de sensor est\u00e1ndar (YBN-R\/3) para convertirlo en un cortocircuito.<\/p>\n<p>Esta unidad combinada detectar\u00e1 y aislar\u00e1 los cortocircuitos en el lazo. Cuando se detecta un cortocircuito, la unidad combinada dejar\u00e1 caer la energ\u00eda al resto del circuito.<\/p>\n<p>La unidad combinada es compatible con la gama de detectores ESP y no requiere una direcci\u00f3n de bucle. Se proporciona una instalaci\u00f3n de LED de fuego remoto cuando se conecta un sensor a la unidad combinada.<\/p>\n<p>Referencia: DAVYBNR3SCIE.<\/p>\n<p><a href=\"\/web\/wp-content\/uploads\/2021\/11\/Ficha_tecnica-adaptador_con_aislador.pdf\" target=\"_blank\" rel=\"noopener noreferrer\"><button>Descarga ficha<\/button><\/a><br \/>\n<a class=\"insta-link\" href=\"https:\/\/www.instagram.com\/aqlproteccion\/?hl=es\" target=\"_blank\" rel=\"noopener noreferrer\">Instagram<\/a>  <\/p>\n","protected":false},"excerpt":{"rendered":"<p>El adaptador con aislador YBN-R\/3SCI-OEM de cortocircuito integral est\u00e1 dise\u00f1ado para instalarse en una base de montaje de sensor est\u00e1ndar (YBN-R\/3) para convertirlo en un cortocircuito.<\/p>\n","protected":false},"featured_media":4556,"template":"","meta":[],"product_cat":[48,144,23],"product_tag":[215],"yoast_head":"<!-- This site is optimized with the Yoast SEO plugin v22.1 - https:\/\/yoast.com\/wordpress\/plugins\/seo\/ -->\n<title>Adaptador con aislador YBN-R\/3SCI-OEM - Anber<\/title>\n<meta name=\"description\" content=\"El adaptador con aislador YBN-R\/3SCI-OEM de cortocircuito integral est\u00e1 dise\u00f1ado para instalarse en una base de montaje de sensor est\u00e1ndar.\" \/>\n<meta name=\"robots\" content=\"index, follow, max-snippet:-1, max-image-preview:large, max-video-preview:-1\" \/>\n<link rel=\"canonical\" href=\"https:\/\/anber.es\/web\/producto\/base-de-montaje-ybn-r-3-sci\/\" \/>\n<meta property=\"og:locale\" content=\"es_ES\" \/>\n<meta property=\"og:type\" content=\"article\" \/>\n<meta property=\"og:title\" content=\"Adaptador con aislador YBN-R\/3SCI-OEM - Anber\" \/>\n<meta property=\"og:description\" content=\"El adaptador con aislador YBN-R\/3SCI-OEM de cortocircuito integral est\u00e1 dise\u00f1ado para instalarse en una base de montaje de sensor est\u00e1ndar.\" \/>\n<meta property=\"og:url\" content=\"https:\/\/anber.es\/web\/producto\/base-de-montaje-ybn-r-3-sci\/\" \/>\n<meta property=\"og:site_name\" content=\"Anber\" \/>\n<meta property=\"article:modified_time\" content=\"2021-11-25T10:53:58+00:00\" \/>\n<meta property=\"og:image\" content=\"https:\/\/anber.es\/web\/wp-content\/uploads\/2021\/08\/adaptador_con_aislador.jpg\" \/>\n\t<meta property=\"og:image:width\" content=\"1000\" \/>\n\t<meta property=\"og:image:height\" content=\"1000\" \/>\n\t<meta property=\"og:image:type\" content=\"image\/jpeg\" \/>\n<meta name=\"twitter:card\" content=\"summary_large_image\" \/>\n<meta name=\"twitter:label1\" content=\"Tiempo de lectura\" \/>\n\t<meta name=\"twitter:data1\" content=\"1 minuto\" \/>\n<script type=\"application\/ld+json\" class=\"yoast-schema-graph\">{\"@context\":\"https:\/\/schema.org\",\"@graph\":[{\"@type\":\"WebPage\",\"@id\":\"https:\/\/anber.es\/web\/producto\/base-de-montaje-ybn-r-3-sci\/\",\"url\":\"https:\/\/anber.es\/web\/producto\/base-de-montaje-ybn-r-3-sci\/\",\"name\":\"Adaptador con aislador YBN-R\/3SCI-OEM - Anber\",\"isPartOf\":{\"@id\":\"https:\/\/anber.es\/web\/#website\"},\"datePublished\":\"2021-11-22T12:26:01+00:00\",\"dateModified\":\"2021-11-25T10:53:58+00:00\",\"description\":\"El adaptador con aislador YBN-R\/3SCI-OEM de cortocircuito integral est\u00e1 dise\u00f1ado para instalarse en una base de montaje de sensor est\u00e1ndar.\",\"breadcrumb\":{\"@id\":\"https:\/\/anber.es\/web\/producto\/base-de-montaje-ybn-r-3-sci\/#breadcrumb\"},\"inLanguage\":\"es\",\"potentialAction\":[{\"@type\":\"ReadAction\",\"target\":[\"https:\/\/anber.es\/web\/producto\/base-de-montaje-ybn-r-3-sci\/\"]}]},{\"@type\":\"BreadcrumbList\",\"@id\":\"https:\/\/anber.es\/web\/producto\/base-de-montaje-ybn-r-3-sci\/#breadcrumb\",\"itemListElement\":[{\"@type\":\"ListItem\",\"position\":1,\"name\":\"Portada\",\"item\":\"https:\/\/anber.es\/web\/\"},{\"@type\":\"ListItem\",\"position\":2,\"name\":\"Productos\",\"item\":\"https:\/\/anber.es\/web\/productos\/\"},{\"@type\":\"ListItem\",\"position\":3,\"name\":\"Adaptador con aislador YBN-R\/3SCI-OEM\"}]},{\"@type\":\"WebSite\",\"@id\":\"https:\/\/anber.es\/web\/#website\",\"url\":\"https:\/\/anber.es\/web\/\",\"name\":\"Anber\",\"description\":\"Sistemas de protecci\u00f3n contra incendios\",\"publisher\":{\"@id\":\"https:\/\/anber.es\/web\/#organization\"},\"potentialAction\":[{\"@type\":\"SearchAction\",\"target\":{\"@type\":\"EntryPoint\",\"urlTemplate\":\"https:\/\/anber.es\/web\/?s={search_term_string}\"},\"query-input\":\"required name=search_term_string\"}],\"inLanguage\":\"es\"},{\"@type\":\"Organization\",\"@id\":\"https:\/\/anber.es\/web\/#organization\",\"name\":\"Anber\",\"url\":\"https:\/\/anber.es\/web\/\",\"logo\":{\"@type\":\"ImageObject\",\"inLanguage\":\"es\",\"@id\":\"https:\/\/anber.es\/web\/#\/schema\/logo\/image\/\",\"url\":\"https:\/\/anber.es\/web\/wp-content\/uploads\/2021\/03\/logo-anber.png\",\"contentUrl\":\"https:\/\/anber.es\/web\/wp-content\/uploads\/2021\/03\/logo-anber.png\",\"width\":2208,\"height\":500,\"caption\":\"Anber\"},\"image\":{\"@id\":\"https:\/\/anber.es\/web\/#\/schema\/logo\/image\/\"}}]}<\/script>\n<!-- \/ Yoast SEO plugin. -->","yoast_head_json":{"title":"Adaptador con aislador YBN-R\/3SCI-OEM - Anber","description":"El adaptador con aislador YBN-R\/3SCI-OEM de cortocircuito integral est\u00e1 dise\u00f1ado para instalarse en una base de montaje de sensor est\u00e1ndar.","robots":{"index":"index","follow":"follow","max-snippet":"max-snippet:-1","max-image-preview":"max-image-preview:large","max-video-preview":"max-video-preview:-1"},"canonical":"https:\/\/anber.es\/web\/producto\/base-de-montaje-ybn-r-3-sci\/","og_locale":"es_ES","og_type":"article","og_title":"Adaptador con aislador YBN-R\/3SCI-OEM - Anber","og_description":"El adaptador con aislador YBN-R\/3SCI-OEM de cortocircuito integral est\u00e1 dise\u00f1ado para instalarse en una base de montaje de sensor est\u00e1ndar.","og_url":"https:\/\/anber.es\/web\/producto\/base-de-montaje-ybn-r-3-sci\/","og_site_name":"Anber","article_modified_time":"2021-11-25T10:53:58+00:00","og_image":[{"width":1000,"height":1000,"url":"https:\/\/anber.es\/web\/wp-content\/uploads\/2021\/08\/adaptador_con_aislador.jpg","type":"image\/jpeg"}],"twitter_card":"summary_large_image","twitter_misc":{"Tiempo de lectura":"1 minuto"},"schema":{"@context":"https:\/\/schema.org","@graph":[{"@type":"WebPage","@id":"https:\/\/anber.es\/web\/producto\/base-de-montaje-ybn-r-3-sci\/","url":"https:\/\/anber.es\/web\/producto\/base-de-montaje-ybn-r-3-sci\/","name":"Adaptador con aislador YBN-R\/3SCI-OEM - Anber","isPartOf":{"@id":"https:\/\/anber.es\/web\/#website"},"datePublished":"2021-11-22T12:26:01+00:00","dateModified":"2021-11-25T10:53:58+00:00","description":"El adaptador con aislador YBN-R\/3SCI-OEM de cortocircuito integral est\u00e1 dise\u00f1ado para instalarse en una base de montaje de sensor est\u00e1ndar.","breadcrumb":{"@id":"https:\/\/anber.es\/web\/producto\/base-de-montaje-ybn-r-3-sci\/#breadcrumb"},"inLanguage":"es","potentialAction":[{"@type":"ReadAction","target":["https:\/\/anber.es\/web\/producto\/base-de-montaje-ybn-r-3-sci\/"]}]},{"@type":"BreadcrumbList","@id":"https:\/\/anber.es\/web\/producto\/base-de-montaje-ybn-r-3-sci\/#breadcrumb","itemListElement":[{"@type":"ListItem","position":1,"name":"Portada","item":"https:\/\/anber.es\/web\/"},{"@type":"ListItem","position":2,"name":"Productos","item":"https:\/\/anber.es\/web\/productos\/"},{"@type":"ListItem","position":3,"name":"Adaptador con aislador YBN-R\/3SCI-OEM"}]},{"@type":"WebSite","@id":"https:\/\/anber.es\/web\/#website","url":"https:\/\/anber.es\/web\/","name":"Anber","description":"Sistemas de protecci\u00f3n contra incendios","publisher":{"@id":"https:\/\/anber.es\/web\/#organization"},"potentialAction":[{"@type":"SearchAction","target":{"@type":"EntryPoint","urlTemplate":"https:\/\/anber.es\/web\/?s={search_term_string}"},"query-input":"required name=search_term_string"}],"inLanguage":"es"},{"@type":"Organization","@id":"https:\/\/anber.es\/web\/#organization","name":"Anber","url":"https:\/\/anber.es\/web\/","logo":{"@type":"ImageObject","inLanguage":"es","@id":"https:\/\/anber.es\/web\/#\/schema\/logo\/image\/","url":"https:\/\/anber.es\/web\/wp-content\/uploads\/2021\/03\/logo-anber.png","contentUrl":"https:\/\/anber.es\/web\/wp-content\/uploads\/2021\/03\/logo-anber.png","width":2208,"height":500,"caption":"Anber"},"image":{"@id":"https:\/\/anber.es\/web\/#\/schema\/logo\/image\/"}}]}},"_links":{"self":[{"href":"https:\/\/anber.es\/web\/wp-json\/wp\/v2\/product\/5754"}],"collection":[{"href":"https:\/\/anber.es\/web\/wp-json\/wp\/v2\/product"}],"about":[{"href":"https:\/\/anber.es\/web\/wp-json\/wp\/v2\/types\/product"}],"wp:featuredmedia":[{"embeddable":true,"href":"https:\/\/anber.es\/web\/wp-json\/wp\/v2\/media\/4556"}],"wp:attachment":[{"href":"https:\/\/anber.es\/web\/wp-json\/wp\/v2\/media?parent=5754"}],"wp:term":[{"taxonomy":"product_cat","embeddable":true,"href":"https:\/\/anber.es\/web\/wp-json\/wp\/v2\/product_cat?post=5754"},{"taxonomy":"product_tag","embeddable":true,"href":"https:\/\/anber.es\/web\/wp-json\/wp\/v2\/product_tag?post=5754"}],"curies":[{"name":"wp","href":"https:\/\/api.w.org\/{rel}","templated":true}]}}